{"id":8862,"date":"2022-05-04T09:23:27","date_gmt":"2022-05-04T07:23:27","guid":{"rendered":"https:\/\/projectes.xtec.cat\/cete\/?page_id=8862"},"modified":"2022-06-13T10:43:26","modified_gmt":"2022-06-13T08:43:26","slug":"objectius-mate","status":"publish","type":"page","link":"https:\/\/projectes.xtec.cat\/cete\/objectius-mate\/","title":{"rendered":"Objectius MATE"},"content":{"rendered":"<p><strong>OBJECTIUS GENERALS<\/strong><\/p>\n<p>El Laboratori de Transformaci\u00f3 Educativa, iniciativa R+D+I de la Direcci\u00f3 General d\u2019Innovaci\u00f3, Recerca i Cultura Digital, a trav\u00e9s del Servei d\u2019Innovaci\u00f3, Xarxes i Serveis Educatius, promou la recerca educativa i la recollida d\u2019evid\u00e8ncies de qualitat educativa. Per fer-ho disposa de m\u00e9s de 200 centres educatius de diferents tipologies que, treballant en xarxa, ens permeten definir el marc de refer\u00e8ncia de la Transformaci\u00f3 Educativa. Aquest marc de refer\u00e8ncia, que es fonamenta en la necessitat creixent de desenvolupar propostes diferenciades en cada centre que fugin de l\u2019uniformisme propi de visions conservadores de l\u2019educaci\u00f3, proposa canvis que ajudin als centres a esdevenir organitzacions aut\u00f2nomes, amb capacitat d\u2019interactuar amb l\u2019entorn i on l\u2019alumne \u00e9s el centre de l\u2019acci\u00f3 educativa.<\/p>\n<p>El Laboratori de Transformaci\u00f3 Educativa observa la necessitat de crear una xarxa de col\u00b7laboraci\u00f3 en recerca i en la recollida d\u2019evid\u00e8ncies de qualitat educativa d\u2019altres models, fora del territori de l\u2019\u00e0mbit d\u2019acci\u00f3 del Departament d\u2019Educaci\u00f3, establint les sinergies necess\u00e0ries per crear nou coneixement que pugui ser aplicat en contextos diversos.<\/p>\n<p><strong>NECESSITATS I REPTES<\/strong><\/p>\n<ul>\n<li>Necessitat de recollir experi\u00e8ncies reeixides de qualitat educativa en els \u00e0mbits de l\u2019organitzaci\u00f3 i gesti\u00f3 de centre, de metodologies innovadores i de xarxes i ecosistemes educatius.<\/li>\n<li>Necessitat d\u2019explorar i contrastar aquestes experi\u00e8ncies amb el coneixement m\u00e9s recent sobre transformaci\u00f3 educativa, per tal d\u2019orientar noves pol\u00edtiques educatives.<br \/>\nComunicar i connectar entre nosaltres i amb altres contextos educatius europeus per compartir les nostres pr\u00e0ctiques, rebre feedback expert i aprendre d\u2019altres cultures educatives.<\/li>\n<li>Repte d\u2019implicar els centres de tot el sistema educatiu de Catalunya en processos de transformaci\u00f3 educativa per esdevenir un model que ofereixi millors oportunitats d\u2019aprenentatge personalitzat, per aconseguir el ple desenvolupament personal i social que permeti afrontar els reptes que suposa l\u2019adaptaci\u00f3 i l\u2019aprenentatge constant en un m\u00f3n canviant on conviure de forma respectuosa per construir una societat millor.<\/li>\n<\/ul>\n<p><strong>OBJECTIUS ESPEC\u00cdFICS<\/strong><\/p>\n<ul>\n<li>Generar les connexions entre centres i administraci\u00f3 educativa a nivell europeu que ens ha de permetre aprendre de les diferents cultures professionals connectades entre si.<\/li>\n<li>Erasmus + permetr\u00e0 dur a terme aquestes accions amb mobilitats, xarxes i contextos digitals per a l\u2019aprenentatge professional.<\/li>\n<li>Erasmus + pot ser la plataforma que asseguri la transfer\u00e8ncia de Marc de refer\u00e8ncia i la seva difusi\u00f3 a tota la comunitat educativa.<\/li>\n<\/ul>\n<p><strong>OBJECTIUS DE TREBALL PER LA MILLORA<\/strong><\/p>\n<p><span style=\"font-weight: 400;\">1.Con\u00e8ixer i documentar <\/span><span style=\"font-weight: 400;\">evid\u00e8ncies de pr\u00e0ctiques educatives de centre<\/span><span style=\"font-weight: 400;\"> d\u2019altres models europeus sobre:<\/p>\n<p><\/span><span style=\"font-weight: 400;\">\u00a0Els seg\u00fcents factors de qualitat educativa:<\/span><\/p>\n<ul style=\"list-style-type: disc;\">\n<li><span style=\"font-family: inherit; font-size: 1em;\">Lideratge pedag\u00f2gic<\/span><\/li>\n<li><span style=\"font-family: inherit; font-size: 1em;\">Compet\u00e8ncies professionals<\/span><\/li>\n<li><span style=\"font-family: inherit; font-size: 1em;\">Projecte educatiu<\/span><\/li>\n<li><span style=\"font-family: inherit; font-size: 1em;\">Cultura d\u2019avaluaci\u00f3<\/span><\/li>\n<\/ul>\n<p><span style=\"font-weight: 400;\">\u00a0Les seg\u00fcents dimensions de la transformaci\u00f3 educativa:<\/span><\/p>\n<ul style=\"list-style-type: disc;\">\n<li><span style=\"font-weight: 400;\">Organitzaci\u00f3 i gesti\u00f3 flexible de centre<\/span><\/li>\n<li><span style=\"font-weight: 400;\">Ecosistema educatiu en els aprenentatges<\/span><\/li>\n<li><span style=\"font-weight: 400;\">Cultura avaluativa com a motor d\u2019aprenentatge i de transformaci\u00f3 educativa<\/span><\/li>\n<\/ul>\n<p><span style=\"font-weight: 400;\">2.Estudiar la<\/span><span style=\"font-weight: 400;\"> transferibilitat d\u2019aquelles pr\u00e0ctiques educatives de centre<\/span> <span style=\"font-weight: 400;\">per<\/span> <span style=\"font-weight: 400;\">implementar de manera viable i efectiva noves pr\u00e0ctiques educatives<\/span><span style=\"font-weight: 400;\"> en el context del centre del nostre sistema educatiu.<\/span><\/p>\n<p><span style=\"font-weight: 400;\">3.Implementar<\/span><span style=\"font-weight: 400;\"> la nova pr\u00e0ctica educativa de centre <\/span><span style=\"font-weight: 400;\">fonamentada en l\u2019evid\u00e8ncia de pr\u00e0ctiques d\u2019\u00e0mbit europeu <\/span><span style=\"font-weight: 400;\">per a la millora en l\u2019organitzaci\u00f3 i gesti\u00f3 del centre.<\/span><\/p>\n<p><span style=\"font-weight: 400;\">4.Organitzaci\u00f3 que apr\u00e8n (el centre apr\u00e8n d\u2019evid\u00e8ncies externes a partir de fonts bibliogr\u00e0fiques, de la formaci\u00f3 experta, de l\u2019observaci\u00f3 indirecta i de la mobilitat entre centres)<\/span><\/p>\n<p><span style=\"font-weight: 400;\">5. Unitat de recerca (el centre innova a partir del disseny de noves pr\u00e0ctiques que avalua i integra en la seva cultura de centre)<\/span><\/p>\n<p><span style=\"font-weight: 400;\">6. Centre de refer\u00e8ncia (el centre comunica, comparteix i coopera des de la corresponsabilitat per a la millora de la qualitat educativa del sistema)<\/span><\/p>\n<p>&nbsp;<\/p>\n<p><span style=\"font-weight: 400;\">\u00a0<\/span><\/p>\n","protected":false},"excerpt":{"rendered":"<p>OBJECTIUS GENERALS<br \/>\nEl Laboratori de Transformaci\u00f3 Educativa, iniciativa R+D+I de la Direcci\u00f3 General d\u2019Innovaci\u00f3, Recerca i Cultura Digital, a trav\u00e9s del Servei d\u2019Innovaci\u00f3, Xarxes i Serveis Educatius, promou la recerca educativa i la recollida d\u2019evid\u00e8ncies de qualitat educativa. Per fer-ho disposa de m\u00e9s de 200 centres&hellip;  <a href=\"https:\/\/projectes.xtec.cat\/cete\/objectius-mate\/\" title=\"Read Objectius MATE\">Llegeix m\u00e9s\u00bb<\/a><\/p>\n","protected":false},"author":1,"featured_media":0,"parent":0,"menu_order":0,"comment_status":"closed","ping_status":"closed","template":"","meta":{"_bbp_topic_count":0,"_bbp_reply_count":0,"_bbp_total_topic_count":0,"_bbp_total_reply_count":0,"_bbp_voice_count":0,"_bbp_anonymous_reply_count":0,"_bbp_topic_count_hidden":0,"_bbp_reply_count_hidden":0,"_bbp_forum_subforum_count":0,"footnotes":""},"class_list":["post-8862","page","type-page","status-publish","hentry"],"post_mailing_queue_ids":[],"_links":{"self":[{"href":"https:\/\/projectes.xtec.cat\/cete\/wp-json\/wp\/v2\/pages\/8862","targetHints":{"allow":["GET"]}}],"collection":[{"href":"https:\/\/projectes.xtec.cat\/cete\/wp-json\/wp\/v2\/pages"}],"about":[{"href":"https:\/\/projectes.xtec.cat\/cete\/wp-json\/wp\/v2\/types\/page"}],"author":[{"embeddable":true,"href":"https:\/\/projectes.xtec.cat\/cete\/wp-json\/wp\/v2\/users\/1"}],"replies":[{"embeddable":true,"href":"https:\/\/projectes.xtec.cat\/cete\/wp-json\/wp\/v2\/comments?post=8862"}],"version-history":[{"count":3,"href":"https:\/\/projectes.xtec.cat\/cete\/wp-json\/wp\/v2\/pages\/8862\/revisions"}],"predecessor-version":[{"id":9268,"href":"https:\/\/projectes.xtec.cat\/cete\/wp-json\/wp\/v2\/pages\/8862\/revisions\/9268"}],"wp:attachment":[{"href":"https:\/\/projectes.xtec.cat\/cete\/wp-json\/wp\/v2\/media?parent=8862"}],"curies":[{"name":"wp","href":"https:\/\/api.w.org\/{rel}","templated":true}]}}