{"id":8866,"date":"2022-05-04T09:24:29","date_gmt":"2022-05-04T07:24:29","guid":{"rendered":"https:\/\/projectes.xtec.cat\/cete\/?page_id=8866"},"modified":"2022-06-13T10:46:13","modified_gmt":"2022-06-13T08:46:13","slug":"linies-daccio-mate","status":"publish","type":"page","link":"https:\/\/projectes.xtec.cat\/cete\/linies-daccio-mate\/","title":{"rendered":"Canvis i resultats esperats"},"content":{"rendered":"<p><strong>CANVIS ESPERATS<\/strong><\/p>\n<p><em><strong>En l\u2019\u00e0mbit organitzatiu<\/strong><\/em><\/p>\n<ul>\n<li>Major projecci\u00f3 internacional i capacitat de treball en xarxa per a la construcci\u00f3 col\u00b7lectiva del coneixement.<\/li>\n<li>Compartir models organitzatius, metodol\u00f2gics i de treball en xarxa a l\u2019entorn de la transformaci\u00f3 educativa.<\/li>\n<\/ul>\n<p><em><strong>En l\u2019\u00e0mbit pedag\u00f2gic<\/strong><\/em><\/p>\n<ul>\n<li>Millora dels aprenentatges de tot l\u2019alumnat a trav\u00e9s de la transformaci\u00f3 dels eixos que defineixen l\u2019organitzaci\u00f3 i gesti\u00f3 de centre, l\u2019\u00fas de metodologies innovadores i el desenvolupament del treball en Xarxa generant i d\u2019un ecosistema d\u2019innovaci\u00f3.<\/li>\n<li>Capacitaci\u00f3 dels centres en el disseny de nous\u00a0contextos d\u2019aprenentatge innovadors, altament inclusius, que assegurin oportunitats d\u2019\u00e8xit per a tots els alumnes, respectuosos amb la personalitzaci\u00f3 dels aprenentatges, capa\u00e7os de construir aprenentatges de naturalesa social i transversals, i assegurant la funci\u00f3 social de l\u2019educaci\u00f3 com agents de progressi\u00f3 social i, per tant, transformadors de la societat en la que vivim.<\/li>\n<\/ul>\n<p><strong>RESULTATS ESPERATS<\/strong><\/p>\n<ul>\n<li>Creaci\u00f3 de vincles amb altres identitats, cultures i sistemes educatius.<\/li>\n<li>Construcci\u00f3 de xarxes educatives i cultura col\u00b7laborativa (compartir visi\u00f3, coneixement, accions).<\/li>\n<li>Transfer\u00e8ncia entre iguals.<\/li>\n<li>Afavorir el desenvolupament personal i social de l\u2019alumnat i dels docents mobilitzant totes les dimensions de l\u2019\u00e9sser hum\u00e0; el voler com actitud, el saber des del coneixement, el poder que implica fer una acci\u00f3 i el projectar qu\u00e8 ens apropa cap a la millora educativa.<\/li>\n<li>Millorar l\u2019acollida, orientaci\u00f3 i acompanyament de l\u2019aprenent, alumnat i docent, a trav\u00e9s d\u2019un pla de centre per garantir la seva autonomia, el pensament cr\u00edtic i la comunicaci\u00f3 amb la resta de la comunitat educativa.<\/li>\n<li>Aprofundir en la personalitzaci\u00f3 de l\u2019aprenentatge que garanteix un sistema inclusiu i d\u2019equitat en el que cada alumne esdevingui protagonista del seu aprenentatge i assoleixi l\u2019\u00e8xit educatiu.<\/li>\n<li>Crear un model d\u2019organitzaci\u00f3 i gesti\u00f3 de centre flexible, din\u00e0mica i oberta des d\u2019una perspectiva de lideratge transformador, distribu\u00eft i inclusiu que potencia com a cultura de centre el treball en xarxa de manera col\u00b7laborativa. Amb la finalitat de contribuir al desenvolupament de les condicions per a la millora dels processos d\u2019ensenyament i aprenentatge de tots els membres de la comunitat educativa.<\/li>\n<li>Implementar un projecte educatiu orientat al desenvolupament de les compet\u00e8ncies per a la vida des de l\u2019equitat i la igualtat d\u2019oportunitats en un entorn educatiu est\u00e8s i en xarxa amb la participaci\u00f3 i la coresponsabilitat de tota la comunitat educativa i la integraci\u00f3 dels agents de proximitat.<\/li>\n<li>Desenvolupar un model pedag\u00f2gic inclusiu, innovador i plural que parteix de les necessitats reals de l\u2019alumne i fomenta la presa de decisions i la participaci\u00f3 activa d\u2019aquest com a actor principal del seu aprenentatge amb l\u2019objectiu que assoleixi amb \u00e8xit els aprenentatges necessaris per una vida plena, i obtingui totes les compet\u00e8ncies possibles per a ser una persona culta, responsable i lliure.<\/li>\n<li>Incidir en l\u2019avaluaci\u00f3 com a mecanisme d\u2019autoregulaci\u00f3 d\u2019aprenentatge i millora professional i personal, lligada a la pr\u00e0ctica reflexiva mitjan\u00e7ant l\u2019autoavaluaci\u00f3 i la coavaluaci\u00f3 on participa tota la comunitat educativa, entenent l\u2019escola com una organitzaci\u00f3 que apr\u00e8n.<\/li>\n<\/ul>\n<p>&nbsp;<\/p>\n","protected":false},"excerpt":{"rendered":"<p>CANVIS ESPERATS<br \/>\nEn l\u2019\u00e0mbit organitzatiu<\/p>\n<ul>\n<li>Major projecci\u00f3 internacional i capacitat de treball en xarxa per a la construcci\u00f3 col\u00b7lectiva del coneixement.<\/li>\n<li>Compartir models organitzatius, metodol\u00f2gics i de treball en xarxa a l\u2019entorn de la transformaci\u00f3 educativa.<\/li>\n<\/ul>\n<p>En l\u2019\u00e0mbit pedag\u00f2gic<\/p>\n<ul>\n<li>Millora dels aprenentatges de tot l\u2019alumnat a trav\u00e9s de la transformaci\u00f3&hellip;  <a href=\"https:\/\/projectes.xtec.cat\/cete\/linies-daccio-mate\/\" title=\"Read Canvis i resultats esperats\">Llegeix m\u00e9s\u00bb<\/a><br \/>\n","protected":false},"author":1,"featured_media":0,"parent":0,"menu_order":0,"comment_status":"closed","ping_status":"closed","template":"","meta":{"_bbp_topic_count":0,"_bbp_reply_count":0,"_bbp_total_topic_count":0,"_bbp_total_reply_count":0,"_bbp_voice_count":0,"_bbp_anonymous_reply_count":0,"_bbp_topic_count_hidden":0,"_bbp_reply_count_hidden":0,"_bbp_forum_subforum_count":0,"footnotes":""},"class_list":["post-8866","page","type-page","status-publish","hentry"],"post_mailing_queue_ids":[],"_links":{"self":[{"href":"https:\/\/projectes.xtec.cat\/cete\/wp-json\/wp\/v2\/pages\/8866","targetHints":{"allow":["GET"]}}],"collection":[{"href":"https:\/\/projectes.xtec.cat\/cete\/wp-json\/wp\/v2\/pages"}],"about":[{"href":"https:\/\/projectes.xtec.cat\/cete\/wp-json\/wp\/v2\/types\/page"}],"author":[{"embeddable":true,"href":"https:\/\/projectes.xtec.cat\/cete\/wp-json\/wp\/v2\/users\/1"}],"replies":[{"embeddable":true,"href":"https:\/\/projectes.xtec.cat\/cete\/wp-json\/wp\/v2\/comments?post=8866"}],"version-history":[{"count":3,"href":"https:\/\/projectes.xtec.cat\/cete\/wp-json\/wp\/v2\/pages\/8866\/revisions"}],"predecessor-version":[{"id":9272,"href":"https:\/\/projectes.xtec.cat\/cete\/wp-json\/wp\/v2\/pages\/8866\/revisions\/9272"}],"wp:attachment":[{"href":"https:\/\/projectes.xtec.cat\/cete\/wp-json\/wp\/v2\/media?parent=8866"}],"curies":[{"name":"wp","href":"https:\/\/api.w.org\/{rel}","templated":true}]}}