{"id":8893,"date":"2022-05-04T10:02:11","date_gmt":"2022-05-04T08:02:11","guid":{"rendered":"https:\/\/projectes.xtec.cat\/cete\/?page_id=8893"},"modified":"2022-09-07T11:15:52","modified_gmt":"2022-09-07T09:15:52","slug":"objectius-ia","status":"publish","type":"page","link":"https:\/\/projectes.xtec.cat\/cete\/objectius-ia\/","title":{"rendered":"Objectius IA"},"content":{"rendered":"<ol>\n<li><span style=\"font-weight: 400;\">Detectar noves metodologies per aprofitar les tecnologies emergents aplicades a l\u2019educaci\u00f3 escolar<\/span><\/li>\n<li><span style=\"font-weight: 400;\">Acompanyar els centres educatius en la incorporaci\u00f3 d&#8217;innovacions avan\u00e7ades per promoure canvis organitzatius i la millora de la conviv\u00e8ncia.<\/span><\/li>\n<li><span style=\"font-weight: 400;\">Assegurar la qualitat i pertinen\u00e7a de les accions formatives adre\u00e7ades al professorat durant les mobilitats<\/span><\/li>\n<li><span style=\"font-weight: 400;\">Establir una xarxa amb altres organitzacions europees que treballin la cohesi\u00f3 social o d&#8217;altres necessitats en l\u2019\u00e0mbit escolar amb eines d&#8217;innovaci\u00f3 avan\u00e7ada.<\/span><\/li>\n<li><span style=\"font-weight: 400;\">Potenciar la mobilitat internacional del professorat i la cooperaci\u00f3 entre iguals.<\/span><\/li>\n<li><span style=\"font-weight: 400;\">Establir sinergies amb el projecte intern de prospectiva internacional del Servei de Recerca Educativa sobre noves pol\u00edtiques digitals en l&#8217;\u00e0mbit europeu, especialment respecte a innovaci\u00f3 avan\u00e7ada\u00a0<\/span><span style=\"font-weight: 400;\">i protecci\u00f3 de dades.<\/span><\/li>\n<\/ol>\n","protected":false},"excerpt":{"rendered":"<ol>\n<li>Detectar noves metodologies per aprofitar les tecnologies emergents aplicades a l\u2019educaci\u00f3 escolar<\/li>\n<li>Acompanyar els centres educatius en la incorporaci\u00f3 d&#8217;innovacions avan\u00e7ades per promoure canvis organitzatius i la millora de la conviv\u00e8ncia.<\/li>\n<li>Assegurar la qualitat i pertinen\u00e7a de les accions formatives adre\u00e7ades al professorat durant les mobilitats<\/li>\n<li>Establir una&hellip;  <a href=\"https:\/\/projectes.xtec.cat\/cete\/objectius-ia\/\" title=\"Read Objectius IA\">Llegeix m\u00e9s\u00bb<\/a><br \/>\n","protected":false},"author":1,"featured_media":0,"parent":0,"menu_order":0,"comment_status":"closed","ping_status":"closed","template":"","meta":{"_bbp_topic_count":0,"_bbp_reply_count":0,"_bbp_total_topic_count":0,"_bbp_total_reply_count":0,"_bbp_voice_count":0,"_bbp_anonymous_reply_count":0,"_bbp_topic_count_hidden":0,"_bbp_reply_count_hidden":0,"_bbp_forum_subforum_count":0,"footnotes":""},"class_list":["post-8893","page","type-page","status-publish","hentry"],"post_mailing_queue_ids":[],"_links":{"self":[{"href":"https:\/\/projectes.xtec.cat\/cete\/wp-json\/wp\/v2\/pages\/8893","targetHints":{"allow":["GET"]}}],"collection":[{"href":"https:\/\/projectes.xtec.cat\/cete\/wp-json\/wp\/v2\/pages"}],"about":[{"href":"https:\/\/projectes.xtec.cat\/cete\/wp-json\/wp\/v2\/types\/page"}],"author":[{"embeddable":true,"href":"https:\/\/projectes.xtec.cat\/cete\/wp-json\/wp\/v2\/users\/1"}],"replies":[{"embeddable":true,"href":"https:\/\/projectes.xtec.cat\/cete\/wp-json\/wp\/v2\/comments?post=8893"}],"version-history":[{"count":3,"href":"https:\/\/projectes.xtec.cat\/cete\/wp-json\/wp\/v2\/pages\/8893\/revisions"}],"predecessor-version":[{"id":9357,"href":"https:\/\/projectes.xtec.cat\/cete\/wp-json\/wp\/v2\/pages\/8893\/revisions\/9357"}],"wp:attachment":[{"href":"https:\/\/projectes.xtec.cat\/cete\/wp-json\/wp\/v2\/media?parent=8893"}],"curies":[{"name":"wp","href":"https:\/\/api.w.org\/{rel}","templated":true}]}}