{"id":8905,"date":"2022-05-04T10:09:53","date_gmt":"2022-05-04T08:09:53","guid":{"rendered":"https:\/\/projectes.xtec.cat\/cete\/?page_id=8905"},"modified":"2022-05-30T13:05:49","modified_gmt":"2022-05-30T11:05:49","slug":"tematiques-emailc","status":"publish","type":"page","link":"https:\/\/projectes.xtec.cat\/cete\/tematiques-emailc\/","title":{"rendered":"Tem\u00e0tiques EMAILC"},"content":{"rendered":"<ol>\n<li>Aprofundiment metodologia CLIL.<\/li>\n<li>Observaci\u00f3 classes CLIL.<\/li>\n<li>Approaching PBL<\/li>\n<li>Observaci\u00f3 centres \u201cmodel CLIL&#8221;.<\/li>\n<li>Noves metodologies en el tractament integrat de Lleng\u00fces.<\/li>\n<li><span data-sheets-value=\"{&quot;1&quot;:2,&quot;2&quot;:&quot;Formaci\u00f3 TILC, noves metodologies en el tractament de lleng\u00fces. Translanguaging&quot;}\" data-sheets-userformat=\"{&quot;2&quot;:7107,&quot;3&quot;:{&quot;1&quot;:0},&quot;4&quot;:{&quot;1&quot;:2,&quot;2&quot;:15352629},&quot;9&quot;:0,&quot;10&quot;:0,&quot;11&quot;:4,&quot;12&quot;:0,&quot;14&quot;:{&quot;1&quot;:2,&quot;2&quot;:0},&quot;15&quot;:&quot;Arial&quot;}\">Formaci\u00f3 TILC, noves metodologies en el tractament de lleng\u00fces. Translanguaging.<\/span><\/li>\n<li>Gesti\u00f3 xarxes intercentres. Organitzaci\u00f3 formacions programes d&#8217;innovaci\u00f3.<\/li>\n<\/ol>\n<p>&nbsp;<\/p>\n","protected":false},"excerpt":{"rendered":"<ol>\n<li>Aprofundiment metodologia CLIL.<\/li>\n<li>Observaci\u00f3 classes CLIL.<\/li>\n<li>Approaching PBL<\/li>\n<li>Observaci\u00f3 centres \u201cmodel CLIL&#8221;.<\/li>\n<li>Noves metodologies en el tractament integrat de Lleng\u00fces.<\/li>\n<li>Formaci\u00f3 TILC, noves metodologies en el tractament de lleng\u00fces. Translanguaging.<\/li>\n<li>Gesti\u00f3 xarxes intercentres. Organitzaci\u00f3 formacions programes d&#8217;innovaci\u00f3.<\/li>\n<\/ol>\n<p>&nbsp;<\/p>\n","protected":false},"author":1,"featured_media":0,"parent":0,"menu_order":0,"comment_status":"closed","ping_status":"closed","template":"","meta":{"_bbp_topic_count":0,"_bbp_reply_count":0,"_bbp_total_topic_count":0,"_bbp_total_reply_count":0,"_bbp_voice_count":0,"_bbp_anonymous_reply_count":0,"_bbp_topic_count_hidden":0,"_bbp_reply_count_hidden":0,"_bbp_forum_subforum_count":0,"footnotes":""},"class_list":["post-8905","page","type-page","status-publish","hentry"],"post_mailing_queue_ids":[],"_links":{"self":[{"href":"https:\/\/projectes.xtec.cat\/cete\/wp-json\/wp\/v2\/pages\/8905","targetHints":{"allow":["GET"]}}],"collection":[{"href":"https:\/\/projectes.xtec.cat\/cete\/wp-json\/wp\/v2\/pages"}],"about":[{"href":"https:\/\/projectes.xtec.cat\/cete\/wp-json\/wp\/v2\/types\/page"}],"author":[{"embeddable":true,"href":"https:\/\/projectes.xtec.cat\/cete\/wp-json\/wp\/v2\/users\/1"}],"replies":[{"embeddable":true,"href":"https:\/\/projectes.xtec.cat\/cete\/wp-json\/wp\/v2\/comments?post=8905"}],"version-history":[{"count":3,"href":"https:\/\/projectes.xtec.cat\/cete\/wp-json\/wp\/v2\/pages\/8905\/revisions"}],"predecessor-version":[{"id":9163,"href":"https:\/\/projectes.xtec.cat\/cete\/wp-json\/wp\/v2\/pages\/8905\/revisions\/9163"}],"wp:attachment":[{"href":"https:\/\/projectes.xtec.cat\/cete\/wp-json\/wp\/v2\/media?parent=8905"}],"curies":[{"name":"wp","href":"https:\/\/api.w.org\/{rel}","templated":true}]}}