{"id":8913,"date":"2022-05-04T10:13:32","date_gmt":"2022-05-04T08:13:32","guid":{"rendered":"https:\/\/projectes.xtec.cat\/cete\/?page_id=8913"},"modified":"2022-06-22T10:02:15","modified_gmt":"2022-06-22T08:02:15","slug":"objectius-esam-tilc","status":"publish","type":"page","link":"https:\/\/projectes.xtec.cat\/cete\/objectius-esam-tilc\/","title":{"rendered":"Objectius ESAM-TILC"},"content":{"rendered":"<p>Els objectius del microconsorci ESAM-TILC s\u00f3n:<\/p>\n<ol>\n<li><span style=\"font-weight: 400;\">Con\u00e8ixer bones pr\u00e0ctiques que es desenvolupen en altres pa\u00efsos d\u2019Europa.<\/span><\/li>\n<li><span style=\"font-weight: 400;\"> Participar en activitats formatives pr\u00e8viament seleccionades, per tal d\u2019aplicar el coneixement professional que en resulti.<\/span><\/li>\n<li><span style=\"font-weight: 400;\"> Implementar estrat\u00e8gies de suport en totes les \u00e0rees i mat\u00e8ries basades en la integraci\u00f3 de llengua i continguts.<\/span><\/li>\n<li><span style=\"font-weight: 400;\"> Introduir millores organitzatives i metodol\u00f2giques a l\u2019aula i al centre educatiu.<\/span><\/li>\n<\/ol>\n<p>Trobareu m\u00e9s informaci\u00f3 del microconsorci ESAM-TILC en aquest genially (<a href=\"https:\/\/view.genial.ly\/623d9144a3d88d0018ecfb21\/guide-mc-esam-tilc\">catal\u00e0<\/a>\u00a0\/\u00a0<a href=\"https:\/\/view.genial.ly\/62618eff09de1a001aca5d6c\/guide-copy-in-english-mc-esam-tilc\">English<\/a>).<\/p>\n<p><iframe class=\"wp-embedded-content\" sandbox=\"allow-scripts\" security=\"restricted\" title=\"MC ESAM-TILC\" frameborder='0' width='1200' height='675' src='https:\/\/view.genially.com\/623d9144a3d88d0018ecfb21#?secret=j7W6fMKZgW' data-secret='j7W6fMKZgW' scrolling='yes'><\/iframe><\/p>\n","protected":false},"excerpt":{"rendered":"<p>Els objectius del microconsorci ESAM-TILC s\u00f3n:<\/p>\n<ol>\n<li>Con\u00e8ixer bones pr\u00e0ctiques que es desenvolupen en altres pa\u00efsos d\u2019Europa.<\/li>\n<li> Participar en activitats formatives pr\u00e8viament seleccionades, per tal d\u2019aplicar el coneixement professional que en resulti.<\/li>\n<li> Implementar estrat\u00e8gies de suport en totes les \u00e0rees i mat\u00e8ries basades en la integraci\u00f3 de&hellip;  <a href=\"https:\/\/projectes.xtec.cat\/cete\/objectius-esam-tilc\/\" title=\"Read Objectius ESAM-TILC\">Llegeix m\u00e9s\u00bb<\/a><br \/>\n","protected":false},"author":1,"featured_media":0,"parent":0,"menu_order":0,"comment_status":"closed","ping_status":"closed","template":"","meta":{"_bbp_topic_count":0,"_bbp_reply_count":0,"_bbp_total_topic_count":0,"_bbp_total_reply_count":0,"_bbp_voice_count":0,"_bbp_anonymous_reply_count":0,"_bbp_topic_count_hidden":0,"_bbp_reply_count_hidden":0,"_bbp_forum_subforum_count":0,"footnotes":""},"class_list":["post-8913","page","type-page","status-publish","hentry"],"post_mailing_queue_ids":[],"_links":{"self":[{"href":"https:\/\/projectes.xtec.cat\/cete\/wp-json\/wp\/v2\/pages\/8913","targetHints":{"allow":["GET"]}}],"collection":[{"href":"https:\/\/projectes.xtec.cat\/cete\/wp-json\/wp\/v2\/pages"}],"about":[{"href":"https:\/\/projectes.xtec.cat\/cete\/wp-json\/wp\/v2\/types\/page"}],"author":[{"embeddable":true,"href":"https:\/\/projectes.xtec.cat\/cete\/wp-json\/wp\/v2\/users\/1"}],"replies":[{"embeddable":true,"href":"https:\/\/projectes.xtec.cat\/cete\/wp-json\/wp\/v2\/comments?post=8913"}],"version-history":[{"count":4,"href":"https:\/\/projectes.xtec.cat\/cete\/wp-json\/wp\/v2\/pages\/8913\/revisions"}],"predecessor-version":[{"id":9284,"href":"https:\/\/projectes.xtec.cat\/cete\/wp-json\/wp\/v2\/pages\/8913\/revisions\/9284"}],"wp:attachment":[{"href":"https:\/\/projectes.xtec.cat\/cete\/wp-json\/wp\/v2\/media?parent=8913"}],"curies":[{"name":"wp","href":"https:\/\/api.w.org\/{rel}","templated":true}]}}