{"id":8923,"date":"2022-05-04T10:16:44","date_gmt":"2022-05-04T08:16:44","guid":{"rendered":"https:\/\/projectes.xtec.cat\/cete\/?page_id=8923"},"modified":"2023-11-28T13:20:23","modified_gmt":"2023-11-28T12:20:23","slug":"objectius-puntedu","status":"publish","type":"page","link":"https:\/\/projectes.xtec.cat\/cete\/objectius-puntedu\/","title":{"rendered":"Objectius PuntEdu"},"content":{"rendered":"<p>Els objectius del nostre equip de treball BEPuntedu s\u00f3n:<\/p>\n<ul>\n<li dir=\"ltr\">\n<p dir=\"ltr\">Adquirir estrat\u00e8gies per a l\u2019enfortiment de \u00a0la xarxa de biblioteques escolars de Catalunya i respecte a Europa.<\/p>\n<\/li>\n<li dir=\"ltr\">\n<p dir=\"ltr\">Acompanyar els centres en la definici\u00f3 i la creaci\u00f3 de la dimensi\u00f3 digital de la BE.<\/p>\n<\/li>\n<li dir=\"ltr\">\n<p dir=\"ltr\">Millorar el marc te\u00f2ric i de la formaci\u00f3 per a biblioteques escolars que s&#8217;ofereix des del programa Puntedu.<\/p>\n<\/li>\n<li dir=\"ltr\">\n<p dir=\"ltr\">Augmentar el potencial de la biblioteca escolar com a agent de canvi i innovaci\u00f3, oferint orientacions i models d\u2019experi\u00e8ncies als centres.<\/p>\n<\/li>\n<li dir=\"ltr\">\n<p dir=\"ltr\">Millorar l&#8217;\u00fas de la biblioteca del centre educatiu com a eina d&#8217;inclusi\u00f3 de l&#8217;alumnat, seleccionant bones pr\u00e0ctiques per donar-los visibilitat al web.<\/p>\n<\/li>\n<\/ul>\n","protected":false},"excerpt":{"rendered":"<p>Els objectius del nostre equip de treball BEPuntedu s\u00f3n:<\/p>\n<ul>\n<li dir=\"ltr\">\nAdquirir estrat\u00e8gies per a l\u2019enfortiment de \u00a0la xarxa de biblioteques escolars de Catalunya i respecte a Europa.\n<\/li>\n<li dir=\"ltr\">\nAcompanyar els centres en la definici\u00f3 i la creaci\u00f3 de la dimensi\u00f3 digital de la BE.\n<\/li>\n<li dir=\"ltr\">\nMillorar el marc&hellip;  <a href=\"https:\/\/projectes.xtec.cat\/cete\/objectius-puntedu\/\" title=\"Read Objectius PuntEdu\">Llegeix m\u00e9s\u00bb<\/a><\/p>\n","protected":false},"author":1,"featured_media":0,"parent":0,"menu_order":0,"comment_status":"closed","ping_status":"closed","template":"","meta":{"_bbp_topic_count":0,"_bbp_reply_count":0,"_bbp_total_topic_count":0,"_bbp_total_reply_count":0,"_bbp_voice_count":0,"_bbp_anonymous_reply_count":0,"_bbp_topic_count_hidden":0,"_bbp_reply_count_hidden":0,"_bbp_forum_subforum_count":0,"footnotes":""},"class_list":["post-8923","page","type-page","status-publish","hentry"],"post_mailing_queue_ids":[],"_links":{"self":[{"href":"https:\/\/projectes.xtec.cat\/cete\/wp-json\/wp\/v2\/pages\/8923","targetHints":{"allow":["GET"]}}],"collection":[{"href":"https:\/\/projectes.xtec.cat\/cete\/wp-json\/wp\/v2\/pages"}],"about":[{"href":"https:\/\/projectes.xtec.cat\/cete\/wp-json\/wp\/v2\/types\/page"}],"author":[{"embeddable":true,"href":"https:\/\/projectes.xtec.cat\/cete\/wp-json\/wp\/v2\/users\/1"}],"replies":[{"embeddable":true,"href":"https:\/\/projectes.xtec.cat\/cete\/wp-json\/wp\/v2\/comments?post=8923"}],"version-history":[{"count":4,"href":"https:\/\/projectes.xtec.cat\/cete\/wp-json\/wp\/v2\/pages\/8923\/revisions"}],"predecessor-version":[{"id":9950,"href":"https:\/\/projectes.xtec.cat\/cete\/wp-json\/wp\/v2\/pages\/8923\/revisions\/9950"}],"wp:attachment":[{"href":"https:\/\/projectes.xtec.cat\/cete\/wp-json\/wp\/v2\/media?parent=8923"}],"curies":[{"name":"wp","href":"https:\/\/api.w.org\/{rel}","templated":true}]}}