{"id":8925,"date":"2022-05-04T10:17:04","date_gmt":"2022-05-04T08:17:04","guid":{"rendered":"https:\/\/projectes.xtec.cat\/cete\/?page_id=8925"},"modified":"2024-03-06T09:58:28","modified_gmt":"2024-03-06T08:58:28","slug":"tematiques-puntedu","status":"publish","type":"page","link":"https:\/\/projectes.xtec.cat\/cete\/tematiques-puntedu\/","title":{"rendered":"Tem\u00e0tiques PuntEdu"},"content":{"rendered":"<p>Les tem\u00e0tiques del nostre equip de treball s\u00f3n:<\/p>\n<ol>\n<li style=\"font-weight: 400;\" aria-level=\"1\"><span style=\"font-weight: 400;\">Treball en xarxa de la BE (entre centres, amb l\u2019entorn, BE-BP).<\/span><\/li>\n<li style=\"font-weight: 400;\" aria-level=\"1\"><span style=\"font-weight: 400;\">Dimensi\u00f3 digital de la BE.<\/span><\/li>\n<li style=\"font-weight: 400;\" aria-level=\"1\"><span style=\"font-weight: 400;\">Organitzaci\u00f3 de l&#8217;espai i fons de\u00a0 BE.<\/span><\/li>\n<li style=\"font-weight: 400;\" aria-level=\"1\"><span style=\"font-weight: 400;\">Formaci\u00f3 del professorat i usuaris de la BE.<\/span><\/li>\n<li style=\"font-weight: 400;\" aria-level=\"1\"><span style=\"font-weight: 400;\">La BE com a motor d\u2019innovaci\u00f3 i suport a l&#8217;aprenentatge.<\/span><\/li>\n<li style=\"font-weight: 400;\" aria-level=\"1\"><span style=\"font-weight: 400;\">BE i inclusi\u00f3.<\/span><\/li>\n<li style=\"font-weight: 400;\" aria-level=\"1\"><span style=\"font-weight: 400;\">Alfabetitzaci\u00f3 medi\u00e0tica i informacional des de la BE.<\/span><\/li>\n<li style=\"font-weight: 400;\" aria-level=\"1\"><span style=\"font-weight: 400;\">Suport al desenvolupament de la compet\u00e8ncia ling\u00fc\u00edstica (llengua oral, h\u00e0bit lector, compet\u00e8ncia liter\u00e0ria) des de la BE.<\/span><\/li>\n<li style=\"font-weight: 400;\" aria-level=\"1\"><span style=\"font-weight: 400;\">La BE com a element de cohesi\u00f3 social.<\/span><\/li>\n<\/ol>\n","protected":false},"excerpt":{"rendered":"<p>Les tem\u00e0tiques del nostre equip de treball s\u00f3n:<\/p>\n<ol>\n<li style=\"font-weight: 400;\" aria-level=\"1\">Treball en xarxa de la BE (entre centres, amb l\u2019entorn, BE-BP).<\/li>\n<li style=\"font-weight: 400;\" aria-level=\"1\">Dimensi\u00f3 digital de la BE.<\/li>\n<li style=\"font-weight: 400;\" aria-level=\"1\">Organitzaci\u00f3 de l&#8217;espai i fons de\u00a0 BE.<\/li>\n<li style=\"font-weight: 400;\" aria-level=\"1\">Formaci\u00f3 del professorat i usuaris de&hellip;  <a href=\"https:\/\/projectes.xtec.cat\/cete\/tematiques-puntedu\/\" title=\"Read Tem\u00e0tiques PuntEdu\">Llegeix m\u00e9s\u00bb<\/a><br \/>\n","protected":false},"author":1,"featured_media":0,"parent":0,"menu_order":0,"comment_status":"closed","ping_status":"closed","template":"","meta":{"_bbp_topic_count":0,"_bbp_reply_count":0,"_bbp_total_topic_count":0,"_bbp_total_reply_count":0,"_bbp_voice_count":0,"_bbp_anonymous_reply_count":0,"_bbp_topic_count_hidden":0,"_bbp_reply_count_hidden":0,"_bbp_forum_subforum_count":0,"footnotes":""},"class_list":["post-8925","page","type-page","status-publish","hentry"],"post_mailing_queue_ids":[],"_links":{"self":[{"href":"https:\/\/projectes.xtec.cat\/cete\/wp-json\/wp\/v2\/pages\/8925","targetHints":{"allow":["GET"]}}],"collection":[{"href":"https:\/\/projectes.xtec.cat\/cete\/wp-json\/wp\/v2\/pages"}],"about":[{"href":"https:\/\/projectes.xtec.cat\/cete\/wp-json\/wp\/v2\/types\/page"}],"author":[{"embeddable":true,"href":"https:\/\/projectes.xtec.cat\/cete\/wp-json\/wp\/v2\/users\/1"}],"replies":[{"embeddable":true,"href":"https:\/\/projectes.xtec.cat\/cete\/wp-json\/wp\/v2\/comments?post=8925"}],"version-history":[{"count":3,"href":"https:\/\/projectes.xtec.cat\/cete\/wp-json\/wp\/v2\/pages\/8925\/revisions"}],"predecessor-version":[{"id":10324,"href":"https:\/\/projectes.xtec.cat\/cete\/wp-json\/wp\/v2\/pages\/8925\/revisions\/10324"}],"wp:attachment":[{"href":"https:\/\/projectes.xtec.cat\/cete\/wp-json\/wp\/v2\/media?parent=8925"}],"curies":[{"name":"wp","href":"https:\/\/api.w.org\/{rel}","templated":true}]}}