{"id":8935,"date":"2022-05-04T10:23:36","date_gmt":"2022-05-04T08:23:36","guid":{"rendered":"https:\/\/projectes.xtec.cat\/cete\/?page_id=8935"},"modified":"2024-02-22T13:48:07","modified_gmt":"2024-02-22T12:48:07","slug":"tematiques-mald","status":"publish","type":"page","link":"https:\/\/projectes.xtec.cat\/cete\/tematiques-mald\/","title":{"rendered":"Tem\u00e0tiques MALD"},"content":{"rendered":"<p>Les tem\u00e0tiques del nostre equip s\u00f3n:<\/p>\n<ol>\n<li><span style=\"font-weight: 400;\">Compet\u00e8ncia ling\u00fc\u00edstica professorat de mat\u00e8ria (ci\u00e8ncies socials, naturals i matem\u00e0tiques): sobretot en angl\u00e8s i en franc\u00e8s<\/span><\/li>\n<li><span style=\"font-weight: 400;\">Millorar el treball competencial, metodologia i sistemes d\u2019avaluaci\u00f3 al centre.<\/span><\/li>\n<li><span style=\"font-weight: 400;\">Gesti\u00f3 i lideratge de projectes d&#8217;internacionalitzaci\u00f3<\/span><\/li>\n<li>Treball competencial, treball globalitzat i treball per projectes<\/li>\n<li>Escola inclusiva: noves estrat\u00e8gies per a la resoluci\u00f3 de conflictes<\/li>\n<li>Gesti\u00f3 de projectes que continguin mobilitats de llarga durada<\/li>\n<\/ol>\n","protected":false},"excerpt":{"rendered":"<p>Les tem\u00e0tiques del nostre equip s\u00f3n:<\/p>\n<ol>\n<li>Compet\u00e8ncia ling\u00fc\u00edstica professorat de mat\u00e8ria (ci\u00e8ncies socials, naturals i matem\u00e0tiques): sobretot en angl\u00e8s i en franc\u00e8s<\/li>\n<li>Millorar el treball competencial, metodologia i sistemes d\u2019avaluaci\u00f3 al centre.<\/li>\n<li>Gesti\u00f3 i lideratge de projectes d&#8217;internacionalitzaci\u00f3<\/li>\n<li>Treball competencial, treball globalitzat i treball per projectes<\/li>\n<li>Escola inclusiva: noves estrat\u00e8gies&hellip;  <a href=\"https:\/\/projectes.xtec.cat\/cete\/tematiques-mald\/\" title=\"Read Tem\u00e0tiques MALD\">Llegeix m\u00e9s\u00bb<\/a><br \/>\n","protected":false},"author":1,"featured_media":0,"parent":0,"menu_order":0,"comment_status":"closed","ping_status":"closed","template":"","meta":{"_bbp_topic_count":0,"_bbp_reply_count":0,"_bbp_total_topic_count":0,"_bbp_total_reply_count":0,"_bbp_voice_count":0,"_bbp_anonymous_reply_count":0,"_bbp_topic_count_hidden":0,"_bbp_reply_count_hidden":0,"_bbp_forum_subforum_count":0,"footnotes":""},"class_list":["post-8935","page","type-page","status-publish","hentry"],"post_mailing_queue_ids":[],"_links":{"self":[{"href":"https:\/\/projectes.xtec.cat\/cete\/wp-json\/wp\/v2\/pages\/8935","targetHints":{"allow":["GET"]}}],"collection":[{"href":"https:\/\/projectes.xtec.cat\/cete\/wp-json\/wp\/v2\/pages"}],"about":[{"href":"https:\/\/projectes.xtec.cat\/cete\/wp-json\/wp\/v2\/types\/page"}],"author":[{"embeddable":true,"href":"https:\/\/projectes.xtec.cat\/cete\/wp-json\/wp\/v2\/users\/1"}],"replies":[{"embeddable":true,"href":"https:\/\/projectes.xtec.cat\/cete\/wp-json\/wp\/v2\/comments?post=8935"}],"version-history":[{"count":2,"href":"https:\/\/projectes.xtec.cat\/cete\/wp-json\/wp\/v2\/pages\/8935\/revisions"}],"predecessor-version":[{"id":10264,"href":"https:\/\/projectes.xtec.cat\/cete\/wp-json\/wp\/v2\/pages\/8935\/revisions\/10264"}],"wp:attachment":[{"href":"https:\/\/projectes.xtec.cat\/cete\/wp-json\/wp\/v2\/media?parent=8935"}],"curies":[{"name":"wp","href":"https:\/\/api.w.org\/{rel}","templated":true}]}}