{"id":8954,"date":"2022-05-04T10:35:51","date_gmt":"2022-05-04T08:35:51","guid":{"rendered":"https:\/\/projectes.xtec.cat\/cete\/?page_id=8954"},"modified":"2023-06-20T12:25:07","modified_gmt":"2023-06-20T10:25:07","slug":"objectius-mobedu","status":"publish","type":"page","link":"https:\/\/projectes.xtec.cat\/cete\/objectius-mobedu\/","title":{"rendered":"Objectius MobEdu"},"content":{"rendered":"<table style=\"width: 100%; border-collapse: collapse; border-style: none;\">\n<tbody>\n<tr>\n<td style=\"width: 50%; border-style: hidden;\">Els objectius del nostre microconsorci s\u00f3n:<\/p>\n<ol>\n<li>Millorar la compet\u00e8ncia digital de l&#8217;alumnat i del professorat, tot promovent l&#8217;adquisici\u00f3 de les altres compet\u00e8ncies.<\/li>\n<li>Destacar el valor inclusiu de la tecnologia per tal d&#8217;assolir l&#8217;\u00e8xit educatiu.<\/li>\n<li>Acompanyar els centres i comunitats educatives en el proc\u00e9s de transformaci\u00f3 educativa.<\/li>\n<\/ol>\n<p>&nbsp;<\/td>\n<td style=\"width: 50%; border-style: hidden;\"><img loading=\"lazy\" decoding=\"async\" class=\" wp-image-9036 aligncenter\" src=\"https:\/\/projectes.xtec.cat\/cete\/wp-content\/uploads\/usu2644\/2022\/05\/mcmobedu.png\" alt=\"\" width=\"299\" height=\"131\" \/><\/td>\n<\/tr>\n<\/tbody>\n<\/table>\n<div>\n<p><a href=\"https:\/\/projectes.xtec.cat\/cete\/categoria\/mobedu\/\"><img loading=\"lazy\" decoding=\"async\" class=\"wp-image-9649 size-full alignleft\" src=\"https:\/\/projectes.xtec.cat\/cete\/wp-content\/uploads\/usu2644\/2023\/06\/2.png\" alt=\"Torna a l'\u00edndex\" width=\"50\" height=\"50\" \/><\/a><\/p>\n<hr \/>\n<p>&nbsp;<\/p>\n<\/div>\n","protected":false},"excerpt":{"rendered":"<p>Els objectius del nostre microconsorci s\u00f3n:<\/p>\n<ol>\n<li>Millorar la compet\u00e8ncia digital de l&#8217;alumnat i del professorat, tot promovent l&#8217;adquisici\u00f3 de les altres compet\u00e8ncies.<\/li>\n<li>Destacar el valor inclusiu de la tecnologia per tal d&#8217;assolir l&#8217;\u00e8xit educatiu.<\/li>\n<li>Acompanyar els centres i comunitats educatives en el proc\u00e9s de transformaci\u00f3 educativa.<\/li>\n<\/ol>\n<p>&nbsp;<\/p>\n<p><a href=\"https:\/\/projectes.xtec.cat\/cete\/categoria\/mobedu\/\"><\/a><\/p>\n<p>&nbsp;<\/p>\n","protected":false},"author":1,"featured_media":0,"parent":0,"menu_order":0,"comment_status":"closed","ping_status":"closed","template":"","meta":{"_bbp_topic_count":0,"_bbp_reply_count":0,"_bbp_total_topic_count":0,"_bbp_total_reply_count":0,"_bbp_voice_count":0,"_bbp_anonymous_reply_count":0,"_bbp_topic_count_hidden":0,"_bbp_reply_count_hidden":0,"_bbp_forum_subforum_count":0,"footnotes":""},"class_list":["post-8954","page","type-page","status-publish","hentry"],"post_mailing_queue_ids":[],"_links":{"self":[{"href":"https:\/\/projectes.xtec.cat\/cete\/wp-json\/wp\/v2\/pages\/8954","targetHints":{"allow":["GET"]}}],"collection":[{"href":"https:\/\/projectes.xtec.cat\/cete\/wp-json\/wp\/v2\/pages"}],"about":[{"href":"https:\/\/projectes.xtec.cat\/cete\/wp-json\/wp\/v2\/types\/page"}],"author":[{"embeddable":true,"href":"https:\/\/projectes.xtec.cat\/cete\/wp-json\/wp\/v2\/users\/1"}],"replies":[{"embeddable":true,"href":"https:\/\/projectes.xtec.cat\/cete\/wp-json\/wp\/v2\/comments?post=8954"}],"version-history":[{"count":4,"href":"https:\/\/projectes.xtec.cat\/cete\/wp-json\/wp\/v2\/pages\/8954\/revisions"}],"predecessor-version":[{"id":9668,"href":"https:\/\/projectes.xtec.cat\/cete\/wp-json\/wp\/v2\/pages\/8954\/revisions\/9668"}],"wp:attachment":[{"href":"https:\/\/projectes.xtec.cat\/cete\/wp-json\/wp\/v2\/media?parent=8954"}],"curies":[{"name":"wp","href":"https:\/\/api.w.org\/{rel}","templated":true}]}}