{"id":8960,"date":"2022-05-16T10:37:36","date_gmt":"2022-05-16T08:37:36","guid":{"rendered":"https:\/\/projectes.xtec.cat\/cete\/?page_id=8960"},"modified":"2023-06-21T09:59:14","modified_gmt":"2023-06-21T07:59:14","slug":"darrers-esdeveniments-mobedu","status":"publish","type":"page","link":"https:\/\/projectes.xtec.cat\/cete\/darrers-esdeveniments-mobedu\/","title":{"rendered":"Darrers esdeveniments MobEdu"},"content":{"rendered":"<p><b>Participem en la jornada d&#8217;internacionalitzaci\u00f3 CETE+21<\/b><\/p>\n<p>&nbsp;<\/p>\n<p><a href=\"https:\/\/projectes.xtec.cat\/cete\/wp-content\/uploads\/usu2644\/2023\/06\/cete-16maig1.jpg\"><img loading=\"lazy\" decoding=\"async\" class=\"wp-image-9674 aligncenter\" src=\"https:\/\/projectes.xtec.cat\/cete\/wp-content\/uploads\/usu2644\/2023\/06\/cete-16maig1.jpg\" alt=\"\" width=\"392\" height=\"294\" srcset=\"https:\/\/projectes.xtec.cat\/cete\/wp-content\/uploads\/usu2644\/2023\/06\/cete-16maig1.jpg 320w, https:\/\/projectes.xtec.cat\/cete\/wp-content\/uploads\/usu2644\/2023\/06\/cete-16maig1-300x225.jpg 300w, https:\/\/projectes.xtec.cat\/cete\/wp-content\/uploads\/usu2644\/2023\/06\/cete-16maig1-200x150.jpg 200w\" sizes=\"auto, (max-width: 392px) 100vw, 392px\" \/><\/a><\/p>\n<p>L&#8217;equip de MobEdu ha participat de forma activa en la jornada d&#8217;internacionalitzaci\u00f3 dia 16 de maig a Bellaterra compartint idees, experi\u00e8ncies i coneixements derivats de la implementaci\u00f3 del projecte Erasmus+.<\/p>\n<p>Ha estat molt interessant treballar colze a colze amb els 14 equips i posar en com\u00fa les experi\u00e8ncies de tots els centres i equips despr\u00e9s de les jornades de transfer\u00e8ncia. Una jornada participativa amb activitats din\u00e0miques i plenes d&#8217;intercanvi de coneixements on tothom ha pogut aportar el seu gra de sorra.<\/p>\n<p>Gr\u00e0cies a tots els que hi heu participat!<\/p>\n<p>&nbsp;<\/p>\n<p><a href=\"https:\/\/projectes.xtec.cat\/cete\/wp-content\/uploads\/usu2644\/2023\/06\/cete-16maig2.jpg\"><img loading=\"lazy\" decoding=\"async\" class=\"wp-image-9675 aligncenter\" src=\"https:\/\/projectes.xtec.cat\/cete\/wp-content\/uploads\/usu2644\/2023\/06\/cete-16maig2.jpg\" alt=\"\" width=\"429\" height=\"322\" srcset=\"https:\/\/projectes.xtec.cat\/cete\/wp-content\/uploads\/usu2644\/2023\/06\/cete-16maig2.jpg 320w, https:\/\/projectes.xtec.cat\/cete\/wp-content\/uploads\/usu2644\/2023\/06\/cete-16maig2-300x225.jpg 300w, https:\/\/projectes.xtec.cat\/cete\/wp-content\/uploads\/usu2644\/2023\/06\/cete-16maig2-200x150.jpg 200w\" sizes=\"auto, (max-width: 429px) 100vw, 429px\" \/><\/a><\/p>\n<p>&nbsp;<\/p>\n","protected":false},"excerpt":{"rendered":"<p>Participem en la jornada d&#8217;internacionalitzaci\u00f3 CETE+21<br \/>\n&nbsp;<br \/>\n<a href=\"https:\/\/projectes.xtec.cat\/cete\/wp-content\/uploads\/usu2644\/2023\/06\/cete-16maig1.jpg\"><\/a><br \/>\nL&#8217;equip de MobEdu ha participat de forma activa en la jornada d&#8217;internacionalitzaci\u00f3 dia 16 de maig a Bellaterra compartint idees, experi\u00e8ncies i coneixements derivats de la implementaci\u00f3 del projecte Erasmus+.<br \/>\nHa estat molt interessant treballar colze a colze amb els&hellip;  <a href=\"https:\/\/projectes.xtec.cat\/cete\/darrers-esdeveniments-mobedu\/\" title=\"Read Darrers esdeveniments MobEdu\">Llegeix m\u00e9s\u00bb<\/a><\/p>\n","protected":false},"author":1,"featured_media":0,"parent":0,"menu_order":0,"comment_status":"closed","ping_status":"closed","template":"","meta":{"_bbp_topic_count":0,"_bbp_reply_count":0,"_bbp_total_topic_count":0,"_bbp_total_reply_count":0,"_bbp_voice_count":0,"_bbp_anonymous_reply_count":0,"_bbp_topic_count_hidden":0,"_bbp_reply_count_hidden":0,"_bbp_forum_subforum_count":0,"footnotes":""},"class_list":["post-8960","page","type-page","status-publish","hentry"],"post_mailing_queue_ids":[],"_links":{"self":[{"href":"https:\/\/projectes.xtec.cat\/cete\/wp-json\/wp\/v2\/pages\/8960","targetHints":{"allow":["GET"]}}],"collection":[{"href":"https:\/\/projectes.xtec.cat\/cete\/wp-json\/wp\/v2\/pages"}],"about":[{"href":"https:\/\/projectes.xtec.cat\/cete\/wp-json\/wp\/v2\/types\/page"}],"author":[{"embeddable":true,"href":"https:\/\/projectes.xtec.cat\/cete\/wp-json\/wp\/v2\/users\/1"}],"replies":[{"embeddable":true,"href":"https:\/\/projectes.xtec.cat\/cete\/wp-json\/wp\/v2\/comments?post=8960"}],"version-history":[{"count":3,"href":"https:\/\/projectes.xtec.cat\/cete\/wp-json\/wp\/v2\/pages\/8960\/revisions"}],"predecessor-version":[{"id":9676,"href":"https:\/\/projectes.xtec.cat\/cete\/wp-json\/wp\/v2\/pages\/8960\/revisions\/9676"}],"wp:attachment":[{"href":"https:\/\/projectes.xtec.cat\/cete\/wp-json\/wp\/v2\/media?parent=8960"}],"curies":[{"name":"wp","href":"https:\/\/api.w.org\/{rel}","templated":true}]}}