{"id":8975,"date":"2022-05-04T10:44:08","date_gmt":"2022-05-04T08:44:08","guid":{"rendered":"https:\/\/projectes.xtec.cat\/cete\/?page_id=8975"},"modified":"2024-02-29T13:26:07","modified_gmt":"2024-02-29T12:26:07","slug":"objectius-mcei","status":"publish","type":"page","link":"https:\/\/projectes.xtec.cat\/cete\/objectius-mcei\/","title":{"rendered":"Objectius MCEI"},"content":{"rendered":"<p>Objectius generals del consorci d\u2019Educaci\u00f3 inclusiva<br \/>\n\u25cf Con\u00e8ixer les diferents estructures organitzatives i metodol\u00f2giques dels centres<br \/>\neducatius d\u2019altres pa\u00efsos europeus que afavoreixin l\u2019atenci\u00f3 a les necessitats<br \/>\neducatives inclusives.<br \/>\n\u25cf Dissenyar i aplicar diferents estructures organitzatives i metodol\u00f2giques que es duen<br \/>\na terme en centres educatius d\u2019altres pa\u00efsos europeus que afavoreixin l\u2019atenci\u00f3 a la<br \/>\ndiversitat i la inclusi\u00f3.<br \/>\n\u25cf Compartir estrat\u00e8gies did\u00e0ctiques, metodologies, organitzaci\u00f3 dins del marc inclusiu.<\/p>\n","protected":false},"excerpt":{"rendered":"<p>Objectius generals del consorci d\u2019Educaci\u00f3 inclusiva<br \/>\n\u25cf Con\u00e8ixer les diferents estructures organitzatives i metodol\u00f2giques dels centres<br \/>\neducatius d\u2019altres pa\u00efsos europeus que afavoreixin l\u2019atenci\u00f3 a les necessitats<br \/>\neducatives inclusives.<br \/>\n\u25cf Dissenyar i aplicar diferents estructures organitzatives i metodol\u00f2giques que es duen<br \/>\na terme en centres educatius d\u2019altres pa\u00efsos europeus que afavoreixin&hellip;  <a href=\"https:\/\/projectes.xtec.cat\/cete\/objectius-mcei\/\" title=\"Read Objectius MCEI\">Llegeix m\u00e9s\u00bb<\/a><\/p>\n","protected":false},"author":1,"featured_media":0,"parent":0,"menu_order":0,"comment_status":"closed","ping_status":"closed","template":"","meta":{"_bbp_topic_count":0,"_bbp_reply_count":0,"_bbp_total_topic_count":0,"_bbp_total_reply_count":0,"_bbp_voice_count":0,"_bbp_anonymous_reply_count":0,"_bbp_topic_count_hidden":0,"_bbp_reply_count_hidden":0,"_bbp_forum_subforum_count":0,"footnotes":""},"class_list":["post-8975","page","type-page","status-publish","hentry"],"post_mailing_queue_ids":[],"_links":{"self":[{"href":"https:\/\/projectes.xtec.cat\/cete\/wp-json\/wp\/v2\/pages\/8975","targetHints":{"allow":["GET"]}}],"collection":[{"href":"https:\/\/projectes.xtec.cat\/cete\/wp-json\/wp\/v2\/pages"}],"about":[{"href":"https:\/\/projectes.xtec.cat\/cete\/wp-json\/wp\/v2\/types\/page"}],"author":[{"embeddable":true,"href":"https:\/\/projectes.xtec.cat\/cete\/wp-json\/wp\/v2\/users\/1"}],"replies":[{"embeddable":true,"href":"https:\/\/projectes.xtec.cat\/cete\/wp-json\/wp\/v2\/comments?post=8975"}],"version-history":[{"count":3,"href":"https:\/\/projectes.xtec.cat\/cete\/wp-json\/wp\/v2\/pages\/8975\/revisions"}],"predecessor-version":[{"id":10289,"href":"https:\/\/projectes.xtec.cat\/cete\/wp-json\/wp\/v2\/pages\/8975\/revisions\/10289"}],"wp:attachment":[{"href":"https:\/\/projectes.xtec.cat\/cete\/wp-json\/wp\/v2\/media?parent=8975"}],"curies":[{"name":"wp","href":"https:\/\/api.w.org\/{rel}","templated":true}]}}