{"id":8989,"date":"2022-05-04T10:55:59","date_gmt":"2022-05-04T08:55:59","guid":{"rendered":"https:\/\/projectes.xtec.cat\/cete\/?page_id=8989"},"modified":"2022-07-19T10:39:24","modified_gmt":"2022-07-19T08:39:24","slug":"linies-daccio-prodoc","status":"publish","type":"page","link":"https:\/\/projectes.xtec.cat\/cete\/linies-daccio-prodoc\/","title":{"rendered":"L\u00ednies d&#8217;acci\u00f3 PRODOC"},"content":{"rendered":"<p>Partint de la necessitat de millorar el model de formaci\u00f3 en inducci\u00f3 informat en l\u2019evid\u00e8ncia, el pla Erasmus+ hi contribueix a trav\u00e9s de les oportunitats que dona la mobilitat internacional per tal de realitzar observacions, formacions i crear xarxa millorant la realitat educativa dels centres en 3 \u00e0mbits:<\/p>\n<ol>\n<li><strong>\u00c0mbit gesti\u00f3 i organitzaci\u00f3<\/strong><\/li>\n<\/ol>\n<p>Afavorir el desenvolupament professional docent en el centre a partir del treball en estructures horitzontals entre el professorat.<\/p>\n<p>Afavorir el canvi de cultura en el propi centre i en les relacions entre universitat i centres educatius, ecosistema de relacions.<\/p>\n<p><strong>2. \u00c0mbit pedag\u00f2gic<\/strong><\/p>\n<p>Promoure l\u2019aprenentatge en col\u00b7laboraci\u00f3 i entre iguals com a facilitador de l\u2019adquisici\u00f3 de compet\u00e8ncies professionals.<\/p>\n<p>Professionalitzar la tasca de mentoria i de centre formador a partir d\u2019indicadors de mentoria i de l\u2019\u00fas d\u2019una eina d\u2019autoavaluaci\u00f3 din\u00e0mica de centres formadors.<\/p>\n<p><strong>3. \u00c0mbit d\u2019aprenentatge de l\u2019alumnat<\/strong><\/p>\n<p>Millorar l\u2019adquisici\u00f3 d\u2019habilitats docents per dinamitzar entorns aprenentatge de qualitat en l\u2019etapa d\u2019educaci\u00f3 obligat\u00f2ria.<\/p>\n<p><strong>Fases del projecte<\/strong><\/p>\n<p><a href=\"https:\/\/projectes.xtec.cat\/centresformadors\/wp-content\/uploads\/usu1341\/2021\/06\/Captura-46-1.png\"><img loading=\"lazy\" decoding=\"async\" class=\"alignnone size-full wp-image-9939\" src=\"https:\/\/projectes.xtec.cat\/centresformadors\/wp-content\/uploads\/usu1341\/2021\/06\/Captura-46-1.png\" sizes=\"auto, (max-width: 533px) 100vw, 533px\" srcset=\"https:\/\/projectes.xtec.cat\/centresformadors\/wp-content\/uploads\/usu1341\/2021\/06\/Captura-46-1.png 533w, https:\/\/projectes.xtec.cat\/centresformadors\/wp-content\/uploads\/usu1341\/2021\/06\/Captura-46-1-300x187.png 300w\" alt=\"\" width=\"533\" height=\"332\" \/><\/a><\/p>\n<p>Les fases acompanyen la gesti\u00f3 i l\u2019avaluaci\u00f3 del desenvolupament dels\u00a0<strong>Est\u00e0ndards Generals de Qualitat Erasmus+\u00a0<\/strong>s\u00f3n:<\/p>\n<p>a) Inclusi\u00f3 i diversitat<br \/>\nb) Sostenibilitat i responsabilitat mediambiental<br \/>\nc) Educaci\u00f3 digital<br \/>\nd) Xarxa de centres E+<\/p>\n<p>&nbsp;<\/p>\n","protected":false},"excerpt":{"rendered":"<p>Partint de la necessitat de millorar el model de formaci\u00f3 en inducci\u00f3 informat en l\u2019evid\u00e8ncia, el pla Erasmus+ hi contribueix a trav\u00e9s de les oportunitats que dona la mobilitat internacional per tal de realitzar observacions, formacions i crear xarxa millorant la realitat educativa dels centres&hellip;  <a href=\"https:\/\/projectes.xtec.cat\/cete\/linies-daccio-prodoc\/\" title=\"Read L\u00ednies d&#8217;acci\u00f3 PRODOC\">Llegeix m\u00e9s\u00bb<\/a><\/p>\n","protected":false},"author":1,"featured_media":0,"parent":0,"menu_order":0,"comment_status":"closed","ping_status":"closed","template":"","meta":{"_bbp_topic_count":0,"_bbp_reply_count":0,"_bbp_total_topic_count":0,"_bbp_total_reply_count":0,"_bbp_voice_count":0,"_bbp_anonymous_reply_count":0,"_bbp_topic_count_hidden":0,"_bbp_reply_count_hidden":0,"_bbp_forum_subforum_count":0,"footnotes":""},"class_list":["post-8989","page","type-page","status-publish","hentry"],"post_mailing_queue_ids":[],"_links":{"self":[{"href":"https:\/\/projectes.xtec.cat\/cete\/wp-json\/wp\/v2\/pages\/8989","targetHints":{"allow":["GET"]}}],"collection":[{"href":"https:\/\/projectes.xtec.cat\/cete\/wp-json\/wp\/v2\/pages"}],"about":[{"href":"https:\/\/projectes.xtec.cat\/cete\/wp-json\/wp\/v2\/types\/page"}],"author":[{"embeddable":true,"href":"https:\/\/projectes.xtec.cat\/cete\/wp-json\/wp\/v2\/users\/1"}],"replies":[{"embeddable":true,"href":"https:\/\/projectes.xtec.cat\/cete\/wp-json\/wp\/v2\/comments?post=8989"}],"version-history":[{"count":2,"href":"https:\/\/projectes.xtec.cat\/cete\/wp-json\/wp\/v2\/pages\/8989\/revisions"}],"predecessor-version":[{"id":9330,"href":"https:\/\/projectes.xtec.cat\/cete\/wp-json\/wp\/v2\/pages\/8989\/revisions\/9330"}],"wp:attachment":[{"href":"https:\/\/projectes.xtec.cat\/cete\/wp-json\/wp\/v2\/media?parent=8989"}],"curies":[{"name":"wp","href":"https:\/\/api.w.org\/{rel}","templated":true}]}}