{"id":8258,"date":"2021-08-16T11:29:38","date_gmt":"2021-08-16T09:29:38","guid":{"rendered":"https:\/\/projectes.xtec.cat\/clic\/?page_id=8258"},"modified":"2025-10-24T20:53:21","modified_gmt":"2025-10-24T18:53:21","slug":"download","status":"publish","type":"page","link":"https:\/\/projectes.xtec.cat\/clic\/ca\/download\/","title":{"rendered":"Descarregar el JClic"},"content":{"rendered":"\n<h1 class=\"wp-block-heading alignwide\">Descarregar el JClic<\/h1>\n\n\n\n<div class=\"wp-block-getwid-advanced-heading alignwide alignwide\"><span class=\"wp-block-getwid-advanced-heading__content\" style=\"text-align:left\"><strong><span class=\"has-inline-color has-ast-global-color-0-color\">ATENCI\u00d3<\/span>: Per utilitzar les activitats JClic no cal instal\u00b7lar res!<\/strong><\/span><\/div>\n\n\n\n<p>Un cop publicades a Internet, les activitats funcionen en qualsevol ordinador o dispositiu m\u00f2bil que compti amb un navegador web.<\/p>\n\n\n\n<p>La instal\u00b7laci\u00f3 de les aplicacions JClic nom\u00e9s \u00e9s necess\u00e0ria si voleu <strong>crear noves activitats<\/strong> o <strong>modificar activitats existents<\/strong>. Tamb\u00e9 us poden servir per a utilitzar-les en ordinadors sense connexi\u00f3 a Internet<\/p>\n\n\n\n<div class=\"wp-block-getwid-toggle alignwide has-icon-left\">\n<div class=\"wp-block-getwid-toggle__row\"><div class=\"wp-block-getwid-toggle__header-wrapper\"><h2 class=\"wp-block-getwid-toggle__header\"><a href=\"#\"><span class=\"wp-block-getwid-toggle__header-title\"><img loading=\"lazy\" decoding=\"async\" width=\"32\" height=\"32\" class=\"wp-image-8626\" style=\"width: 32px;\" src=\"https:\/\/projectes.xtec.cat\/clic\/wp-content\/uploads\/usu2636\/windows.png\" alt=\"Windows icon\" srcset=\"https:\/\/projectes.xtec.cat\/clic\/wp-content\/uploads\/usu2636\/windows.png 512w, https:\/\/projectes.xtec.cat\/clic\/wp-content\/uploads\/usu2636\/windows-300x300.png 300w, https:\/\/projectes.xtec.cat\/clic\/wp-content\/uploads\/usu2636\/windows-150x150.png 150w\" sizes=\"auto, (max-width: 32px) 100vw, 32px\" \/>  Windows<\/span><span class=\"wp-block-getwid-toggle__icon is-active\"><i class=\"fas fa-angle-right\"><\/i><\/span><span class=\"wp-block-getwid-toggle__icon is-passive\"><i class=\"fas fa-angle-down\"><\/i><\/span><\/a><\/h2><\/div><div class=\"wp-block-getwid-toggle__content-wrapper\"><div class=\"wp-block-getwid-toggle__content\">\n<p><strong>ATENCI\u00d3:<\/strong> Als ordinadors amb sistema operatiu Windows del Pla d&#8217;Educaci\u00f3 Digital de Catalunya no us cal descarregar res: trobareu el JClic al &#8220;Portal d&#8217;aplicacions&#8221; (<em>Company portal<\/em>).<\/p>\n\n\n\n<p>En altres equips:<\/p>\n\n\n\n<ol class=\"wp-block-list\">\n<li>Instal\u00b7leu la versi\u00f3 est\u00e0ndard (no la de 64 bits!) del <a href=\"https:\/\/www.java.com\/es\/download\/help\/download_options.html#windows\">motor Java per a Windows<\/a>.<br><\/li>\n\n\n\n<li>Descarregueu i instal\u00b7leu el JClic:<br><figure><img loading=\"lazy\" decoding=\"async\" width=\"32\" height=\"32\" class=\"wp-image-8659\" style=\"width: 32px;\" src=\"https:\/\/projectes.xtec.cat\/clic\/wp-content\/uploads\/usu2636\/download.png\" alt=\"Downoad\"><\/figure>  <a href=\"https:\/\/clic.xtec.cat\/dist\/jclic\/jclic-0.3.2.16.exe\"><strong>jclic-0.3.2.16.exe<\/strong><\/a> (07\/02\/2022 &#8211; 3,2 MB)<\/li>\n<\/ol>\n\n\n\n<p><\/p>\n<\/div><\/div><\/div>\n\n\n\n<div class=\"wp-block-getwid-toggle__row\"><div class=\"wp-block-getwid-toggle__header-wrapper\"><h2 class=\"wp-block-getwid-toggle__header\"><a href=\"#\"><span class=\"wp-block-getwid-toggle__header-title\"><img loading=\"lazy\" decoding=\"async\" width=\"32\" height=\"32\" class=\"wp-image-8624\" style=\"width: 32px;\" src=\"https:\/\/projectes.xtec.cat\/clic\/wp-content\/uploads\/usu2636\/linux.png\" alt=\"Linux icon\" srcset=\"https:\/\/projectes.xtec.cat\/clic\/wp-content\/uploads\/usu2636\/linux.png 512w, https:\/\/projectes.xtec.cat\/clic\/wp-content\/uploads\/usu2636\/linux-300x300.png 300w, https:\/\/projectes.xtec.cat\/clic\/wp-content\/uploads\/usu2636\/linux-150x150.png 150w\" sizes=\"auto, (max-width: 32px) 100vw, 32px\" \/>  GNU\/Linux<\/span><span class=\"wp-block-getwid-toggle__icon is-active\"><i class=\"fas fa-angle-right\"><\/i><\/span><span class=\"wp-block-getwid-toggle__icon is-passive\"><i class=\"fas fa-angle-down\"><\/i><\/span><\/a><\/h2><\/div><div class=\"wp-block-getwid-toggle__content-wrapper\"><div class=\"wp-block-getwid-toggle__content\">\n<p>Opci\u00f3 recomanada per a totes les distribucions:<\/p>\n\n\n\n<ul class=\"wp-block-list\">\n<li><figure><img loading=\"lazy\" decoding=\"async\" width=\"32\" height=\"32\" class=\"wp-image-8652\" style=\"width: 32px;\" src=\"https:\/\/projectes.xtec.cat\/clic\/wp-content\/uploads\/usu2636\/flatpak.png\" alt=\"Flatpak icon\" srcset=\"https:\/\/projectes.xtec.cat\/clic\/wp-content\/uploads\/usu2636\/flatpak.png 256w, https:\/\/projectes.xtec.cat\/clic\/wp-content\/uploads\/usu2636\/flatpak-150x150.png 150w\" sizes=\"auto, (max-width: 32px) 100vw, 32px\" \/><\/figure>  <a href=\"https:\/\/flathub.org\/apps\/details\/cat.xtec.clic.JClic\"><strong>Instal\u00b7leu el JClic des de Flatpak<\/strong><\/a><\/li>\n<\/ul>\n\n\n\n<p>A <a href=\"http:\/\/linkat.xtec.cat\/\">Linkat<\/a>, <a href=\"https:\/\/portal.edu.gva.es\/lliurex\/va\/\">Lliurex<\/a>, <a href=\"https:\/\/www.educa2.madrid.org\/web\/max\/\">Max<\/a> i altres distribucions educatives:<\/p>\n\n\n\n<ul class=\"wp-block-list\">\n<li><figure><img loading=\"lazy\" decoding=\"async\" width=\"32\" height=\"32\" class=\"wp-image-8656\" style=\"width: 32px;\" src=\"https:\/\/projectes.xtec.cat\/clic\/wp-content\/uploads\/usu2636\/gnome-software.png\" alt=\"GNOME software icon\" srcset=\"https:\/\/projectes.xtec.cat\/clic\/wp-content\/uploads\/usu2636\/gnome-software.png 240w, https:\/\/projectes.xtec.cat\/clic\/wp-content\/uploads\/usu2636\/gnome-software-150x150.png 150w\" sizes=\"auto, (max-width: 32px) 100vw, 32px\" \/><\/figure>  Instal\u00b7leu el JClic des de la botiga d&#8217;aplicacions de la vostra distribuci\u00f3.<\/li>\n<\/ul>\n\n\n\n<p>Altres alternatives:<\/p>\n\n\n\n<ul class=\"wp-block-list\">\n<li>Configureu-vos el <a href=\"https:\/\/launchpad.net\/~jclic\/+archive\/ubuntu\/master\">dip\u00f2sit de programari oficial del JClic (PPA)<\/a>.<\/li>\n\n\n\n<li><a href=\"https:\/\/github.com\/projectestac\/jclic\/releases\">Descarregueu els instal\u00b7ladors en format .DEB<\/a>.<\/li>\n\n\n\n<li>Descarregueu el <a href=\"https:\/\/github.com\/projectestac\/jclic\/\">codi font<\/a> i seguiu les <a href=\"https:\/\/github.com\/projectestac\/jclic\/blob\/master\/INSTALL.txt\">instruccions<\/a> per a compilar-lo.<\/li>\n<\/ul>\n<\/div><\/div><\/div>\n\n\n\n<div class=\"wp-block-getwid-toggle__row\"><div class=\"wp-block-getwid-toggle__header-wrapper\"><h2 class=\"wp-block-getwid-toggle__header\"><a href=\"#\"><span class=\"wp-block-getwid-toggle__header-title\"><img loading=\"lazy\" decoding=\"async\" width=\"32\" height=\"32\" class=\"wp-image-8625\" style=\"width: 32px;\" src=\"https:\/\/projectes.xtec.cat\/clic\/wp-content\/uploads\/usu2636\/macos.png\" alt=\"Mac OS icon\" srcset=\"https:\/\/projectes.xtec.cat\/clic\/wp-content\/uploads\/usu2636\/macos.png 512w, https:\/\/projectes.xtec.cat\/clic\/wp-content\/uploads\/usu2636\/macos-300x300.png 300w, https:\/\/projectes.xtec.cat\/clic\/wp-content\/uploads\/usu2636\/macos-150x150.png 150w\" sizes=\"auto, (max-width: 32px) 100vw, 32px\" \/>  Mac OS<\/span><span class=\"wp-block-getwid-toggle__icon is-active\"><i class=\"fas fa-angle-right\"><\/i><\/span><span class=\"wp-block-getwid-toggle__icon is-passive\"><i class=\"fas fa-angle-down\"><\/i><\/span><\/a><\/h2><\/div><div class=\"wp-block-getwid-toggle__content-wrapper\"><div class=\"wp-block-getwid-toggle__content\">\n<ol class=\"wp-block-list\">\n<li>Instal\u00b7leu el <a href=\"https:\/\/www.java.com\/es\/download\/help\/download_options.html#mac\">motor Java per a Mac OS<\/a>.<br><\/li>\n\n\n\n<li>Descarregueu i obriu el fitxer: <br><figure><img loading=\"lazy\" decoding=\"async\" width=\"32\" height=\"32\" class=\"wp-image-8659\" style=\"width: 32px;\" src=\"https:\/\/projectes.xtec.cat\/clic\/wp-content\/uploads\/usu2636\/download.png\" alt=\"Downoad\"><\/figure>  <a href=\"https:\/\/clic.xtec.cat\/dist\/jclic\/jclic-0.3.2.16.zip\"><strong>jclic-0.3.2.16.zip<\/strong><\/a> (3,1 MB &#8211; 07\/02\/2022)<\/li>\n<\/ol>\n\n\n\n<p>Les aplicacions s&#8217;engeguen fent doble clic als fitxers JAR ubicats al ZIP.<\/p>\n\n\n\n<p>Podeu personalitzar les llan\u00e7adores de les aplicacions amb aquest joc d&#8217;icones:<br><img loading=\"lazy\" decoding=\"async\" width=\"32\" height=\"32\" class=\"wp-image-8659\" style=\"width: 32px;\" src=\"https:\/\/projectes.xtec.cat\/clic\/wp-content\/uploads\/usu2636\/download.png\" alt=\"Downoad\">  <a href=\"https:\/\/clic.xtec.cat\/dist\/jclic\/jclic-aqua-icons.sit\"><strong>jclic-aqua-icons.sit<\/strong><\/a> (248 KB &#8211; 12\/01\/2005)<\/p>\n<\/div><\/div><\/div>\n\n\n\n<div class=\"wp-block-getwid-toggle__row\"><div class=\"wp-block-getwid-toggle__header-wrapper\"><h2 class=\"wp-block-getwid-toggle__header\"><a href=\"#\"><span class=\"wp-block-getwid-toggle__header-title\"><img loading=\"lazy\" decoding=\"async\" width=\"32\" height=\"32\" class=\"wp-image-8623\" style=\"width: 32px;\" src=\"https:\/\/projectes.xtec.cat\/clic\/wp-content\/uploads\/usu2636\/cromeos.png\" alt=\"Chrome OS icon\" srcset=\"https:\/\/projectes.xtec.cat\/clic\/wp-content\/uploads\/usu2636\/cromeos.png 512w, https:\/\/projectes.xtec.cat\/clic\/wp-content\/uploads\/usu2636\/cromeos-300x300.png 300w, https:\/\/projectes.xtec.cat\/clic\/wp-content\/uploads\/usu2636\/cromeos-150x150.png 150w\" sizes=\"auto, (max-width: 32px) 100vw, 32px\" \/>  ChromeOS<\/span><span class=\"wp-block-getwid-toggle__icon is-active\"><i class=\"fas fa-angle-right\"><\/i><\/span><span class=\"wp-block-getwid-toggle__icon is-passive\"><i class=\"fas fa-angle-down\"><\/i><\/span><\/a><\/h2><\/div><div class=\"wp-block-getwid-toggle__content-wrapper\"><div class=\"wp-block-getwid-toggle__content\">\n<p>Per instal\u00b7lar el JClic en Chromebooks i altres sistemes basats en ChromeOS haureu d&#8217;activar el suport per a aplicacions Linux. En <a href=\"https:\/\/projectes.xtec.cat\/edc\/wp-content\/uploads\/usu2268\/2022\/01\/Linkat_en_Chromebooks.pdf\">aquesta guia<\/a> s&#8217;explica com fer-ho pas a pas.<\/p>\n<\/div><\/div><\/div>\n<\/div>\n\n\n\n<div style=\"height:50px\" aria-hidden=\"true\" class=\"wp-block-spacer\"><\/div>\n","protected":false},"excerpt":{"rendered":"<p>Descarregar el JClic Un cop publicades a Internet, les activitats funcionen en qualsevol ordinador o dispositiu m\u00f2bil que compti amb un navegador web. La instal\u00b7laci\u00f3 de les aplicacions JClic nom\u00e9s \u00e9s necess\u00e0ria si voleu crear noves activitats o modificar activitats existents. Tamb\u00e9 us poden servir per a utilitzar-les en ordinadors sense connexi\u00f3 a Internet<\/p>\n","protected":false},"author":1,"featured_media":0,"parent":9,"menu_order":0,"comment_status":"closed","ping_status":"closed","template":"","meta":{"site-sidebar-layout":"no-sidebar","site-content-layout":"plain-container","ast-site-content-layout":"normal-width-container","site-content-style":"unboxed","site-sidebar-style":"unboxed","ast-global-header-display":"","ast-banner-title-visibility":"","ast-main-header-display":"","ast-hfb-above-header-display":"","ast-hfb-below-header-display":"","ast-hfb-mobile-header-display":"","site-post-title":"disabled","ast-breadcrumbs-content":"","ast-featured-img":"","footer-sml-layout":"","theme-transparent-header-meta":"default","adv-header-id-meta":"","stick-header-meta":"default","header-above-stick-meta":"","header-main-stick-meta":"","header-below-stick-meta":"","astra-migrate-meta-layouts":"set","ast-page-background-enabled":"default","ast-page-background-meta":{"desktop":{"background-color":"","background-image":"","background-repeat":"repeat","background-position":"center center","background-size":"auto","background-attachment":"scroll","background-type":"","background-media":"","overlay-type":"","overlay-color":"","overlay-opacity":"","overlay-gradient":""},"tablet":{"background-color":"","background-image":"","background-repeat":"repeat","background-position":"center center","background-size":"auto","background-attachment":"scroll","background-type":"","background-media":"","overlay-type":"","overlay-color":"","overlay-opacity":"","overlay-gradient":""},"mobile":{"background-color":"","background-image":"","background-repeat":"repeat","background-position":"center center","background-size":"auto","background-attachment":"scroll","background-type":"","background-media":"","overlay-type":"","overlay-color":"","overlay-opacity":"","overlay-gradient":""}},"ast-content-background-meta":{"desktop":{"background-color":"var(--ast-global-color-5)","background-image":"","background-repeat":"repeat","background-position":"center center","background-size":"auto","background-attachment":"scroll","background-type":"","background-media":"","overlay-type":"","overlay-color":"","overlay-opacity":"","overlay-gradient":""},"tablet":{"background-color":"var(--ast-global-color-5)","background-image":"","background-repeat":"repeat","background-position":"center center","background-size":"auto","background-attachment":"scroll","background-type":"","background-media":"","overlay-type":"","overlay-color":"","overlay-opacity":"","overlay-gradient":""},"mobile":{"background-color":"var(--ast-global-color-5)","background-image":"","background-repeat":"repeat","background-position":"center center","background-size":"auto","background-attachment":"scroll","background-type":"","background-media":"","overlay-type":"","overlay-color":"","overlay-opacity":"","overlay-gradient":""}},"footnotes":""},"class_list":["post-8258","page","type-page","status-publish","hentry"],"post_mailing_queue_ids":[],"_links":{"self":[{"href":"https:\/\/projectes.xtec.cat\/clic\/wp-json\/wp\/v2\/pages\/8258","targetHints":{"allow":["GET"]}}],"collection":[{"href":"https:\/\/projectes.xtec.cat\/clic\/wp-json\/wp\/v2\/pages"}],"about":[{"href":"https:\/\/projectes.xtec.cat\/clic\/wp-json\/wp\/v2\/types\/page"}],"author":[{"embeddable":true,"href":"https:\/\/projectes.xtec.cat\/clic\/wp-json\/wp\/v2\/users\/1"}],"replies":[{"embeddable":true,"href":"https:\/\/projectes.xtec.cat\/clic\/wp-json\/wp\/v2\/comments?post=8258"}],"version-history":[{"count":3,"href":"https:\/\/projectes.xtec.cat\/clic\/wp-json\/wp\/v2\/pages\/8258\/revisions"}],"predecessor-version":[{"id":9707,"href":"https:\/\/projectes.xtec.cat\/clic\/wp-json\/wp\/v2\/pages\/8258\/revisions\/9707"}],"up":[{"embeddable":true,"href":"https:\/\/projectes.xtec.cat\/clic\/wp-json\/wp\/v2\/pages\/9"}],"wp:attachment":[{"href":"https:\/\/projectes.xtec.cat\/clic\/wp-json\/wp\/v2\/media?parent=8258"}],"curies":[{"name":"wp","href":"https:\/\/api.w.org\/{rel}","templated":true}]}}