{"id":8260,"date":"2021-08-16T11:30:50","date_gmt":"2021-08-16T09:30:50","guid":{"rendered":"https:\/\/projectes.xtec.cat\/clic\/?page_id=8260"},"modified":"2025-10-24T20:54:10","modified_gmt":"2025-10-24T18:54:10","slug":"download","status":"publish","type":"page","link":"https:\/\/projectes.xtec.cat\/clic\/es\/download\/","title":{"rendered":"Descargar JClic"},"content":{"rendered":"\n<h1 class=\"wp-block-heading alignwide\">Descargar JClic<\/h1>\n\n\n\n<p><strong>IMPORTANTE: Para utilizar las actividades JClic no es necesario instalar nada<\/strong><\/p>\n\n\n\n<p>Una vez publicadas en Internet, las actividades funcionan en cualquier dispositivo que cuente con un navegador web.<\/p>\n\n\n\n<p>La instalaci\u00f3n de las aplicaciones JClic solamente es necesaria si quer\u00e9is <strong>crear nuevas actividades<\/strong> o <strong>modificar actividades existentes<\/strong>. Tambi\u00e9n os pueden servir para utilizarlas en ordenadores sin conexi\u00f3n a Internet.<\/p>\n\n\n\n<div class=\"wp-block-getwid-toggle alignwide has-icon-left\">\n<div class=\"wp-block-getwid-toggle__row\"><div class=\"wp-block-getwid-toggle__header-wrapper\"><h2 class=\"wp-block-getwid-toggle__header\"><a href=\"#\"><span class=\"wp-block-getwid-toggle__header-title\"><img loading=\"lazy\" decoding=\"async\" width=\"32\" height=\"32\" class=\"wp-image-8626\" style=\"width: 32px;\" src=\"https:\/\/projectes.xtec.cat\/clic\/wp-content\/uploads\/usu2636\/windows.png\" alt=\"Windows icon\" srcset=\"https:\/\/projectes.xtec.cat\/clic\/wp-content\/uploads\/usu2636\/windows.png 512w, https:\/\/projectes.xtec.cat\/clic\/wp-content\/uploads\/usu2636\/windows-300x300.png 300w, https:\/\/projectes.xtec.cat\/clic\/wp-content\/uploads\/usu2636\/windows-150x150.png 150w\" sizes=\"auto, (max-width: 32px) 100vw, 32px\" \/>  Windows<\/span><span class=\"wp-block-getwid-toggle__icon is-active\"><i class=\"fas fa-angle-right\"><\/i><\/span><span class=\"wp-block-getwid-toggle__icon is-passive\"><i class=\"fas fa-angle-down\"><\/i><\/span><\/a><\/h2><\/div><div class=\"wp-block-getwid-toggle__content-wrapper\"><div class=\"wp-block-getwid-toggle__content\">\n<ol class=\"wp-block-list\">\n<li>Instalar la versi\u00f3n est\u00e1ndar (\u00a1no la de 64 bits!) del <a href=\"https:\/\/www.java.com\/es\/download\/help\/download_options.html#windows\">motor Java para Windows<\/a>.<\/li>\n\n\n\n<li>Descargar e instalar JClic: <br><figure><img loading=\"lazy\" decoding=\"async\" width=\"32\" height=\"32\" class=\"wp-image-8659\" style=\"width: 32px;\" src=\"https:\/\/projectes.xtec.cat\/clic\/wp-content\/uploads\/usu2636\/download.png\" alt=\"Downoad\"><\/figure><a href=\"https:\/\/clic.xtec.cat\/dist\/jclic\/jclic-0.3.2.16.exe\"> <strong>jclic-0.3.2.16.exe<\/strong><\/a> (3,2 MB &#8211; 07\/02\/2022)<\/li>\n<\/ol>\n\n\n\n<p><\/p>\n<\/div><\/div><\/div>\n\n\n\n<div class=\"wp-block-getwid-toggle__row\"><div class=\"wp-block-getwid-toggle__header-wrapper\"><h2 class=\"wp-block-getwid-toggle__header\"><a href=\"#\"><span class=\"wp-block-getwid-toggle__header-title\"><img loading=\"lazy\" decoding=\"async\" width=\"32\" height=\"32\" class=\"wp-image-8624\" style=\"width: 32px;\" src=\"https:\/\/projectes.xtec.cat\/clic\/wp-content\/uploads\/usu2636\/linux.png\" alt=\"Linux icon\" srcset=\"https:\/\/projectes.xtec.cat\/clic\/wp-content\/uploads\/usu2636\/linux.png 512w, https:\/\/projectes.xtec.cat\/clic\/wp-content\/uploads\/usu2636\/linux-300x300.png 300w, https:\/\/projectes.xtec.cat\/clic\/wp-content\/uploads\/usu2636\/linux-150x150.png 150w\" sizes=\"auto, (max-width: 32px) 100vw, 32px\" \/>  GNU\/Linux<\/span><span class=\"wp-block-getwid-toggle__icon is-active\"><i class=\"fas fa-angle-right\"><\/i><\/span><span class=\"wp-block-getwid-toggle__icon is-passive\"><i class=\"fas fa-angle-down\"><\/i><\/span><\/a><\/h2><\/div><div class=\"wp-block-getwid-toggle__content-wrapper\"><div class=\"wp-block-getwid-toggle__content\">\n<p>Opci\u00f3n recomendada para todas las distribuciones:<\/p>\n\n\n\n<ul class=\"wp-block-list\">\n<li><figure><img loading=\"lazy\" decoding=\"async\" width=\"32\" height=\"32\" class=\"wp-image-8652\" style=\"width: 32px;\" src=\"https:\/\/projectes.xtec.cat\/clic\/wp-content\/uploads\/usu2636\/flatpak.png\" alt=\"Flatpak icon\" srcset=\"https:\/\/projectes.xtec.cat\/clic\/wp-content\/uploads\/usu2636\/flatpak.png 256w, https:\/\/projectes.xtec.cat\/clic\/wp-content\/uploads\/usu2636\/flatpak-150x150.png 150w\" sizes=\"auto, (max-width: 32px) 100vw, 32px\" \/><\/figure><a href=\"https:\/\/flathub.org\/apps\/details\/cat.xtec.clic.JClic\">  <strong>Instalar JClic desde Flatpak<\/strong><\/a>.<\/li>\n<\/ul>\n\n\n\n<p>En <a href=\"http:\/\/linkat.xtec.cat\/\">Linkat<\/a>, <a href=\"https:\/\/portal.edu.gva.es\/lliurex\/va\/\">Lliurex<\/a>, <a href=\"https:\/\/www.educa2.madrid.org\/web\/max\/\">Max<\/a> y otras distribuciones educativas:<\/p>\n\n\n\n<ul class=\"wp-block-list\">\n<li><figure><img loading=\"lazy\" decoding=\"async\" width=\"32\" height=\"32\" class=\"wp-image-8656\" style=\"width: 32px;\" src=\"https:\/\/projectes.xtec.cat\/clic\/wp-content\/uploads\/usu2636\/gnome-software.png\" alt=\"GNOME software icon\" srcset=\"https:\/\/projectes.xtec.cat\/clic\/wp-content\/uploads\/usu2636\/gnome-software.png 240w, https:\/\/projectes.xtec.cat\/clic\/wp-content\/uploads\/usu2636\/gnome-software-150x150.png 150w\" sizes=\"auto, (max-width: 32px) 100vw, 32px\" \/><\/figure>  Instalar JClic desde la tienda de aplicaciones de tu distribuci\u00f3n.<\/li>\n<\/ul>\n\n\n\n<p>Otras alternativas:<\/p>\n\n\n\n<ul class=\"wp-block-list\">\n<li>Configurar el <a href=\"https:\/\/launchpad.net\/~jclic\/+archive\/ubuntu\/master\">repositorio de software oficial de JClic (PPA)<\/a>.<\/li>\n\n\n\n<li><a href=\"https:\/\/github.com\/projectestac\/jclic\/releases\">Descargar los instaladores en formato DEB<\/a>.<\/li>\n\n\n\n<li>Descargar el <a href=\"https:\/\/github.com\/projectestac\/jclic\/\">c\u00f3digo fuente<\/a> y seguir las <a href=\"https:\/\/github.com\/projectestac\/jclic\/blob\/master\/INSTALL.txt\">instrucciones<\/a> para compilarlo.<\/li>\n<\/ul>\n<\/div><\/div><\/div>\n\n\n\n<div class=\"wp-block-getwid-toggle__row\"><div class=\"wp-block-getwid-toggle__header-wrapper\"><h2 class=\"wp-block-getwid-toggle__header\"><a href=\"#\"><span class=\"wp-block-getwid-toggle__header-title\"><img loading=\"lazy\" decoding=\"async\" width=\"32\" height=\"32\" class=\"wp-image-8625\" style=\"width: 32px;\" src=\"https:\/\/projectes.xtec.cat\/clic\/wp-content\/uploads\/usu2636\/macos.png\" alt=\"Mac OS icon\" srcset=\"https:\/\/projectes.xtec.cat\/clic\/wp-content\/uploads\/usu2636\/macos.png 512w, https:\/\/projectes.xtec.cat\/clic\/wp-content\/uploads\/usu2636\/macos-300x300.png 300w, https:\/\/projectes.xtec.cat\/clic\/wp-content\/uploads\/usu2636\/macos-150x150.png 150w\" sizes=\"auto, (max-width: 32px) 100vw, 32px\" \/>  Mac OS<\/span><span class=\"wp-block-getwid-toggle__icon is-active\"><i class=\"fas fa-angle-right\"><\/i><\/span><span class=\"wp-block-getwid-toggle__icon is-passive\"><i class=\"fas fa-angle-down\"><\/i><\/span><\/a><\/h2><\/div><div class=\"wp-block-getwid-toggle__content-wrapper\"><div class=\"wp-block-getwid-toggle__content\">\n<ol class=\"wp-block-list\">\n<li>Instalar el <a href=\"https:\/\/www.java.com\/es\/download\/help\/download_options.html#mac\">motor Java para Mac OS<\/a>.<\/li>\n\n\n\n<li>Descargar y abrir el archivo:<br><figure><img loading=\"lazy\" decoding=\"async\" width=\"32\" height=\"32\" class=\"wp-image-8659\" style=\"width: 32px;\" src=\"https:\/\/projectes.xtec.cat\/clic\/wp-content\/uploads\/usu2636\/download.png\" alt=\"Downoad\"><\/figure>  <a href=\"https:\/\/clic.xtec.cat\/dist\/jclic\/jclic-0.3.2.16.zip\"><strong>jclic-0.3.2.16.zip<\/strong><\/a> (3,1 MB &#8211; 07\/02\/2022)<\/li>\n<\/ol>\n\n\n\n<p>Las aplicaciones se ponen en marcha haciendo doble clic en los archivos JAR ubicados en el ZIP.<\/p>\n\n\n\n<p>Pod\u00e9is personalizar las lanzaderas de las aplicaciones con este juego de iconos:<br><img loading=\"lazy\" decoding=\"async\" width=\"32\" height=\"32\" class=\"wp-image-8659\" style=\"width: 32px;\" src=\"https:\/\/projectes.xtec.cat\/clic\/wp-content\/uploads\/usu2636\/download.png\" alt=\"Downoad\">  <a href=\"https:\/\/clic.xtec.cat\/dist\/jclic\/jclic-aqua-icons.sit\"><strong>jclic-aqua-icons.sit<\/strong><\/a> (248 KB &#8211; 12\/01\/2005)<\/p>\n<\/div><\/div><\/div>\n\n\n\n<div class=\"wp-block-getwid-toggle__row\"><div class=\"wp-block-getwid-toggle__header-wrapper\"><h2 class=\"wp-block-getwid-toggle__header\"><a href=\"#\"><span class=\"wp-block-getwid-toggle__header-title\"><img loading=\"lazy\" decoding=\"async\" width=\"32\" height=\"32\" class=\"wp-image-8623\" style=\"width: 32px;\" src=\"https:\/\/projectes.xtec.cat\/clic\/wp-content\/uploads\/usu2636\/cromeos.png\" alt=\"Chrome OS icon\" srcset=\"https:\/\/projectes.xtec.cat\/clic\/wp-content\/uploads\/usu2636\/cromeos.png 512w, https:\/\/projectes.xtec.cat\/clic\/wp-content\/uploads\/usu2636\/cromeos-300x300.png 300w, https:\/\/projectes.xtec.cat\/clic\/wp-content\/uploads\/usu2636\/cromeos-150x150.png 150w\" sizes=\"auto, (max-width: 32px) 100vw, 32px\" \/>  ChromeOS<\/span><span class=\"wp-block-getwid-toggle__icon is-active\"><i class=\"fas fa-angle-right\"><\/i><\/span><span class=\"wp-block-getwid-toggle__icon is-passive\"><i class=\"fas fa-angle-down\"><\/i><\/span><\/a><\/h2><\/div><div class=\"wp-block-getwid-toggle__content-wrapper\"><div class=\"wp-block-getwid-toggle__content\">\n<p>Para instalar JClic en Chromebooks y otros sistemas ChromeOS hay que activar el soporte para aplicaciones Linux. En <a href=\"https:\/\/projectes.xtec.cat\/edc\/wp-content\/uploads\/usu2268\/2022\/01\/Linkat_en_Chromebooks.pdf\">esta gu\u00eda<\/a> (temporalmente disponible solo en catal\u00e1n) se explica como hacerlo paso a paso.<\/p>\n<\/div><\/div><\/div>\n<\/div>\n\n\n\n<div style=\"height:50px\" aria-hidden=\"true\" class=\"wp-block-spacer\"><\/div>\n","protected":false},"excerpt":{"rendered":"<p>Descargar JClic IMPORTANTE: Para utilizar las actividades JClic no es necesario instalar nada Una vez publicadas en Internet, las actividades funcionan en cualquier dispositivo que cuente con un navegador web. La instalaci\u00f3n de las aplicaciones JClic solamente es necesaria si quer\u00e9is crear nuevas actividades o modificar actividades existentes. Tambi\u00e9n os pueden servir para utilizarlas en [&hellip;]<\/p>\n","protected":false},"author":1,"featured_media":0,"parent":8214,"menu_order":0,"comment_status":"closed","ping_status":"closed","template":"","meta":{"site-sidebar-layout":"no-sidebar","site-content-layout":"plain-container","ast-site-content-layout":"normal-width-container","site-content-style":"unboxed","site-sidebar-style":"unboxed","ast-global-header-display":"","ast-banner-title-visibility":"","ast-main-header-display":"","ast-hfb-above-header-display":"","ast-hfb-below-header-display":"","ast-hfb-mobile-header-display":"","site-post-title":"disabled","ast-breadcrumbs-content":"","ast-featured-img":"","footer-sml-layout":"","theme-transparent-header-meta":"default","adv-header-id-meta":"","stick-header-meta":"default","header-above-stick-meta":"","header-main-stick-meta":"","header-below-stick-meta":"","astra-migrate-meta-layouts":"set","ast-page-background-enabled":"default","ast-page-background-meta":{"desktop":{"background-color":"","background-image":"","background-repeat":"repeat","background-position":"center center","background-size":"auto","background-attachment":"scroll","background-type":"","background-media":"","overlay-type":"","overlay-color":"","overlay-opacity":"","overlay-gradient":""},"tablet":{"background-color":"","background-image":"","background-repeat":"repeat","background-position":"center center","background-size":"auto","background-attachment":"scroll","background-type":"","background-media":"","overlay-type":"","overlay-color":"","overlay-opacity":"","overlay-gradient":""},"mobile":{"background-color":"","background-image":"","background-repeat":"repeat","background-position":"center center","background-size":"auto","background-attachment":"scroll","background-type":"","background-media":"","overlay-type":"","overlay-color":"","overlay-opacity":"","overlay-gradient":""}},"ast-content-background-meta":{"desktop":{"background-color":"var(--ast-global-color-5)","background-image":"","background-repeat":"repeat","background-position":"center center","background-size":"auto","background-attachment":"scroll","background-type":"","background-media":"","overlay-type":"","overlay-color":"","overlay-opacity":"","overlay-gradient":""},"tablet":{"background-color":"var(--ast-global-color-5)","background-image":"","background-repeat":"repeat","background-position":"center center","background-size":"auto","background-attachment":"scroll","background-type":"","background-media":"","overlay-type":"","overlay-color":"","overlay-opacity":"","overlay-gradient":""},"mobile":{"background-color":"var(--ast-global-color-5)","background-image":"","background-repeat":"repeat","background-position":"center center","background-size":"auto","background-attachment":"scroll","background-type":"","background-media":"","overlay-type":"","overlay-color":"","overlay-opacity":"","overlay-gradient":""}},"footnotes":""},"class_list":["post-8260","page","type-page","status-publish","hentry"],"post_mailing_queue_ids":[],"_links":{"self":[{"href":"https:\/\/projectes.xtec.cat\/clic\/wp-json\/wp\/v2\/pages\/8260","targetHints":{"allow":["GET"]}}],"collection":[{"href":"https:\/\/projectes.xtec.cat\/clic\/wp-json\/wp\/v2\/pages"}],"about":[{"href":"https:\/\/projectes.xtec.cat\/clic\/wp-json\/wp\/v2\/types\/page"}],"author":[{"embeddable":true,"href":"https:\/\/projectes.xtec.cat\/clic\/wp-json\/wp\/v2\/users\/1"}],"replies":[{"embeddable":true,"href":"https:\/\/projectes.xtec.cat\/clic\/wp-json\/wp\/v2\/comments?post=8260"}],"version-history":[{"count":3,"href":"https:\/\/projectes.xtec.cat\/clic\/wp-json\/wp\/v2\/pages\/8260\/revisions"}],"predecessor-version":[{"id":9708,"href":"https:\/\/projectes.xtec.cat\/clic\/wp-json\/wp\/v2\/pages\/8260\/revisions\/9708"}],"up":[{"embeddable":true,"href":"https:\/\/projectes.xtec.cat\/clic\/wp-json\/wp\/v2\/pages\/8214"}],"wp:attachment":[{"href":"https:\/\/projectes.xtec.cat\/clic\/wp-json\/wp\/v2\/media?parent=8260"}],"curies":[{"name":"wp","href":"https:\/\/api.w.org\/{rel}","templated":true}]}}