{"id":8436,"date":"2022-08-12T11:41:49","date_gmt":"2022-08-12T09:41:49","guid":{"rendered":"https:\/\/projectes.xtec.cat\/clic\/?page_id=8436"},"modified":"2023-12-26T21:06:52","modified_gmt":"2023-12-26T20:06:52","slug":"contrib","status":"publish","type":"page","link":"https:\/\/projectes.xtec.cat\/clic\/ca\/repo\/contrib\/","title":{"rendered":"Aportar nous projectes a la biblioteca"},"content":{"rendered":"\n<h1 class=\"wp-block-heading alignwide\">Aportar nous projectes a la biblioteca<\/h1>\n\n\n\n<p>La <a href=\"https:\/\/projectes.xtec.cat\/clic\/ca\/repo\/\">biblioteca d&#8217;activitats JClic<\/a> va creixent dia a dia gr\u00e0cies a la col\u00b7laboraci\u00f3 desinteressada de les educadores i educadors que hi envieu els vostres materials. Si heu creat un projecte JClic original i us agradaria incloure&#8217;l a la biblioteca, envieu-nos-el!<\/p>\n\n\n\n<p>L&#8217;enviament es pot fer de dues maneres:<\/p>\n\n\n\n<ul class=\"llista wp-block-list\">\n<li>Si sou docent a Catalunya i disposeu d&#8217;un identificador XTEC, pugeu-lo a la vostra <a href=\"https:\/\/projectes.xtec.cat\/clic\/ca\/users\/\">biblioteca personal de projectes<\/a> i envieu-nos un missatge a: <a href=\"mailto:clic@xtec.cat\">clic@xtec.cat<\/a>.<\/li>\n\n\n\n<li>Si no disposeu d&#8217;identificador XTEC, envieu-nos el projecte exportat a SCORM (arxiu amb l&#8217;extensi\u00f3 &#8220;scorm.zip&#8221;) per correu electr\u00f2nic a: <a href=\"mailto:clic@xtec.cat\">clic@xtec.cat<\/a>.<\/li>\n<\/ul>\n\n\n\n<p>\u00c9s important incloure aquesta informaci\u00f3 al missatge i en les metadades del projecte (pestanya &#8220;<em>Projecte<\/em>&#8221; del JClic Author):<\/p>\n\n\n\n<ul class=\"llista wp-block-list\">\n<li><strong>T\u00edtol<\/strong> del projecte.<\/li>\n\n\n\n<li><strong>Nivells educatius<\/strong> a qu\u00e8 va dirigit.<\/li>\n\n\n\n<li><strong>\u00c0rees curriculars<\/strong> a qu\u00e8 va dirigit.<\/li>\n\n\n\n<li><strong>Nom<\/strong> dels autors\/es, adre\u00e7a de correu electr\u00f2nic, centre educatiu i localitat.<\/li>\n\n\n\n<li>Una breu <strong>descripci\u00f3<\/strong> del projecte.<\/li>\n\n\n\n<li>La <strong>llic\u00e8ncia d&#8217;\u00fas<\/strong> que desitgeu aplicar a la vostra feina. L&#8217;opci\u00f3 recomanada \u00e9s <em>Creative Commons<\/em> de tipus <a href=\"https:\/\/creativecommons.org\/licenses\/by-nc-sa\/4.0\/deed.ca\">Reconeixement &#8211; No Comercial &#8211; Compartir Igual 4.0<\/a>, que es proposa com a est\u00e0ndard per a tots els materials de la biblioteca JClic. Si voleu aplicar un altre tipus de llic\u00e8ncia, indiqueu-ho al missatge.<\/li>\n<\/ul>\n\n\n\n<p>Els materials gr\u00e0fics, textuals o sonors utilitzats als paquets d&#8217;activitats han de ser de lliure distribuci\u00f3 o comptar amb l&#8217;autoritzaci\u00f3 del propietari del copyright. Si els materials provenen d&#8217;una font que requereix reconeixement, \u00e9s important fer-ho a la descripci\u00f3 i incloure una pantalla d&#8217;informaci\u00f3 al final del projecte amb els cr\u00e8dits de tots els components emprats en les activitats.<\/p>\n\n\n\n<p><strong>IMPORTANT<\/strong>: Tingueu en compte que l&#8217;equip de persones que processen les aportacions \u00e9s actualment molt limitat, per la qual cosa les activitats podrien trigar unes setmanes a apar\u00e8ixer publicades.<\/p>\n\n\n\n<p>Moltes gr\u00e0cies per la vostra participaci\u00f3!<\/p>\n","protected":false},"excerpt":{"rendered":"<p>Aportar nous projectes a la biblioteca La biblioteca d&#8217;activitats JClic va creixent dia a dia gr\u00e0cies a la col\u00b7laboraci\u00f3 desinteressada de les educadores i educadors que hi envieu els vostres materials. Si heu creat un projecte JClic original i us agradaria incloure&#8217;l a la biblioteca, envieu-nos-el! L&#8217;enviament es pot fer de dues maneres: \u00c9s important [&hellip;]<\/p>\n","protected":false},"author":1,"featured_media":0,"parent":8204,"menu_order":1,"comment_status":"closed","ping_status":"closed","template":"","meta":{"site-sidebar-layout":"no-sidebar","site-content-layout":"plain-container","ast-site-content-layout":"","site-content-style":"default","site-sidebar-style":"default","ast-global-header-display":"","ast-banner-title-visibility":"","ast-main-header-display":"","ast-hfb-above-header-display":"","ast-hfb-below-header-display":"","ast-hfb-mobile-header-display":"","site-post-title":"disabled","ast-breadcrumbs-content":"","ast-featured-img":"","footer-sml-layout":"","theme-transparent-header-meta":"default","adv-header-id-meta":"","stick-header-meta":"default","header-above-stick-meta":"","header-main-stick-meta":"","header-below-stick-meta":"","astra-migrate-meta-layouts":"default","ast-page-background-enabled":"default","ast-page-background-meta":{"desktop":{"background-color":"","background-image":"","background-repeat":"repeat","background-position":"center center","background-size":"auto","background-attachment":"scroll","background-type":"","background-media":"","overlay-type":"","overlay-color":"","overlay-opacity":"","overlay-gradient":""},"tablet":{"background-color":"","background-image":"","background-repeat":"repeat","background-position":"center center","background-size":"auto","background-attachment":"scroll","background-type":"","background-media":"","overlay-type":"","overlay-color":"","overlay-opacity":"","overlay-gradient":""},"mobile":{"background-color":"","background-image":"","background-repeat":"repeat","background-position":"center center","background-size":"auto","background-attachment":"scroll","background-type":"","background-media":"","overlay-type":"","overlay-color":"","overlay-opacity":"","overlay-gradient":""}},"ast-content-background-meta":{"desktop":{"background-color":"var(--ast-global-color-5)","background-image":"","background-repeat":"repeat","background-position":"center center","background-size":"auto","background-attachment":"scroll","background-type":"","background-media":"","overlay-type":"","overlay-color":"","overlay-opacity":"","overlay-gradient":""},"tablet":{"background-color":"var(--ast-global-color-5)","background-image":"","background-repeat":"repeat","background-position":"center center","background-size":"auto","background-attachment":"scroll","background-type":"","background-media":"","overlay-type":"","overlay-color":"","overlay-opacity":"","overlay-gradient":""},"mobile":{"background-color":"var(--ast-global-color-5)","background-image":"","background-repeat":"repeat","background-position":"center center","background-size":"auto","background-attachment":"scroll","background-type":"","background-media":"","overlay-type":"","overlay-color":"","overlay-opacity":"","overlay-gradient":""}},"footnotes":""},"class_list":["post-8436","page","type-page","status-publish","hentry"],"post_mailing_queue_ids":[],"_links":{"self":[{"href":"https:\/\/projectes.xtec.cat\/clic\/wp-json\/wp\/v2\/pages\/8436","targetHints":{"allow":["GET"]}}],"collection":[{"href":"https:\/\/projectes.xtec.cat\/clic\/wp-json\/wp\/v2\/pages"}],"about":[{"href":"https:\/\/projectes.xtec.cat\/clic\/wp-json\/wp\/v2\/types\/page"}],"author":[{"embeddable":true,"href":"https:\/\/projectes.xtec.cat\/clic\/wp-json\/wp\/v2\/users\/1"}],"replies":[{"embeddable":true,"href":"https:\/\/projectes.xtec.cat\/clic\/wp-json\/wp\/v2\/comments?post=8436"}],"version-history":[{"count":4,"href":"https:\/\/projectes.xtec.cat\/clic\/wp-json\/wp\/v2\/pages\/8436\/revisions"}],"predecessor-version":[{"id":9033,"href":"https:\/\/projectes.xtec.cat\/clic\/wp-json\/wp\/v2\/pages\/8436\/revisions\/9033"}],"up":[{"embeddable":true,"href":"https:\/\/projectes.xtec.cat\/clic\/wp-json\/wp\/v2\/pages\/8204"}],"wp:attachment":[{"href":"https:\/\/projectes.xtec.cat\/clic\/wp-json\/wp\/v2\/media?parent=8436"}],"curies":[{"name":"wp","href":"https:\/\/api.w.org\/{rel}","templated":true}]}}