{"id":8454,"date":"2022-08-12T12:42:42","date_gmt":"2022-08-12T10:42:42","guid":{"rendered":"https:\/\/projectes.xtec.cat\/clic\/?page_id=8454"},"modified":"2023-12-26T21:06:34","modified_gmt":"2023-12-26T20:06:34","slug":"contrib","status":"publish","type":"page","link":"https:\/\/projectes.xtec.cat\/clic\/es\/repo\/contrib\/","title":{"rendered":"Aportar nuevos proyectos a la biblioteca"},"content":{"rendered":"\n<h1 class=\"wp-block-heading alignwide\">Aportar nuevos proyectos a la biblioteca<\/h1>\n\n\n\n<p>La <a href=\"https:\/\/projectes.xtec.cat\/clic\/es\/repo\/\">biblioteca de actividades JClic<\/a> va creciendo d\u00eda a d\u00eda gracias a la colaboraci\u00f3n desinteresada de las educadoras y educadores que envi\u00e1is nuevos materiales. Si has creado un proyecto JClic original y te gustar\u00eda incluirlo en la biblioteca, \u00a1env\u00edanoslo!<\/p>\n\n\n\n<p>El env\u00edo se puede realizar de dos maneras:<\/p>\n\n\n\n<ul class=\"llista wp-block-list\">\n<li>Si eres docente en Catalu\u00f1a y dispones de un identificador XTEC, s\u00fabelo a tu <a href=\"https:\/\/projectes.xtec.cat\/clic\/es\/users\/\">biblioteca personal de proyectos<\/a> y env\u00edanos un mensaje a: <a href=\"mailto:clic@xtec.cat\">clic@xtec.cat<\/a>.<\/li>\n\n\n\n<li>Si no dispones de identificador XTEC, env\u00edanos el proyecto exportado a SCORM (archivo con la extensi\u00f3n &#8220;<em>scorm.zip<\/em>&#8220;) por correo electr\u00f3nico a: <a href=\"mailto:clic@xtec.cat\">clic@xtec.cat<\/a>.<\/li>\n<\/ul>\n\n\n\n<p>Es importante incluir la informaci\u00f3n siguiente en el mensaje y en los metadatos del proyecto (pesta\u00f1a &#8220;<em>Proyecto<\/em>&#8221; de JClic Author):<\/p>\n\n\n\n<ul class=\"llista wp-block-list\">\n<li><strong>T\u00edtulo<\/strong> del proyecto.<\/li>\n\n\n\n<li><strong>Niveles educativos<\/strong> a los que va dirigido.<\/li>\n\n\n\n<li><strong>\u00c1reas curriculares<\/strong> a las que va dirigido.<\/li>\n\n\n\n<li><strong>Nombre<\/strong> de los autores\/as, direcci\u00f3n de correo electr\u00f3nico, centro educativo y localidad.<\/li>\n\n\n\n<li>Una breve <strong>descripci\u00f3n<\/strong> del proyecto.<\/li>\n\n\n\n<li>La <strong>licencia de uso<\/strong> que desea aplicar a su trabajo. La opci\u00f3n recomendada es <em>Creative Commons<\/em> de tipo <a href=\"https:\/\/creativecommons.org\/licenses\/by-nc-sa\/4.0\/deed.es_ES\">Reconocimiento &#8211; No Comercial &#8211; Compartir Igual 4.0<\/a>, que se propone como est\u00e1ndar para todos los materiales de la biblioteca JClic. Si deseas aplicar otro tipo de licencia, ind\u00edcalo en el mensaje.<\/li>\n<\/ul>\n\n\n\n<p>Los materiales gr\u00e1ficos, textuales o sonoros utilizados en los paquetes de actividades deben ser de libre distribuci\u00f3n o contar con la autorizaci\u00f3n del propietario del copyright. Si los materiales proceden de una fuente que requiere reconocimiento, es importante hacerlo en la descripci\u00f3n e incluir una pantalla de informaci\u00f3n al final del proyecto con los cr\u00e9ditos de todos los componentes empleados en las actividades.<\/p>\n\n\n\n<p><strong>IMPORTANTE:<\/strong> Ten en cuenta que el equipo de personas que procesan las aportaciones es actualmente muy limitado, por lo que las actividades podr\u00edan tardar unas semanas en aparecer publicadas.<\/p>\n\n\n\n<p>\u00a1Muchas gracias por tu participaci\u00f3n!<\/p>\n","protected":false},"excerpt":{"rendered":"<p>Aportar nuevos proyectos a la biblioteca La biblioteca de actividades JClic va creciendo d\u00eda a d\u00eda gracias a la colaboraci\u00f3n desinteresada de las educadoras y educadores que envi\u00e1is nuevos materiales. Si has creado un proyecto JClic original y te gustar\u00eda incluirlo en la biblioteca, \u00a1env\u00edanoslo! El env\u00edo se puede realizar de dos maneras: Es importante [&hellip;]<\/p>\n","protected":false},"author":1,"featured_media":0,"parent":8220,"menu_order":1,"comment_status":"closed","ping_status":"closed","template":"","meta":{"site-sidebar-layout":"no-sidebar","site-content-layout":"plain-container","ast-site-content-layout":"","site-content-style":"default","site-sidebar-style":"default","ast-global-header-display":"","ast-banner-title-visibility":"","ast-main-header-display":"","ast-hfb-above-header-display":"","ast-hfb-below-header-display":"","ast-hfb-mobile-header-display":"","site-post-title":"disabled","ast-breadcrumbs-content":"","ast-featured-img":"","footer-sml-layout":"","theme-transparent-header-meta":"default","adv-header-id-meta":"","stick-header-meta":"default","header-above-stick-meta":"","header-main-stick-meta":"","header-below-stick-meta":"","astra-migrate-meta-layouts":"default","ast-page-background-enabled":"default","ast-page-background-meta":{"desktop":{"background-color":"","background-image":"","background-repeat":"repeat","background-position":"center center","background-size":"auto","background-attachment":"scroll","background-type":"","background-media":"","overlay-type":"","overlay-color":"","overlay-opacity":"","overlay-gradient":""},"tablet":{"background-color":"","background-image":"","background-repeat":"repeat","background-position":"center center","background-size":"auto","background-attachment":"scroll","background-type":"","background-media":"","overlay-type":"","overlay-color":"","overlay-opacity":"","overlay-gradient":""},"mobile":{"background-color":"","background-image":"","background-repeat":"repeat","background-position":"center center","background-size":"auto","background-attachment":"scroll","background-type":"","background-media":"","overlay-type":"","overlay-color":"","overlay-opacity":"","overlay-gradient":""}},"ast-content-background-meta":{"desktop":{"background-color":"var(--ast-global-color-5)","background-image":"","background-repeat":"repeat","background-position":"center center","background-size":"auto","background-attachment":"scroll","background-type":"","background-media":"","overlay-type":"","overlay-color":"","overlay-opacity":"","overlay-gradient":""},"tablet":{"background-color":"var(--ast-global-color-5)","background-image":"","background-repeat":"repeat","background-position":"center center","background-size":"auto","background-attachment":"scroll","background-type":"","background-media":"","overlay-type":"","overlay-color":"","overlay-opacity":"","overlay-gradient":""},"mobile":{"background-color":"var(--ast-global-color-5)","background-image":"","background-repeat":"repeat","background-position":"center center","background-size":"auto","background-attachment":"scroll","background-type":"","background-media":"","overlay-type":"","overlay-color":"","overlay-opacity":"","overlay-gradient":""}},"footnotes":""},"class_list":["post-8454","page","type-page","status-publish","hentry"],"post_mailing_queue_ids":[],"_links":{"self":[{"href":"https:\/\/projectes.xtec.cat\/clic\/wp-json\/wp\/v2\/pages\/8454","targetHints":{"allow":["GET"]}}],"collection":[{"href":"https:\/\/projectes.xtec.cat\/clic\/wp-json\/wp\/v2\/pages"}],"about":[{"href":"https:\/\/projectes.xtec.cat\/clic\/wp-json\/wp\/v2\/types\/page"}],"author":[{"embeddable":true,"href":"https:\/\/projectes.xtec.cat\/clic\/wp-json\/wp\/v2\/users\/1"}],"replies":[{"embeddable":true,"href":"https:\/\/projectes.xtec.cat\/clic\/wp-json\/wp\/v2\/comments?post=8454"}],"version-history":[{"count":4,"href":"https:\/\/projectes.xtec.cat\/clic\/wp-json\/wp\/v2\/pages\/8454\/revisions"}],"predecessor-version":[{"id":9032,"href":"https:\/\/projectes.xtec.cat\/clic\/wp-json\/wp\/v2\/pages\/8454\/revisions\/9032"}],"up":[{"embeddable":true,"href":"https:\/\/projectes.xtec.cat\/clic\/wp-json\/wp\/v2\/pages\/8220"}],"wp:attachment":[{"href":"https:\/\/projectes.xtec.cat\/clic\/wp-json\/wp\/v2\/media?parent=8454"}],"curies":[{"name":"wp","href":"https:\/\/api.w.org\/{rel}","templated":true}]}}