{"id":8500,"date":"2022-08-31T10:12:57","date_gmt":"2022-08-31T08:12:57","guid":{"rendered":"https:\/\/projectes.xtec.cat\/clic\/?page_id=8500"},"modified":"2023-12-22T19:40:40","modified_gmt":"2023-12-22T18:40:40","slug":"documents","status":"publish","type":"page","link":"https:\/\/projectes.xtec.cat\/clic\/en\/documents\/","title":{"rendered":"Courses, tutorials and articles about JClic"},"content":{"rendered":"\n<h1 class=\"wp-block-heading alignwide has-text-align-left\">Courses, tutorials and articles about JClic<\/h1>\n\n\n\n<div class=\"inherit-container-width wp-block-group alignwide is-layout-constrained wp-block-group-is-layout-constrained\">\n<p><strong>Courses and tutorials<\/strong><\/p>\n\n\n\n<ul class=\"wp-block-list\">\n<li><a href=\"#CursD73\">The creation of educational activities using JClic<\/a><\/li>\n\n\n\n<li><a href=\"#passeig\">Un passeig pel JClic<\/a><\/li>\n\n\n\n<li><a href=\"#guia\">Guia del JClic<\/a><\/li>\n\n\n\n<li><a href=\"#leitfaden\">Leitfaden zu JClic<\/a><\/li>\n\n\n\n<li><a href=\"#aan\">Aan de slag met JClic<\/a><\/li>\n\n\n\n<li><a href=\"#referencia\">Gu\u00eda de referencia r\u00e1pida<\/a><\/li>\n\n\n\n<li><a href=\"#manual\">Manual para uso do JClic<\/a><\/li>\n<\/ul>\n\n\n\n<p><strong>Articles about Clic and JClic<\/strong><\/p>\n\n\n\n<ul class=\"wp-block-list\">\n<li><a href=\"#autor\">JClic y Edilim: programas de autor para el dise\u00f1o de actividades educativas en soporte digital para Educaci\u00f3n Infantil y Primaria<\/a><\/li>\n\n\n\n<li><a href=\"#alfabetizacion\">Alfabetizaci\u00f3n digital del profesorado: herramientas educativas<\/a><\/li>\n\n\n\n<li><a href=\"#complemento\">El uso de JClic como complemento para la ense\u00f1anza\/aprendizaje de la Educaci\u00f3n F\u00edsica<\/a><\/li>\n\n\n\n<li><a href=\"#geografia\">Utilizaci\u00f3n del programa JClic para el dise\u00f1o de actividades de geograf\u00eda en educaci\u00f3n primaria y secundaria<\/a><\/li>\n\n\n\n<li><a href=\"#creatividad\">Creatividad y elaboraci\u00f3n de materiales did\u00e1cticos multimedia de naturaleza artesanal para Educaci\u00f3n Infantil<\/a><\/li>\n\n\n\n<li><a href=\"#raton\">A un clic de rat\u00f3n<\/a><\/li>\n\n\n\n<li><a href=\"#arith\">Fonaments matem\u00e0tics, psicopedag\u00f2gics i curriculars per a la generaci\u00f3 d&#8217;activitats de c\u00e0lcul mental per a l&#8217;ensenyament primari amb el m\u00f2dul Arith<\/a><\/li>\n\n\n\n<li><a href=\"#novatica\">Clic: un entorno para el desarrollo de actividades educativas multimedia<\/a><\/li>\n\n\n\n<li><a href=\"#llengues\">Inform\u00e0tica i lleng\u00fces a l&#8217;ensenyament primari<\/a><\/li>\n<\/ul>\n<\/div>\n\n\n\n<h2 class=\"wp-block-heading alignwide\">Courses and tutorials<\/h2>\n\n\n\n<div class=\"inherit-container-width wp-block-group alignwide mb1 has-ast-global-color-4-background-color has-background is-layout-constrained wp-block-group-is-layout-constrained\" id=\"CursD73\">\n<h3 class=\"wp-block-heading\">The creation of educational activities using JClic<\/h3>\n\n\n\n<p>Telematic course of 60 hours integrated into the In-service Teacher Training Plan of the Ministry of Education of Catalonia. The teachers registered to the course have the advice of one tutor.<\/p>\n\n\n\n<p>The complete course consists of 3 introductory modules on multimedia, image and digital sound, and 5 specific modules about JClic and JClic Author.<\/p>\n\n\n\n<p>\ud83d\udc49\u00a0<a href=\"https:\/\/clic.xtec.cat\/legacy\/en\/jclic\/curs\/index.html\">Access course materials in English<\/a><br>\ud83d\udc49\u00a0<a href=\"https:\/\/ateneu.xtec.cat\/wikiform\/wikiexport\/cmd\/tac\/jclic\/index\">Access course materials in Catalan<\/a><br>\ud83d\udc49\u00a0<a href=\"https:\/\/clic.xtec.cat\/legacy\/es\/jclic\/curs\/index.html\">Access course materials in Spanish<\/a><\/p>\n\n\n\n<p>The course is available in&nbsp;<a href=\"http:\/\/ateneu.xtec.cat\/wikiform\/wikiexport\/cursos\/tic\/d73\/index\">Catalan<\/a>,&nbsp;<a href=\"https:\/\/clic.xtec.cat\/legacy\/es\/jclic\/curs\/index.htm\">Spanish,&nbsp;<\/a><a href=\"http:\/\/clic.eduhi.at\/clicdata\/onlinekurs\/Uebersetzung_JClickurs_Deutsch_FINAL\/index.htm\">German<\/a>&nbsp;and&nbsp;<a href=\"https:\/\/clic.xtec.cat\/legacy\/en\/jclic\/curs\/index.htm\">English<\/a>.<\/p>\n<\/div>\n\n\n\n<div class=\"inherit-container-width wp-block-group alignwide mb1 has-ast-global-color-4-background-color has-background is-layout-constrained wp-block-group-is-layout-constrained\" id=\"passeig\">\n<h3 class=\"wp-block-heading\">Un passeig pel JClic<\/h3>\n\n\n\n<p>Pere Cornell\u00e0, professor of the IES de Celr\u00e0 (Catalonia), has created a set of activities that are used for discovering the main characteristics of JClic: Operation of the different modules, elements of the screen, types of activities, etc. The activities are currently only available in <a href=\"https:\/\/projectes.xtec.cat\/clic\/en\/repo\/?prj=passeig\">Catalan<\/a> and <a href=\"https:\/\/projectes.xtec.cat\/clic\/en\/repo\/?prj=paseo\">Spanish<\/a>.<\/p>\n\n\n\n<p>\ud83d\udc49\u00a0<a href=\"https:\/\/projectes.xtec.cat\/clic\/ca\/repo\/?prj=passeig\">JClic activities in Catalan<\/a><br>\ud83d\udc49\u00a0<a href=\"https:\/\/projectes.xtec.cat\/clic\/es\/repo\/?prj=paseo\">JClic activities in Spanish<\/a><\/p>\n<\/div>\n\n\n\n<div class=\"inherit-container-width wp-block-group alignwide mb1 has-ast-global-color-4-background-color has-background is-layout-constrained wp-block-group-is-layout-constrained\" id=\"guia\">\n<h3 class=\"wp-block-heading\">Guia del JClic<\/h3>\n\n\n\n<p>Jaume Bartrol\u00ed has created this PDF document based on the course The Creation of Educational Activities using JClic about JClic Author and JClic Player. This documentation is only available in Catalan.<\/p>\n\n\n\n<p><strong><a href=\"https:\/\/clic.xtec.cat\/docs\/guia_JClic.pdf\"><img loading=\"lazy\" decoding=\"async\" width=\"20\" height=\"25\" class=\"wp-image-8754\" style=\"width: 20px;\" src=\"https:\/\/projectes.xtec.cat\/clic\/wp-content\/uploads\/usu2636\/pdf_icon.png\" alt=\"PDF document\"> guia_JClic.pdf<\/a><\/strong><\/p>\n<\/div>\n\n\n\n<div class=\"inherit-container-width wp-block-group alignwide mb1 has-ast-global-color-4-background-color has-background is-layout-constrained wp-block-group-is-layout-constrained\" id=\"leitfaden\">\n<h3 class=\"wp-block-heading\">Leitfaden zu JClic<\/h3>\n\n\n\n<p><a href=\"https:\/\/www.edugroup.at\/\">Education Highway<\/a>&nbsp;(Innovationcenter for School and New Technology, Linz)&nbsp;has created a JClic guide in German language for JClic beginners. It explains the creation of JClic activities and the most important features and functions in order to get started with JClic.<\/p>\n\n\n\n<p><img loading=\"lazy\" decoding=\"async\" width=\"20\" height=\"25\" class=\"wp-image-8754\" style=\"width: 20px;\" src=\"https:\/\/projectes.xtec.cat\/clic\/wp-content\/uploads\/usu2636\/pdf_icon.png\" alt=\"PDF document\"><strong><a href=\"https:\/\/clic.xtec.cat\/docs\/Handbuch_JClic.pdf\"> Handbuch_JClic.pdf<\/a><\/strong><\/p>\n<\/div>\n\n\n\n<div class=\"inherit-container-width wp-block-group alignwide mb1 has-ast-global-color-4-background-color has-background is-layout-constrained wp-block-group-is-layout-constrained\" id=\"aan\">\n<h3 class=\"wp-block-heading\">Aan de slag met JClic<\/h3>\n\n\n\n<p>The&nbsp;<a href=\"http:\/\/www.renvlaanderen.be\/\">Regionaal Expertisenetwerk (REN)<\/a>,&nbsp;belonging to the Flemish Ministry of Education, hosts different activities related to Clic and JClic. This document, created by Gino Vanherweghe, contains an introduction to the different modules of JClic, and a guide about how to create educational applications with JClic Author.<\/p>\n\n\n\n<p><strong><a href=\"https:\/\/clic.xtec.cat\/docs\/cursus_JClic_gino.pdf\"><img loading=\"lazy\" decoding=\"async\" width=\"20\" height=\"25\" class=\"wp-image-8754\" style=\"width: 20px;\" src=\"https:\/\/projectes.xtec.cat\/clic\/wp-content\/uploads\/usu2636\/pdf_icon.png\" alt=\"PDF document\"> cursus_JClic_gino.pdf<\/a><\/strong><\/p>\n<\/div>\n\n\n\n<div class=\"inherit-container-width wp-block-group alignwide mb1 has-ast-global-color-4-background-color has-background is-layout-constrained wp-block-group-is-layout-constrained\" id=\"referencia\">\n<h3 class=\"wp-block-heading\">Gu\u00eda de referencia r\u00e1pida<\/h3>\n\n\n\n<p>The <a href=\"http:\/\/www.ibn-firnas.org\/\">Ibn Firn\u00e1s<\/a> association &#8211; Observatorio Astron\u00f3mico de La Rinconada has created this &#8220;Gu\u00eda de referencia r\u00e1pida&#8221; about the creation of educational activities using JClic. This document is only available in Spanish.<\/p>\n\n\n\n<p><strong><a href=\"https:\/\/clic.xtec.cat\/docs\/JClic_referencia.pdf\"><img loading=\"lazy\" decoding=\"async\" width=\"20\" height=\"25\" class=\"wp-image-8754\" style=\"width: 20px;\" src=\"https:\/\/projectes.xtec.cat\/clic\/wp-content\/uploads\/usu2636\/pdf_icon.png\" alt=\"PDF document\"> JClic_referencia.pdf<\/a><\/strong><\/p>\n<\/div>\n\n\n\n<div class=\"inherit-container-width wp-block-group alignwide mb1 has-ast-global-color-4-background-color has-background is-layout-constrained wp-block-group-is-layout-constrained\" id=\"manual\">\n<h3 class=\"wp-block-heading\">Manual para uso do JClic<\/h3>\n\n\n\n<p>The&nbsp;<a href=\"http:\/\/www.diaadia.pr.gov.br\/\">Portal Educacional do Estado do Paran\u00e1<\/a>&nbsp;has created this JClic guide in Portuguese of Brasil language.<\/p>\n\n\n\n<p><strong><a href=\"https:\/\/clic.xtec.cat\/docs\/guia_JClic_br.pdf\"><img loading=\"lazy\" decoding=\"async\" width=\"20\" height=\"25\" class=\"wp-image-8754\" style=\"width: 20px;\" src=\"https:\/\/projectes.xtec.cat\/clic\/wp-content\/uploads\/usu2636\/pdf_icon.png\" alt=\"PDF document\"> guia_JClic_br.pdf<\/a><\/strong><\/p>\n<\/div>\n\n\n\n<div style=\"height:54px\" aria-hidden=\"true\" class=\"wp-block-spacer\"><\/div>\n\n\n\n<h2 class=\"wp-block-heading alignwide\" id=\"g3e608e8d5037\">Articles about Clic and JClic<\/h2>\n\n\n\n<div class=\"inherit-container-width wp-block-group alignwide mb1 has-ast-global-color-4-background-color has-background is-layout-constrained wp-block-group-is-layout-constrained\" id=\"autor\">\n<h3 class=\"wp-block-heading\">JClic y Edilim: programas de autor para el dise\u00f1o de actividades educativas en soporte digital para Educaci\u00f3n Infantil y Primaria<\/h3>\n\n\n\n<p><em>Ra\u00fcl T\u00e1rraga M\u00ednguez, 2012<\/em><\/p>\n\n\n\n<p>Article published in number 9 of the magazine \u201c@tic. revista d&#8217;innovaci\u00f3 educativa&#8221; (2012) where the benefits of JClic and Edilim are analyzed, two author programs for the design of educational activities for the stages of early childhood and primary education.<\/p>\n\n\n\n<p><a href=\"https:\/\/clic.xtec.cat\/docs\/jclic_edilim.pdf\"><strong><img loading=\"lazy\" decoding=\"async\" width=\"20\" height=\"25\" class=\"wp-image-8754\" style=\"width: 20px;\" src=\"https:\/\/projectes.xtec.cat\/clic\/wp-content\/uploads\/usu2636\/pdf_icon.png\" alt=\"PDF document\"> jclic_edilim.pdf<\/strong><\/a><\/p>\n<\/div>\n\n\n\n<div class=\"inherit-container-width wp-block-group alignwide mb1 has-ast-global-color-4-background-color has-background is-layout-constrained wp-block-group-is-layout-constrained\" id=\"alfabetizacion\">\n<h3 class=\"wp-block-heading\">Alfabetizaci\u00f3n digital del profesorado: herramientas educativas<\/h3>\n\n\n\n<p><em>Francisco P\u00e9rez Garc\u00eda, 2010<\/em><\/p>\n\n\n\n<p>Article published in number 16 of the magazine &#8220;Revista DIM: Did\u00e1ctica, Innovaci\u00f3n y Multimedia,&#8221; (2010) where the importance of improving teacher training in ICT is discussed, specifically in relation to the creation of digital virtual content interactive. In particular, the article refers to the following tools: JClic, Virtual Notebooks, Exelearning, HotPotatoes and Ardora.<\/p>\n\n\n\n<p><strong><a href=\"https:\/\/clic.xtec.cat\/docs\/alfabetizacion_digital.pdf\"><img loading=\"lazy\" decoding=\"async\" width=\"20\" height=\"25\" class=\"wp-image-8754\" style=\"width: 20px;\" src=\"https:\/\/projectes.xtec.cat\/clic\/wp-content\/uploads\/usu2636\/pdf_icon.png\" alt=\"PDF document\"> alfabetizacion_digital.pdf<\/a><\/strong><\/p>\n<\/div>\n\n\n\n<div class=\"inherit-container-width wp-block-group alignwide mb1 has-ast-global-color-4-background-color has-background is-layout-constrained wp-block-group-is-layout-constrained\" id=\"complemento\">\n<h3 class=\"wp-block-heading\">El uso de JClic como complemento para la ense\u00f1anza\/aprendizaje de la Educaci\u00f3n F\u00edsica<\/h3>\n\n\n\n<p><em>Antonio Ariza Garc\u00eda y Santiago Romero Granados, 2009<\/em><\/p>\n\n\n\n<p>Article published in number 15 of the magazine &#8220;Retos nuevos tendencias en educaci\u00f3n f\u00edsica, deporte y recreaci\u00f3n&#8221; (2009) where the use of JClic for the creation of multimedia and interactive didactic applications to work on procedural aspects of various areas of the curriculum is discussed. Specifically, in the design of activities for the introduction of physical education at different levels.<\/p>\n\n\n\n<p><strong><a href=\"https:\/\/clic.xtec.cat\/docs\/educacion_fisica.pdf\"><img loading=\"lazy\" decoding=\"async\" width=\"20\" height=\"25\" class=\"wp-image-8754\" style=\"width: 20px;\" src=\"https:\/\/projectes.xtec.cat\/clic\/wp-content\/uploads\/usu2636\/pdf_icon.png\" alt=\"PDF document\"> educacion_fisica.pdf<\/a><\/strong><\/p>\n<\/div>\n\n\n\n<div class=\"inherit-container-width wp-block-group alignwide mb1 has-ast-global-color-4-background-color has-background is-layout-constrained wp-block-group-is-layout-constrained\" id=\"geografia\">\n<h3 class=\"wp-block-heading\">Utilizaci\u00f3n del programa JClic para el dise\u00f1o de actividades de geograf\u00eda en educaci\u00f3n primaria y secundaria<\/h3>\n\n\n\n<p><em>Antonio Ariza Garc\u00eda, 2008<\/em><\/p>\n\n\n\n<p>Article published in number 22 of the magazine &#8220;ESPACIO Y TIEMPO, Revista de Ciencias Humanas&#8221; (2008) where the importance of new technologies in teaching in general and geography in particular is discussed.<\/p>\n\n\n\n<p><strong><a href=\"https:\/\/clic.xtec.cat\/docs\/geografia_jclic.pdf\"><img loading=\"lazy\" decoding=\"async\" width=\"20\" height=\"25\" class=\"wp-image-8754\" style=\"width: 20px;\" src=\"https:\/\/projectes.xtec.cat\/clic\/wp-content\/uploads\/usu2636\/pdf_icon.png\" alt=\"PDF document\"> geografia_jclic.pdf<\/a><\/strong><\/p>\n<\/div>\n\n\n\n<div class=\"inherit-container-width wp-block-group alignwide mb1 has-ast-global-color-4-background-color has-background is-layout-constrained wp-block-group-is-layout-constrained\" id=\"creatividad\">\n<h3 class=\"wp-block-heading\">Creatividad y elaboraci\u00f3n de materiales did\u00e1cticos multimedia de naturaleza artesanal para Educaci\u00f3n Infantil<\/h3>\n\n\n\n<p><em>Jos\u00e9 Antonio Ortega Carrillo, 2008<\/em><\/p>\n\n\n\n<p>Article published in number 12 of the magazine &#8220;Creatividad y sociedad: magazine of the Association for Creativity&#8221; (2008) on the role played by teaching creativity, the design and creation of multimedia teaching materials aimed at learning to read in child education.<\/p>\n\n\n\n<p><strong><a href=\"https:\/\/clic.xtec.cat\/docs\/jclic_infantil_lectura.pdf\"><img loading=\"lazy\" decoding=\"async\" width=\"20\" height=\"25\" class=\"wp-image-8754\" style=\"width: 20px;\" src=\"https:\/\/projectes.xtec.cat\/clic\/wp-content\/uploads\/usu2636\/pdf_icon.png\" alt=\"PDF document\"> jclic_infantil_lectura.pdf<\/a><\/strong><\/p>\n<\/div>\n\n\n\n<div class=\"inherit-container-width wp-block-group alignwide mb1 has-ast-global-color-4-background-color has-background is-layout-constrained wp-block-group-is-layout-constrained\" id=\"raton\">\n<h3 class=\"wp-block-heading\">A un clic de rat\u00f3n<\/h3>\n\n\n\n<p><em>Daniel L\u00f3pez, 1999<\/em><\/p>\n\n\n\n<p>Article published in number 157 of the magazine &#8220;Comunicaciun y Pedagog\u00eda&#8221; (March 1999) where the experience of using the Clic in the CP &#8220;El Llano&#8221; in Monesterio (Badajoz) is explained. Daniel is also the author of various materials from the ZonaClic: <a href=\"https:\/\/projectes.xtec.cat\/clic\/en\/repo\/?prj=pasarrat\">Pasarratos<\/a>, <a href=\"https:\/\/projectes.xtec.cat\/clic\/en\/repo\/?prj=animalad\">Animaladas<\/a>, <a href=\"https:\/\/projectes.xtec.cat\/clic\/en\/repo\/?prj=gusile\">Gusiletras<\/a> and <a href=\"https:\/\/projectes.xtec.cat\/clic\/en\/repo\/?prj=vocales\">Las vocales<\/a>.<\/p>\n\n\n\n<p><strong><a href=\"https:\/\/clic.xtec.cat\/docs\/aunclic.pdf\"><img loading=\"lazy\" decoding=\"async\" width=\"20\" height=\"25\" class=\"wp-image-8754\" style=\"width: 20px;\" src=\"https:\/\/projectes.xtec.cat\/clic\/wp-content\/uploads\/usu2636\/pdf_icon.png\" alt=\"PDF document\"> aunclic.pdf<\/a><\/strong><\/p>\n<\/div>\n\n\n\n<div class=\"inherit-container-width wp-block-group alignwide mb1 has-ast-global-color-4-background-color has-background is-layout-constrained wp-block-group-is-layout-constrained\" id=\"arith\">\n<h3 class=\"wp-block-heading\">Fonaments matem\u00e0tics, psicopedag\u00f2gics i curriculars per a la generaci\u00f3 d&#8217;activitats de c\u00e0lcul mental per a l&#8217;ensenyament primari amb el m\u00f2dul Arith<\/h3>\n\n\n\n<p><em>Jordi Quintana, 1995<\/em><\/p>\n\n\n\n<p>The document wants to be a tool for all teachers who want to create mental calculation activities with the Arith module of JClic. It presents a proposal for grading difficulties in addition, subtraction, multiplication and division, duly justified. The proposal can serve both as a model and as a starting point to elaborate a correct sequencing of mental calculation contents, which allows the generation of activities of progressive and cumulative difficulty. Includes a selection of references to mental calculation and the use of information technology.<\/p>\n\n\n\n<p><strong><a href=\"https:\/\/clic.xtec.cat\/docs\/calcul.pdf\"><img loading=\"lazy\" decoding=\"async\" width=\"20\" height=\"25\" class=\"wp-image-8754\" style=\"width: 20px;\" src=\"https:\/\/projectes.xtec.cat\/clic\/wp-content\/uploads\/usu2636\/pdf_icon.png\" alt=\"PDF document\"> calcul.pdf<\/a><\/strong><\/p>\n<\/div>\n\n\n\n<div class=\"inherit-container-width wp-block-group alignwide mb1 has-ast-global-color-4-background-color has-background is-layout-constrained wp-block-group-is-layout-constrained\" id=\"novatica\">\n<h3 class=\"wp-block-heading\">Clic: un entorno para el desarrollo de actividades educativas multimedia<\/h3>\n\n\n\n<p><em>Francesc Busquets, 1995<\/em><\/p>\n\n\n\n<p>Article published in number 117 of&nbsp;<a href=\"http:\/\/www.ati.es\/novatica\/\"><strong>Nov\u00e1tica magazine<\/strong><\/a>, in a monograph on educational informatics.<\/p>\n\n\n\n<p><strong><a href=\"https:\/\/clic.xtec.cat\/docs\/novatica.pdf\"><img loading=\"lazy\" decoding=\"async\" width=\"20\" height=\"25\" class=\"wp-image-8754\" style=\"width: 20px;\" src=\"https:\/\/projectes.xtec.cat\/clic\/wp-content\/uploads\/usu2636\/pdf_icon.png\" alt=\"PDF document\"> novatica.pdf<\/a><\/strong><\/p>\n<\/div>\n\n\n\n<div class=\"inherit-container-width wp-block-group alignwide mb1 has-ast-global-color-4-background-color has-background is-layout-constrained wp-block-group-is-layout-constrained\" id=\"llengues\">\n<h3 class=\"wp-block-heading\">Inform\u00e0tica i lleng\u00fces a l&#8217;ensenyament primari<\/h3>\n\n\n\n<p><em>Juanjo G\u00f3mez, 1995<\/em><\/p>\n\n\n\n<p>In this PDF file you will find the section of the Computer Science and Languages Course for Primary Education dedicated to the creation of Clic activities. It contains a complete description of the different types of activities, with examples and proposals for practices.<\/p>\n\n\n\n<p><strong><a href=\"https:\/\/clic.xtec.cat\/docs\/clicll.pdf\"><img loading=\"lazy\" decoding=\"async\" width=\"20\" height=\"25\" class=\"wp-image-8754\" style=\"width: 20px;\" src=\"https:\/\/projectes.xtec.cat\/clic\/wp-content\/uploads\/usu2636\/pdf_icon.png\" alt=\"PDF document\"> clicll.pdf<\/a><\/strong><\/p>\n<\/div>\n","protected":false},"excerpt":{"rendered":"<p>Courses, tutorials and articles about JClic Courses and tutorials Articles about Clic and JClic Courses and tutorials The creation of educational activities using JClic Telematic course of 60 hours integrated into the In-service Teacher Training Plan of the Ministry of Education of Catalonia. The teachers registered to the course have the advice of one tutor. [&hellip;]<\/p>\n","protected":false},"author":1,"featured_media":0,"parent":8215,"menu_order":0,"comment_status":"closed","ping_status":"closed","template":"","meta":{"site-sidebar-layout":"no-sidebar","site-content-layout":"plain-container","ast-site-content-layout":"","site-content-style":"default","site-sidebar-style":"default","ast-global-header-display":"","ast-banner-title-visibility":"","ast-main-header-display":"","ast-hfb-above-header-display":"","ast-hfb-below-header-display":"","ast-hfb-mobile-header-display":"","site-post-title":"disabled","ast-breadcrumbs-content":"","ast-featured-img":"","footer-sml-layout":"","theme-transparent-header-meta":"default","adv-header-id-meta":"","stick-header-meta":"default","header-above-stick-meta":"","header-main-stick-meta":"","header-below-stick-meta":"","astra-migrate-meta-layouts":"default","ast-page-background-enabled":"default","ast-page-background-meta":{"desktop":{"background-color":"","background-image":"","background-repeat":"repeat","background-position":"center center","background-size":"auto","background-attachment":"scroll","background-type":"","background-media":"","overlay-type":"","overlay-color":"","overlay-opacity":"","overlay-gradient":""},"tablet":{"background-color":"","background-image":"","background-repeat":"repeat","background-position":"center center","background-size":"auto","background-attachment":"scroll","background-type":"","background-media":"","overlay-type":"","overlay-color":"","overlay-opacity":"","overlay-gradient":""},"mobile":{"background-color":"","background-image":"","background-repeat":"repeat","background-position":"center center","background-size":"auto","background-attachment":"scroll","background-type":"","background-media":"","overlay-type":"","overlay-color":"","overlay-opacity":"","overlay-gradient":""}},"ast-content-background-meta":{"desktop":{"background-color":"var(--ast-global-color-5)","background-image":"","background-repeat":"repeat","background-position":"center center","background-size":"auto","background-attachment":"scroll","background-type":"","background-media":"","overlay-type":"","overlay-color":"","overlay-opacity":"","overlay-gradient":""},"tablet":{"background-color":"var(--ast-global-color-5)","background-image":"","background-repeat":"repeat","background-position":"center center","background-size":"auto","background-attachment":"scroll","background-type":"","background-media":"","overlay-type":"","overlay-color":"","overlay-opacity":"","overlay-gradient":""},"mobile":{"background-color":"var(--ast-global-color-5)","background-image":"","background-repeat":"repeat","background-position":"center center","background-size":"auto","background-attachment":"scroll","background-type":"","background-media":"","overlay-type":"","overlay-color":"","overlay-opacity":"","overlay-gradient":""}},"footnotes":""},"class_list":["post-8500","page","type-page","status-publish","hentry"],"post_mailing_queue_ids":[],"_links":{"self":[{"href":"https:\/\/projectes.xtec.cat\/clic\/wp-json\/wp\/v2\/pages\/8500","targetHints":{"allow":["GET"]}}],"collection":[{"href":"https:\/\/projectes.xtec.cat\/clic\/wp-json\/wp\/v2\/pages"}],"about":[{"href":"https:\/\/projectes.xtec.cat\/clic\/wp-json\/wp\/v2\/types\/page"}],"author":[{"embeddable":true,"href":"https:\/\/projectes.xtec.cat\/clic\/wp-json\/wp\/v2\/users\/1"}],"replies":[{"embeddable":true,"href":"https:\/\/projectes.xtec.cat\/clic\/wp-json\/wp\/v2\/comments?post=8500"}],"version-history":[{"count":4,"href":"https:\/\/projectes.xtec.cat\/clic\/wp-json\/wp\/v2\/pages\/8500\/revisions"}],"predecessor-version":[{"id":9017,"href":"https:\/\/projectes.xtec.cat\/clic\/wp-json\/wp\/v2\/pages\/8500\/revisions\/9017"}],"up":[{"embeddable":true,"href":"https:\/\/projectes.xtec.cat\/clic\/wp-json\/wp\/v2\/pages\/8215"}],"wp:attachment":[{"href":"https:\/\/projectes.xtec.cat\/clic\/wp-json\/wp\/v2\/media?parent=8500"}],"curies":[{"name":"wp","href":"https:\/\/api.w.org\/{rel}","templated":true}]}}