{"id":9028,"date":"2023-12-26T21:05:30","date_gmt":"2023-12-26T20:05:30","guid":{"rendered":"https:\/\/projectes.xtec.cat\/clic\/?page_id=9028"},"modified":"2023-12-27T10:07:12","modified_gmt":"2023-12-27T09:07:12","slug":"licencias-creative-commons","status":"publish","type":"page","link":"https:\/\/projectes.xtec.cat\/clic\/es\/repo\/licencias-creative-commons\/","title":{"rendered":"Licencias Creative Commons"},"content":{"rendered":"\n<h1 class=\"wp-block-heading alignwide\"><img loading=\"lazy\" decoding=\"async\" width=\"40\" height=\"40\" class=\"wp-image-9044\" style=\"width: 40px;\" src=\"https:\/\/projectes.xtec.cat\/clic\/wp-content\/uploads\/usu2636\/cc.png\" alt=\"CC logo\"> Licencias <em>Creative Commons<\/em><\/h1>\n\n\n\n<p>La organizaci\u00f3n <em><a href=\"https:\/\/creativecommons.org\" data-type=\"link\" data-id=\"https:\/\/creativecommons.org\">Creative Commons<\/a><\/em> promueve la difusi\u00f3n de todo tipo de creaciones (escritos, m\u00fasica, audiovisuales, interactivos, materiales educativos \u2026) bajo un conjunto de modelos de licencias que permitan el uso, la reproducci\u00f3n y la transmisi\u00f3n garantizando unos determinados derechos a los autores (reconocimiento de autor\u00eda, integridad de la obra\u2026)<\/p>\n\n\n\n<p>En contraposici\u00f3n a la expresi\u00f3n &#8220;Todos los derechos reservados&#8221; del copyright tradicional, Creative Commons propone utilizar &#8220;Algunos derechos reservados&#8221; (<em>some rights reserved<\/em>), para indicar que una determinada obra se puede redistribuir libremente siempre que se cumplan determinadas condiciones.<\/p>\n\n\n\n<p>Para otorgar a vuestra creaci\u00f3n una licencia Creative Commons tendr\u00e9is que decidir tres cosas:<\/p>\n\n\n\n<ul class=\"llista wp-block-list\">\n<li>Si dese\u00e1is que en cualquier copia de la obra consten vuestros nombres como autores\/as de la misma (reconocimiento de autor\u00eda)<\/li>\n\n\n\n<li>Si permit\u00eds o no que se pueda hacer un uso comercial de vuestra obra<\/li>\n\n\n\n<li>Si permit\u00eds que otras personas puedan adaptar o modificar la obra<\/li>\n<\/ul>\n\n\n\n<p>Las licencias se pueden acabar de afinar y retocar con otras cl\u00e1usulas y disposiciones. Por ejemplo, hay un modelo de licencia CC que permite la libre redistribuci\u00f3n \u00fanicamente en los pa\u00edses en v\u00edas de desarrollo, reserv\u00e1ndose un uso comercial para el resto del mundo.<\/p>\n\n\n\n<p>Un equipo de la Universidad de Barcelona ha adaptado las licencias Creative Commons a la legislaci\u00f3n espa\u00f1ola, y ha realizado traducciones al catal\u00e1n y al espa\u00f1ol.<\/p>\n\n\n\n<h2 class=\"wp-block-heading\">Las licencias <em>Creative Commons<\/em> en la zonaClic<\/h2>\n\n\n\n<p>Nuestra propuesta es que los materiales de la biblioteca de actividades de la zonaClic se distribuyan con una licencia Creative Commons del tipo <strong><a href=\"https:\/\/creativecommons.org\/licenses\/by-nc-sa\/4.0\/deed.es\" data-type=\"link\" data-id=\"https:\/\/creativecommons.org\/licenses\/by-nc-sa\/4.0\/deed.es\">Reconocimiento &#8211; No Comercial &#8211; Compartir Igual<\/a><\/strong>. Eso significa que <strong>siempre<\/strong> deber\u00e1 reconocerse la autor\u00eda de las actividades, que <strong>est\u00e1 permitido<\/strong> hacer adaptaciones y traducciones de las mismas, que <strong>no se permite<\/strong> su comercializaci\u00f3n y que cualquier obra derivada (adaptaciones o traducciones) solamente podr\u00e1 ser distribuida con una <strong>licencia de uso<\/strong> id\u00e9ntica a la de la obra original.<\/p>\n\n\n\n<p>Esta es la licencia que aparece por defecto en todos los materiales enviados a la zonaClic. Si dese\u00e1is que vuestra obra aparezca con alguna licencia diferente hac\u00e9dnoslo saber para hacerlo constar en las p\u00e1ginas de la <a href=\"https:\/\/projectes.xtec.cat\/clic\/es\/repo\/\" data-type=\"link\" data-id=\"https:\/\/projectes.xtec.cat\/clic\/es\/repo\/\">biblioteca de actividades<\/a>.<\/p>\n","protected":false},"excerpt":{"rendered":"<p>Licencias Creative Commons La organizaci\u00f3n Creative Commons promueve la difusi\u00f3n de todo tipo de creaciones (escritos, m\u00fasica, audiovisuales, interactivos, materiales educativos \u2026) bajo un conjunto de modelos de licencias que permitan el uso, la reproducci\u00f3n y la transmisi\u00f3n garantizando unos determinados derechos a los autores (reconocimiento de autor\u00eda, integridad de la obra\u2026) En contraposici\u00f3n a [&hellip;]<\/p>\n","protected":false},"author":1,"featured_media":0,"parent":8220,"menu_order":0,"comment_status":"closed","ping_status":"close","template":"","meta":{"site-sidebar-layout":"default","site-content-layout":"","ast-site-content-layout":"","site-content-style":"default","site-sidebar-style":"default","ast-global-header-display":"","ast-banner-title-visibility":"","ast-main-header-display":"","ast-hfb-above-header-display":"","ast-hfb-below-header-display":"","ast-hfb-mobile-header-display":"","site-post-title":"disabled","ast-breadcrumbs-content":"","ast-featured-img":"","footer-sml-layout":"","theme-transparent-header-meta":"","adv-header-id-meta":"","stick-header-meta":"","header-above-stick-meta":"","header-main-stick-meta":"","header-below-stick-meta":"","astra-migrate-meta-layouts":"default","ast-page-background-enabled":"default","ast-page-background-meta":{"desktop":{"background-color":"","background-image":"","background-repeat":"repeat","background-position":"center center","background-size":"auto","background-attachment":"scroll","background-type":"","background-media":"","overlay-type":"","overlay-color":"","overlay-opacity":"","overlay-gradient":""},"tablet":{"background-color":"","background-image":"","background-repeat":"repeat","background-position":"center center","background-size":"auto","background-attachment":"scroll","background-type":"","background-media":"","overlay-type":"","overlay-color":"","overlay-opacity":"","overlay-gradient":""},"mobile":{"background-color":"","background-image":"","background-repeat":"repeat","background-position":"center center","background-size":"auto","background-attachment":"scroll","background-type":"","background-media":"","overlay-type":"","overlay-color":"","overlay-opacity":"","overlay-gradient":""}},"ast-content-background-meta":{"desktop":{"background-color":"var(--ast-global-color-5)","background-image":"","background-repeat":"repeat","background-position":"center center","background-size":"auto","background-attachment":"scroll","background-type":"","background-media":"","overlay-type":"","overlay-color":"","overlay-opacity":"","overlay-gradient":""},"tablet":{"background-color":"var(--ast-global-color-5)","background-image":"","background-repeat":"repeat","background-position":"center center","background-size":"auto","background-attachment":"scroll","background-type":"","background-media":"","overlay-type":"","overlay-color":"","overlay-opacity":"","overlay-gradient":""},"mobile":{"background-color":"var(--ast-global-color-5)","background-image":"","background-repeat":"repeat","background-position":"center center","background-size":"auto","background-attachment":"scroll","background-type":"","background-media":"","overlay-type":"","overlay-color":"","overlay-opacity":"","overlay-gradient":""}},"footnotes":""},"class_list":["post-9028","page","type-page","status-publish","hentry"],"post_mailing_queue_ids":[],"_links":{"self":[{"href":"https:\/\/projectes.xtec.cat\/clic\/wp-json\/wp\/v2\/pages\/9028","targetHints":{"allow":["GET"]}}],"collection":[{"href":"https:\/\/projectes.xtec.cat\/clic\/wp-json\/wp\/v2\/pages"}],"about":[{"href":"https:\/\/projectes.xtec.cat\/clic\/wp-json\/wp\/v2\/types\/page"}],"author":[{"embeddable":true,"href":"https:\/\/projectes.xtec.cat\/clic\/wp-json\/wp\/v2\/users\/1"}],"replies":[{"embeddable":true,"href":"https:\/\/projectes.xtec.cat\/clic\/wp-json\/wp\/v2\/comments?post=9028"}],"version-history":[{"count":3,"href":"https:\/\/projectes.xtec.cat\/clic\/wp-json\/wp\/v2\/pages\/9028\/revisions"}],"predecessor-version":[{"id":9056,"href":"https:\/\/projectes.xtec.cat\/clic\/wp-json\/wp\/v2\/pages\/9028\/revisions\/9056"}],"up":[{"embeddable":true,"href":"https:\/\/projectes.xtec.cat\/clic\/wp-json\/wp\/v2\/pages\/8220"}],"wp:attachment":[{"href":"https:\/\/projectes.xtec.cat\/clic\/wp-json\/wp\/v2\/media?parent=9028"}],"curies":[{"name":"wp","href":"https:\/\/api.w.org\/{rel}","templated":true}]}}