{"id":11159,"date":"2024-05-30T09:31:37","date_gmt":"2024-05-30T07:31:37","guid":{"rendered":"https:\/\/projectes.xtec.cat\/conv2\/?page_id=11159"},"modified":"2024-09-16T12:26:24","modified_gmt":"2024-09-16T10:26:24","slug":"acompanyem-les-families","status":"publish","type":"page","link":"https:\/\/projectes.xtec.cat\/conv2\/acompanyem-les-families\/","title":{"rendered":"ACOMPANYEM LES FAM\u00cdLIES"},"content":{"rendered":"\n<p>Cada cop s\u00f3n m\u00e9s els estudis que ressalten la import\u00e0ncia de la implicaci\u00f3 de les fam\u00edlies en el seguiment escolar dels fills i filles com a indicador de qualitat. Per aix\u00f2 cal millorar la relaci\u00f3 entre el centre educatiu i les fam\u00edlies, per intercanviar informaci\u00f3, aconseguir-hi una comunicaci\u00f3 fluida i una relaci\u00f3 de confian\u00e7a.<\/p>\n\n\n\n<p>Hem d&#8217;aconseguir una comunicaci\u00f3 i una relaci\u00f3 entre les fam\u00edlies i els docents que permeti a l&#8217;escola explicar qu\u00e8 es fa i per qu\u00e8 es fa i compartir aquells objectius que considerem imprescindibles. Hem de poder acostar la veu de les fam\u00edlies a l&#8217;escola i refor\u00e7ar la seva implicaci\u00f3 en l&#8217;educaci\u00f3 escolar com a primers referents educatius i responsables de la formaci\u00f3 dels fills. Entre tots hem de poder dur a terme un treball conjunt escola &#8211; fam\u00edlies que ens permeti una acci\u00f3 coherent i coordinada. Tenim un objectiu com\u00fa: l&#8217;\u00e8xit educatiu dels nostres infants i joves.<\/p>\n\n\n\n<div class=\"wp-block-columns is-layout-flex wp-container-core-columns-is-layout-1 wp-block-columns-is-layout-flex\">\n<div class=\"wp-block-column has-border-color is-layout-flow wp-block-column-is-layout-flow\" style=\"border-color:#b3c8bc;border-width:3px\">\n<figure class=\"wp-block-image aligncenter size-full is-resized has-custom-border\"><a href=\"https:\/\/projectes.xtec.cat\/conv2\/wp-content\/uploads\/usu3025\/2024\/09\/families-web.png\"><img loading=\"lazy\" decoding=\"async\" width=\"870\" height=\"845\" src=\"https:\/\/projectes.xtec.cat\/conv2\/wp-content\/uploads\/usu3025\/2024\/09\/families-web.png\" alt=\"\" class=\"has-border-color has-white-border-color wp-image-12083\" style=\"border-width:3px;width:211px;height:auto\" srcset=\"https:\/\/projectes.xtec.cat\/conv2\/wp-content\/uploads\/usu3025\/2024\/09\/families-web.png 870w, https:\/\/projectes.xtec.cat\/conv2\/wp-content\/uploads\/usu3025\/2024\/09\/families-web-300x291.png 300w, https:\/\/projectes.xtec.cat\/conv2\/wp-content\/uploads\/usu3025\/2024\/09\/families-web-768x746.png 768w\" sizes=\"auto, (max-width: 870px) 100vw, 870px\" \/><\/a><\/figure>\n\n\n\n<p class=\"has-text-align-center\"><a href=\"https:\/\/educacio.gencat.cat\/ca\/arees-actuacio\/families\/\" data-type=\"link\" data-id=\"https:\/\/educacio.gencat.cat\/ca\/arees-actuacio\/families\/\">Web Fam\u00edlies<\/a><\/p>\n\n\n\n<p class=\"has-text-align-center\">Eines per facilitar la participaci\u00f3 de les fam\u00edlies en la vida escolar dels fills i filles i guiar-les en l&#8217;acompanyament de la seva educaci\u00f3, i promoure&#8217;n, com a conseq\u00fc\u00e8ncia, l&#8217;\u00e8xit educatiu.<\/p>\n<\/div>\n\n\n\n<div class=\"wp-block-column has-border-color is-layout-flow wp-block-column-is-layout-flow\" style=\"border-color:#b3c8bc;border-width:3px\">\n<figure class=\"wp-block-image aligncenter size-full is-resized has-custom-border\"><a href=\"https:\/\/projectes.xtec.cat\/conv2\/wp-content\/uploads\/usu3025\/2024\/09\/coberta-4.png\"><img loading=\"lazy\" decoding=\"async\" width=\"899\" height=\"727\" src=\"https:\/\/projectes.xtec.cat\/conv2\/wp-content\/uploads\/usu3025\/2024\/09\/coberta-4.png\" alt=\"\" class=\"has-border-color has-ast-global-color-5-border-color wp-image-12085\" style=\"border-width:3px;width:252px;height:auto\" srcset=\"https:\/\/projectes.xtec.cat\/conv2\/wp-content\/uploads\/usu3025\/2024\/09\/coberta-4.png 899w, https:\/\/projectes.xtec.cat\/conv2\/wp-content\/uploads\/usu3025\/2024\/09\/coberta-4-300x243.png 300w, https:\/\/projectes.xtec.cat\/conv2\/wp-content\/uploads\/usu3025\/2024\/09\/coberta-4-768x621.png 768w\" sizes=\"auto, (max-width: 899px) 100vw, 899px\" \/><\/a><\/figure>\n\n\n\n<p class=\"has-text-align-center\"><a href=\"https:\/\/projectes.xtec.cat\/families-digitals\/\">Fam\u00edlies Digitals<\/a><\/p>\n\n\n\n<p class=\"has-text-align-center\">Projecte que t\u00e9 com a objectiu facilitar l\u2019adquisici\u00f3 de la compet\u00e8ncia digital per part de les fam\u00edlies i donar resposta des de l\u2019acompanyament a les seves necessitats.<\/p>\n<\/div>\n\n\n\n<div class=\"wp-block-column has-border-color is-layout-flow wp-block-column-is-layout-flow\" style=\"border-color:#b3c8bc;border-width:3px\">\n<figure class=\"wp-block-image aligncenter size-full is-resized has-custom-border\"><a href=\"https:\/\/projectes.xtec.cat\/conv2\/wp-content\/uploads\/usu3025\/2024\/09\/06JvWa-4_400x400.jpg\"><img loading=\"lazy\" decoding=\"async\" width=\"400\" height=\"400\" src=\"https:\/\/projectes.xtec.cat\/conv2\/wp-content\/uploads\/usu3025\/2024\/09\/06JvWa-4_400x400.jpg\" alt=\"\" class=\"has-border-color has-ast-global-color-4-border-color wp-image-12086\" style=\"border-width:3px;width:203px;height:auto\" srcset=\"https:\/\/projectes.xtec.cat\/conv2\/wp-content\/uploads\/usu3025\/2024\/09\/06JvWa-4_400x400.jpg 400w, https:\/\/projectes.xtec.cat\/conv2\/wp-content\/uploads\/usu3025\/2024\/09\/06JvWa-4_400x400-300x300.jpg 300w, https:\/\/projectes.xtec.cat\/conv2\/wp-content\/uploads\/usu3025\/2024\/09\/06JvWa-4_400x400-150x150.jpg 150w\" sizes=\"auto, (max-width: 400px) 100vw, 400px\" \/><\/a><\/figure>\n\n\n\n<p class=\"has-text-align-center\"><a href=\"https:\/\/xtec.gencat.cat\/ca\/comunitat\/escolaifamilies\/\">Escola i Fam\u00edlies<\/a><\/p>\n\n\n\n<p class=\"has-text-align-center\">Recursos per promoure la implicaci\u00f3 i participaci\u00f3 de les fam\u00edlies en el seguiment educatiu dels fills i filles i en la vida del centre.<\/p>\n<\/div>\n<\/div>\n\n\n\n<h2 class=\"wp-block-heading\">RECURSOS<\/h2>\n\n\n\n<p><strong>Adre\u00e7ats a docents per promoure la implicaci\u00f3 de les fam\u00edlies en el seguiment de l\u2019evoluci\u00f3 acad\u00e8mica i personal dels seus fills i filles, aix\u00ed com millorar la relaci\u00f3 fam\u00edlies i escola.<\/strong><\/p>\n\n\n\n<div class=\"wp-block-columns has-background is-layout-flex wp-container-core-columns-is-layout-2 wp-block-columns-is-layout-flex\" style=\"background-color:#ccdbd3\">\n<div class=\"wp-block-column has-border-color has-ast-global-color-5-background-color has-background is-layout-flow wp-block-column-is-layout-flow\" style=\"border-color:#b3c8bc;border-width:3px\">\n<p class=\"has-text-align-center\"><a href=\"https:\/\/xtec.gencat.cat\/web\/.content\/comunitat\/escolaifamilia\/docs\/00-protocol-actuacions.pdf\">Pla d&#8217;acollida de centre<\/a><\/p>\n<\/div>\n\n\n\n<div class=\"wp-block-column has-border-color has-ast-global-color-5-background-color has-background is-layout-flow wp-block-column-is-layout-flow\" style=\"border-color:#b3c8bc;border-width:3px\">\n<p class=\"has-text-align-center\"><a href=\"https:\/\/xtec.gencat.cat\/web\/.content\/comunitat\/escolaifamilia\/recursos\/acollida\/eines\/documents\/resum_actuacions_pla_acollida_2022.pdf\">Resum de les actuacions d&#8217;acollida a les fam\u00edlies<\/a><\/p>\n<\/div>\n\n\n\n<div class=\"wp-block-column has-border-color has-ast-global-color-5-background-color has-background is-layout-flow wp-block-column-is-layout-flow\" style=\"border-color:#b3c8bc;border-width:3px\">\n<p class=\"has-text-align-center\"><a href=\"https:\/\/xtec.gencat.cat\/ca\/projectes\/alumnat-origen-estranger\/alumnatnou\/acollida\/notes\/\">Notes per a la comunicaci\u00f3 amb les fam\u00edlies<\/a><\/p>\n<\/div>\n\n\n\n<div class=\"wp-block-column has-border-color has-ast-global-color-5-background-color has-background is-layout-flow wp-block-column-is-layout-flow\" style=\"border-color:#b3c8bc;border-width:3px\">\n<p class=\"has-text-align-center\"><a href=\"https:\/\/documents.espai.educacio.gencat.cat\/IPCNormativa\/DOIGC\/PEC_Convivencia_clima.pdf\">Conviv\u00e8ncia i clima escolar.  DOGC<\/a><\/p>\n<\/div>\n<\/div>\n\n\n\n<div class=\"wp-block-columns has-background is-layout-flex wp-container-core-columns-is-layout-3 wp-block-columns-is-layout-flex\" style=\"background-color:#fffcf2\">\n<div class=\"wp-block-column has-border-color has-ast-global-color-5-background-color has-background is-layout-flow wp-block-column-is-layout-flow\" style=\"border-color:#b3c8bc;border-width:3px\">\n<p class=\"has-text-align-center\"><a href=\"https:\/\/xtec.gencat.cat\/web\/.content\/comunitat\/escolaifamilia\/recursos\/acciotutorialeines\/documents\/ENTREVISTA-INICIAL.pdf\">L&#8217;entrevista inicial. Una eina de comunicaci\u00f3 i informaci\u00f3<\/a><\/p>\n<\/div>\n\n\n\n<div class=\"wp-block-column has-border-color has-ast-global-color-5-background-color has-background is-layout-flow wp-block-column-is-layout-flow\" style=\"border-color:#b3c8bc;border-width:3px\">\n<p class=\"has-text-align-center\"><a href=\"https:\/\/xtec.gencat.cat\/web\/.content\/comunitat\/escolaifamilia\/recursos\/inf_comunic\/eines\/Guia-recursos-en-linia-families.pdf\">Recursos en l\u00ednia per comunicar-se amb les fam\u00edlies<\/a><\/p>\n<\/div>\n\n\n\n<div class=\"wp-block-column has-border-color has-ast-global-color-5-background-color has-background is-layout-flow wp-block-column-is-layout-flow\" style=\"border-color:#b3c8bc;border-width:3px\">\n<p class=\"has-text-align-center\"><a href=\"https:\/\/xtec.gencat.cat\/web\/.content\/comunitat\/escolaifamilia\/recursos\/formacio\/eines\/orientacions_pla_formacio_families_2022.pdf\">Orientacions per elaborar un pla formatiu per fam\u00edlies<\/a><\/p>\n<\/div>\n\n\n\n<div class=\"wp-block-column has-border-color has-ast-global-color-5-background-color has-background is-layout-flow wp-block-column-is-layout-flow\" style=\"border-color:#b3c8bc;border-width:3px\">\n<p class=\"has-text-align-center\"><a href=\"https:\/\/xtec.gencat.cat\/web\/.content\/comunitat\/escolaifamilia\/recursos\/formacio\/eines\/Questionari-necessitats-formatives-de-les-families.pdf\">Q\u00fcestionari de necessitats formatives de les fam\u00edlies<\/a><\/p>\n<\/div>\n<\/div>\n\n\n\n<div class=\"wp-block-columns has-background is-layout-flex wp-container-core-columns-is-layout-4 wp-block-columns-is-layout-flex\" style=\"background-color:#ccdbd3\">\n<div class=\"wp-block-column has-border-color has-ast-global-color-5-background-color has-background is-layout-flow wp-block-column-is-layout-flow\" style=\"border-color:#b3c8bc;border-width:3px\">\n<p class=\"has-text-align-center\"><a href=\"https:\/\/xtec.gencat.cat\/web\/.content\/comunitat\/escolaifamilia\/recursos\/participacio\/eines\/Redissenyar-la-reunio-dinici-de-curs-.pdf\">Com fer les reunions d&#8217;inici de curs m\u00e9s participatives<\/a><\/p>\n<\/div>\n\n\n\n<div class=\"wp-block-column has-border-color has-ast-global-color-5-background-color has-background is-layout-flow wp-block-column-is-layout-flow\" style=\"border-color:#b3c8bc;border-width:3px\">\n<p class=\"has-text-align-center\"><a href=\"https:\/\/xtec.gencat.cat\/web\/.content\/alfresco\/d\/d\/workspace\/SpacesStore\/0021\/7be87d65-a57b-4c76-8bb6-7f237ab57e42\/FORMACIO-BLOCS.pdf\">Edublocs per a fam\u00edlies<\/a><\/p>\n<\/div>\n\n\n\n<div class=\"wp-block-column has-border-color has-ast-global-color-5-background-color has-background is-layout-flow wp-block-column-is-layout-flow\" style=\"border-color:#b3c8bc;border-width:3px\">\n<p class=\"has-text-align-center\"><a href=\"https:\/\/xtec.gencat.cat\/web\/.content\/comunitat\/escolaifamilia\/recursos\/participacio\/eines\/Pares-i-mares-delegats-de-classe-Orientacions.pdf\">Orientacions per pares i mares delegats de classe<\/a><\/p>\n<\/div>\n\n\n\n<div class=\"wp-block-column has-border-color has-ast-global-color-5-background-color has-background is-layout-flow wp-block-column-is-layout-flow\" style=\"border-color:#b3c8bc;border-width:3px\">\n<p class=\"has-text-align-center\"><a href=\"https:\/\/xtec.gencat.cat\/web\/.content\/comunitat\/escolaifamilia\/Continguts-Escola-i-Families-Abril-2022.pdf\">Continguts de l&#8217;aplicaci\u00f3 inform\u00e0tica Escola i Fam\u00edlies<\/a><\/p>\n<\/div>\n<\/div>\n\n\n\n<h2 class=\"wp-block-heading has-text-align-left\"><\/h2>\n\n\n\n<div style=\"height:227px\" aria-hidden=\"true\" class=\"wp-block-spacer\"><\/div>\n\n\n\n<p><\/p>\n\n\n\n<p><\/p>\n\n\n\n<p><\/p>\n\n\n\n<p><\/p>\n\n\n\n<div style=\"height:100px\" aria-hidden=\"true\" class=\"wp-block-spacer\"><\/div>\n\n\n\n        <div class=\"wp-block-getwid-post-carousel custom-post-type-post has-slides-gap-normal is-carousel has-arrows-outside has-dots-outside\">\n            <div data-slider-option=\"{&quot;sliderSlidesToShowDesktop&quot;:&quot;4&quot;,&quot;getwid_slidesToShowLaptop&quot;:&quot;1&quot;,&quot;getwid_slidesToShowTablet&quot;:&quot;1&quot;,&quot;getwid_slidesToShowMobile&quot;:&quot;1&quot;,&quot;getwid_autoplay_speed&quot;:6000,&quot;getwid_animation_speed&quot;:800,&quot;getwid_slidesToScroll&quot;:&quot;1&quot;,&quot;getwid_autoplay&quot;:false,&quot;getwid_pause_on_hover&quot;:false,&quot;getwid_infinite&quot;:true,&quot;getwid_center_mode&quot;:false,&quot;getwid_arrows&quot;:&quot;outside&quot;,&quot;getwid_dots&quot;:&quot;outside&quot;}\" class=\"wp-block-getwid-post-carousel__wrapper\">\n                \t\t\t\t\t\t\t<div class=\"wp-block-getwid-post-carousel__slide\">\n\t\t\t\t\t\t\t\t\n<div class=\"wp-block-getwid-post-carousel__post\">\n            <div class=\"wp-block-getwid-post-carousel__post-thumbnail\">\n            <a href=\"https:\/\/projectes.xtec.cat\/conv2\/general\/orientacions-per-acompanyar-els-fills-i-filles-en-el-desenvolupament-de-la-identitat-de-genere-i-lorientacio-sexual\/\"><img loading=\"lazy\" decoding=\"async\" width=\"1280\" height=\"854\" src=\"https:\/\/projectes.xtec.cat\/conv2\/wp-content\/uploads\/usu3025\/2024\/10\/siblings-3646046_1280.jpg\" class=\"attachment-post-thumbnail size-post-thumbnail wp-post-image\" alt=\"\" srcset=\"https:\/\/projectes.xtec.cat\/conv2\/wp-content\/uploads\/usu3025\/2024\/10\/siblings-3646046_1280.jpg 1280w, https:\/\/projectes.xtec.cat\/conv2\/wp-content\/uploads\/usu3025\/2024\/10\/siblings-3646046_1280-300x200.jpg 300w, https:\/\/projectes.xtec.cat\/conv2\/wp-content\/uploads\/usu3025\/2024\/10\/siblings-3646046_1280-1024x683.jpg 1024w, https:\/\/projectes.xtec.cat\/conv2\/wp-content\/uploads\/usu3025\/2024\/10\/siblings-3646046_1280-768x512.jpg 768w\" sizes=\"auto, (max-width: 1280px) 100vw, 1280px\" \/><\/a>\n        <\/div>\n        <div class=\"wp-block-getwid-post-carousel__post-content-wrapper\">\n        <div class=\"wp-block-getwid-post-carousel__post-header\">\n            <h3 class=\"wp-block-getwid-post-carousel__post-title\"><a href=\"https:\/\/projectes.xtec.cat\/conv2\/general\/orientacions-per-acompanyar-els-fills-i-filles-en-el-desenvolupament-de-la-identitat-de-genere-i-lorientacio-sexual\/\">Com acompanyar els fills i filles en el desenvolupament de la identitat de g\u00e8nere i l&#8217;orientaci\u00f3 sexual<\/a><\/h3>        <\/div>\n        <div class=\"wp-block-getwid-post-carousel__post-excerpt\"><p>A mesura que els infants van creixent van identificant qui s\u00f3n, com s\u00f3n, com se senten, com volen expressar-se i, en definitiva, la seva personalitat. Llegeix el tema sencer al web Fam\u00edlies.<\/p>\n<\/div>\n    <\/div>\n<\/div>\n\n\t\t\t\t\t\t\t<\/div>\n\t\t\t\t\t\t\t\t\t\t\t\t\t<div class=\"wp-block-getwid-post-carousel__slide\">\n\t\t\t\t\t\t\t\t\n<div class=\"wp-block-getwid-post-carousel__post\">\n            <div class=\"wp-block-getwid-post-carousel__post-thumbnail\">\n            <a href=\"https:\/\/projectes.xtec.cat\/conv2\/general\/us-convidem-a-la-ii-trobada-xerg-fem-restaurativament\/\"><img loading=\"lazy\" decoding=\"async\" width=\"824\" height=\"639\" src=\"https:\/\/projectes.xtec.cat\/conv2\/wp-content\/uploads\/usu3025\/2024\/05\/Nodes-Xerg-I-e1715251367791.png\" class=\"attachment-post-thumbnail size-post-thumbnail wp-post-image\" alt=\"\" srcset=\"https:\/\/projectes.xtec.cat\/conv2\/wp-content\/uploads\/usu3025\/2024\/05\/Nodes-Xerg-I-e1715251367791.png 824w, https:\/\/projectes.xtec.cat\/conv2\/wp-content\/uploads\/usu3025\/2024\/05\/Nodes-Xerg-I-e1715251367791-300x233.png 300w, https:\/\/projectes.xtec.cat\/conv2\/wp-content\/uploads\/usu3025\/2024\/05\/Nodes-Xerg-I-e1715251367791-768x596.png 768w\" sizes=\"auto, (max-width: 824px) 100vw, 824px\" \/><\/a>\n        <\/div>\n        <div class=\"wp-block-getwid-post-carousel__post-content-wrapper\">\n        <div class=\"wp-block-getwid-post-carousel__post-header\">\n            <h3 class=\"wp-block-getwid-post-carousel__post-title\"><a href=\"https:\/\/projectes.xtec.cat\/conv2\/general\/us-convidem-a-la-ii-trobada-xerg-fem-restaurativament\/\">Us convidem a la II Trobada XERG. Fem RestaurativaMENT<\/a><\/h3>        <\/div>\n        <div class=\"wp-block-getwid-post-carousel__post-excerpt\"><p>Des del Servei d\u2019Escola i Fam\u00edlies us volem convidar a la II Trobada de la XERG: Fem RestaurativaMENT, que organitza l\u2019equip t\u00e8cnic del Programa d\u2019Enfocament Restauratiu Global. La jornada tindr\u00e0 lloc el pr\u00f2xim dissabte 25 de maig de 9:00 h a 13:30 h a l\u2019Escola Santa Maria de Gardeny (Lleida). Us adjuntem el programa amb [&hellip;]<\/p>\n<\/div>\n    <\/div>\n<\/div>\n\n\t\t\t\t\t\t\t<\/div>\n\t\t\t\t\t\t\t\t\t\t\t\t\t<div class=\"wp-block-getwid-post-carousel__slide\">\n\t\t\t\t\t\t\t\t\n<div class=\"wp-block-getwid-post-carousel__post\">\n            <div class=\"wp-block-getwid-post-carousel__post-thumbnail\">\n            <a href=\"https:\/\/projectes.xtec.cat\/conv2\/general\/exit-de-la-jornada-de-promocio-escolar-de-lalumnat-gitano\/\"><img loading=\"lazy\" decoding=\"async\" width=\"320\" height=\"240\" src=\"https:\/\/projectes.xtec.cat\/conv2\/wp-content\/uploads\/usu3025\/2024\/04\/IMG_4655-1.jpg\" class=\"attachment-post-thumbnail size-post-thumbnail wp-post-image\" alt=\"\" srcset=\"https:\/\/projectes.xtec.cat\/conv2\/wp-content\/uploads\/usu3025\/2024\/04\/IMG_4655-1.jpg 320w, https:\/\/projectes.xtec.cat\/conv2\/wp-content\/uploads\/usu3025\/2024\/04\/IMG_4655-1-300x225.jpg 300w\" sizes=\"auto, (max-width: 320px) 100vw, 320px\" \/><\/a>\n        <\/div>\n        <div class=\"wp-block-getwid-post-carousel__post-content-wrapper\">\n        <div class=\"wp-block-getwid-post-carousel__post-header\">\n            <h3 class=\"wp-block-getwid-post-carousel__post-title\"><a href=\"https:\/\/projectes.xtec.cat\/conv2\/general\/exit-de-la-jornada-de-promocio-escolar-de-lalumnat-gitano\/\">\u00c8xit de la jornada de Promoci\u00f3 escolar de l&#8217;alumnat gitano<\/a><\/h3>        <\/div>\n        <div class=\"wp-block-getwid-post-carousel__post-excerpt\"><p>El passat dimecres 17 d\u2019abril es va celebrar a la sala d\u2019actes del Departament d\u2019Educaci\u00f3 la Jornada de Promoci\u00f3 Escolar del Poble Gitano. La jornada que va ser organitzada pel Servei d\u2019Escola i Fam\u00edlies de la Direcci\u00f3 General d\u2019Atenci\u00f3 a la Fam\u00edlia i a la Comunitat Educativa va rebre un gran nombre de professionals que [&hellip;]<\/p>\n<\/div>\n    <\/div>\n<\/div>\n\n\t\t\t\t\t\t\t<\/div>\n\t\t\t\t\t\t\t\t\t\t\t\t\t<div class=\"wp-block-getwid-post-carousel__slide\">\n\t\t\t\t\t\t\t\t\n<div class=\"wp-block-getwid-post-carousel__post\">\n            <div class=\"wp-block-getwid-post-carousel__post-thumbnail\">\n            <a href=\"https:\/\/projectes.xtec.cat\/conv2\/general\/jornades-de-portes-obertes-en-clau-dequitat-educativa\/\"><img loading=\"lazy\" decoding=\"async\" width=\"352\" height=\"191\" src=\"https:\/\/projectes.xtec.cat\/conv2\/wp-content\/uploads\/usu3025\/2024\/03\/equitat-e1710848742861.png\" class=\"attachment-post-thumbnail size-post-thumbnail wp-post-image\" alt=\"\" srcset=\"https:\/\/projectes.xtec.cat\/conv2\/wp-content\/uploads\/usu3025\/2024\/03\/equitat-e1710848742861.png 352w, https:\/\/projectes.xtec.cat\/conv2\/wp-content\/uploads\/usu3025\/2024\/03\/equitat-e1710848742861-300x163.png 300w\" sizes=\"auto, (max-width: 352px) 100vw, 352px\" \/><\/a>\n        <\/div>\n        <div class=\"wp-block-getwid-post-carousel__post-content-wrapper\">\n        <div class=\"wp-block-getwid-post-carousel__post-header\">\n            <h3 class=\"wp-block-getwid-post-carousel__post-title\"><a href=\"https:\/\/projectes.xtec.cat\/conv2\/general\/jornades-de-portes-obertes-en-clau-dequitat-educativa\/\">Jornades de portes obertes en clau d&#8217;equitat educativa<\/a><\/h3>        <\/div>\n        <div class=\"wp-block-getwid-post-carousel__post-excerpt\"><p>Reduir la segregaci\u00f3 escolar \u00e9s un dels reptes m\u00e9s importants que tenim com a pa\u00eds i requereix la complicitat de tothom: administraci\u00f3, entitats i ciutadania. Per posar en valor aquest comprom\u00eds, el Departament d&#8217;Educaci\u00f3 ha elaborat el v\u00eddeo Portes obertes per l&#8217;equitat, amb l&#8217;objectiu de contribuir a l&#8217;equitat educativa per millorar la cohesi\u00f3 social, la [&hellip;]<\/p>\n<\/div>\n    <\/div>\n<\/div>\n\n\t\t\t\t\t\t\t<\/div>\n\t\t\t\t\t\t\t\t\t\t\t\t\t<div class=\"wp-block-getwid-post-carousel__slide\">\n\t\t\t\t\t\t\t\t\n<div class=\"wp-block-getwid-post-carousel__post\">\n            <div class=\"wp-block-getwid-post-carousel__post-thumbnail\">\n            <a href=\"https:\/\/projectes.xtec.cat\/conv2\/portada\/fundipau-denip-2024\/\"><img loading=\"lazy\" decoding=\"async\" width=\"578\" height=\"259\" src=\"https:\/\/projectes.xtec.cat\/conv2\/wp-content\/uploads\/usu3025\/2024\/01\/FundiPau.jpg\" class=\"attachment-post-thumbnail size-post-thumbnail wp-post-image\" alt=\"\" srcset=\"https:\/\/projectes.xtec.cat\/conv2\/wp-content\/uploads\/usu3025\/2024\/01\/FundiPau.jpg 578w, https:\/\/projectes.xtec.cat\/conv2\/wp-content\/uploads\/usu3025\/2024\/01\/FundiPau-300x134.jpg 300w\" sizes=\"auto, (max-width: 578px) 100vw, 578px\" \/><\/a>\n        <\/div>\n        <div class=\"wp-block-getwid-post-carousel__post-content-wrapper\">\n        <div class=\"wp-block-getwid-post-carousel__post-header\">\n            <h3 class=\"wp-block-getwid-post-carousel__post-title\"><a href=\"https:\/\/projectes.xtec.cat\/conv2\/portada\/fundipau-denip-2024\/\">FUNDIPAU \u2013 DENIP 2024<\/a><\/h3>        <\/div>\n        <div class=\"wp-block-getwid-post-carousel__post-excerpt\"><p>TecnologIA i pau La proposta del DENIP 2024 de FundiPau convida a dur a terme diverses activitats per als alumnes de prim\u00e0ria, ESO i Batxillerat plantejades amb l\u2019objectiu de reflexionar sobre la realitat de la IA, les seves conseq\u00fc\u00e8ncies i l\u2019amena\u00e7a que suposa per la pau al m\u00f3n. &nbsp;<\/p>\n<\/div>\n    <\/div>\n<\/div>\n\n\t\t\t\t\t\t\t<\/div>\n\t\t\t\t\t\t            <\/div>\n        <\/div>\n        ","protected":false},"excerpt":{"rendered":"<p>Cada cop s\u00f3n m\u00e9s els estudis que ressalten la import\u00e0ncia de la implicaci\u00f3 de les fam\u00edlies en el seguiment escolar dels fills i filles com a indicador de qualitat. Per aix\u00f2 cal millorar la relaci\u00f3 entre el centre educatiu i les fam\u00edlies, per intercanviar informaci\u00f3, aconseguir-hi una comunicaci\u00f3 fluida i una relaci\u00f3 de confian\u00e7a. Hem [&hellip;]<\/p>\n","protected":false},"author":3,"featured_media":0,"parent":0,"menu_order":0,"comment_status":"closed","ping_status":"close","template":"","meta":{"site-sidebar-layout":"default","site-content-layout":"","ast-site-content-layout":"default","site-content-style":"default","site-sidebar-style":"default","ast-global-header-display":"","ast-banner-title-visibility":"","ast-main-header-display":"","ast-hfb-above-header-display":"","ast-hfb-below-header-display":"","ast-hfb-mobile-header-display":"","site-post-title":"","ast-breadcrumbs-content":"","ast-featured-img":"","footer-sml-layout":"","theme-transparent-header-meta":"","adv-header-id-meta":"","stick-header-meta":"","header-above-stick-meta":"","header-main-stick-meta":"","header-below-stick-meta":"","astra-migrate-meta-layouts":"set","ast-page-background-enabled":"default","ast-page-background-meta":{"desktop":{"background-color":"var(--ast-global-color-4)","background-image":"","background-repeat":"repeat","background-position":"center center","background-size":"auto","background-attachment":"scroll","background-type":"","background-media":"","overlay-type":"","overlay-color":"","overlay-opacity":"","overlay-gradient":""},"tablet":{"background-color":"","background-image":"","background-repeat":"repeat","background-position":"center center","background-size":"auto","background-attachment":"scroll","background-type":"","background-media":"","overlay-type":"","overlay-color":"","overlay-opacity":"","overlay-gradient":""},"mobile":{"background-color":"","background-image":"","background-repeat":"repeat","background-position":"center center","background-size":"auto","background-attachment":"scroll","background-type":"","background-media":"","overlay-type":"","overlay-color":"","overlay-opacity":"","overlay-gradient":""}},"ast-content-background-meta":{"desktop":{"background-color":"var(--ast-global-color-5)","background-image":"","background-repeat":"repeat","background-position":"center center","background-size":"auto","background-attachment":"scroll","background-type":"","background-media":"","overlay-type":"","overlay-color":"","overlay-opacity":"","overlay-gradient":""},"tablet":{"background-color":"var(--ast-global-color-5)","background-image":"","background-repeat":"repeat","background-position":"center center","background-size":"auto","background-attachment":"scroll","background-type":"","background-media":"","overlay-type":"","overlay-color":"","overlay-opacity":"","overlay-gradient":""},"mobile":{"background-color":"var(--ast-global-color-5)","background-image":"","background-repeat":"repeat","background-position":"center center","background-size":"auto","background-attachment":"scroll","background-type":"","background-media":"","overlay-type":"","overlay-color":"","overlay-opacity":"","overlay-gradient":""}},"footnotes":""},"class_list":["post-11159","page","type-page","status-publish","hentry"],"post_mailing_queue_ids":[],"_links":{"self":[{"href":"https:\/\/projectes.xtec.cat\/conv2\/wp-json\/wp\/v2\/pages\/11159","targetHints":{"allow":["GET"]}}],"collection":[{"href":"https:\/\/projectes.xtec.cat\/conv2\/wp-json\/wp\/v2\/pages"}],"about":[{"href":"https:\/\/projectes.xtec.cat\/conv2\/wp-json\/wp\/v2\/types\/page"}],"author":[{"embeddable":true,"href":"https:\/\/projectes.xtec.cat\/conv2\/wp-json\/wp\/v2\/users\/3"}],"replies":[{"embeddable":true,"href":"https:\/\/projectes.xtec.cat\/conv2\/wp-json\/wp\/v2\/comments?post=11159"}],"version-history":[{"count":6,"href":"https:\/\/projectes.xtec.cat\/conv2\/wp-json\/wp\/v2\/pages\/11159\/revisions"}],"predecessor-version":[{"id":12231,"href":"https:\/\/projectes.xtec.cat\/conv2\/wp-json\/wp\/v2\/pages\/11159\/revisions\/12231"}],"wp:attachment":[{"href":"https:\/\/projectes.xtec.cat\/conv2\/wp-json\/wp\/v2\/media?parent=11159"}],"curies":[{"name":"wp","href":"https:\/\/api.w.org\/{rel}","templated":true}]}}