{"id":11242,"date":"2024-06-03T13:19:09","date_gmt":"2024-06-03T11:19:09","guid":{"rendered":"https:\/\/projectes.xtec.cat\/conv2\/?page_id=11242"},"modified":"2024-10-21T12:09:06","modified_gmt":"2024-10-21T10:09:06","slug":"enfocament-restauratiu-global","status":"publish","type":"page","link":"https:\/\/projectes.xtec.cat\/conv2\/enfocament-restauratiu-global\/","title":{"rendered":"ENFOCAMENT RESTAURATIU GLOBAL"},"content":{"rendered":"\n<div class=\"wp-block-columns is-layout-flex wp-container-core-columns-is-layout-1 wp-block-columns-is-layout-flex\">\n<div class=\"wp-block-column is-vertically-aligned-top is-layout-flow wp-block-column-is-layout-flow\" style=\"flex-basis:50%\">\n<figure class=\"wp-block-image aligncenter size-full is-resized\"><a href=\"https:\/\/projectes.xtec.cat\/conv2\/wp-content\/uploads\/usu3025\/2024\/10\/299x299-enfocament-restauratiu.png_30133267.png\"><img loading=\"lazy\" decoding=\"async\" width=\"299\" height=\"299\" src=\"https:\/\/projectes.xtec.cat\/conv2\/wp-content\/uploads\/usu3025\/2024\/10\/299x299-enfocament-restauratiu.png_30133267.png\" alt=\"\" class=\"wp-image-12546\" style=\"width:185px;height:auto\" srcset=\"https:\/\/projectes.xtec.cat\/conv2\/wp-content\/uploads\/usu3025\/2024\/10\/299x299-enfocament-restauratiu.png_30133267.png 299w, https:\/\/projectes.xtec.cat\/conv2\/wp-content\/uploads\/usu3025\/2024\/10\/299x299-enfocament-restauratiu.png_30133267-150x150.png 150w\" sizes=\"auto, (max-width: 299px) 100vw, 299px\" \/><\/a><\/figure>\n\n\n\n<p><\/p>\n\n\n\n<p>Partint de la necessitat de facilitar a tota la comunitat educativa estrat\u00e8gies per promoure un model d\u2019escola que t\u00e9 cura de les persones individualment i col\u00b7lectiva s\u2019ofereix un marc te\u00f2ric i un banc de recursos basats en l\u2019enfocament restauratiu per promoure la resili\u00e8ncia.<\/p>\n<\/div>\n\n\n\n<div class=\"wp-block-column is-layout-flow wp-block-column-is-layout-flow\" style=\"flex-basis:50%\">\n<figure class=\"wp-block-image aligncenter size-large is-resized\"><a href=\"https:\/\/projectes.xtec.cat\/conv2\/wp-content\/uploads\/usu3025\/2024\/06\/Objecte-de-la-paraula-CUB.png\"><img loading=\"lazy\" decoding=\"async\" width=\"1024\" height=\"1024\" src=\"https:\/\/projectes.xtec.cat\/conv2\/wp-content\/uploads\/usu3025\/2024\/06\/Objecte-de-la-paraula-CUB-1024x1024.png\" alt=\"\" class=\"wp-image-11339\" style=\"width:499px;height:auto\" srcset=\"https:\/\/projectes.xtec.cat\/conv2\/wp-content\/uploads\/usu3025\/2024\/06\/Objecte-de-la-paraula-CUB-1024x1024.png 1024w, https:\/\/projectes.xtec.cat\/conv2\/wp-content\/uploads\/usu3025\/2024\/06\/Objecte-de-la-paraula-CUB-300x300.png 300w, https:\/\/projectes.xtec.cat\/conv2\/wp-content\/uploads\/usu3025\/2024\/06\/Objecte-de-la-paraula-CUB-150x150.png 150w, https:\/\/projectes.xtec.cat\/conv2\/wp-content\/uploads\/usu3025\/2024\/06\/Objecte-de-la-paraula-CUB-768x768.png 768w, https:\/\/projectes.xtec.cat\/conv2\/wp-content\/uploads\/usu3025\/2024\/06\/Objecte-de-la-paraula-CUB.png 1500w\" sizes=\"auto, (max-width: 1024px) 100vw, 1024px\" \/><\/a><\/figure>\n<\/div>\n<\/div>\n\n\n\n<div class=\"wp-block-group is-layout-constrained wp-block-group-is-layout-constrained\">\n<div class=\"wp-block-columns is-layout-flex wp-container-core-columns-is-layout-2 wp-block-columns-is-layout-flex\">\n<div class=\"wp-block-column has-border-color is-layout-flow wp-block-column-is-layout-flow\" style=\"border-color:#b3c8bc;border-width:3px\">\n<figure class=\"wp-block-image aligncenter size-full is-resized has-custom-border\"><a href=\"https:\/\/projectes.xtec.cat\/conv2\/wp-content\/uploads\/usu3025\/2023\/09\/manual-1-e1718093242668.jpg\"><img decoding=\"async\" src=\"https:\/\/projectes.xtec.cat\/conv2\/wp-content\/uploads\/usu3025\/2023\/09\/manual-1-e1718093242668.jpg\" alt=\"\" class=\"has-border-color has-white-border-color wp-image-9362\" style=\"border-radius:3px;aspect-ratio:0.8918918918918919;width:78px;height:auto\"\/><\/a><figcaption class=\"wp-element-caption\"><a href=\"https:\/\/projectes.xtec.cat\/conv2\/el-petit-manual-de-lenfocament-restauratiu\/\">El petit manual de l&#8217;ERG<\/a><\/figcaption><\/figure>\n<\/div>\n\n\n\n<div class=\"wp-block-column has-border-color is-layout-flow wp-block-column-is-layout-flow\" style=\"border-color:#b3c8bc;border-width:3px\">\n<figure class=\"wp-block-image aligncenter size-full is-resized\"><a href=\"https:\/\/projectes.xtec.cat\/conv2\/wp-content\/uploads\/usu3025\/2024\/06\/girafa.png\"><img loading=\"lazy\" decoding=\"async\" width=\"315\" height=\"288\" src=\"https:\/\/projectes.xtec.cat\/conv2\/wp-content\/uploads\/usu3025\/2024\/06\/girafa.png\" alt=\"\" class=\"wp-image-11342\" style=\"aspect-ratio:1.09375;width:91px;height:auto\" srcset=\"https:\/\/projectes.xtec.cat\/conv2\/wp-content\/uploads\/usu3025\/2024\/06\/girafa.png 315w, https:\/\/projectes.xtec.cat\/conv2\/wp-content\/uploads\/usu3025\/2024\/06\/girafa-300x274.png 300w\" sizes=\"auto, (max-width: 315px) 100vw, 315px\" \/><\/a><\/figure>\n\n\n\n<p class=\"has-text-align-center\"><a href=\"https:\/\/projectes.xtec.cat\/conv2\/comunicacio-no-violenta\/\">Comunicaci\u00f3 No Violenta<\/a><\/p>\n<\/div>\n\n\n\n<div class=\"wp-block-column has-border-color is-layout-flow wp-block-column-is-layout-flow\" style=\"border-color:#b3c8bc;border-width:3px\">\n<figure class=\"wp-block-image aligncenter size-full is-resized\"><a href=\"https:\/\/projectes.xtec.cat\/conv2\/wp-content\/uploads\/usu3025\/2023\/03\/ERG-3-1.png\"><img loading=\"lazy\" decoding=\"async\" width=\"500\" height=\"500\" src=\"https:\/\/projectes.xtec.cat\/conv2\/wp-content\/uploads\/usu3025\/2023\/03\/ERG-3-1.png\" alt=\"\" class=\"wp-image-9133\" style=\"aspect-ratio:1;width:79px;height:auto\" srcset=\"https:\/\/projectes.xtec.cat\/conv2\/wp-content\/uploads\/usu3025\/2023\/03\/ERG-3-1.png 500w, https:\/\/projectes.xtec.cat\/conv2\/wp-content\/uploads\/usu3025\/2023\/03\/ERG-3-1-300x300.png 300w, https:\/\/projectes.xtec.cat\/conv2\/wp-content\/uploads\/usu3025\/2023\/03\/ERG-3-1-150x150.png 150w\" sizes=\"auto, (max-width: 500px) 100vw, 500px\" \/><\/a><\/figure>\n\n\n\n<p class=\"has-text-align-center\"><a href=\"https:\/\/projectes.xtec.cat\/conv2\/programa-dinnovacio-pinnerg\/\">Programa d&#8217;innovaci\u00f3 pedag\u00f2gica<\/a><\/p>\n<\/div>\n\n\n\n<div class=\"wp-block-column has-border-color is-layout-flow wp-block-column-is-layout-flow\" style=\"border-color:#b3c8bc;border-width:3px\">\n<figure class=\"wp-block-image aligncenter size-full is-resized\"><a href=\"https:\/\/projectes.xtec.cat\/conv2\/wp-content\/uploads\/usu3025\/2024\/06\/avaluacio-erg.png\"><img loading=\"lazy\" decoding=\"async\" width=\"305\" height=\"312\" src=\"https:\/\/projectes.xtec.cat\/conv2\/wp-content\/uploads\/usu3025\/2024\/06\/avaluacio-erg.png\" alt=\"\" class=\"wp-image-11345\" style=\"aspect-ratio:0.9775641025641025;width:86px;height:auto\" srcset=\"https:\/\/projectes.xtec.cat\/conv2\/wp-content\/uploads\/usu3025\/2024\/06\/avaluacio-erg.png 305w, https:\/\/projectes.xtec.cat\/conv2\/wp-content\/uploads\/usu3025\/2024\/06\/avaluacio-erg-293x300.png 293w\" sizes=\"auto, (max-width: 305px) 100vw, 305px\" \/><\/a><\/figure>\n\n\n\n<p class=\"has-text-align-center\"><a href=\"https:\/\/projectes.xtec.cat\/conv2\/avaluacio-de-la-implementacio\/\">Avaluaci\u00f3 de la implementaci\u00f3<\/a><\/p>\n<\/div>\n<\/div>\n\n\n\n<div class=\"wp-block-columns is-layout-flex wp-container-core-columns-is-layout-3 wp-block-columns-is-layout-flex\">\n<div class=\"wp-block-column has-border-color is-layout-flow wp-block-column-is-layout-flow\" style=\"border-color:#b3c8bc;border-width:3px\">\n<figure class=\"wp-block-image aligncenter size-large is-resized\"><a href=\"https:\/\/projectes.xtec.cat\/conv2\/wp-content\/uploads\/usu3025\/2023\/09\/guia-ERG.png\"><img loading=\"lazy\" decoding=\"async\" width=\"1024\" height=\"570\" src=\"https:\/\/projectes.xtec.cat\/conv2\/wp-content\/uploads\/usu3025\/2023\/09\/guia-ERG-1024x570.png\" alt=\"\" class=\"wp-image-9360\" style=\"aspect-ratio:1.7964912280701755;width:147px;height:auto\" srcset=\"https:\/\/projectes.xtec.cat\/conv2\/wp-content\/uploads\/usu3025\/2023\/09\/guia-ERG-1024x570.png 1024w, https:\/\/projectes.xtec.cat\/conv2\/wp-content\/uploads\/usu3025\/2023\/09\/guia-ERG-300x167.png 300w, https:\/\/projectes.xtec.cat\/conv2\/wp-content\/uploads\/usu3025\/2023\/09\/guia-ERG-768x428.png 768w, https:\/\/projectes.xtec.cat\/conv2\/wp-content\/uploads\/usu3025\/2023\/09\/guia-ERG.png 1341w\" sizes=\"auto, (max-width: 1024px) 100vw, 1024px\" \/><\/a><figcaption class=\"wp-element-caption\"><a href=\"https:\/\/projectes.xtec.cat\/conv2\/guia-per-al-desplegament-de-lerg\/\">Guia per al desplegament de l&#8217;ERG al centre<\/a><\/figcaption><\/figure>\n<\/div>\n\n\n\n<div class=\"wp-block-column has-border-color is-layout-flow wp-block-column-is-layout-flow\" style=\"border-color:#b3c8bc;border-width:3px\">\n<figure class=\"wp-block-image aligncenter size-full is-resized\"><a href=\"https:\/\/projectes.xtec.cat\/conv2\/wp-content\/uploads\/usu3025\/2024\/06\/MEDIACIO.png\"><img loading=\"lazy\" decoding=\"async\" width=\"180\" height=\"147\" src=\"https:\/\/projectes.xtec.cat\/conv2\/wp-content\/uploads\/usu3025\/2024\/06\/MEDIACIO.png\" alt=\"\" class=\"wp-image-11352\" style=\"aspect-ratio:1.2244897959183674;width:99px;height:auto\"\/><\/a><\/figure>\n\n\n\n<p class=\"has-text-align-center\"><a href=\"https:\/\/projectes.xtec.cat\/conv2\/la-mediacio-escolar\/\">Mediaci\u00f3 escolar<\/a><\/p>\n<\/div>\n\n\n\n<div class=\"wp-block-column has-border-color is-layout-flow wp-block-column-is-layout-flow\" style=\"border-color:#b3c8bc;border-width:3px\">\n<figure class=\"wp-block-image aligncenter size-full is-resized\"><a href=\"https:\/\/projectes.xtec.cat\/conv2\/wp-content\/uploads\/usu3025\/2024\/06\/xerg.png\"><img loading=\"lazy\" decoding=\"async\" width=\"173\" height=\"90\" src=\"https:\/\/projectes.xtec.cat\/conv2\/wp-content\/uploads\/usu3025\/2024\/06\/xerg.png\" alt=\"\" class=\"wp-image-11353\" style=\"aspect-ratio:1.9222222222222223;width:125px;height:auto\"\/><\/a><\/figure>\n\n\n\n<p class=\"has-text-align-center\"><a href=\"https:\/\/projectes.xtec.cat\/conv2\/xarxa-enfocament-restauratiu\/\">Xarxa Enfocament Restauratiu<\/a><\/p>\n<\/div>\n\n\n\n<div class=\"wp-block-column has-border-color is-layout-flow wp-block-column-is-layout-flow\" style=\"border-color:#b3c8bc;border-width:3px\">\n<figure class=\"wp-block-image aligncenter size-large is-resized\"><a href=\"https:\/\/projectes.xtec.cat\/conv2\/wp-content\/uploads\/usu3025\/2024\/06\/descarrega-1-e1718101310465.png\"><img loading=\"lazy\" decoding=\"async\" width=\"1024\" height=\"534\" src=\"https:\/\/projectes.xtec.cat\/conv2\/wp-content\/uploads\/usu3025\/2024\/06\/descarrega-1-1024x534.png\" alt=\"\" class=\"wp-image-11356\" style=\"aspect-ratio:1.9176029962546817;width:144px;height:auto\"\/><\/a><\/figure>\n\n\n\n<p class=\"has-text-align-center\"><a href=\"https:\/\/projectes.xtec.cat\/conv2\/mes-recursos\/\">M\u00e9s recursos<\/a><\/p>\n<\/div>\n<\/div>\n<\/div>\n","protected":false},"excerpt":{"rendered":"<p>Partint de la necessitat de facilitar a tota la comunitat educativa estrat\u00e8gies per promoure un model d\u2019escola que t\u00e9 cura de les persones individualment i col\u00b7lectiva s\u2019ofereix un marc te\u00f2ric i un banc de recursos basats en l\u2019enfocament restauratiu per promoure la resili\u00e8ncia. Comunicaci\u00f3 No Violenta Programa d&#8217;innovaci\u00f3 pedag\u00f2gica Avaluaci\u00f3 de la implementaci\u00f3 Mediaci\u00f3 escolar [&hellip;]<\/p>\n","protected":false},"author":3,"featured_media":0,"parent":0,"menu_order":0,"comment_status":"closed","ping_status":"close","template":"","meta":{"site-sidebar-layout":"default","site-content-layout":"","ast-site-content-layout":"default","site-content-style":"default","site-sidebar-style":"default","ast-global-header-display":"","ast-banner-title-visibility":"","ast-main-header-display":"","ast-hfb-above-header-display":"","ast-hfb-below-header-display":"","ast-hfb-mobile-header-display":"","site-post-title":"","ast-breadcrumbs-content":"","ast-featured-img":"","footer-sml-layout":"","theme-transparent-header-meta":"","adv-header-id-meta":"","stick-header-meta":"","header-above-stick-meta":"","header-main-stick-meta":"","header-below-stick-meta":"","astra-migrate-meta-layouts":"set","ast-page-background-enabled":"default","ast-page-background-meta":{"desktop":{"background-color":"var(--ast-global-color-4)","background-image":"","background-repeat":"repeat","background-position":"center center","background-size":"auto","background-attachment":"scroll","background-type":"","background-media":"","overlay-type":"","overlay-color":"","overlay-opacity":"","overlay-gradient":""},"tablet":{"background-color":"","background-image":"","background-repeat":"repeat","background-position":"center center","background-size":"auto","background-attachment":"scroll","background-type":"","background-media":"","overlay-type":"","overlay-color":"","overlay-opacity":"","overlay-gradient":""},"mobile":{"background-color":"","background-image":"","background-repeat":"repeat","background-position":"center center","background-size":"auto","background-attachment":"scroll","background-type":"","background-media":"","overlay-type":"","overlay-color":"","overlay-opacity":"","overlay-gradient":""}},"ast-content-background-meta":{"desktop":{"background-color":"var(--ast-global-color-5)","background-image":"","background-repeat":"repeat","background-position":"center center","background-size":"auto","background-attachment":"scroll","background-type":"","background-media":"","overlay-type":"","overlay-color":"","overlay-opacity":"","overlay-gradient":""},"tablet":{"background-color":"var(--ast-global-color-5)","background-image":"","background-repeat":"repeat","background-position":"center center","background-size":"auto","background-attachment":"scroll","background-type":"","background-media":"","overlay-type":"","overlay-color":"","overlay-opacity":"","overlay-gradient":""},"mobile":{"background-color":"var(--ast-global-color-5)","background-image":"","background-repeat":"repeat","background-position":"center center","background-size":"auto","background-attachment":"scroll","background-type":"","background-media":"","overlay-type":"","overlay-color":"","overlay-opacity":"","overlay-gradient":""}},"footnotes":""},"class_list":["post-11242","page","type-page","status-publish","hentry"],"post_mailing_queue_ids":[],"_links":{"self":[{"href":"https:\/\/projectes.xtec.cat\/conv2\/wp-json\/wp\/v2\/pages\/11242","targetHints":{"allow":["GET"]}}],"collection":[{"href":"https:\/\/projectes.xtec.cat\/conv2\/wp-json\/wp\/v2\/pages"}],"about":[{"href":"https:\/\/projectes.xtec.cat\/conv2\/wp-json\/wp\/v2\/types\/page"}],"author":[{"embeddable":true,"href":"https:\/\/projectes.xtec.cat\/conv2\/wp-json\/wp\/v2\/users\/3"}],"replies":[{"embeddable":true,"href":"https:\/\/projectes.xtec.cat\/conv2\/wp-json\/wp\/v2\/comments?post=11242"}],"version-history":[{"count":6,"href":"https:\/\/projectes.xtec.cat\/conv2\/wp-json\/wp\/v2\/pages\/11242\/revisions"}],"predecessor-version":[{"id":12548,"href":"https:\/\/projectes.xtec.cat\/conv2\/wp-json\/wp\/v2\/pages\/11242\/revisions\/12548"}],"wp:attachment":[{"href":"https:\/\/projectes.xtec.cat\/conv2\/wp-json\/wp\/v2\/media?parent=11242"}],"curies":[{"name":"wp","href":"https:\/\/api.w.org\/{rel}","templated":true}]}}