{"id":11253,"date":"2024-06-04T09:13:43","date_gmt":"2024-06-04T07:13:43","guid":{"rendered":"https:\/\/projectes.xtec.cat\/conv2\/?page_id=11253"},"modified":"2024-09-09T13:49:57","modified_gmt":"2024-09-09T11:49:57","slug":"equitat-educativa","status":"publish","type":"page","link":"https:\/\/projectes.xtec.cat\/conv2\/equitat-educativa\/","title":{"rendered":"EQUITAT EDUCATIVA"},"content":{"rendered":"\n<p><strong>Tots els infants i joves han de tenir les mateixes oportunitats i condicions per formar-se, independentment del seu origen, g\u00e8nere i classe social.<\/strong><\/p>\n\n\n\n<div class=\"wp-block-media-text is-stacked-on-mobile\"><figure class=\"wp-block-media-text__media\"><img loading=\"lazy\" decoding=\"async\" width=\"498\" height=\"360\" src=\"https:\/\/projectes.xtec.cat\/conv2\/wp-content\/uploads\/usu3025\/2022\/06\/equitat.png\" alt=\"\" class=\"wp-image-8869 size-full\" srcset=\"https:\/\/projectes.xtec.cat\/conv2\/wp-content\/uploads\/usu3025\/2022\/06\/equitat.png 498w, https:\/\/projectes.xtec.cat\/conv2\/wp-content\/uploads\/usu3025\/2022\/06\/equitat-300x217.png 300w\" sizes=\"auto, (max-width: 498px) 100vw, 498px\" \/><\/figure><div class=\"wp-block-media-text__content\">\n<p>L&#8217;<strong>equitat<\/strong>&nbsp;\u00e9s un principi segons el qual&nbsp;<strong>totes les persones han de tenir les mateixes oportunitats<\/strong>&nbsp;i ning\u00fa no s&#8217;ha de trobar amb desavantatges que es podrien evitar. En l&#8217;\u00e0mbit de l&#8217;educaci\u00f3, aquest principi significa que tots els infants i joves tinguin les mateixes oportunitats i condicions per formar-se, independentment del seu origen, g\u00e8nere i classe social.<\/p>\n\n\n\n<p>El Departament d&#8217;Educaci\u00f3 impulsa pol\u00edtiques, iniciatives i recursos per combatre la segregaci\u00f3 als centres educatius, ja que suposa una vulneraci\u00f3 del dret a l&#8217;educaci\u00f3 en igualtat d&#8217;oportunitats, que est\u00e0 protegit per la Convenci\u00f3 sobre els drets de l&#8217;infant de les Nacions Unides i per la legislaci\u00f3 en mat\u00e8ria d&#8217;educaci\u00f3. Per al conjunt de la societat, a m\u00e9s, la segregaci\u00f3 escolar t\u00e9 efectes negatius sobre el rendiment escolar i sobre la conviv\u00e8ncia i la cohesi\u00f3 social present i futura.<\/p>\n<\/div><\/div>\n\n\n\n<p><\/p>\n\n\n\n<div class=\"wp-block-columns is-layout-flex wp-container-core-columns-is-layout-1 wp-block-columns-is-layout-flex\">\n<div class=\"wp-block-column has-border-color is-layout-flow wp-block-column-is-layout-flow\" style=\"border-color:#b3c8bc;border-width:3px\">\n<p class=\"has-text-align-center\"><a href=\"https:\/\/educacio.gencat.cat\/ca\/departament\/linies-estrategiques\/equitat-educativa\/pacte-contra-segregacio-escolar\/\">Pacte contra la segregaci\u00f3 escolar<\/a><\/p>\n\n\n\n<figure class=\"wp-block-image aligncenter size-full\"><a href=\"https:\/\/projectes.xtec.cat\/conv2\/wp-content\/uploads\/usu3025\/2024\/08\/preview-pacte.png\"><img loading=\"lazy\" decoding=\"async\" width=\"150\" height=\"140\" src=\"https:\/\/projectes.xtec.cat\/conv2\/wp-content\/uploads\/usu3025\/2024\/08\/preview-pacte.png\" alt=\"\" class=\"wp-image-11803\"\/><\/a><\/figure>\n<\/div>\n\n\n\n<div class=\"wp-block-column has-border-color is-layout-flow wp-block-column-is-layout-flow\" style=\"border-color:#b3c8bc;border-width:3px\">\n<p class=\"has-text-align-center\"><a href=\"https:\/\/educacio.gencat.cat\/ca\/departament\/linies-estrategiques\/equitat-educativa\/pla-millora-oportunitats-educatives\/\" data-type=\"link\" data-id=\"https:\/\/educacio.gencat.cat\/ca\/departament\/linies-estrategiques\/equitat-educativa\/pla-millora-oportunitats-educatives\/\">Pla de Millora d&#8217;Oportunitats Educatives  (PMOE &#8211; PROA +)<\/a><\/p>\n\n\n\n<figure class=\"wp-block-image aligncenter size-large is-resized has-custom-border\"><a href=\"https:\/\/projectes.xtec.cat\/conv2\/wp-content\/uploads\/usu3025\/2024\/08\/dep-lin-pmoe-proa.png\"><img loading=\"lazy\" decoding=\"async\" width=\"1024\" height=\"686\" src=\"https:\/\/projectes.xtec.cat\/conv2\/wp-content\/uploads\/usu3025\/2024\/08\/dep-lin-pmoe-proa-1024x686.png\" alt=\"\" class=\"has-border-color wp-image-11805\" style=\"border-color:#b3c8bc;width:188px;height:auto\" srcset=\"https:\/\/projectes.xtec.cat\/conv2\/wp-content\/uploads\/usu3025\/2024\/08\/dep-lin-pmoe-proa-1024x686.png 1024w, https:\/\/projectes.xtec.cat\/conv2\/wp-content\/uploads\/usu3025\/2024\/08\/dep-lin-pmoe-proa-300x201.png 300w, https:\/\/projectes.xtec.cat\/conv2\/wp-content\/uploads\/usu3025\/2024\/08\/dep-lin-pmoe-proa-768x514.png 768w, https:\/\/projectes.xtec.cat\/conv2\/wp-content\/uploads\/usu3025\/2024\/08\/dep-lin-pmoe-proa.png 1080w\" sizes=\"auto, (max-width: 1024px) 100vw, 1024px\" \/><\/a><\/figure>\n<\/div>\n\n\n\n<div class=\"wp-block-column has-border-color is-layout-flow wp-block-column-is-layout-flow\" style=\"border-color:#b3c8bc;border-width:3px\">\n<p class=\"has-text-align-center\"><a href=\"https:\/\/educacio.gencat.cat\/ca\/departament\/linies-estrategiques\/equitat-educativa\/plans-educatius-entorn\/\" data-type=\"link\" data-id=\"https:\/\/educacio.gencat.cat\/ca\/departament\/linies-estrategiques\/equitat-educativa\/plans-educatius-entorn\/\">Plans Educatius d&#8217;Entorn<\/a><\/p>\n\n\n\n<figure class=\"wp-block-image aligncenter size-full is-resized\"><a href=\"https:\/\/projectes.xtec.cat\/conv2\/wp-content\/uploads\/usu3025\/2024\/08\/plans-educatius-entorn.jpg\"><img loading=\"lazy\" decoding=\"async\" width=\"271\" height=\"271\" src=\"https:\/\/projectes.xtec.cat\/conv2\/wp-content\/uploads\/usu3025\/2024\/08\/plans-educatius-entorn.jpg\" alt=\"\" class=\"wp-image-11806\" style=\"width:161px;height:auto\" srcset=\"https:\/\/projectes.xtec.cat\/conv2\/wp-content\/uploads\/usu3025\/2024\/08\/plans-educatius-entorn.jpg 271w, https:\/\/projectes.xtec.cat\/conv2\/wp-content\/uploads\/usu3025\/2024\/08\/plans-educatius-entorn-150x150.jpg 150w\" sizes=\"auto, (max-width: 271px) 100vw, 271px\" \/><\/a><\/figure>\n<\/div>\n<\/div>\n","protected":false},"excerpt":{"rendered":"<p>Tots els infants i joves han de tenir les mateixes oportunitats i condicions per formar-se, independentment del seu origen, g\u00e8nere i classe social. L&#8217;equitat&nbsp;\u00e9s un principi segons el qual&nbsp;totes les persones han de tenir les mateixes oportunitats&nbsp;i ning\u00fa no s&#8217;ha de trobar amb desavantatges que es podrien evitar. En l&#8217;\u00e0mbit de l&#8217;educaci\u00f3, aquest principi significa [&hellip;]<\/p>\n","protected":false},"author":3,"featured_media":0,"parent":0,"menu_order":0,"comment_status":"closed","ping_status":"close","template":"","meta":{"site-sidebar-layout":"default","site-content-layout":"","ast-site-content-layout":"default","site-content-style":"default","site-sidebar-style":"default","ast-global-header-display":"","ast-banner-title-visibility":"","ast-main-header-display":"","ast-hfb-above-header-display":"","ast-hfb-below-header-display":"","ast-hfb-mobile-header-display":"","site-post-title":"","ast-breadcrumbs-content":"","ast-featured-img":"","footer-sml-layout":"","theme-transparent-header-meta":"","adv-header-id-meta":"","stick-header-meta":"","header-above-stick-meta":"","header-main-stick-meta":"","header-below-stick-meta":"","astra-migrate-meta-layouts":"set","ast-page-background-enabled":"default","ast-page-background-meta":{"desktop":{"background-color":"var(--ast-global-color-4)","background-image":"","background-repeat":"repeat","background-position":"center center","background-size":"auto","background-attachment":"scroll","background-type":"","background-media":"","overlay-type":"","overlay-color":"","overlay-opacity":"","overlay-gradient":""},"tablet":{"background-color":"","background-image":"","background-repeat":"repeat","background-position":"center center","background-size":"auto","background-attachment":"scroll","background-type":"","background-media":"","overlay-type":"","overlay-color":"","overlay-opacity":"","overlay-gradient":""},"mobile":{"background-color":"","background-image":"","background-repeat":"repeat","background-position":"center center","background-size":"auto","background-attachment":"scroll","background-type":"","background-media":"","overlay-type":"","overlay-color":"","overlay-opacity":"","overlay-gradient":""}},"ast-content-background-meta":{"desktop":{"background-color":"var(--ast-global-color-5)","background-image":"","background-repeat":"repeat","background-position":"center center","background-size":"auto","background-attachment":"scroll","background-type":"","background-media":"","overlay-type":"","overlay-color":"","overlay-opacity":"","overlay-gradient":""},"tablet":{"background-color":"var(--ast-global-color-5)","background-image":"","background-repeat":"repeat","background-position":"center center","background-size":"auto","background-attachment":"scroll","background-type":"","background-media":"","overlay-type":"","overlay-color":"","overlay-opacity":"","overlay-gradient":""},"mobile":{"background-color":"var(--ast-global-color-5)","background-image":"","background-repeat":"repeat","background-position":"center center","background-size":"auto","background-attachment":"scroll","background-type":"","background-media":"","overlay-type":"","overlay-color":"","overlay-opacity":"","overlay-gradient":""}},"footnotes":""},"class_list":["post-11253","page","type-page","status-publish","hentry"],"post_mailing_queue_ids":[],"_links":{"self":[{"href":"https:\/\/projectes.xtec.cat\/conv2\/wp-json\/wp\/v2\/pages\/11253","targetHints":{"allow":["GET"]}}],"collection":[{"href":"https:\/\/projectes.xtec.cat\/conv2\/wp-json\/wp\/v2\/pages"}],"about":[{"href":"https:\/\/projectes.xtec.cat\/conv2\/wp-json\/wp\/v2\/types\/page"}],"author":[{"embeddable":true,"href":"https:\/\/projectes.xtec.cat\/conv2\/wp-json\/wp\/v2\/users\/3"}],"replies":[{"embeddable":true,"href":"https:\/\/projectes.xtec.cat\/conv2\/wp-json\/wp\/v2\/comments?post=11253"}],"version-history":[{"count":6,"href":"https:\/\/projectes.xtec.cat\/conv2\/wp-json\/wp\/v2\/pages\/11253\/revisions"}],"predecessor-version":[{"id":12107,"href":"https:\/\/projectes.xtec.cat\/conv2\/wp-json\/wp\/v2\/pages\/11253\/revisions\/12107"}],"wp:attachment":[{"href":"https:\/\/projectes.xtec.cat\/conv2\/wp-json\/wp\/v2\/media?parent=11253"}],"curies":[{"name":"wp","href":"https:\/\/api.w.org\/{rel}","templated":true}]}}