{"id":11368,"date":"2024-06-11T12:34:54","date_gmt":"2024-06-11T10:34:54","guid":{"rendered":"https:\/\/projectes.xtec.cat\/conv2\/?page_id=11368"},"modified":"2024-06-11T13:27:20","modified_gmt":"2024-06-11T11:27:20","slug":"guia-per-al-desplegament-de-lerg","status":"publish","type":"page","link":"https:\/\/projectes.xtec.cat\/conv2\/guia-per-al-desplegament-de-lerg\/","title":{"rendered":"Guia per al desplegament de l&#8217;ERG"},"content":{"rendered":"\n<p>Aquesta Guia t\u00e9 l\u2019objectiu de promoure el desplegament de l&#8217;Enfocament Restauratiu en l\u2019\u00e0mbit educatiu als centres de Catalunya, aix\u00ed com ser una eina de suport pel desplegament del Programa d\u2019Innovaci\u00f3 ERG que promou la Subdirecci\u00f3 General d\u2019Atenci\u00f3 a la Fam\u00edlia i a la Comunitat Educativa.<\/p>\n\n\n\n<p>La Guia s\u2019estructura en tres etapes:<\/p>\n\n\n\n<p>Ens preparem per al canvi (creaci\u00f3 d\u2019equip impulsor, informaci\u00f3 i sensibilitzaci\u00f3, visi\u00f3 de futur, presa de decisions, comunitat ERG).<\/p>\n\n\n\n<ul class=\"wp-block-list\">\n<li>Ens formem i fem un pla d\u2019acci\u00f3 (formaci\u00f3, pla d\u2019acci\u00f3, Projecte de Conviv\u00e8ncia).<\/li>\n\n\n\n<li>Avaluem i sostenim el canvi (proc\u00e9s d&#8217;avaluaci\u00f3, revisi\u00f3, difusi\u00f3, formaci\u00f3 cont\u00ednua, xarxa, sensibilitzaci\u00f3).<\/li>\n<\/ul>\n\n\n\n<div data-wp-interactive=\"core\/file\" class=\"wp-block-file\"><object data-wp-bind--hidden=\"!state.hasPdfPreview\" hidden class=\"wp-block-file__embed\" data=\"https:\/\/projectes.xtec.cat\/conv2\/wp-content\/uploads\/usu3025\/2023\/09\/GUIA-ERG-final-1.pdf\" type=\"application\/pdf\" style=\"width:100%;height:680px\" aria-label=\"Incrustaci\u00f3 del fitxer GUIA ERG final (1).\"><\/object><a id=\"wp-block-file--media-43c40df4-5937-4b3f-9cd8-ba56170a8801\" href=\"https:\/\/projectes.xtec.cat\/conv2\/wp-content\/uploads\/usu3025\/2023\/09\/GUIA-ERG-final-1.pdf\">GUIA ERG final (1)<\/a><a href=\"https:\/\/projectes.xtec.cat\/conv2\/wp-content\/uploads\/usu3025\/2023\/09\/GUIA-ERG-final-1.pdf\" class=\"wp-block-file__button wp-element-button\" download aria-describedby=\"wp-block-file--media-43c40df4-5937-4b3f-9cd8-ba56170a8801\">Baixa<\/a><\/div>\n","protected":false},"excerpt":{"rendered":"<p>Aquesta Guia t\u00e9 l\u2019objectiu de promoure el desplegament de l&#8217;Enfocament Restauratiu en l\u2019\u00e0mbit educatiu als centres de Catalunya, aix\u00ed com ser una eina de suport pel desplegament del Programa d\u2019Innovaci\u00f3 ERG que promou la Subdirecci\u00f3 General d\u2019Atenci\u00f3 a la Fam\u00edlia i a la Comunitat Educativa. La Guia s\u2019estructura en tres etapes: Ens preparem per al [&hellip;]<\/p>\n","protected":false},"author":3,"featured_media":0,"parent":0,"menu_order":0,"comment_status":"closed","ping_status":"close","template":"","meta":{"site-sidebar-layout":"default","site-content-layout":"","ast-site-content-layout":"default","site-content-style":"default","site-sidebar-style":"default","ast-global-header-display":"","ast-banner-title-visibility":"","ast-main-header-display":"","ast-hfb-above-header-display":"","ast-hfb-below-header-display":"","ast-hfb-mobile-header-display":"","site-post-title":"","ast-breadcrumbs-content":"","ast-featured-img":"","footer-sml-layout":"","theme-transparent-header-meta":"","adv-header-id-meta":"","stick-header-meta":"","header-above-stick-meta":"","header-main-stick-meta":"","header-below-stick-meta":"","astra-migrate-meta-layouts":"set","ast-page-background-enabled":"default","ast-page-background-meta":{"desktop":{"background-color":"var(--ast-global-color-4)","background-image":"","background-repeat":"repeat","background-position":"center center","background-size":"auto","background-attachment":"scroll","background-type":"","background-media":"","overlay-type":"","overlay-color":"","overlay-opacity":"","overlay-gradient":""},"tablet":{"background-color":"","background-image":"","background-repeat":"repeat","background-position":"center center","background-size":"auto","background-attachment":"scroll","background-type":"","background-media":"","overlay-type":"","overlay-color":"","overlay-opacity":"","overlay-gradient":""},"mobile":{"background-color":"","background-image":"","background-repeat":"repeat","background-position":"center center","background-size":"auto","background-attachment":"scroll","background-type":"","background-media":"","overlay-type":"","overlay-color":"","overlay-opacity":"","overlay-gradient":""}},"ast-content-background-meta":{"desktop":{"background-color":"var(--ast-global-color-5)","background-image":"","background-repeat":"repeat","background-position":"center center","background-size":"auto","background-attachment":"scroll","background-type":"","background-media":"","overlay-type":"","overlay-color":"","overlay-opacity":"","overlay-gradient":""},"tablet":{"background-color":"var(--ast-global-color-5)","background-image":"","background-repeat":"repeat","background-position":"center center","background-size":"auto","background-attachment":"scroll","background-type":"","background-media":"","overlay-type":"","overlay-color":"","overlay-opacity":"","overlay-gradient":""},"mobile":{"background-color":"var(--ast-global-color-5)","background-image":"","background-repeat":"repeat","background-position":"center center","background-size":"auto","background-attachment":"scroll","background-type":"","background-media":"","overlay-type":"","overlay-color":"","overlay-opacity":"","overlay-gradient":""}},"footnotes":""},"class_list":["post-11368","page","type-page","status-publish","hentry"],"post_mailing_queue_ids":[],"_links":{"self":[{"href":"https:\/\/projectes.xtec.cat\/conv2\/wp-json\/wp\/v2\/pages\/11368","targetHints":{"allow":["GET"]}}],"collection":[{"href":"https:\/\/projectes.xtec.cat\/conv2\/wp-json\/wp\/v2\/pages"}],"about":[{"href":"https:\/\/projectes.xtec.cat\/conv2\/wp-json\/wp\/v2\/types\/page"}],"author":[{"embeddable":true,"href":"https:\/\/projectes.xtec.cat\/conv2\/wp-json\/wp\/v2\/users\/3"}],"replies":[{"embeddable":true,"href":"https:\/\/projectes.xtec.cat\/conv2\/wp-json\/wp\/v2\/comments?post=11368"}],"version-history":[{"count":4,"href":"https:\/\/projectes.xtec.cat\/conv2\/wp-json\/wp\/v2\/pages\/11368\/revisions"}],"predecessor-version":[{"id":11390,"href":"https:\/\/projectes.xtec.cat\/conv2\/wp-json\/wp\/v2\/pages\/11368\/revisions\/11390"}],"wp:attachment":[{"href":"https:\/\/projectes.xtec.cat\/conv2\/wp-json\/wp\/v2\/media?parent=11368"}],"curies":[{"name":"wp","href":"https:\/\/api.w.org\/{rel}","templated":true}]}}