{"id":11464,"date":"2024-07-16T11:03:07","date_gmt":"2024-07-16T09:03:07","guid":{"rendered":"https:\/\/projectes.xtec.cat\/conv2\/?page_id=11464"},"modified":"2025-12-16T13:49:18","modified_gmt":"2025-12-16T12:49:18","slug":"2-2-enfocament-restauratiu-global","status":"publish","type":"page","link":"https:\/\/projectes.xtec.cat\/conv2\/modul-1-de-la-prevencio-al-concepte-de-provencio\/modul-2-la-provencio-en-lambit-grupal\/2-2-enfocament-restauratiu-global\/","title":{"rendered":"2.2. Enfocament Restauratiu\u00a0 Global"},"content":{"rendered":"\n<h2 class=\"wp-block-heading has-background\" style=\"background-color:#f8a4a4\"><em>2.2.1 De qu\u00e8 parlem?<\/em><\/h2>\n\n\n\n<pre class=\"wp-block-preformatted\">L\u2019<strong>Enfocament Restauratiu Global<\/strong> (<strong>ERG<\/strong>) proporciona <strong>metodologies proactives<\/strong> per a la creaci\u00f3 d\u2019entorns amables on tothom pugui desenvolupar al m\u00e0xim les seves potencialitats i, alhora, estrat\u00e8gies o pr\u00e0ctiques responsives responsabilitzadores, no culpabilitzadores i reparadores per a la gesti\u00f3 i resoluci\u00f3 positiva del conflicte. Entenent que el conflicte, forma part inherent de la nostra vida i ens permet aprendre a relacionar-nos, viure i conviure en un m\u00f3n cada cop m\u00e9s divers i plural.<\/pre>\n\n\n\n<p class=\"has-text-align-center has-background\" style=\"background-color:#f7a3a378\"><em>Pensa en algun moment que volies donar la teva opini\u00f3 d\u2019un fet o fer un comentari quan estaves en un grup i no ha estat possible. Cerca el motiu perqu\u00e8 va passar aix\u00f2. <\/em><\/p>\n\n\n\n<p class=\"has-text-align-center has-background\" style=\"background-color:#f7a3a378\"><em>Hi havia alg\u00fa que sempre portava la veu cantant? Tenies por que no respectessin la teva opini\u00f3?<br>Has vist alguna vegada persones que ho han passat malament a l\u2019aula perqu\u00e8 els han faltat el respecte, els han ridiculitzat, els han deixat de banda? Com podem fer de l\u2019aula un entorn segur?<br>Com fas per escoltar quan et comuniquen alguna cosa amb molta afectaci\u00f3? Quina \u00e9s la resposta que utilitzes? Quin tipus de comunicaci\u00f3 fas servir?<br>Com respons davant d\u2019un conflicte en el teu entorn? Es poden restaurar les relacions despr\u00e9s d\u2019un conflicte?<\/em><\/p>\n\n\n\n<pre class=\"wp-block-preformatted\">L\u2019ERG es fonamenta en uns valors de base com l\u2019obertura, la sinceritat, el respecte, la inclusi\u00f3, la participaci\u00f3, l\u2019autonomia, la llibertat, la cooperaci\u00f3, la solidaritat i la difer\u00e8ncia, i alhora implica un canvi de mirada pel que fa a la gesti\u00f3 de la conviv\u00e8ncia tot donant valor als aspectes proventius i preventius i desenvolupant capacitats clau com l\u2019escolta atenta, activa i emp\u00e0tica i la comunicaci\u00f3 no violenta.<\/pre>\n\n\n\n<pre class=\"wp-block-preformatted\">L\u2019ERG, a m\u00e9s a m\u00e9s, ens permet prendre decisions fonamentades en <strong>cinc principis restauratius b\u00e0sics<\/strong>, que planteja el model restauratiu de B.Hopkins (2004, 2009, 2011):<\/pre>\n\n\n\n<figure class=\"wp-block-image aligncenter size-large\"><a href=\"https:\/\/projectes.xtec.cat\/conv2\/wp-content\/uploads\/usu3025\/2024\/10\/Principis-B.Hopkins_page-0001-2.jpg\"><img loading=\"lazy\" decoding=\"async\" width=\"761\" height=\"1024\" src=\"https:\/\/projectes.xtec.cat\/conv2\/wp-content\/uploads\/usu3025\/2024\/10\/Principis-B.Hopkins_page-0001-2-761x1024.jpg\" alt=\"\" class=\"wp-image-12520\" srcset=\"https:\/\/projectes.xtec.cat\/conv2\/wp-content\/uploads\/usu3025\/2024\/10\/Principis-B.Hopkins_page-0001-2-761x1024.jpg 761w, https:\/\/projectes.xtec.cat\/conv2\/wp-content\/uploads\/usu3025\/2024\/10\/Principis-B.Hopkins_page-0001-2-223x300.jpg 223w, https:\/\/projectes.xtec.cat\/conv2\/wp-content\/uploads\/usu3025\/2024\/10\/Principis-B.Hopkins_page-0001-2-768x1033.jpg 768w, https:\/\/projectes.xtec.cat\/conv2\/wp-content\/uploads\/usu3025\/2024\/10\/Principis-B.Hopkins_page-0001-2-1141x1536.jpg 1141w, https:\/\/projectes.xtec.cat\/conv2\/wp-content\/uploads\/usu3025\/2024\/10\/Principis-B.Hopkins_page-0001-2.jpg 1221w\" sizes=\"auto, (max-width: 761px) 100vw, 761px\" \/><\/a><\/figure>\n\n\n\n<pre class=\"wp-block-preformatted\">L\u2019<strong>enfocament restauratiu<\/strong> destaca la <strong>import\u00e0ncia de les relacions per al benestar emocional, la resoluci\u00f3 de conflictes, la prevenci\u00f3 i reparaci\u00f3 de danys, i la creaci\u00f3 de comunitat<\/strong>. En definitiva, se centra a cuidar les persones i les relacions.<br><br>La <strong>Pir\u00e0mide restaurativa<\/strong> ens serveix per descriure tot el que es planteja des de l\u2019ERG. Es proposa treballar a <strong>tres nivells: construir, mantenir i reparar relacions i danys<\/strong>, en el cas que es donin. La pir\u00e0mide permet visualitzar on se situen les actuacions en els tres nivells i valorar l\u2019impacte en la conviv\u00e8ncia. La conviv\u00e8ncia no \u00e9s nom\u00e9s resoluci\u00f3 de conflicte, es basa en un exercici conscient i sistem\u00e0tic de construcci\u00f3 dels vincles i dels grups.<\/pre>\n\n\n\n<figure class=\"wp-block-image aligncenter size-large\"><a href=\"https:\/\/projectes.xtec.cat\/conv2\/wp-content\/uploads\/usu3025\/2024\/10\/piramide-restaurativa-ERG.png\"><img loading=\"lazy\" decoding=\"async\" width=\"1024\" height=\"848\" src=\"https:\/\/projectes.xtec.cat\/conv2\/wp-content\/uploads\/usu3025\/2024\/10\/piramide-restaurativa-ERG-1024x848.png\" alt=\"\" class=\"wp-image-12464\" srcset=\"https:\/\/projectes.xtec.cat\/conv2\/wp-content\/uploads\/usu3025\/2024\/10\/piramide-restaurativa-ERG-1024x848.png 1024w, https:\/\/projectes.xtec.cat\/conv2\/wp-content\/uploads\/usu3025\/2024\/10\/piramide-restaurativa-ERG-300x248.png 300w, https:\/\/projectes.xtec.cat\/conv2\/wp-content\/uploads\/usu3025\/2024\/10\/piramide-restaurativa-ERG-768x636.png 768w, https:\/\/projectes.xtec.cat\/conv2\/wp-content\/uploads\/usu3025\/2024\/10\/piramide-restaurativa-ERG.png 1030w\" sizes=\"auto, (max-width: 1024px) 100vw, 1024px\" \/><\/a><\/figure>\n\n\n\n<pre class=\"wp-block-preformatted\">Aquesta pir\u00e0mide simbolitza l'estructura fonamental sobre la qual es fonamenta la pr\u00e0ctica de la restaurativa en l'\u00e0mbit educatiu. En ella podem trobar totes les actuacions i recursos que es poden fer servir en cada fase.<\/pre>\n\n\n\n<pre class=\"wp-block-preformatted\">A la <strong>base de la pir\u00e0mide<\/strong> es troben totes les eines i metodologies proventives  necess\u00e0ries per construir i fomentar una conviv\u00e8ncia respectuosa que \u00e9s la base del benestar emocional i relacional dins de la comunitat educativa. \u00c9s en aquestes parts de la pir\u00e0mide, tant la de baix (construir relacions) com en la del mig (mantenir relacions) les que haurien d\u2019ocupar-nos m\u00e9s temps d\u2019intervenci\u00f3 i a les que haur\u00edem de dedicar-hi m\u00e9s recursos. Des del paradigma de l'ERG es considera que s'estan assentant les bases de la conviv\u00e8ncia si es treballa de manera sistem\u00e0tica la creaci\u00f3 de grup i de la comunitat, si es promou el coneixement d\u2019un mateix i de les altres persones, l\u2019estima cap a un mateix i cap als altres, la confian\u00e7a, la Comunicaci\u00f3 No-Violenta i l\u2019escolta genu\u00efna. <\/pre>\n\n\n\n<pre class=\"wp-block-preformatted\">La <strong>part central<\/strong> de la pir\u00e0mide cont\u00e9 els recursos i estrat\u00e8gies destinats a gestionar els conflictes quotidians de manera positiva i constructiva  per mantenir la comunicaci\u00f3, la connexi\u00f3 i la col\u00b7laboraci\u00f3 entre els membres de la comunitat educativa. Quan augmentem la capacitat de facilitar processos informals per a la gesti\u00f3 dels petits incidents quotidians amb processos respectuosos, inclusius que donen resposta a les necessitats de tothom, succeeix que disminueixen les situacions que podem trobar  a la part de dalt de la pir\u00e0mide.<\/pre>\n\n\n\n<pre class=\"wp-block-preformatted\">La <strong>punta<\/strong> de la pir\u00e0mide representa la intervenci\u00f3 en situacions de conflicte m\u00e9s greus, on s'apliquen les t\u00e8cniques i pr\u00e0ctiques restauratives per restaurar la conviv\u00e8ncia i reparar els danys causats.<\/pre>\n\n\n\n<pre class=\"wp-block-preformatted\">La <strong>Pir\u00e0mide<\/strong> \u00e9s un <strong>mapa i alhora una mirada estrat\u00e8gica<\/strong> per treballar i gestionar de manera coherent la <strong>conviv\u00e8ncia<\/strong>.<\/pre>\n\n\n\n<h2 class=\"wp-block-heading has-background\" style=\"background-color:#f8a4a4\"><em>2.2.2 Proposta de din\u00e0mica d&#8217;aula<\/em><\/h2>\n\n\n\n<div data-wp-interactive=\"core\/file\" class=\"wp-block-file\"><object data-wp-bind--hidden=\"!state.hasPdfPreview\" hidden class=\"wp-block-file__embed\" data=\"https:\/\/projectes.xtec.cat\/conv2\/wp-content\/uploads\/usu3025\/2024\/09\/cercles-de-dialeg.pdf\" type=\"application\/pdf\" style=\"width:100%;height:600px\" aria-label=\"Incrustaci\u00f3 del fitxer cercles-de-dialeg.\"><\/object><a id=\"wp-block-file--media-36b25cd7-0025-4edb-a237-0ec9cdca5089\" href=\"https:\/\/projectes.xtec.cat\/conv2\/wp-content\/uploads\/usu3025\/2024\/09\/cercles-de-dialeg.pdf\">cercles-de-dialeg<\/a><a href=\"https:\/\/projectes.xtec.cat\/conv2\/wp-content\/uploads\/usu3025\/2024\/09\/cercles-de-dialeg.pdf\" class=\"wp-block-file__button wp-element-button\" download aria-describedby=\"wp-block-file--media-36b25cd7-0025-4edb-a237-0ec9cdca5089\">Baixa<\/a><\/div>\n\n\n\n<h2 class=\"wp-block-heading has-background\" style=\"background-color:#f8a4a4\"><em>2.2.3 Banc de recursos<\/em><\/h2>\n\n\n\n<pre class=\"wp-block-preformatted\">Aqu\u00ed teniu la confer\u00e8ncia <strong><em>Aprendre per conviure. La Pau s\u2019apr\u00e8n<\/em><\/strong> de M\u00f2nica Albert\u00ed en el marc de la celebraci\u00f3 del DENIP 2021.<\/pre>\n\n\n\n<figure class=\"wp-block-embed is-type-video is-provider-youtube wp-block-embed-youtube wp-embed-aspect-16-9 wp-has-aspect-ratio\"><div class=\"wp-block-embed__wrapper\">\n<div class=\"ast-oembed-container \" style=\"height: 100%;\"><iframe loading=\"lazy\" title=\"La pau s\u2019apr\u00e8n  M\u00f2nica Albert\u00ed  DENIP21\" width=\"500\" height=\"281\" src=\"https:\/\/www.youtube.com\/embed\/AeyjeZKxZ58?feature=oembed\" frameborder=\"0\" allow=\"accelerometer; autoplay; clipboard-write; encrypted-media; gyroscope; picture-in-picture; web-share\" referrerpolicy=\"strict-origin-when-cross-origin\" allowfullscreen><\/iframe><\/div>\n<\/div><\/figure>\n\n\n\n<div class=\"wp-block-media-text is-stacked-on-mobile\"><figure class=\"wp-block-media-text__media\"><img loading=\"lazy\" decoding=\"async\" width=\"1024\" height=\"515\" src=\"https:\/\/projectes.xtec.cat\/conv2\/wp-content\/uploads\/usu3025\/2024\/09\/Una-comunitat-restaurativa-i-resilient-1024x515.png\" alt=\"\" class=\"wp-image-12139 size-full\" srcset=\"https:\/\/projectes.xtec.cat\/conv2\/wp-content\/uploads\/usu3025\/2024\/09\/Una-comunitat-restaurativa-i-resilient-1024x515.png 1024w, https:\/\/projectes.xtec.cat\/conv2\/wp-content\/uploads\/usu3025\/2024\/09\/Una-comunitat-restaurativa-i-resilient-300x151.png 300w, https:\/\/projectes.xtec.cat\/conv2\/wp-content\/uploads\/usu3025\/2024\/09\/Una-comunitat-restaurativa-i-resilient-768x386.png 768w, https:\/\/projectes.xtec.cat\/conv2\/wp-content\/uploads\/usu3025\/2024\/09\/Una-comunitat-restaurativa-i-resilient-1536x772.png 1536w, https:\/\/projectes.xtec.cat\/conv2\/wp-content\/uploads\/usu3025\/2024\/09\/Una-comunitat-restaurativa-i-resilient.png 1713w\" sizes=\"auto, (max-width: 1024px) 100vw, 1024px\" \/><\/figure><div class=\"wp-block-media-text__content\">\n<p><a href=\"https:\/\/xtec.gencat.cat\/ca\/centres\/projeducatiu\/convivencia\/una-comunitat-educativa-restaurativa-i-resilient\/\" target=\"_blank\" rel=\"noreferrer noopener\">Una comunitat educativa i resilient<\/a>. Recursos a l&#8217;XTEC.<\/p>\n<\/div><\/div>\n\n\n\n\n\n\n","protected":false},"excerpt":{"rendered":"<p>2.2.1 De qu\u00e8 parlem? L\u2019Enfocament Restauratiu Global (ERG) proporciona metodologies proactives per a la creaci\u00f3 d\u2019entorns amables on tothom pugui desenvolupar al m\u00e0xim les seves potencialitats i, alhora, estrat\u00e8gies o pr\u00e0ctiques responsives responsabilitzadores, no culpabilitzadores i reparadores per a la gesti\u00f3 i resoluci\u00f3 positiva del conflicte. Entenent que el conflicte, forma part inherent de la [&hellip;]<\/p>\n","protected":false},"author":8,"featured_media":0,"parent":11460,"menu_order":2,"comment_status":"closed","ping_status":"closed","template":"","meta":{"site-sidebar-layout":"default","site-content-layout":"","ast-site-content-layout":"default","site-content-style":"default","site-sidebar-style":"default","ast-global-header-display":"","ast-banner-title-visibility":"","ast-main-header-display":"","ast-hfb-above-header-display":"","ast-hfb-below-header-display":"","ast-hfb-mobile-header-display":"","site-post-title":"","ast-breadcrumbs-content":"","ast-featured-img":"","footer-sml-layout":"","theme-transparent-header-meta":"","adv-header-id-meta":"","stick-header-meta":"","header-above-stick-meta":"","header-main-stick-meta":"","header-below-stick-meta":"","astra-migrate-meta-layouts":"set","ast-page-background-enabled":"default","ast-page-background-meta":{"desktop":{"background-color":"var(--ast-global-color-4)","background-image":"","background-repeat":"repeat","background-position":"center center","background-size":"auto","background-attachment":"scroll","background-type":"","background-media":"","overlay-type":"","overlay-color":"","overlay-opacity":"","overlay-gradient":""},"tablet":{"background-color":"","background-image":"","background-repeat":"repeat","background-position":"center center","background-size":"auto","background-attachment":"scroll","background-type":"","background-media":"","overlay-type":"","overlay-color":"","overlay-opacity":"","overlay-gradient":""},"mobile":{"background-color":"","background-image":"","background-repeat":"repeat","background-position":"center center","background-size":"auto","background-attachment":"scroll","background-type":"","background-media":"","overlay-type":"","overlay-color":"","overlay-opacity":"","overlay-gradient":""}},"ast-content-background-meta":{"desktop":{"background-color":"var(--ast-global-color-5)","background-image":"","background-repeat":"repeat","background-position":"center center","background-size":"auto","background-attachment":"scroll","background-type":"","background-media":"","overlay-type":"","overlay-color":"","overlay-opacity":"","overlay-gradient":""},"tablet":{"background-color":"var(--ast-global-color-5)","background-image":"","background-repeat":"repeat","background-position":"center center","background-size":"auto","background-attachment":"scroll","background-type":"","background-media":"","overlay-type":"","overlay-color":"","overlay-opacity":"","overlay-gradient":""},"mobile":{"background-color":"var(--ast-global-color-5)","background-image":"","background-repeat":"repeat","background-position":"center center","background-size":"auto","background-attachment":"scroll","background-type":"","background-media":"","overlay-type":"","overlay-color":"","overlay-opacity":"","overlay-gradient":""}},"footnotes":""},"class_list":["post-11464","page","type-page","status-publish","hentry"],"post_mailing_queue_ids":[],"_links":{"self":[{"href":"https:\/\/projectes.xtec.cat\/conv2\/wp-json\/wp\/v2\/pages\/11464","targetHints":{"allow":["GET"]}}],"collection":[{"href":"https:\/\/projectes.xtec.cat\/conv2\/wp-json\/wp\/v2\/pages"}],"about":[{"href":"https:\/\/projectes.xtec.cat\/conv2\/wp-json\/wp\/v2\/types\/page"}],"author":[{"embeddable":true,"href":"https:\/\/projectes.xtec.cat\/conv2\/wp-json\/wp\/v2\/users\/8"}],"replies":[{"embeddable":true,"href":"https:\/\/projectes.xtec.cat\/conv2\/wp-json\/wp\/v2\/comments?post=11464"}],"version-history":[{"count":6,"href":"https:\/\/projectes.xtec.cat\/conv2\/wp-json\/wp\/v2\/pages\/11464\/revisions"}],"predecessor-version":[{"id":12873,"href":"https:\/\/projectes.xtec.cat\/conv2\/wp-json\/wp\/v2\/pages\/11464\/revisions\/12873"}],"up":[{"embeddable":true,"href":"https:\/\/projectes.xtec.cat\/conv2\/wp-json\/wp\/v2\/pages\/11460"}],"wp:attachment":[{"href":"https:\/\/projectes.xtec.cat\/conv2\/wp-json\/wp\/v2\/media?parent=11464"}],"curies":[{"name":"wp","href":"https:\/\/api.w.org\/{rel}","templated":true}]}}