{"id":11994,"date":"2024-08-29T09:37:16","date_gmt":"2024-08-29T07:37:16","guid":{"rendered":"https:\/\/projectes.xtec.cat\/conv2\/?page_id=11994"},"modified":"2024-09-10T10:35:28","modified_gmt":"2024-09-10T08:35:28","slug":"activitat-3","status":"publish","type":"page","link":"https:\/\/projectes.xtec.cat\/conv2\/modul-1-de-la-prevencio-al-concepte-de-provencio\/modul-3-educacio-socioemocional\/activitat-3\/","title":{"rendered":"3.6 Activitat 3"},"content":{"rendered":"\n<pre class=\"wp-block-preformatted\">Com a docent d\u2019un grup agafa una <strong>situaci\u00f3 d\u2019aprenentatge<\/strong> que ja tinguis dissenyada dins l\u2019\u00e0mbit que tu imparteixis i incorpora el vector del benestar emocional. <br>A continuaci\u00f3 et posem d\u2019exemple una plantilla que et pot servir per a reformular la teva situaci\u00f3 d\u2019aprenentatge o b\u00e9, crear-ne una de nou.<\/pre>\n\n\n\n<div class=\"wp-block-file\"><a id=\"wp-block-file--media-239cb5e9-ae11-42fa-84da-c2d5a961f4fe\" href=\"https:\/\/projectes.xtec.cat\/conv2\/wp-content\/uploads\/usu3025\/2024\/08\/Situacio-daprenentatge.docx\">Situacio-daprenentatge<\/a><a href=\"https:\/\/projectes.xtec.cat\/conv2\/wp-content\/uploads\/usu3025\/2024\/08\/Situacio-daprenentatge.docx\" class=\"wp-block-file__button wp-element-button\" download aria-describedby=\"wp-block-file--media-239cb5e9-ae11-42fa-84da-c2d5a961f4fe\">Baixa<\/a><\/div>\n\n\n\n<pre class=\"wp-block-preformatted\">En funci\u00f3 del nivell podr\u00e0s introduir aspectes de consci\u00e8ncia o regulaci\u00f3 emocional; podr\u00e0s incorporar activitats en les quals es trobin amb les seves creences limitants; o treballis sobre els valors personals, grupals i de la societat; pots anar a les habilitats necess\u00e0ries per a relacionar-se, per a prendre decisions o comunicar-se. Pots crear situacions d\u2019aprenentatge en qu\u00e8 es posi en pr\u00e0ctica la presa de decisions, per exemple.<\/pre>\n\n\n\n<pre class=\"wp-block-preformatted\">Sovint, com a docents, treballem molt el vector del benestar emocional dins les aules i les pr\u00f2pies situacions d\u2019aprenentatge, per\u00f2 no en som conscients, i per tant no li acabem donant el lloc que li pertoca. Aquesta activitat \u00e9s per posar el focus, precisament, en tot all\u00f2 que sovint feu i que queda ocult, o b\u00e9, ocupa un rol secundari dins la situaci\u00f3 d\u2019aprenentatge.<\/pre>\n","protected":false},"excerpt":{"rendered":"<p>Com a docent d\u2019un grup agafa una situaci\u00f3 d\u2019aprenentatge que ja tinguis dissenyada dins l\u2019\u00e0mbit que tu imparteixis i incorpora el vector del benestar emocional. A continuaci\u00f3 et posem d\u2019exemple una plantilla que et pot servir per a reformular la teva situaci\u00f3 d\u2019aprenentatge o b\u00e9, crear-ne una de nou. En funci\u00f3 del nivell podr\u00e0s introduir [&hellip;]<\/p>\n","protected":false},"author":8,"featured_media":0,"parent":11468,"menu_order":6,"comment_status":"closed","ping_status":"closed","template":"","meta":{"site-sidebar-layout":"default","site-content-layout":"","ast-site-content-layout":"default","site-content-style":"default","site-sidebar-style":"default","ast-global-header-display":"","ast-banner-title-visibility":"","ast-main-header-display":"","ast-hfb-above-header-display":"","ast-hfb-below-header-display":"","ast-hfb-mobile-header-display":"","site-post-title":"","ast-breadcrumbs-content":"","ast-featured-img":"","footer-sml-layout":"","theme-transparent-header-meta":"","adv-header-id-meta":"","stick-header-meta":"","header-above-stick-meta":"","header-main-stick-meta":"","header-below-stick-meta":"","astra-migrate-meta-layouts":"set","ast-page-background-enabled":"default","ast-page-background-meta":{"desktop":{"background-color":"var(--ast-global-color-4)","background-image":"","background-repeat":"repeat","background-position":"center center","background-size":"auto","background-attachment":"scroll","background-type":"","background-media":"","overlay-type":"","overlay-color":"","overlay-opacity":"","overlay-gradient":""},"tablet":{"background-color":"","background-image":"","background-repeat":"repeat","background-position":"center center","background-size":"auto","background-attachment":"scroll","background-type":"","background-media":"","overlay-type":"","overlay-color":"","overlay-opacity":"","overlay-gradient":""},"mobile":{"background-color":"","background-image":"","background-repeat":"repeat","background-position":"center center","background-size":"auto","background-attachment":"scroll","background-type":"","background-media":"","overlay-type":"","overlay-color":"","overlay-opacity":"","overlay-gradient":""}},"ast-content-background-meta":{"desktop":{"background-color":"var(--ast-global-color-5)","background-image":"","background-repeat":"repeat","background-position":"center center","background-size":"auto","background-attachment":"scroll","background-type":"","background-media":"","overlay-type":"","overlay-color":"","overlay-opacity":"","overlay-gradient":""},"tablet":{"background-color":"var(--ast-global-color-5)","background-image":"","background-repeat":"repeat","background-position":"center center","background-size":"auto","background-attachment":"scroll","background-type":"","background-media":"","overlay-type":"","overlay-color":"","overlay-opacity":"","overlay-gradient":""},"mobile":{"background-color":"var(--ast-global-color-5)","background-image":"","background-repeat":"repeat","background-position":"center center","background-size":"auto","background-attachment":"scroll","background-type":"","background-media":"","overlay-type":"","overlay-color":"","overlay-opacity":"","overlay-gradient":""}},"footnotes":""},"class_list":["post-11994","page","type-page","status-publish","hentry"],"post_mailing_queue_ids":[],"_links":{"self":[{"href":"https:\/\/projectes.xtec.cat\/conv2\/wp-json\/wp\/v2\/pages\/11994","targetHints":{"allow":["GET"]}}],"collection":[{"href":"https:\/\/projectes.xtec.cat\/conv2\/wp-json\/wp\/v2\/pages"}],"about":[{"href":"https:\/\/projectes.xtec.cat\/conv2\/wp-json\/wp\/v2\/types\/page"}],"author":[{"embeddable":true,"href":"https:\/\/projectes.xtec.cat\/conv2\/wp-json\/wp\/v2\/users\/8"}],"replies":[{"embeddable":true,"href":"https:\/\/projectes.xtec.cat\/conv2\/wp-json\/wp\/v2\/comments?post=11994"}],"version-history":[{"count":6,"href":"https:\/\/projectes.xtec.cat\/conv2\/wp-json\/wp\/v2\/pages\/11994\/revisions"}],"predecessor-version":[{"id":12122,"href":"https:\/\/projectes.xtec.cat\/conv2\/wp-json\/wp\/v2\/pages\/11994\/revisions\/12122"}],"up":[{"embeddable":true,"href":"https:\/\/projectes.xtec.cat\/conv2\/wp-json\/wp\/v2\/pages\/11468"}],"wp:attachment":[{"href":"https:\/\/projectes.xtec.cat\/conv2\/wp-json\/wp\/v2\/media?parent=11994"}],"curies":[{"name":"wp","href":"https:\/\/api.w.org\/{rel}","templated":true}]}}