{"id":8435,"date":"2022-04-19T12:34:00","date_gmt":"2022-04-19T10:34:00","guid":{"rendered":"https:\/\/projectes.xtec.cat\/convivenciapositiva\/?page_id=8435"},"modified":"2024-12-02T13:45:33","modified_gmt":"2024-12-02T12:45:33","slug":"formacio-2","status":"publish","type":"page","link":"https:\/\/projectes.xtec.cat\/conv2\/formacio-2\/","title":{"rendered":"FORMACI\u00d3"},"content":{"rendered":"\n<p><\/p>\n\n\n\n<div class=\"wp-block-columns is-layout-flex wp-container-core-columns-is-layout-1 wp-block-columns-is-layout-flex\">\n<div class=\"wp-block-column has-border-color has-ast-global-color-6-border-color is-layout-flow wp-container-core-column-is-layout-1 wp-block-column-is-layout-flow\" style=\"padding-top:0;padding-right:var(--wp--preset--spacing--30);padding-bottom:0;padding-left:var(--wp--preset--spacing--30)\">\n<figure class=\"wp-block-image size-full is-resized has-custom-border\"><a href=\"https:\/\/projectes.xtec.cat\/conv2\/wp-content\/uploads\/usu3025\/2022\/06\/nodes-families.png\"><img loading=\"lazy\" decoding=\"async\" width=\"643\" height=\"442\" src=\"https:\/\/projectes.xtec.cat\/conv2\/wp-content\/uploads\/usu3025\/2022\/06\/nodes-families.png\" alt=\"\" class=\"wp-image-8883\" style=\"border-style:none;border-width:0px;aspect-ratio:1.4547511312217194;width:225px;height:auto\" srcset=\"https:\/\/projectes.xtec.cat\/conv2\/wp-content\/uploads\/usu3025\/2022\/06\/nodes-families.png 643w, https:\/\/projectes.xtec.cat\/conv2\/wp-content\/uploads\/usu3025\/2022\/06\/nodes-families-300x206.png 300w\" sizes=\"auto, (max-width: 643px) 100vw, 643px\" \/><\/a><\/figure>\n\n\n\n<p class=\"has-text-align-center\"><a href=\"https:\/\/xtec.gencat.cat\/ca\/formacio\/formaciogeneralprofessorat\/convivencia_families_entorn\/families\/\">Escola i Fam\u00edlia. Corresponsabilitat i \u00e8xit educatiu<\/a><\/p>\n\n\n\n<p><strong>Durada: 30 hores<\/strong><\/p>\n\n\n\n<p>Oferta formativa adre\u00e7ada als i les docents d&#8217;educaci\u00f3 infantil, prim\u00e0ria i secund\u00e0ria, que ofereix orientacions i recursos per implicar les fam\u00edlies en la corresponsabilitat amb el centre educatiu. Tamb\u00e9 proposa reflexionar sobre el paper de les fam\u00edlies en l&#8217;educaci\u00f3 dels fills i filles, aix\u00ed com compartir i analitzar experi\u00e8ncies sobre aquest tema.<\/p>\n\n\n\n<p class=\"has-text-align-center has-ast-global-color-6-background-color has-background\"><strong>Pr\u00f2xima edici\u00f3:   Juliol 2025<\/strong><\/p>\n<\/div>\n\n\n\n<div class=\"wp-block-column has-border-color has-ast-global-color-6-border-color is-layout-flow wp-container-core-column-is-layout-2 wp-block-column-is-layout-flow\" style=\"padding-right:var(--wp--preset--spacing--30);padding-left:var(--wp--preset--spacing--30)\">\n<figure class=\"wp-block-image aligncenter size-full is-resized\"><a href=\"https:\/\/projectes.xtec.cat\/conv2\/wp-content\/uploads\/usu3025\/2022\/05\/no-mes.png\"><img loading=\"lazy\" decoding=\"async\" width=\"526\" height=\"363\" src=\"https:\/\/projectes.xtec.cat\/conv2\/wp-content\/uploads\/usu3025\/2022\/05\/no-mes.png\" alt=\"\" class=\"wp-image-8749\" style=\"aspect-ratio:1.4490358126721763;width:235px;height:auto\" srcset=\"https:\/\/projectes.xtec.cat\/conv2\/wp-content\/uploads\/usu3025\/2022\/05\/no-mes.png 526w, https:\/\/projectes.xtec.cat\/conv2\/wp-content\/uploads\/usu3025\/2022\/05\/no-mes-300x207.png 300w\" sizes=\"auto, (max-width: 526px) 100vw, 526px\" \/><\/a><\/figure>\n\n\n\n<p class=\"has-text-align-center\">Prevenci\u00f3 de la viol\u00e8ncia masclista en l&#8217;\u00e0mbit educatiu<\/p>\n\n\n\n<p><strong>Durada: 20 hores<\/strong><\/p>\n\n\n\n<p>Oferta formativa adre\u00e7ada als i les docents d&#8217;educaci\u00f3 infantil,&nbsp;prim\u00e0ria i secund\u00e0ria que ofereix orientacions, recursos i eines per facilitar als centres educatius per la prevenci\u00f3 davant la viol\u00e8ncia masclista entre l\u2019alumnat.<\/p>\n\n\n\n<p class=\"has-text-align-center has-ast-global-color-6-background-color has-background\"><strong>Pr\u00f2xima edici\u00f3:   Febrer 2025<\/strong><\/p>\n<\/div>\n\n\n\n<div class=\"wp-block-column has-border-color has-ast-global-color-6-border-color is-layout-flow wp-container-core-column-is-layout-3 wp-block-column-is-layout-flow\" style=\"padding-right:var(--wp--preset--spacing--30);padding-left:var(--wp--preset--spacing--30)\">\n<figure class=\"wp-block-image aligncenter size-full is-resized\"><a href=\"https:\/\/projectes.xtec.cat\/conv2\/wp-content\/uploads\/usu3025\/2024\/01\/Icona-sensibilitzacio.jpg\"><img loading=\"lazy\" decoding=\"async\" width=\"445\" height=\"427\" src=\"https:\/\/projectes.xtec.cat\/conv2\/wp-content\/uploads\/usu3025\/2024\/01\/Icona-sensibilitzacio.jpg\" alt=\"\" class=\"wp-image-10041\" style=\"aspect-ratio:1.0421545667447307;width:172px;height:auto\" srcset=\"https:\/\/projectes.xtec.cat\/conv2\/wp-content\/uploads\/usu3025\/2024\/01\/Icona-sensibilitzacio.jpg 445w, https:\/\/projectes.xtec.cat\/conv2\/wp-content\/uploads\/usu3025\/2024\/01\/Icona-sensibilitzacio-300x288.jpg 300w\" sizes=\"auto, (max-width: 445px) 100vw, 445px\" \/><\/a><\/figure>\n\n\n\n<p class=\"has-text-align-center\"><a href=\"https:\/\/projectes.xtec.cat\/conv2\/curs-1-prevencio-de-lassetjament-escolar-sensibilitzacio-i-observacio-conscient\/\">Prevenci\u00f3 de l&#8217;assetjament escolar: sensibilitzaci\u00f3 i observaci\u00f3 conscient<\/a><\/p>\n\n\n\n<p><strong>Durada: 20 hores<\/strong><\/p>\n\n\n\n<p>L\u2019assetjament escolar \u00e9s una de les principals preocupacions de la comunitat educativa quan parlem de conviv\u00e8ncia escolar. Recon\u00e8ixer quines s\u00f3n les estrat\u00e8gies emmarcades en la prevenci\u00f3, la detecci\u00f3 i la intervenci\u00f3 \u00e9s essencial per poder fer-hi front.<\/p>\n\n\n\n<p class=\"has-text-align-center has-ast-global-color-6-background-color has-background\"><strong>Pr\u00f2xima edici\u00f3:   Febrer 2025<\/strong><\/p>\n<\/div>\n\n\n\n<div class=\"wp-block-column has-border-color has-ast-global-color-6-border-color is-layout-flow wp-container-core-column-is-layout-4 wp-block-column-is-layout-flow\" style=\"padding-right:var(--wp--preset--spacing--20);padding-left:var(--wp--preset--spacing--20)\">\n<figure class=\"wp-block-image aligncenter size-full is-resized\"><a href=\"https:\/\/projectes.xtec.cat\/conv2\/wp-content\/uploads\/usu3025\/2024\/06\/tierra.png\"><img loading=\"lazy\" decoding=\"async\" width=\"512\" height=\"512\" src=\"https:\/\/projectes.xtec.cat\/conv2\/wp-content\/uploads\/usu3025\/2024\/06\/tierra.png\" alt=\"\" class=\"wp-image-11209\" style=\"aspect-ratio:1;width:171px;height:auto\" srcset=\"https:\/\/projectes.xtec.cat\/conv2\/wp-content\/uploads\/usu3025\/2024\/06\/tierra.png 512w, https:\/\/projectes.xtec.cat\/conv2\/wp-content\/uploads\/usu3025\/2024\/06\/tierra-300x300.png 300w, https:\/\/projectes.xtec.cat\/conv2\/wp-content\/uploads\/usu3025\/2024\/06\/tierra-150x150.png 150w\" sizes=\"auto, (max-width: 512px) 100vw, 512px\" \/><\/a><\/figure>\n\n\n\n<p class=\"has-text-align-center\">Viure (aprendre i ensenyar) els drets dels infants<\/p>\n\n\n\n<p><strong>Durada: 30 hores<\/strong><\/p>\n\n\n\n<p>L\u2019objectiu del curs \u00e9s proporcionar formaci\u00f3 i pautes al professorat que aposta per una educaci\u00f3 que tingui incorporada la perspectiva dels drets de la inf\u00e0ncia de forma integral.<\/p>\n\n\n\n<p class=\"has-text-align-center has-ast-global-color-6-background-color has-background\"><strong>Pr\u00f2xima edici\u00f3: Febrer 2025<\/strong><\/p>\n<\/div>\n<\/div>\n\n\n\n<div class=\"wp-block-columns is-layout-flex wp-container-core-columns-is-layout-2 wp-block-columns-is-layout-flex\">\n<div class=\"wp-block-column has-border-color has-ast-global-color-6-border-color is-layout-flow wp-container-core-column-is-layout-5 wp-block-column-is-layout-flow\" style=\"padding-right:var(--wp--preset--spacing--30);padding-left:var(--wp--preset--spacing--30);flex-basis:350px\">\n<figure class=\"wp-block-image aligncenter size-full is-resized\"><a href=\"https:\/\/projectes.xtec.cat\/conv2\/wp-content\/uploads\/usu3025\/2024\/09\/unnamed.png\"><img loading=\"lazy\" decoding=\"async\" width=\"1920\" height=\"1080\" src=\"https:\/\/projectes.xtec.cat\/conv2\/wp-content\/uploads\/usu3025\/2024\/09\/unnamed.png\" alt=\"\" class=\"wp-image-12232\" style=\"aspect-ratio:1.0421545667447307;width:240px;height:auto\" srcset=\"https:\/\/projectes.xtec.cat\/conv2\/wp-content\/uploads\/usu3025\/2024\/09\/unnamed.png 1920w, https:\/\/projectes.xtec.cat\/conv2\/wp-content\/uploads\/usu3025\/2024\/09\/unnamed-300x169.png 300w, https:\/\/projectes.xtec.cat\/conv2\/wp-content\/uploads\/usu3025\/2024\/09\/unnamed-1024x576.png 1024w, https:\/\/projectes.xtec.cat\/conv2\/wp-content\/uploads\/usu3025\/2024\/09\/unnamed-768x432.png 768w, https:\/\/projectes.xtec.cat\/conv2\/wp-content\/uploads\/usu3025\/2024\/09\/unnamed-1536x864.png 1536w\" sizes=\"auto, (max-width: 1920px) 100vw, 1920px\" \/><\/a><\/figure>\n\n\n\n<p class=\"has-text-align-center\"><a href=\"https:\/\/aplicacions.gestioeducativa.gencat.cat\/pls\/soloas\/pk_for_mod_ins.p_for_exhaustiu_activitat?p_header=Detall%20d%27activitat^pk_for_mod_ins.p_for_detall_activitat?p_codi=9004990540%26p_curs=2024-2025%26p_es_inscr=S&amp;p_codi=9004990540&amp;p_curs=2024-2025&amp;p_es_inscr=S\" target=\"_blank\" rel=\"noreferrer noopener\">Prevenci\u00f3 de l&#8217;assetjament escolar: provenci\u00f3<\/a><\/p>\n\n\n\n<p><strong>Durada: 30 hores<\/strong><\/p>\n\n\n\n<p>En aquesta edici\u00f3 es convida a reflexionar sobre el concepte de&nbsp;la provenci\u00f3, com aplicar-la en la creaci\u00f3 i formaci\u00f3 de grups i la import\u00e0ncia del desenvolupament de l&#8217;educaci\u00f3 socioemocional, situant la&nbsp;provenci\u00f3&nbsp;com una de les estrat\u00e8gies preventives m\u00e9s importants.<\/p>\n\n\n\n<p class=\"has-text-align-center has-ast-global-color-6-background-color has-background\"><strong>Pr\u00f2xima edici\u00f3: Febrer 2025<\/strong><\/p>\n\n\n\n<div style=\"height:16px\" aria-hidden=\"true\" class=\"wp-block-spacer\"><\/div>\n<\/div>\n<\/div>\n\n\n\n<h2 class=\"wp-block-heading\">M\u00e9s formacions a centre:<\/h2>\n\n\n\n<div style=\"height:100px\" aria-hidden=\"true\" class=\"wp-block-spacer\"><\/div>\n\n\n\n<p><a href=\"http:\/\/xtec.gencat.cat\/ca\/formacio\/formaciogeneralprofessorat\/convivencia_families_entorn\/\">Conviv\u00e8ncia, fam\u00edlies i entorn. XTEC<\/a><\/p>\n\n\n\n<ul class=\"wp-block-list\">\n<li>Comunitats d&#8217;aprenentatge (curs de sensibilitzaci\u00f3)<\/li>\n\n\n\n<li>Comunitats d&#8217;aprenentatge (taller d&#8217;actualitzaci\u00f3)<\/li>\n\n\n\n<li>Comunicaci\u00f3 Fam\u00edlies i Escola<\/li>\n\n\n\n<li>Enfocament restauratiu<\/li>\n\n\n\n<li>Enfocament restauratiu i mediaci\u00f3<\/li>\n\n\n\n<li>Pacte contra la segregaci\u00f3 escolar<\/li>\n<\/ul>\n","protected":false},"excerpt":{"rendered":"<p>Escola i Fam\u00edlia. Corresponsabilitat i \u00e8xit educatiu Durada: 30 hores Oferta formativa adre\u00e7ada als i les docents d&#8217;educaci\u00f3 infantil, prim\u00e0ria i secund\u00e0ria, que ofereix orientacions i recursos per implicar les fam\u00edlies en la corresponsabilitat amb el centre educatiu. Tamb\u00e9 proposa reflexionar sobre el paper de les fam\u00edlies en l&#8217;educaci\u00f3 dels fills i filles, aix\u00ed com [&hellip;]<\/p>\n","protected":false},"author":3,"featured_media":0,"parent":0,"menu_order":0,"comment_status":"closed","ping_status":"closed","template":"","meta":{"site-sidebar-layout":"default","site-content-layout":"","ast-site-content-layout":"default","site-content-style":"default","site-sidebar-style":"default","ast-global-header-display":"","ast-banner-title-visibility":"","ast-main-header-display":"","ast-hfb-above-header-display":"","ast-hfb-below-header-display":"","ast-hfb-mobile-header-display":"","site-post-title":"","ast-breadcrumbs-content":"","ast-featured-img":"","footer-sml-layout":"","theme-transparent-header-meta":"","adv-header-id-meta":"","stick-header-meta":"","header-above-stick-meta":"","header-main-stick-meta":"","header-below-stick-meta":"","astra-migrate-meta-layouts":"set","ast-page-background-enabled":"default","ast-page-background-meta":{"desktop":{"background-color":"var(--ast-global-color-4)","background-image":"","background-repeat":"repeat","background-position":"center center","background-size":"auto","background-attachment":"scroll","background-type":"","background-media":"","overlay-type":"","overlay-color":"","overlay-opacity":"","overlay-gradient":""},"tablet":{"background-color":"","background-image":"","background-repeat":"repeat","background-position":"center center","background-size":"auto","background-attachment":"scroll","background-type":"","background-media":"","overlay-type":"","overlay-color":"","overlay-opacity":"","overlay-gradient":""},"mobile":{"background-color":"","background-image":"","background-repeat":"repeat","background-position":"center center","background-size":"auto","background-attachment":"scroll","background-type":"","background-media":"","overlay-type":"","overlay-color":"","overlay-opacity":"","overlay-gradient":""}},"ast-content-background-meta":{"desktop":{"background-color":"var(--ast-global-color-5)","background-image":"","background-repeat":"repeat","background-position":"center center","background-size":"auto","background-attachment":"scroll","background-type":"","background-media":"","overlay-type":"","overlay-color":"","overlay-opacity":"","overlay-gradient":""},"tablet":{"background-color":"var(--ast-global-color-5)","background-image":"","background-repeat":"repeat","background-position":"center center","background-size":"auto","background-attachment":"scroll","background-type":"","background-media":"","overlay-type":"","overlay-color":"","overlay-opacity":"","overlay-gradient":""},"mobile":{"background-color":"var(--ast-global-color-5)","background-image":"","background-repeat":"repeat","background-position":"center center","background-size":"auto","background-attachment":"scroll","background-type":"","background-media":"","overlay-type":"","overlay-color":"","overlay-opacity":"","overlay-gradient":""}},"footnotes":""},"class_list":["post-8435","page","type-page","status-publish","hentry"],"post_mailing_queue_ids":[],"_links":{"self":[{"href":"https:\/\/projectes.xtec.cat\/conv2\/wp-json\/wp\/v2\/pages\/8435","targetHints":{"allow":["GET"]}}],"collection":[{"href":"https:\/\/projectes.xtec.cat\/conv2\/wp-json\/wp\/v2\/pages"}],"about":[{"href":"https:\/\/projectes.xtec.cat\/conv2\/wp-json\/wp\/v2\/types\/page"}],"author":[{"embeddable":true,"href":"https:\/\/projectes.xtec.cat\/conv2\/wp-json\/wp\/v2\/users\/3"}],"replies":[{"embeddable":true,"href":"https:\/\/projectes.xtec.cat\/conv2\/wp-json\/wp\/v2\/comments?post=8435"}],"version-history":[{"count":6,"href":"https:\/\/projectes.xtec.cat\/conv2\/wp-json\/wp\/v2\/pages\/8435\/revisions"}],"predecessor-version":[{"id":12596,"href":"https:\/\/projectes.xtec.cat\/conv2\/wp-json\/wp\/v2\/pages\/8435\/revisions\/12596"}],"wp:attachment":[{"href":"https:\/\/projectes.xtec.cat\/conv2\/wp-json\/wp\/v2\/media?parent=8435"}],"curies":[{"name":"wp","href":"https:\/\/api.w.org\/{rel}","templated":true}]}}