{"id":9527,"date":"2024-01-18T12:37:29","date_gmt":"2024-01-18T11:37:29","guid":{"rendered":"https:\/\/projectes.xtec.cat\/convivenciapositiva\/?page_id=9527"},"modified":"2024-09-26T10:38:42","modified_gmt":"2024-09-26T08:38:42","slug":"c1-m1-1-3-fases-de-labordatge","status":"publish","type":"page","link":"https:\/\/projectes.xtec.cat\/conv2\/curs-1-prevencio-de-lassetjament-escolar-sensibilitzacio-i-observacio-conscient\/c1-modul-1-que-es-lassetjament-i-el-ciberassetjament\/c1-m1-1-3-fases-de-labordatge\/","title":{"rendered":"1.4 Fases de l&#8217;abordatge"},"content":{"rendered":"\n<pre class=\"wp-block-preformatted\">El \u201cProtocol d\u2019actuaci\u00f3 davant de qualsevol tipus de viol\u00e8ncia en l\u2019\u00e0mbit educatiu\u201d determina que les fases d\u2019abordatge de l\u2019assetjament escolar s\u00f3n:<\/pre>\n\n\n\n<figure class=\"wp-block-image aligncenter\"><a href=\"https:\/\/projectes.xtec.cat\/conv2\/wp-content\/uploads\/usu3025\/2024\/01\/fases-abordatge-assetjament-escolar.jpg\"><img loading=\"lazy\" decoding=\"async\" width=\"1024\" height=\"478\" src=\"https:\/\/projectes.xtec.cat\/conv2\/wp-content\/uploads\/usu3025\/2024\/01\/fases-abordatge-assetjament-escolar-1024x478.jpg\" alt=\"\" class=\"wp-image-9691\" srcset=\"https:\/\/projectes.xtec.cat\/conv2\/wp-content\/uploads\/usu3025\/2024\/01\/fases-abordatge-assetjament-escolar-1024x478.jpg 1024w, https:\/\/projectes.xtec.cat\/conv2\/wp-content\/uploads\/usu3025\/2024\/01\/fases-abordatge-assetjament-escolar-300x140.jpg 300w, https:\/\/projectes.xtec.cat\/conv2\/wp-content\/uploads\/usu3025\/2024\/01\/fases-abordatge-assetjament-escolar-768x359.jpg 768w, https:\/\/projectes.xtec.cat\/conv2\/wp-content\/uploads\/usu3025\/2024\/01\/fases-abordatge-assetjament-escolar-1536x717.jpg 1536w, https:\/\/projectes.xtec.cat\/conv2\/wp-content\/uploads\/usu3025\/2024\/01\/fases-abordatge-assetjament-escolar.jpg 1913w\" sizes=\"auto, (max-width: 1024px) 100vw, 1024px\" \/><\/a><\/figure>\n\n\n\n<p><\/p>\n\n\n\n<h1 class=\"wp-block-heading\">Fase I: Prevenci\u00f3<\/h1>\n\n\n\n<pre class=\"wp-block-preformatted\">Totes les actuacions \u2014accions i recursos\u2014 que es duen a terme per capacitar l'alumnat i la comunitat educativa per promoure la conviv\u00e8ncia i la gesti\u00f3 positiva dels conflictes, sent conscients de la necessitat d\u2019actuar davant una agressi\u00f3. En l\u2019\u00e0mbit escolar est\u00e0 emmarcada en el Projecte de conviv\u00e8ncia.<\/pre>\n\n\n\n<pre class=\"wp-block-preformatted\">Podem concretar la prevenci\u00f3 en tres estrat\u00e8gies, que s\u00f3n:<\/pre>\n\n\n\n<pre class=\"wp-block-preformatted\"><strong>Provenci\u00f3<\/strong>: Prove\u00efm dels recursos per afrontar positivament els conflictes. Amb una educaci\u00f3 en valors, l'educaci\u00f3 socioemocional i les estrat\u00e8gies per a gesti\u00f3 positiva dels conflictes estem reduint els factors de risc que poden desencadenar un cas d'assetjament escolar.<\/pre>\n\n\n\n<pre class=\"wp-block-preformatted\"><strong>Sensibilitzaci\u00f3<\/strong>: Donar a con\u00e8ixer qu\u00e8 \u00e9s l\u2019assetjament escolar i la import\u00e0ncia que t\u00e9 la responsabilitat individual davant del benestar propi i col\u00b7lectiu.<\/pre>\n\n\n\n<pre class=\"wp-block-preformatted\"><p class=\"li\"><strong>Observaci\u00f3 conscient<\/strong>: Aprendre a tenir una mirada atenta i constant d\u2019all\u00f2 que est\u00e0 passant al voltant, per aix\u00ed recon\u00e8ixer els indicadors i activar l\u2019alarma si se sospita d\u2019un possible cas. Aquesta estrat\u00e8gia interpel\u00b7la a tota la comunitat educativa, en especial a l\u2019alumnat.<\/p><\/pre>\n\n\n\n<figure class=\"wp-block-image aligncenter\"><a href=\"https:\/\/projectes.xtec.cat\/conv2\/wp-content\/uploads\/usu3025\/2024\/01\/Fase-prevencio.jpg\"><img loading=\"lazy\" decoding=\"async\" width=\"1024\" height=\"507\" src=\"https:\/\/projectes.xtec.cat\/conv2\/wp-content\/uploads\/usu3025\/2024\/01\/Fase-prevencio-1024x507.jpg\" alt=\"\" class=\"wp-image-9703\" srcset=\"https:\/\/projectes.xtec.cat\/conv2\/wp-content\/uploads\/usu3025\/2024\/01\/Fase-prevencio-1024x507.jpg 1024w, https:\/\/projectes.xtec.cat\/conv2\/wp-content\/uploads\/usu3025\/2024\/01\/Fase-prevencio-300x149.jpg 300w, https:\/\/projectes.xtec.cat\/conv2\/wp-content\/uploads\/usu3025\/2024\/01\/Fase-prevencio-768x380.jpg 768w, https:\/\/projectes.xtec.cat\/conv2\/wp-content\/uploads\/usu3025\/2024\/01\/Fase-prevencio-1536x760.jpg 1536w, https:\/\/projectes.xtec.cat\/conv2\/wp-content\/uploads\/usu3025\/2024\/01\/Fase-prevencio.jpg 1715w\" sizes=\"auto, (max-width: 1024px) 100vw, 1024px\" \/><\/a><\/figure>\n\n\n\n<h1 class=\"wp-block-heading\">Fase II: Detecci\u00f3<\/h1>\n\n\n\n<pre class=\"wp-block-preformatted\">Si s\u2019ha activat la situaci\u00f3 d'alerta i pensem que hi podria haver un cas d'assetjament escolar, des de l\u2019equip de valoraci\u00f3 especialitzat del centre posem en marxa els mecanismes necessaris per comprendre qu\u00e8 est\u00e0 passant, tenint en compte elements objectius \u2014mesurables\u2014 i tamb\u00e9 subjectius \u2014percepcions.<\/pre>\n\n\n\n<pre class=\"wp-block-preformatted\">Un cop analitzada tota aquesta informaci\u00f3 podem tipificar si es tracta d\u2019una situaci\u00f3 d\u2019assetjament escolar o no. En cas que no ho sigui, igualment haurem d\u2019actuar, tot i que els passos a seguir seran diferents, d\u2019acord amb el pla que correspongui.<\/pre>\n\n\n\n<figure class=\"wp-block-image aligncenter\"><a href=\"https:\/\/projectes.xtec.cat\/conv2\/wp-content\/uploads\/usu3025\/2024\/01\/fases-deteccio.jpg\"><img loading=\"lazy\" decoding=\"async\" width=\"1024\" height=\"435\" src=\"https:\/\/projectes.xtec.cat\/conv2\/wp-content\/uploads\/usu3025\/2024\/01\/fases-deteccio-1024x435.jpg\" alt=\"\" class=\"wp-image-9697\" srcset=\"https:\/\/projectes.xtec.cat\/conv2\/wp-content\/uploads\/usu3025\/2024\/01\/fases-deteccio-1024x435.jpg 1024w, https:\/\/projectes.xtec.cat\/conv2\/wp-content\/uploads\/usu3025\/2024\/01\/fases-deteccio-300x128.jpg 300w, https:\/\/projectes.xtec.cat\/conv2\/wp-content\/uploads\/usu3025\/2024\/01\/fases-deteccio-768x326.jpg 768w, https:\/\/projectes.xtec.cat\/conv2\/wp-content\/uploads\/usu3025\/2024\/01\/fases-deteccio-1536x653.jpg 1536w, https:\/\/projectes.xtec.cat\/conv2\/wp-content\/uploads\/usu3025\/2024\/01\/fases-deteccio.jpg 1687w\" sizes=\"auto, (max-width: 1024px) 100vw, 1024px\" \/><\/a><\/figure>\n\n\n\n<h1 class=\"wp-block-heading\">Fase III: Intervenci\u00f3<\/h1>\n\n\n\n<pre class=\"wp-block-preformatted\">Davant d\u2019un cas confirmat d'assetjament escolar intervenim en tres moments diferents, seguint els passos que estableix el protocol, per tal de reconduir la situaci\u00f3:<\/pre>\n\n\n\n<pre class=\"wp-block-preformatted\"><div class=\"li\"><strong>Aturar i protegir:<\/strong>&nbsp;De manera immediata aturem la viol\u00e8ncia i protegim a totes les persones implicades, independentment de quin sigui el seu rol en el cas.<\/div><\/pre>\n\n\n\n<pre class=\"wp-block-preformatted\"><div class=\"li\"><div class=\"li\"><strong>Activar i implicar:<\/strong>&nbsp;Quan ja no hi ha cap agressi\u00f3, activem mirada de benestar \u2014individual, grupal i de tot el centre\u2014 i impliquem a tothom en la resoluci\u00f3, per tal que sigui conjunta. Aquesta etapa pot durar m\u00e9s o menys temps segons les necessitats de cada situaci\u00f3.<\/div><\/div><\/pre>\n\n\n\n<pre class=\"wp-block-preformatted\"><div class=\"li\"><div class=\"li\"><div class=\"li\" style=\"text-align: justify;\"><strong>Reparar i restaurar:<\/strong>&nbsp;Abans de donar el cas per tancat, reparem el dolor generat i restaurem el benestar, havent-hi el comprom\u00eds de no repetici\u00f3 i transformant els rols disfuncionals en saludables, podent aix\u00ed reconstruir les relacions.<\/div><\/div><\/div><\/pre>\n\n\n\n<ul class=\"wp-block-list\"><\/ul>\n\n\n\n<figure class=\"wp-block-image aligncenter\"><a href=\"https:\/\/projectes.xtec.cat\/conv2\/wp-content\/uploads\/usu3025\/2024\/01\/Fases-intervencio.jpg\"><img loading=\"lazy\" decoding=\"async\" width=\"1024\" height=\"453\" src=\"https:\/\/projectes.xtec.cat\/conv2\/wp-content\/uploads\/usu3025\/2024\/01\/Fases-intervencio-1024x453.jpg\" alt=\"\" class=\"wp-image-9698\" srcset=\"https:\/\/projectes.xtec.cat\/conv2\/wp-content\/uploads\/usu3025\/2024\/01\/Fases-intervencio-1024x453.jpg 1024w, https:\/\/projectes.xtec.cat\/conv2\/wp-content\/uploads\/usu3025\/2024\/01\/Fases-intervencio-300x133.jpg 300w, https:\/\/projectes.xtec.cat\/conv2\/wp-content\/uploads\/usu3025\/2024\/01\/Fases-intervencio-768x340.jpg 768w, https:\/\/projectes.xtec.cat\/conv2\/wp-content\/uploads\/usu3025\/2024\/01\/Fases-intervencio-1536x680.jpg 1536w, https:\/\/projectes.xtec.cat\/conv2\/wp-content\/uploads\/usu3025\/2024\/01\/Fases-intervencio.jpg 1711w\" sizes=\"auto, (max-width: 1024px) 100vw, 1024px\" \/><\/a><\/figure>\n","protected":false},"excerpt":{"rendered":"<p>El \u201cProtocol d\u2019actuaci\u00f3 davant de qualsevol tipus de viol\u00e8ncia en l\u2019\u00e0mbit educatiu\u201d determina que les fases d\u2019abordatge de l\u2019assetjament escolar s\u00f3n: Fase I: Prevenci\u00f3 Totes les actuacions \u2014accions i recursos\u2014 que es duen a terme per capacitar l&#8217;alumnat i la comunitat educativa per promoure la conviv\u00e8ncia i la gesti\u00f3 positiva dels conflictes, sent conscients de [&hellip;]<\/p>\n","protected":false},"author":4,"featured_media":0,"parent":9520,"menu_order":3,"comment_status":"closed","ping_status":"closed","template":"","meta":{"site-sidebar-layout":"default","site-content-layout":"","ast-site-content-layout":"default","site-content-style":"default","site-sidebar-style":"default","ast-global-header-display":"","ast-banner-title-visibility":"","ast-main-header-display":"","ast-hfb-above-header-display":"","ast-hfb-below-header-display":"","ast-hfb-mobile-header-display":"","site-post-title":"","ast-breadcrumbs-content":"","ast-featured-img":"","footer-sml-layout":"","theme-transparent-header-meta":"","adv-header-id-meta":"","stick-header-meta":"","header-above-stick-meta":"","header-main-stick-meta":"","header-below-stick-meta":"","astra-migrate-meta-layouts":"set","ast-page-background-enabled":"default","ast-page-background-meta":{"desktop":{"background-color":"var(--ast-global-color-4)","background-image":"","background-repeat":"repeat","background-position":"center center","background-size":"auto","background-attachment":"scroll","background-type":"","background-media":"","overlay-type":"","overlay-color":"","overlay-opacity":"","overlay-gradient":""},"tablet":{"background-color":"","background-image":"","background-repeat":"repeat","background-position":"center center","background-size":"auto","background-attachment":"scroll","background-type":"","background-media":"","overlay-type":"","overlay-color":"","overlay-opacity":"","overlay-gradient":""},"mobile":{"background-color":"","background-image":"","background-repeat":"repeat","background-position":"center center","background-size":"auto","background-attachment":"scroll","background-type":"","background-media":"","overlay-type":"","overlay-color":"","overlay-opacity":"","overlay-gradient":""}},"ast-content-background-meta":{"desktop":{"background-color":"var(--ast-global-color-5)","background-image":"","background-repeat":"repeat","background-position":"center center","background-size":"auto","background-attachment":"scroll","background-type":"","background-media":"","overlay-type":"","overlay-color":"","overlay-opacity":"","overlay-gradient":""},"tablet":{"background-color":"var(--ast-global-color-5)","background-image":"","background-repeat":"repeat","background-position":"center center","background-size":"auto","background-attachment":"scroll","background-type":"","background-media":"","overlay-type":"","overlay-color":"","overlay-opacity":"","overlay-gradient":""},"mobile":{"background-color":"var(--ast-global-color-5)","background-image":"","background-repeat":"repeat","background-position":"center center","background-size":"auto","background-attachment":"scroll","background-type":"","background-media":"","overlay-type":"","overlay-color":"","overlay-opacity":"","overlay-gradient":""}},"footnotes":""},"class_list":["post-9527","page","type-page","status-publish","hentry"],"post_mailing_queue_ids":[],"_links":{"self":[{"href":"https:\/\/projectes.xtec.cat\/conv2\/wp-json\/wp\/v2\/pages\/9527","targetHints":{"allow":["GET"]}}],"collection":[{"href":"https:\/\/projectes.xtec.cat\/conv2\/wp-json\/wp\/v2\/pages"}],"about":[{"href":"https:\/\/projectes.xtec.cat\/conv2\/wp-json\/wp\/v2\/types\/page"}],"author":[{"embeddable":true,"href":"https:\/\/projectes.xtec.cat\/conv2\/wp-json\/wp\/v2\/users\/4"}],"replies":[{"embeddable":true,"href":"https:\/\/projectes.xtec.cat\/conv2\/wp-json\/wp\/v2\/comments?post=9527"}],"version-history":[{"count":6,"href":"https:\/\/projectes.xtec.cat\/conv2\/wp-json\/wp\/v2\/pages\/9527\/revisions"}],"predecessor-version":[{"id":12345,"href":"https:\/\/projectes.xtec.cat\/conv2\/wp-json\/wp\/v2\/pages\/9527\/revisions\/12345"}],"up":[{"embeddable":true,"href":"https:\/\/projectes.xtec.cat\/conv2\/wp-json\/wp\/v2\/pages\/9520"}],"wp:attachment":[{"href":"https:\/\/projectes.xtec.cat\/conv2\/wp-json\/wp\/v2\/media?parent=9527"}],"curies":[{"name":"wp","href":"https:\/\/api.w.org\/{rel}","templated":true}]}}