{"id":9532,"date":"2024-01-18T12:54:54","date_gmt":"2024-01-18T11:54:54","guid":{"rendered":"https:\/\/projectes.xtec.cat\/convivenciapositiva\/?page_id=9532"},"modified":"2024-10-07T11:08:14","modified_gmt":"2024-10-07T09:08:14","slug":"c1-m2-2-1-conceptes-basics","status":"publish","type":"page","link":"https:\/\/projectes.xtec.cat\/conv2\/curs-1-prevencio-de-lassetjament-escolar-sensibilitzacio-i-observacio-conscient\/curs-1-modul-2-la-sensibilitzacio-estrategia-de-prevencio-de-lassetjament-escolar\/c1-m2-2-1-conceptes-basics\/","title":{"rendered":"2.1 De qu\u00e8 parlem?"},"content":{"rendered":"\n<pre class=\"wp-block-preformatted\"><strong>Qu\u00e8 entenem per sensibilitzaci\u00f3?<\/strong><\/pre>\n\n\n\n<figure class=\"wp-block-image aligncenter\"><a href=\"https:\/\/projectes.xtec.cat\/conv2\/wp-content\/uploads\/usu3025\/2024\/01\/Sensibilitzacio-scaled-1.jpg\"><img loading=\"lazy\" decoding=\"async\" width=\"2560\" height=\"341\" src=\"https:\/\/projectes.xtec.cat\/conv2\/wp-content\/uploads\/usu3025\/2024\/01\/Sensibilitzacio-scaled-1.jpg\" alt=\"\" class=\"wp-image-9983\" srcset=\"https:\/\/projectes.xtec.cat\/conv2\/wp-content\/uploads\/usu3025\/2024\/01\/Sensibilitzacio-scaled-1.jpg 2560w, https:\/\/projectes.xtec.cat\/conv2\/wp-content\/uploads\/usu3025\/2024\/01\/Sensibilitzacio-scaled-1-300x40.jpg 300w, https:\/\/projectes.xtec.cat\/conv2\/wp-content\/uploads\/usu3025\/2024\/01\/Sensibilitzacio-scaled-1-1024x136.jpg 1024w, https:\/\/projectes.xtec.cat\/conv2\/wp-content\/uploads\/usu3025\/2024\/01\/Sensibilitzacio-scaled-1-768x102.jpg 768w, https:\/\/projectes.xtec.cat\/conv2\/wp-content\/uploads\/usu3025\/2024\/01\/Sensibilitzacio-scaled-1-1536x205.jpg 1536w, https:\/\/projectes.xtec.cat\/conv2\/wp-content\/uploads\/usu3025\/2024\/01\/Sensibilitzacio-scaled-1-2048x273.jpg 2048w\" sizes=\"auto, (max-width: 2560px) 100vw, 2560px\" \/><\/a><\/figure>\n\n\n\n<p><\/p>\n\n\n\n<pre class=\"wp-block-preformatted\">Aquestes actuacions es concreten fonamentalment en sessions d\u2019informaci\u00f3 o formaci\u00f3 sobre els diversos tipus de viol\u00e8ncies i\/o la celebraci\u00f3 de dies internacionals, i redueixen els&nbsp;<strong>factors de risc<\/strong>.<\/pre>\n\n\n\n<figure class=\"wp-block-image alignleft is-resized\"><a href=\"https:\/\/projectes.xtec.cat\/conv2\/wp-content\/uploads\/usu3025\/2024\/01\/factor-de-risc-verd.jpg\"><img loading=\"lazy\" decoding=\"async\" width=\"300\" height=\"289\" src=\"https:\/\/projectes.xtec.cat\/conv2\/wp-content\/uploads\/usu3025\/2024\/01\/factor-de-risc-verd-300x289.jpg\" alt=\"\" class=\"wp-image-9706\" style=\"width:277px;height:auto\" srcset=\"https:\/\/projectes.xtec.cat\/conv2\/wp-content\/uploads\/usu3025\/2024\/01\/factor-de-risc-verd-300x289.jpg 300w, https:\/\/projectes.xtec.cat\/conv2\/wp-content\/uploads\/usu3025\/2024\/01\/factor-de-risc-verd.jpg 757w\" sizes=\"auto, (max-width: 300px) 100vw, 300px\" \/><\/a><\/figure>\n\n\n\n<figure class=\"wp-block-image alignright is-resized\"><img decoding=\"async\" src=\"https:\/\/ateneu.xtec.cat\/wikiform\/wikiexport\/_media\/cmd\/eif\/prae\/modul_2\/presentacio_sense_titol.png?w=300&amp;tok=be6a85\" alt=\"\" style=\"width:273px;height:auto\"\/><\/figure>\n\n\n\n<pre class=\"wp-block-preformatted\">Els&nbsp;<strong>factors de risc<\/strong>&nbsp;d\u2019aquestes situacions de viol\u00e8ncia s\u00f3n diversos, per la qual cosa ser\u00e0 necessari un enfocament multidisciplinari per treballar-ne la prevenci\u00f3. Aquests factors poden vincular-se a diferents \u00e0mbits: el desenvolupament personal, el context escolar, l\u2019\u00e0mbit familiar i l\u2019entorn, i encara que es podrien donar de forma a\u00efllada sovint s\u2019interrelacionen.<\/pre>\n\n\n\n<pre class=\"wp-block-preformatted\">Un dels grans objectius de l\u2019estrat\u00e8gia sensibilitzadora \u00e9s que&nbsp;<strong>tornem a ser sensibles<\/strong>&nbsp;davant de certes situacions que hem normalitzat. Per assolir-ho treballem en tot all\u00f2 que ens pot allunyar del benestar, tant a escala individual com comunit\u00e0ria.<\/pre>\n\n\n\n<pre class=\"wp-block-preformatted\">En aquest sentit, podem dur a terme actuacions centrades a&nbsp;<strong>comprendre l\u2019assetjament escolar<\/strong>,<strong>&nbsp;trencar les creences<\/strong> <strong>limitants<\/strong>,&nbsp;<strong>al mal \u00fas de les xarxes<\/strong>&nbsp;o l'<strong>exclusi\u00f3 dins del grup<\/strong>.<\/pre>\n\n\n\n<figure class=\"wp-block-embed is-provider-youtube wp-block-embed-youtube\"><div class=\"wp-block-embed__wrapper\">\n<div class=\"ast-oembed-container \" style=\"height: 100%;\"><iframe loading=\"lazy\" title=\"Els eixos de sensibilitzaci\u00f3 en vers l&#039;assetjament escolar\" width=\"500\" height=\"281\" src=\"https:\/\/www.youtube.com\/embed\/6zmIXM9YtGQ?feature=oembed\" frameborder=\"0\" allow=\"accelerometer; autoplay; clipboard-write; encrypted-media; gyroscope; picture-in-picture; web-share\" referrerpolicy=\"strict-origin-when-cross-origin\" allowfullscreen><\/iframe><\/div>\n<\/div><\/figure>\n","protected":false},"excerpt":{"rendered":"<p>Qu\u00e8 entenem per sensibilitzaci\u00f3? Aquestes actuacions es concreten fonamentalment en sessions d\u2019informaci\u00f3 o formaci\u00f3 sobre els diversos tipus de viol\u00e8ncies i\/o la celebraci\u00f3 de dies internacionals, i redueixen els&nbsp;factors de risc. Els&nbsp;factors de risc&nbsp;d\u2019aquestes situacions de viol\u00e8ncia s\u00f3n diversos, per la qual cosa ser\u00e0 necessari un enfocament multidisciplinari per treballar-ne la prevenci\u00f3. Aquests factors poden [&hellip;]<\/p>\n","protected":false},"author":4,"featured_media":0,"parent":9530,"menu_order":1,"comment_status":"closed","ping_status":"closed","template":"","meta":{"site-sidebar-layout":"default","site-content-layout":"","ast-site-content-layout":"default","site-content-style":"default","site-sidebar-style":"default","ast-global-header-display":"","ast-banner-title-visibility":"","ast-main-header-display":"","ast-hfb-above-header-display":"","ast-hfb-below-header-display":"","ast-hfb-mobile-header-display":"","site-post-title":"","ast-breadcrumbs-content":"","ast-featured-img":"","footer-sml-layout":"","theme-transparent-header-meta":"","adv-header-id-meta":"","stick-header-meta":"","header-above-stick-meta":"","header-main-stick-meta":"","header-below-stick-meta":"","astra-migrate-meta-layouts":"set","ast-page-background-enabled":"default","ast-page-background-meta":{"desktop":{"background-color":"var(--ast-global-color-4)","background-image":"","background-repeat":"repeat","background-position":"center center","background-size":"auto","background-attachment":"scroll","background-type":"","background-media":"","overlay-type":"","overlay-color":"","overlay-opacity":"","overlay-gradient":""},"tablet":{"background-color":"","background-image":"","background-repeat":"repeat","background-position":"center center","background-size":"auto","background-attachment":"scroll","background-type":"","background-media":"","overlay-type":"","overlay-color":"","overlay-opacity":"","overlay-gradient":""},"mobile":{"background-color":"","background-image":"","background-repeat":"repeat","background-position":"center center","background-size":"auto","background-attachment":"scroll","background-type":"","background-media":"","overlay-type":"","overlay-color":"","overlay-opacity":"","overlay-gradient":""}},"ast-content-background-meta":{"desktop":{"background-color":"var(--ast-global-color-5)","background-image":"","background-repeat":"repeat","background-position":"center center","background-size":"auto","background-attachment":"scroll","background-type":"","background-media":"","overlay-type":"","overlay-color":"","overlay-opacity":"","overlay-gradient":""},"tablet":{"background-color":"var(--ast-global-color-5)","background-image":"","background-repeat":"repeat","background-position":"center center","background-size":"auto","background-attachment":"scroll","background-type":"","background-media":"","overlay-type":"","overlay-color":"","overlay-opacity":"","overlay-gradient":""},"mobile":{"background-color":"var(--ast-global-color-5)","background-image":"","background-repeat":"repeat","background-position":"center center","background-size":"auto","background-attachment":"scroll","background-type":"","background-media":"","overlay-type":"","overlay-color":"","overlay-opacity":"","overlay-gradient":""}},"footnotes":""},"class_list":["post-9532","page","type-page","status-publish","hentry"],"post_mailing_queue_ids":[],"_links":{"self":[{"href":"https:\/\/projectes.xtec.cat\/conv2\/wp-json\/wp\/v2\/pages\/9532","targetHints":{"allow":["GET"]}}],"collection":[{"href":"https:\/\/projectes.xtec.cat\/conv2\/wp-json\/wp\/v2\/pages"}],"about":[{"href":"https:\/\/projectes.xtec.cat\/conv2\/wp-json\/wp\/v2\/types\/page"}],"author":[{"embeddable":true,"href":"https:\/\/projectes.xtec.cat\/conv2\/wp-json\/wp\/v2\/users\/4"}],"replies":[{"embeddable":true,"href":"https:\/\/projectes.xtec.cat\/conv2\/wp-json\/wp\/v2\/comments?post=9532"}],"version-history":[{"count":6,"href":"https:\/\/projectes.xtec.cat\/conv2\/wp-json\/wp\/v2\/pages\/9532\/revisions"}],"predecessor-version":[{"id":12416,"href":"https:\/\/projectes.xtec.cat\/conv2\/wp-json\/wp\/v2\/pages\/9532\/revisions\/12416"}],"up":[{"embeddable":true,"href":"https:\/\/projectes.xtec.cat\/conv2\/wp-json\/wp\/v2\/pages\/9530"}],"wp:attachment":[{"href":"https:\/\/projectes.xtec.cat\/conv2\/wp-json\/wp\/v2\/media?parent=9532"}],"curies":[{"name":"wp","href":"https:\/\/api.w.org\/{rel}","templated":true}]}}