{"id":9536,"date":"2024-01-18T12:55:54","date_gmt":"2024-01-18T11:55:54","guid":{"rendered":"https:\/\/projectes.xtec.cat\/convivenciapositiva\/?page_id=9536"},"modified":"2025-07-02T08:31:18","modified_gmt":"2025-07-02T06:31:18","slug":"c1-m2-2-3-trencar-creences","status":"publish","type":"page","link":"https:\/\/projectes.xtec.cat\/conv2\/curs-1-prevencio-de-lassetjament-escolar-sensibilitzacio-i-observacio-conscient\/curs-1-modul-2-la-sensibilitzacio-estrategia-de-prevencio-de-lassetjament-escolar\/c1-m2-2-3-trencar-creences\/","title":{"rendered":"2.3 Trencar creences limitants"},"content":{"rendered":"\n<pre class=\"wp-block-preformatted\">Algunes <strong>creences s\u00f3n limitants<\/strong> i poden arribar a <strong>sostenir o a perpetuar la viol\u00e8ncia<\/strong>, per aquest motiu \u00e9s necessari prendre consci\u00e8ncia de les pr\u00f2pies creences, identificar-les i q\u00fcestionar-les per tal de poder transformar-les.<\/pre>\n\n\n\n<pre class=\"wp-block-preformatted\">Alguns exemples s\u00f3n:<\/pre>\n\n\n\n<figure class=\"wp-block-image aligncenter\"><a class=\"media\" href=\"https:\/\/ateneu.xtec.cat\/wikiform\/wikiexport\/_detail\/cmd\/eif\/prae\/modul_2\/imatge_2.3.jpg?id=cmd%3Aeif%3Aprae%3Amodul_2%3Aapartat_3\" target=\"_blank\" rel=\"noopener\"><img decoding=\"async\" src=\"https:\/\/ateneu.xtec.cat\/wikiform\/wikiexport\/_media\/cmd\/eif\/prae\/modul_2\/imatge_2.3.jpg\" alt=\"\"\/><\/a><\/figure>\n\n\n\n<pre class=\"wp-block-preformatted\">Altres creences que s\u00f3n sensibles de necessitar ser transformades poden ser: \u201cla difer\u00e8ncia \u00e9s dolenta\u201d, \u201cla persona en rol d\u2019agressora s\u2019est\u00e0 guanyant el respecte de la gent\u201d, \u201cs\u00f3n coses de canalla\u201d, \u201ca la meva \u00e8poca encara era pitjor\u201d, \u201cl\u2019agressivitat no ens afecta\u201d, o \u201cla persona en rol d\u2019agressora \u00e9s dolenta\u201d, entre d\u2019altres.<\/pre>\n\n\n\n<h2 class=\"wp-block-heading has-background\" style=\"background-color:#1ca7a8\"><strong><em>2.3.1 Proposta din\u00e0mica d&#8217;aula<\/em><\/strong><\/h2>\n\n\n\n<pre class=\"wp-block-preformatted\">La proposta de din\u00e0mica que es presenta en aquest punt ens convida a reflexionar sobre les 7 creences, donant resposta a la seg\u00fcent pregunta:<\/pre>\n\n\n\n<pre class=\"wp-block-preformatted\"><strong>Qu\u00e8 faries tu per trencar aquesta creen\u00e7a d'un infant\/jove amb qui treballes?<\/strong><\/pre>\n\n\n\n<pre class=\"wp-block-preformatted\">Creences:<br><br>Xivar-se \u00e9s dolent<br>La difer\u00e8ncia (i defectes) \u00e9s dolenta<br>La viol\u00e8ncia \u00e9s NORMAL<br>L'agressivitat no ens afecta<br>La v\u00edctima \u00e9s d\u00e8bil<br>L'agressor\/a es guanya el respecte<br>Jo no puc fer res<\/pre>\n\n\n\n<pre class=\"wp-block-preformatted\">Possibles respostes:<\/pre>\n\n\n\n<figure class=\"wp-block-image aligncenter size-full is-resized\"><a href=\"https:\/\/projectes.xtec.cat\/conv2\/wp-content\/uploads\/usu3025\/2024\/09\/canvi-mirada-creences-1.png\"><img loading=\"lazy\" decoding=\"async\" width=\"757\" height=\"873\" src=\"https:\/\/projectes.xtec.cat\/conv2\/wp-content\/uploads\/usu3025\/2024\/09\/canvi-mirada-creences-1.png\" alt=\"\" class=\"wp-image-12322\" style=\"width:917px;height:auto\" srcset=\"https:\/\/projectes.xtec.cat\/conv2\/wp-content\/uploads\/usu3025\/2024\/09\/canvi-mirada-creences-1.png 757w, https:\/\/projectes.xtec.cat\/conv2\/wp-content\/uploads\/usu3025\/2024\/09\/canvi-mirada-creences-1-260x300.png 260w\" sizes=\"auto, (max-width: 757px) 100vw, 757px\" \/><\/a><\/figure>\n\n\n\n<figure class=\"wp-block-image aligncenter size-full is-resized\"><a href=\"https:\/\/projectes.xtec.cat\/conv2\/wp-content\/uploads\/usu3025\/2024\/09\/canvi-mirada-creences-2.png\"><img loading=\"lazy\" decoding=\"async\" width=\"765\" height=\"875\" src=\"https:\/\/projectes.xtec.cat\/conv2\/wp-content\/uploads\/usu3025\/2024\/09\/canvi-mirada-creences-2.png\" alt=\"\" class=\"wp-image-12323\" style=\"width:917px;height:auto\" srcset=\"https:\/\/projectes.xtec.cat\/conv2\/wp-content\/uploads\/usu3025\/2024\/09\/canvi-mirada-creences-2.png 765w, https:\/\/projectes.xtec.cat\/conv2\/wp-content\/uploads\/usu3025\/2024\/09\/canvi-mirada-creences-2-262x300.png 262w\" sizes=\"auto, (max-width: 765px) 100vw, 765px\" \/><\/a><\/figure>\n\n\n\n<pre class=\"wp-block-preformatted\">Aqu\u00ed teniu m\u00e9s <strong>din\u00e0miques d'aula<\/strong> que podeu aplicar:<\/pre>\n\n\n\n<div class=\"wp-block-buttons is-content-justification-center is-layout-flex wp-container-core-buttons-is-layout-1 wp-block-buttons-is-layout-flex\">\n<div class=\"wp-block-button\"><a class=\"wp-block-button__link has-background wp-element-button\" href=\"https:\/\/drive.google.com\/file\/d\/198x5T-DSaI8VgS_6lOTAF9NhuCJZiwOv\/view?usp=drive_link\" style=\"background-color:#1ca7a8\">Contes tradicionals per trencar creences<\/a><\/div>\n\n\n\n<div class=\"wp-block-button\"><a class=\"wp-block-button__link has-background has-text-align-center wp-element-button\" href=\"https:\/\/drive.google.com\/file\/d\/1yFe5taSkZZvW4VcnJ9ECmAy874SBA6pE\/view?usp=drive_link\" style=\"background-color:#1ca7a8\">Descobreix les creences que et limiten<\/a><\/div>\n<\/div>\n\n\n\n<div style=\"height:21px\" aria-hidden=\"true\" class=\"wp-block-spacer\"><\/div>\n\n\n\n<h2 class=\"wp-block-heading has-background\" style=\"background-color:#1ca7a8\"><strong><em>2.3.2 Banc de recursos<\/em><\/strong><\/h2>\n\n\n\n<div class=\"wp-block-columns is-layout-flex wp-container-core-columns-is-layout-1 wp-block-columns-is-layout-flex\">\n<div class=\"wp-block-column is-layout-flow wp-block-column-is-layout-flow\" style=\"flex-basis:100%\">\n<figure class=\"wp-block-table\"><table><tbody><tr><td>\n<h3 style=\"text-align: center;\">Activitat d\u2019aula&nbsp;<a class=\"urlextern\" title=\"https:\/\/pdabullying.com\/ca\/resource\/campanya-se-buscan-valientes-de-mediaset\" href=\"https:\/\/pdabullying.com\/ca\/resource\/campanya-se-buscan-valientes-de-mediaset\" target=\"_blank\" rel=\"nofollow noopener\">Se buscan valientes.<\/a><\/h3>\n<\/td><td><iframe loading=\"lazy\" title=\"YouTube video player\" src=\"https:\/\/www.youtube.com\/embed\/omZkxy3wU1c?si=j1iua1fvCCUabp-K\" width=\"560\" height=\"315\" frameborder=\"0\" allowfullscreen=\"allowfullscreen\"><\/iframe><\/td><\/tr><tr><td>\n<h3 style=\"text-align: center;\"><a href=\"https:\/\/pdabullying.com\/ca\/resource\/for-the-birds-curt-pixar\">Activitat d\u2019aula&nbsp;For the birds.<\/a><\/h3>\n<\/td><td><iframe loading=\"lazy\" title=\"YouTube video player\" src=\"https:\/\/www.youtube.com\/embed\/JVJ2K1JNiJI?si=_TaldYP1YqmisFAj\" width=\"560\" height=\"315\" frameborder=\"0\" allowfullscreen=\"allowfullscreen\"><\/iframe><\/td><\/tr><\/tbody><\/table><\/figure>\n<\/div>\n<\/div>\n","protected":false},"excerpt":{"rendered":"<p>Algunes creences s\u00f3n limitants i poden arribar a sostenir o a perpetuar la viol\u00e8ncia, per aquest motiu \u00e9s necessari prendre consci\u00e8ncia de les pr\u00f2pies creences, identificar-les i q\u00fcestionar-les per tal de poder transformar-les. Alguns exemples s\u00f3n: Altres creences que s\u00f3n sensibles de necessitar ser transformades poden ser: \u201cla difer\u00e8ncia \u00e9s dolenta\u201d, \u201cla persona en rol [&hellip;]<\/p>\n","protected":false},"author":4,"featured_media":0,"parent":9530,"menu_order":3,"comment_status":"closed","ping_status":"closed","template":"","meta":{"site-sidebar-layout":"default","site-content-layout":"","ast-site-content-layout":"default","site-content-style":"default","site-sidebar-style":"default","ast-global-header-display":"","ast-banner-title-visibility":"","ast-main-header-display":"","ast-hfb-above-header-display":"","ast-hfb-below-header-display":"","ast-hfb-mobile-header-display":"","site-post-title":"","ast-breadcrumbs-content":"","ast-featured-img":"","footer-sml-layout":"","theme-transparent-header-meta":"","adv-header-id-meta":"","stick-header-meta":"","header-above-stick-meta":"","header-main-stick-meta":"","header-below-stick-meta":"","astra-migrate-meta-layouts":"set","ast-page-background-enabled":"default","ast-page-background-meta":{"desktop":{"background-color":"var(--ast-global-color-4)","background-image":"","background-repeat":"repeat","background-position":"center center","background-size":"auto","background-attachment":"scroll","background-type":"","background-media":"","overlay-type":"","overlay-color":"","overlay-opacity":"","overlay-gradient":""},"tablet":{"background-color":"","background-image":"","background-repeat":"repeat","background-position":"center center","background-size":"auto","background-attachment":"scroll","background-type":"","background-media":"","overlay-type":"","overlay-color":"","overlay-opacity":"","overlay-gradient":""},"mobile":{"background-color":"","background-image":"","background-repeat":"repeat","background-position":"center center","background-size":"auto","background-attachment":"scroll","background-type":"","background-media":"","overlay-type":"","overlay-color":"","overlay-opacity":"","overlay-gradient":""}},"ast-content-background-meta":{"desktop":{"background-color":"var(--ast-global-color-5)","background-image":"","background-repeat":"repeat","background-position":"center center","background-size":"auto","background-attachment":"scroll","background-type":"","background-media":"","overlay-type":"","overlay-color":"","overlay-opacity":"","overlay-gradient":""},"tablet":{"background-color":"var(--ast-global-color-5)","background-image":"","background-repeat":"repeat","background-position":"center center","background-size":"auto","background-attachment":"scroll","background-type":"","background-media":"","overlay-type":"","overlay-color":"","overlay-opacity":"","overlay-gradient":""},"mobile":{"background-color":"var(--ast-global-color-5)","background-image":"","background-repeat":"repeat","background-position":"center center","background-size":"auto","background-attachment":"scroll","background-type":"","background-media":"","overlay-type":"","overlay-color":"","overlay-opacity":"","overlay-gradient":""}},"footnotes":""},"class_list":["post-9536","page","type-page","status-publish","hentry"],"post_mailing_queue_ids":[],"_links":{"self":[{"href":"https:\/\/projectes.xtec.cat\/conv2\/wp-json\/wp\/v2\/pages\/9536","targetHints":{"allow":["GET"]}}],"collection":[{"href":"https:\/\/projectes.xtec.cat\/conv2\/wp-json\/wp\/v2\/pages"}],"about":[{"href":"https:\/\/projectes.xtec.cat\/conv2\/wp-json\/wp\/v2\/types\/page"}],"author":[{"embeddable":true,"href":"https:\/\/projectes.xtec.cat\/conv2\/wp-json\/wp\/v2\/users\/4"}],"replies":[{"embeddable":true,"href":"https:\/\/projectes.xtec.cat\/conv2\/wp-json\/wp\/v2\/comments?post=9536"}],"version-history":[{"count":6,"href":"https:\/\/projectes.xtec.cat\/conv2\/wp-json\/wp\/v2\/pages\/9536\/revisions"}],"predecessor-version":[{"id":12845,"href":"https:\/\/projectes.xtec.cat\/conv2\/wp-json\/wp\/v2\/pages\/9536\/revisions\/12845"}],"up":[{"embeddable":true,"href":"https:\/\/projectes.xtec.cat\/conv2\/wp-json\/wp\/v2\/pages\/9530"}],"wp:attachment":[{"href":"https:\/\/projectes.xtec.cat\/conv2\/wp-json\/wp\/v2\/media?parent=9536"}],"curies":[{"name":"wp","href":"https:\/\/api.w.org\/{rel}","templated":true}]}}