{"id":9576,"date":"2024-01-18T13:21:03","date_gmt":"2024-01-18T12:21:03","guid":{"rendered":"https:\/\/projectes.xtec.cat\/convivenciapositiva\/?page_id=9576"},"modified":"2025-12-18T12:03:31","modified_gmt":"2025-12-18T11:03:31","slug":"3-3-observacio-de-les-relacions","status":"publish","type":"page","link":"https:\/\/projectes.xtec.cat\/conv2\/curs-1-prevencio-de-lassetjament-escolar-sensibilitzacio-i-observacio-conscient\/modul-3-lobservacio-conscient-estrategia-de-prevencio-de-lassetjament-escolar\/3-3-observacio-de-les-relacions\/","title":{"rendered":"3.3 Observaci\u00f3 de les relacions"},"content":{"rendered":"\n<pre class=\"wp-block-preformatted\">Una bona pr\u00e0ctica en relaci\u00f3 amb l\u2019observaci\u00f3 de les relacions&nbsp;dins la comunitat educativa, \u00e9s poder revisar com s\u00f3n de saludables les relacions entre la fam\u00edlia i el centre, entre el professorat, entre l\u2019alumnat, i entre l\u2019alumnat i el professorat.<br><br>\u00c9s important recon\u00e8ixer que \u00e9s a trav\u00e9s d\u2019aquesta visi\u00f3 global \u00e9s com es pot veure el&nbsp;clima relacional&nbsp;del centre, no \u00fanicament tenint en compte les relacions entre infants i joves.<\/pre>\n\n\n\n<figure class=\"wp-block-image aligncenter size-large\"><a href=\"https:\/\/projectes.xtec.cat\/conv2\/wp-content\/uploads\/usu3025\/2024\/01\/Observacio-relacions-comunitat-educativa-1.jpg\"><img loading=\"lazy\" decoding=\"async\" width=\"1024\" height=\"491\" src=\"https:\/\/projectes.xtec.cat\/conv2\/wp-content\/uploads\/usu3025\/2024\/01\/Observacio-relacions-comunitat-educativa-1-1024x491.jpg\" alt=\"\" class=\"wp-image-9791\" srcset=\"https:\/\/projectes.xtec.cat\/conv2\/wp-content\/uploads\/usu3025\/2024\/01\/Observacio-relacions-comunitat-educativa-1-1024x491.jpg 1024w, https:\/\/projectes.xtec.cat\/conv2\/wp-content\/uploads\/usu3025\/2024\/01\/Observacio-relacions-comunitat-educativa-1-300x144.jpg 300w, https:\/\/projectes.xtec.cat\/conv2\/wp-content\/uploads\/usu3025\/2024\/01\/Observacio-relacions-comunitat-educativa-1-768x368.jpg 768w, https:\/\/projectes.xtec.cat\/conv2\/wp-content\/uploads\/usu3025\/2024\/01\/Observacio-relacions-comunitat-educativa-1-1536x736.jpg 1536w, https:\/\/projectes.xtec.cat\/conv2\/wp-content\/uploads\/usu3025\/2024\/01\/Observacio-relacions-comunitat-educativa-1.jpg 1885w\" sizes=\"auto, (max-width: 1024px) 100vw, 1024px\" \/><\/a><\/figure>\n\n\n\n<pre class=\"wp-block-preformatted\">En aquest darrer cas, els professionals d\u2019\u00e0mbit educatiu que intervenen en els&nbsp;espais i temps lectius i no lectius&nbsp;han de garantir una observaci\u00f3 i supervisi\u00f3 educativa i efectiva. Cal estar amatents, per tant, a les relacions dins el recinte escolar o durant les activitats complement\u00e0ries i extraescolars o la prestaci\u00f3 de serveis escolars de menjador i transport o d\u2019altres organitzats pel centre. Tamb\u00e9 si tenen lloc fora del recinte escolar, si estan motivades per la vida escolar o hi estan directament relacionades i afecten altres alumnes o altres membres de la comunitat educativa.<\/pre>\n\n\n\n<figure class=\"wp-block-image aligncenter size-large\"><a href=\"https:\/\/projectes.xtec.cat\/conv2\/wp-content\/uploads\/usu3025\/2024\/09\/Comunicacio-espais-lectius-no-lectius.jpg\"><img loading=\"lazy\" decoding=\"async\" width=\"1024\" height=\"451\" src=\"https:\/\/projectes.xtec.cat\/conv2\/wp-content\/uploads\/usu3025\/2024\/09\/Comunicacio-espais-lectius-no-lectius-1024x451.jpg\" alt=\"\" class=\"wp-image-12278\" srcset=\"https:\/\/projectes.xtec.cat\/conv2\/wp-content\/uploads\/usu3025\/2024\/09\/Comunicacio-espais-lectius-no-lectius-1024x451.jpg 1024w, https:\/\/projectes.xtec.cat\/conv2\/wp-content\/uploads\/usu3025\/2024\/09\/Comunicacio-espais-lectius-no-lectius-300x132.jpg 300w, https:\/\/projectes.xtec.cat\/conv2\/wp-content\/uploads\/usu3025\/2024\/09\/Comunicacio-espais-lectius-no-lectius-768x338.jpg 768w, https:\/\/projectes.xtec.cat\/conv2\/wp-content\/uploads\/usu3025\/2024\/09\/Comunicacio-espais-lectius-no-lectius-1536x676.jpg 1536w, https:\/\/projectes.xtec.cat\/conv2\/wp-content\/uploads\/usu3025\/2024\/09\/Comunicacio-espais-lectius-no-lectius.jpg 1787w\" sizes=\"auto, (max-width: 1024px) 100vw, 1024px\" \/><\/a><\/figure>\n\n\n\n<pre class=\"wp-block-preformatted\">Per copsar el benestar i les relacions entre l\u2019alumnat i la resta de la comunitat educativa, els centres poden disposar d\u2019eines i recursos&nbsp;com ara&nbsp;sociogrames,&nbsp;q\u00fcestionaris sobre conviv\u00e8ncia,&nbsp;tutoria entre iguals,&nbsp;tutoria individualitzada, etc.<br><br>Pel que fa a les relacions entre fam\u00edlia i escola, cal facilitar els processos de&nbsp;corresponsabilitzaci\u00f3&nbsp;i promoure la implicaci\u00f3 de les fam\u00edlies en el proc\u00e9s escolar i educatiu dels seus fills i filles. Per a tal fi, els centres poden oferir eines com l\u2019Espai Fam\u00edlies&nbsp;del web del Departament d\u2019Educaci\u00f3. Davant situacions de conflicte relacionades amb la conviv\u00e8ncia escolar, els centres poden rebre <strong>assessorament de la&nbsp;Unitat de Suport a la Conviv\u00e8ncia Escolar&nbsp;(USCE)<\/strong>.<\/pre>\n\n\n\n<h2 class=\"wp-block-heading has-background\" style=\"background-color:#ff8578\"><strong><em>3.3.1 Proposta de din\u00e0mica d&#8217;aula<\/em><\/strong><\/h2>\n\n\n\n<pre class=\"wp-block-preformatted\"><strong>T\u00e8cnica sociograma actiu<\/strong><\/pre>\n\n\n\n<pre class=\"wp-block-preformatted\">Els sociogrames ens permeten observar i representar gr\u00e0ficament les relacions i els rols, entre d\u2019altres, dels membres d\u2019un grup. Aquests sociogrames poden ser&nbsp;sociom\u00e8trics o actius.<br><br>Els&nbsp;tests sociom\u00e8trics&nbsp;consisteixen a proposar a tots els membres d'un grup pr\u00e8viament delimitat una s\u00e8rie de preguntes relatives a les relacions reals, hipot\u00e8tiques o desitjades amb els altres membres del grup. Aquests tipus de tests cal aplicar-los a l'aula amb l\u2019ajuda d\u2019un professional que ens procuri una bona interpretaci\u00f3 dels resultats.<br><br>Els&nbsp;sociogrames actius, des d'una mirada d\u2019an\u00e0lisi de grup, ens permeten veure el lloc que ocupa cadasc\u00fa, les relacions i el benestar a trav\u00e9s de din\u00e0miques d\u2019aula. A continuaci\u00f3 us mostrem diversos tipus de sociogrames actius i activitats per observar els rols que actuen dins del grup:<\/pre>\n\n\n\n<div class=\"wp-block-buttons is-layout-flex wp-block-buttons-is-layout-flex\">\n<div class=\"wp-block-button is-style-fill\"><a class=\"wp-block-button__link has-background has-text-align-center wp-element-button\" href=\"https:\/\/docs.google.com\/document\/d\/1A9c2leORSSdzTIA6pY5P27eu5jYOlmA0\/edit?usp=sharing&amp;ouid=111618243243701875186&amp;rtpof=true&amp;sd=true\" style=\"background-color:#ff8578\" target=\"_blank\" rel=\"noreferrer noopener\">Sociograma 3 colors<\/a><\/div>\n\n\n\n<div class=\"wp-block-button is-style-fill\"><a class=\"wp-block-button__link has-background wp-element-button\" href=\"https:\/\/docs.google.com\/document\/d\/1vywwES3aZn8MvuwLDR2KPp3e-8sUSBOA\/edit?usp=sharing&amp;ouid=111618243243701875186&amp;rtpof=true&amp;sd=true\" style=\"background-color:#ff8578\" target=\"_blank\" rel=\"noreferrer noopener\">Sociograma vaixell\/arbre<\/a><\/div>\n\n\n\n<div class=\"wp-block-button is-style-fill\"><a class=\"wp-block-button__link has-background wp-element-button\" href=\"https:\/\/docs.google.com\/document\/d\/1akbpMjhM7_cnteN8qn5xZDY-y-3KRos5\/edit?usp=sharing&amp;ouid=111618243243701875186&amp;rtpof=true&amp;sd=true\" style=\"background-color:#ff8578\" target=\"_blank\" rel=\"noreferrer noopener\">Sociograma Cercles conc\u00e8ntrics<\/a><\/div>\n\n\n\n<div class=\"wp-block-button is-style-fill\"><a class=\"wp-block-button__link has-background wp-element-button\" href=\"https:\/\/docs.google.com\/document\/d\/17-Rpesr2tlhFIluGTpVql7E3pmZwCtBC\/edit?usp=sharing&amp;ouid=111618243243701875186&amp;rtpof=true&amp;sd=true\" style=\"background-color:#ff8578\" target=\"_blank\" rel=\"noreferrer noopener\">Trencaclosques<\/a><\/div>\n\n\n\n<div class=\"wp-block-button is-style-fill\"><a class=\"wp-block-button__link has-background wp-element-button\" href=\"https:\/\/docs.google.com\/document\/d\/1S7lqDRdu4QkIRmTAlBY9kjYErbfEgEbF\/edit?usp=sharing&amp;ouid=111618243243701875186&amp;rtpof=true&amp;sd=true\" style=\"background-color:#ff8578\" target=\"_blank\" rel=\"noreferrer noopener\">La llista de companys\/es<\/a><\/div>\n\n\n\n<div class=\"wp-block-button is-style-fill\"><a class=\"wp-block-button__link has-background wp-element-button\" href=\"https:\/\/docs.google.com\/document\/d\/13FHo8w8DnCob-qgyuqeA-ShmWALT5t77\/edit?usp=sharing&amp;ouid=111618243243701875186&amp;rtpof=true&amp;sd=true\" style=\"background-color:#ff8578\" target=\"_blank\" rel=\"noreferrer noopener\">Els paquets<\/a><\/div>\n\n\n\n<div class=\"wp-block-button is-style-fill\"><a class=\"wp-block-button__link has-background wp-element-button\" href=\"https:\/\/docs.google.com\/document\/d\/1id9NMmMl6D_J90Gy-UNWc05fhlQDPASj\/edit?usp=sharing&amp;ouid=111618243243701875186&amp;rtpof=true&amp;sd=true\" style=\"background-color:#ff8578\" target=\"_blank\" rel=\"noreferrer noopener\">El meu cor<\/a><\/div>\n\n\n\n<div class=\"wp-block-button is-style-fill\"><a class=\"wp-block-button__link has-background wp-element-button\" href=\"https:\/\/docs.google.com\/document\/d\/1SUCW14enAr1R4gVANgOZ1VxcXSlq4aSQ\/edit?usp=sharing&amp;ouid=111618243243701875186&amp;rtpof=true&amp;sd=true\" style=\"background-color:#ff8578\" target=\"_blank\" rel=\"noreferrer noopener\">Fotografia de grup<\/a><\/div>\n\n\n\n<div class=\"wp-block-button is-style-fill\"><a class=\"wp-block-button__link has-background wp-element-button\" href=\"https:\/\/docs.google.com\/document\/d\/1fqXDZ4Pj2M2CrGnq09dOc4C5ZpFz1IWU\/edit?usp=sharing&amp;ouid=111618243243701875186&amp;rtpof=true&amp;sd=true\" style=\"background-color:#ff8578\" target=\"_blank\" rel=\"noreferrer noopener\">Dibuix en grup<\/a><\/div>\n\n\n\n<div class=\"wp-block-button is-style-fill\"><a class=\"wp-block-button__link has-background wp-element-button\" href=\"https:\/\/docs.google.com\/document\/d\/1f_CKUkfWIYTVowifUi4AbA_2CIathscn\/edit?usp=sharing&amp;ouid=111618243243701875186&amp;rtpof=true&amp;sd=true\" style=\"background-color:#ff8578\" target=\"_blank\" rel=\"noreferrer noopener\">L&#8217;orquestra<\/a><\/div>\n<\/div>\n\n\n\n<h2 class=\"wp-block-heading has-background\" style=\"background-color:#ff8578\"><strong><em>3.3.2 Banc de recursos<\/em><\/strong><\/h2>\n\n\n<div class=\"level2\">\n<table style=\"border-collapse: collapse; width: 100%; height: 222px;\">\n<tbody>\n<tr style=\"height: 56px;\">\n<td style=\"width: 40.2204%; height: 56px;\">\n<h3><a href=\"https:\/\/xtec.gencat.cat\/web\/.content\/centres\/projeducatiu\/convivencia\/documents\/PdC.pdf\">Projecte de Conviv\u00e8ncia i \u00e8xit<\/a><br \/>educatiu. Continguts de l\u2019aplicaci\u00f3 inform\u00e0tica per a<br \/>l\u2019elaboraci\u00f3 del projecte de conviv\u00e8ncia\u00a0<\/h3>\n<\/td>\n<td style=\"width: 59.7796%; height: 56px;\"><a href=\"https:\/\/projectes.xtec.cat\/conv2\/wp-content\/uploads\/usu3025\/2024\/01\/Imatge-Projecte-convivencia.jpg\"><img loading=\"lazy\" decoding=\"async\" class=\"aligncenter wp-image-10046\" src=\"https:\/\/projectes.xtec.cat\/conv2\/wp-content\/uploads\/usu3025\/2024\/01\/Imatge-Projecte-convivencia.jpg\" alt=\"\" width=\"343\" height=\"261\" srcset=\"https:\/\/projectes.xtec.cat\/conv2\/wp-content\/uploads\/usu3025\/2024\/01\/Imatge-Projecte-convivencia.jpg 1001w, https:\/\/projectes.xtec.cat\/conv2\/wp-content\/uploads\/usu3025\/2024\/01\/Imatge-Projecte-convivencia-300x228.jpg 300w, https:\/\/projectes.xtec.cat\/conv2\/wp-content\/uploads\/usu3025\/2024\/01\/Imatge-Projecte-convivencia-768x584.jpg 768w\" sizes=\"auto, (max-width: 343px) 100vw, 343px\" \/><\/a><\/td>\n<\/tr>\n<tr style=\"height: 56px;\">\n<td style=\"width: 40.2204%; height: 56px;\">\n<h3>T\u00e8cnica<a class=\"urlextern\" title=\"https:\/\/www.aspb.cat\/wp-content\/uploads\/2016\/07\/Parlem_ne-Sociograma.pdf\" href=\"https:\/\/www.aspb.cat\/wp-content\/uploads\/2016\/07\/Parlem_ne-Sociograma.pdf\" target=\"_blank\" rel=\"nofollow noopener\">\u00a0Sociograma<\/a><\/h3>\n<\/td>\n<td style=\"width: 59.7796%; height: 56px;\"><a href=\"https:\/\/projectes.xtec.cat\/conv2\/wp-content\/uploads\/usu3025\/2024\/01\/Imatge-Sociograma.jpg\"><img loading=\"lazy\" decoding=\"async\" class=\"aligncenter wp-image-10044\" src=\"https:\/\/projectes.xtec.cat\/conv2\/wp-content\/uploads\/usu3025\/2024\/01\/Imatge-Sociograma-1024x719.jpg\" alt=\"\" width=\"333\" height=\"233\" srcset=\"https:\/\/projectes.xtec.cat\/conv2\/wp-content\/uploads\/usu3025\/2024\/01\/Imatge-Sociograma-1024x719.jpg 1024w, https:\/\/projectes.xtec.cat\/conv2\/wp-content\/uploads\/usu3025\/2024\/01\/Imatge-Sociograma-300x211.jpg 300w, https:\/\/projectes.xtec.cat\/conv2\/wp-content\/uploads\/usu3025\/2024\/01\/Imatge-Sociograma-768x540.jpg 768w, https:\/\/projectes.xtec.cat\/conv2\/wp-content\/uploads\/usu3025\/2024\/01\/Imatge-Sociograma.jpg 1089w\" sizes=\"auto, (max-width: 333px) 100vw, 333px\" \/><\/a><\/td>\n<\/tr>\n<tr style=\"height: 78px;\">\n<td style=\"width: 40.2204%; height: 78px;\">\n<h3>Test\u00a0<a href=\"https:\/\/bullying.cat\/cesc\/\">CESC\u00a0(Conductes i Experi\u00e8ncies Socials a Classe).<\/a><\/h3>\n<\/td>\n<td style=\"width: 59.7796%; height: 78px;\"><a href=\"https:\/\/projectes.xtec.cat\/conv2\/wp-content\/uploads\/usu3025\/2024\/01\/Imatge-questionari-CESC.jpg\"><img loading=\"lazy\" decoding=\"async\" class=\"aligncenter wp-image-10047\" src=\"https:\/\/projectes.xtec.cat\/conv2\/wp-content\/uploads\/usu3025\/2024\/01\/Imatge-questionari-CESC-1024x544.jpg\" alt=\"\" width=\"342\" height=\"182\" srcset=\"https:\/\/projectes.xtec.cat\/conv2\/wp-content\/uploads\/usu3025\/2024\/01\/Imatge-questionari-CESC-1024x544.jpg 1024w, https:\/\/projectes.xtec.cat\/conv2\/wp-content\/uploads\/usu3025\/2024\/01\/Imatge-questionari-CESC-300x159.jpg 300w, https:\/\/projectes.xtec.cat\/conv2\/wp-content\/uploads\/usu3025\/2024\/01\/Imatge-questionari-CESC-768x408.jpg 768w, https:\/\/projectes.xtec.cat\/conv2\/wp-content\/uploads\/usu3025\/2024\/01\/Imatge-questionari-CESC-1536x816.jpg 1536w, https:\/\/projectes.xtec.cat\/conv2\/wp-content\/uploads\/usu3025\/2024\/01\/Imatge-questionari-CESC.jpg 1553w\" sizes=\"auto, (max-width: 342px) 100vw, 342px\" \/><\/a><\/td>\n<\/tr>\n<tr style=\"height: 32px;\">\n<td style=\"width: 40.2204%; height: 32px;\">\n<h3><a href=\"https:\/\/drive.google.com\/file\/d\/1nqkQ2ORm8L7qnvRdfcRpqdpefUZP3mDW\/view?usp=sharing\">Sociograma de\u00a0Cercles conc\u00e8ntrics (Conviv\u00e8xit)<\/a><\/h3>\n<\/td>\n<td style=\"width: 59.7796%; height: 32px;\"><a href=\"https:\/\/projectes.xtec.cat\/conv2\/wp-content\/uploads\/usu3025\/2024\/01\/Imatge-sogiograma-cercles-concentrics.jpg\"><img loading=\"lazy\" decoding=\"async\" class=\"aligncenter wp-image-10049\" src=\"https:\/\/projectes.xtec.cat\/conv2\/wp-content\/uploads\/usu3025\/2024\/01\/Imatge-sogiograma-cercles-concentrics-1024x604.jpg\" alt=\"\" width=\"352\" height=\"208\" srcset=\"https:\/\/projectes.xtec.cat\/conv2\/wp-content\/uploads\/usu3025\/2024\/01\/Imatge-sogiograma-cercles-concentrics-1024x604.jpg 1024w, https:\/\/projectes.xtec.cat\/conv2\/wp-content\/uploads\/usu3025\/2024\/01\/Imatge-sogiograma-cercles-concentrics-300x177.jpg 300w, https:\/\/projectes.xtec.cat\/conv2\/wp-content\/uploads\/usu3025\/2024\/01\/Imatge-sogiograma-cercles-concentrics-768x453.jpg 768w, https:\/\/projectes.xtec.cat\/conv2\/wp-content\/uploads\/usu3025\/2024\/01\/Imatge-sogiograma-cercles-concentrics.jpg 1141w\" sizes=\"auto, (max-width: 352px) 100vw, 352px\" \/><\/a><\/td>\n<\/tr>\n<\/tbody>\n<\/table>\n<div class=\"notecustom\">\n<hr \/><\/div>\n<\/div>\n<div class=\"level2\">\u00a0<\/div>\n\n","protected":false},"excerpt":{"rendered":"<p>Una bona pr\u00e0ctica en relaci\u00f3 amb l\u2019observaci\u00f3 de les relacions&nbsp;dins la comunitat educativa, \u00e9s poder revisar com s\u00f3n de saludables les relacions entre la fam\u00edlia i el centre, entre el professorat, entre l\u2019alumnat, i entre l\u2019alumnat i el professorat.\u00c9s important recon\u00e8ixer que \u00e9s a trav\u00e9s d\u2019aquesta visi\u00f3 global \u00e9s com es pot veure el&nbsp;clima relacional&nbsp;del [&hellip;]<\/p>\n","protected":false},"author":4,"featured_media":0,"parent":9569,"menu_order":3,"comment_status":"closed","ping_status":"closed","template":"","meta":{"site-sidebar-layout":"default","site-content-layout":"","ast-site-content-layout":"default","site-content-style":"default","site-sidebar-style":"default","ast-global-header-display":"","ast-banner-title-visibility":"","ast-main-header-display":"","ast-hfb-above-header-display":"","ast-hfb-below-header-display":"","ast-hfb-mobile-header-display":"","site-post-title":"","ast-breadcrumbs-content":"","ast-featured-img":"","footer-sml-layout":"","theme-transparent-header-meta":"","adv-header-id-meta":"","stick-header-meta":"","header-above-stick-meta":"","header-main-stick-meta":"","header-below-stick-meta":"","astra-migrate-meta-layouts":"set","ast-page-background-enabled":"default","ast-page-background-meta":{"desktop":{"background-color":"var(--ast-global-color-4)","background-image":"","background-repeat":"repeat","background-position":"center center","background-size":"auto","background-attachment":"scroll","background-type":"","background-media":"","overlay-type":"","overlay-color":"","overlay-opacity":"","overlay-gradient":""},"tablet":{"background-color":"","background-image":"","background-repeat":"repeat","background-position":"center center","background-size":"auto","background-attachment":"scroll","background-type":"","background-media":"","overlay-type":"","overlay-color":"","overlay-opacity":"","overlay-gradient":""},"mobile":{"background-color":"","background-image":"","background-repeat":"repeat","background-position":"center center","background-size":"auto","background-attachment":"scroll","background-type":"","background-media":"","overlay-type":"","overlay-color":"","overlay-opacity":"","overlay-gradient":""}},"ast-content-background-meta":{"desktop":{"background-color":"var(--ast-global-color-5)","background-image":"","background-repeat":"repeat","background-position":"center center","background-size":"auto","background-attachment":"scroll","background-type":"","background-media":"","overlay-type":"","overlay-color":"","overlay-opacity":"","overlay-gradient":""},"tablet":{"background-color":"var(--ast-global-color-5)","background-image":"","background-repeat":"repeat","background-position":"center center","background-size":"auto","background-attachment":"scroll","background-type":"","background-media":"","overlay-type":"","overlay-color":"","overlay-opacity":"","overlay-gradient":""},"mobile":{"background-color":"var(--ast-global-color-5)","background-image":"","background-repeat":"repeat","background-position":"center center","background-size":"auto","background-attachment":"scroll","background-type":"","background-media":"","overlay-type":"","overlay-color":"","overlay-opacity":"","overlay-gradient":""}},"footnotes":""},"class_list":["post-9576","page","type-page","status-publish","hentry"],"post_mailing_queue_ids":[],"_links":{"self":[{"href":"https:\/\/projectes.xtec.cat\/conv2\/wp-json\/wp\/v2\/pages\/9576","targetHints":{"allow":["GET"]}}],"collection":[{"href":"https:\/\/projectes.xtec.cat\/conv2\/wp-json\/wp\/v2\/pages"}],"about":[{"href":"https:\/\/projectes.xtec.cat\/conv2\/wp-json\/wp\/v2\/types\/page"}],"author":[{"embeddable":true,"href":"https:\/\/projectes.xtec.cat\/conv2\/wp-json\/wp\/v2\/users\/4"}],"replies":[{"embeddable":true,"href":"https:\/\/projectes.xtec.cat\/conv2\/wp-json\/wp\/v2\/comments?post=9576"}],"version-history":[{"count":6,"href":"https:\/\/projectes.xtec.cat\/conv2\/wp-json\/wp\/v2\/pages\/9576\/revisions"}],"predecessor-version":[{"id":12895,"href":"https:\/\/projectes.xtec.cat\/conv2\/wp-json\/wp\/v2\/pages\/9576\/revisions\/12895"}],"up":[{"embeddable":true,"href":"https:\/\/projectes.xtec.cat\/conv2\/wp-json\/wp\/v2\/pages\/9569"}],"wp:attachment":[{"href":"https:\/\/projectes.xtec.cat\/conv2\/wp-json\/wp\/v2\/media?parent=9576"}],"curies":[{"name":"wp","href":"https:\/\/api.w.org\/{rel}","templated":true}]}}