{"id":797,"date":"2015-11-28T21:06:57","date_gmt":"2015-11-28T20:06:57","guid":{"rendered":"http:\/\/projectes.xtec.cat\/convivenciapositiva\/\/?page_id=797"},"modified":"2023-07-03T13:16:50","modified_gmt":"2023-07-03T11:16:50","slug":"presentacio-2","status":"publish","type":"page","link":"https:\/\/projectes.xtec.cat\/convivenciapositiva\/presentacio-2\/","title":{"rendered":"Qui som"},"content":{"rendered":"<h3><\/h3>\n<p>Des del Servei d&#8217;Escola i Fam\u00edlies treballem per atendre les fam\u00edlies i la comunitat educativa en relaci\u00f3 amb la conviv\u00e8ncia positiva.<\/p>\n<p>L&#8217;objectiu d&#8217;aquest espai \u00e9s oferir orientacions i estrat\u00e8gies per millorar la conviv\u00e8ncia, el benestar emocional i el clima escolar des d&#8217;un enfocament restauratiu. Aix\u00ed com recursos per fomentar la conviv\u00e8ncia positiva de la comunitat educativa i l&#8217;acompanyament de les fam\u00edlies en la tasca d&#8217;educar. A m\u00e9s, s&#8217;ofereixen eines i orientacions per fomentar la participaci\u00f3 de les fam\u00edlies a l&#8217;escola i la seva implicaci\u00f3 en els \u00f2rgans participatius del sistema escolar.<\/p>\n<p>Aix\u00ed mateix, s&#8217;elaboren mesures de suport per a fam\u00edlies en risc d&#8217;exclusi\u00f3 i per millorar l&#8217;\u00e8xit escolar del poble gitano.<\/p>\n<h3><a href=\"https:\/\/projectes.xtec.cat\/convivenciapositiva\/wp-content\/uploads\/usu2198\/2023\/07\/Cartell-Estructura-Servei-1.png\"><img loading=\"lazy\" decoding=\"async\" class=\"size-large wp-image-9283 aligncenter\" src=\"https:\/\/projectes.xtec.cat\/convivenciapositiva\/wp-content\/uploads\/usu2198\/2023\/07\/Cartell-Estructura-Servei-1-724x1024.png\" alt=\"\" width=\"724\" height=\"1024\" srcset=\"https:\/\/projectes.xtec.cat\/convivenciapositiva\/wp-content\/uploads\/usu2198\/2023\/07\/Cartell-Estructura-Servei-1-724x1024.png 724w, https:\/\/projectes.xtec.cat\/convivenciapositiva\/wp-content\/uploads\/usu2198\/2023\/07\/Cartell-Estructura-Servei-1-212x300.png 212w, https:\/\/projectes.xtec.cat\/convivenciapositiva\/wp-content\/uploads\/usu2198\/2023\/07\/Cartell-Estructura-Servei-1-768x1086.png 768w, https:\/\/projectes.xtec.cat\/convivenciapositiva\/wp-content\/uploads\/usu2198\/2023\/07\/Cartell-Estructura-Servei-1-1086x1536.png 1086w, https:\/\/projectes.xtec.cat\/convivenciapositiva\/wp-content\/uploads\/usu2198\/2023\/07\/Cartell-Estructura-Servei-1.png 1414w\" sizes=\"auto, (max-width: 724px) 100vw, 724px\" \/><\/a><\/h3>\n<p><span style=\"color: #efa9ae;\">Contacte<\/span><\/p>\n<p>eif.educacio@gencat.cat<\/p>\n<p>Servei d&#8217;Escola i Fam\u00edlies<br \/>\nSubdirecci\u00f3 General de Suport a les Fam\u00edlies i a la Comunitat Educativa<br \/>\nDirecci\u00f3 General d&#8217;Atenci\u00f3 a la Fam\u00edlia i Comunitat Educativa<\/p>\n","protected":false},"excerpt":{"rendered":"<p>Des del Servei d&#8217;Escola i Fam\u00edlies treballem per atendre les fam\u00edlies i la comunitat educativa en relaci\u00f3 amb la conviv\u00e8ncia positiva.<br \/>\nL&#8217;objectiu d&#8217;aquest espai \u00e9s oferir orientacions i estrat\u00e8gies per millorar la conviv\u00e8ncia, el benestar emocional i el clima escolar des d&#8217;un enfocament restauratiu. Aix\u00ed com&hellip;  <a href=\"https:\/\/projectes.xtec.cat\/convivenciapositiva\/presentacio-2\/\" title=\"Read Qui som\">Llegeix m\u00e9s\u00bb<\/a><\/p>\n","protected":false},"author":1,"featured_media":0,"parent":0,"menu_order":10,"comment_status":"closed","ping_status":"closed","template":"page-templates\/side-menu.php","meta":{"_bbp_topic_count":0,"_bbp_reply_count":0,"_bbp_total_topic_count":0,"_bbp_total_reply_count":0,"_bbp_voice_count":0,"_bbp_anonymous_reply_count":0,"_bbp_topic_count_hidden":0,"_bbp_reply_count_hidden":0,"_bbp_forum_subforum_count":0,"footnotes":""},"class_list":["post-797","page","type-page","status-publish","hentry"],"post_mailing_queue_ids":[],"_links":{"self":[{"href":"https:\/\/projectes.xtec.cat\/convivenciapositiva\/wp-json\/wp\/v2\/pages\/797","targetHints":{"allow":["GET"]}}],"collection":[{"href":"https:\/\/projectes.xtec.cat\/convivenciapositiva\/wp-json\/wp\/v2\/pages"}],"about":[{"href":"https:\/\/projectes.xtec.cat\/convivenciapositiva\/wp-json\/wp\/v2\/types\/page"}],"author":[{"embeddable":true,"href":"https:\/\/projectes.xtec.cat\/convivenciapositiva\/wp-json\/wp\/v2\/users\/1"}],"replies":[{"embeddable":true,"href":"https:\/\/projectes.xtec.cat\/convivenciapositiva\/wp-json\/wp\/v2\/comments?post=797"}],"version-history":[{"count":4,"href":"https:\/\/projectes.xtec.cat\/convivenciapositiva\/wp-json\/wp\/v2\/pages\/797\/revisions"}],"predecessor-version":[{"id":9284,"href":"https:\/\/projectes.xtec.cat\/convivenciapositiva\/wp-json\/wp\/v2\/pages\/797\/revisions\/9284"}],"wp:attachment":[{"href":"https:\/\/projectes.xtec.cat\/convivenciapositiva\/wp-json\/wp\/v2\/media?parent=797"}],"curies":[{"name":"wp","href":"https:\/\/api.w.org\/{rel}","templated":true}]}}