{"id":10815,"date":"2023-02-08T12:06:02","date_gmt":"2023-02-08T11:06:02","guid":{"rendered":"https:\/\/projectes.xtec.cat\/digital\/?page_id=10815"},"modified":"2023-06-14T22:25:42","modified_gmt":"2023-06-14T20:25:42","slug":"intune","status":"publish","type":"page","link":"https:\/\/projectes.xtec.cat\/digital\/serveis-digitals\/intune\/","title":{"rendered":"Intune for Education"},"content":{"rendered":"\n<p>Intune permet consultar i executar accions remotes sobre equips Windows del Pla d&#8217;Educaci\u00f3 digital. <\/p>\n\n\n\n<div class=\"wp-block-columns alignwide is-layout-flex wp-container-core-columns-is-layout-1 wp-block-columns-is-layout-flex\">\n<div class=\"wp-block-column caixa is-layout-flow wp-block-column-is-layout-flow\">\n<p>En aquest v\u00eddeo, veureu les funcionalitats del portal <em><strong>Intune<\/strong><\/em> que permet l&#8217;administraci\u00f3 remota dels ordinadors Windows del Pla Digital:<\/p>\n\n\n\n<div class=\"video-responsive\"><iframe loading=\"lazy\" width=\"560\" height=\"315\" src=\"https:\/\/www.youtube.com\/embed\/iEkavClDbIs\" title=\"YouTube video player\" frameborder=\"0\" allow=\"accelerometer; autoplay; clipboard-write; encrypted-media; gyroscope; picture-in-picture; web-share\" allowfullscreen=\"\"><\/iframe><\/div>\n<\/div>\n\n\n\n<div class=\"wp-block-column caixa is-layout-flow wp-block-column-is-layout-flow\">\n<p>Conversa sobre les principals opcions disponibles d&#8217;Intune amb Dymytriy Petin, administrador de Microsoft Azure AD:<\/p>\n\n\n\n<div class=\"video-responsive\"><iframe loading=\"lazy\" width=\"560\" height=\"315\" src=\"https:\/\/www.youtube.com\/embed\/sZS340KKkb8\" title=\"YouTube video player\" frameborder=\"0\" allow=\"accelerometer; autoplay; clipboard-write; encrypted-media; gyroscope; picture-in-picture; web-share\" allowfullscreen=\"\"><\/iframe><\/div>\n<\/div>\n<\/div>\n\n\n\n<div style=\"height:15px\" aria-hidden=\"true\" class=\"wp-block-spacer\"><\/div>\n\n\n\n<p>Alguns punts claus: <\/p>\n\n\n\n<ul class=\"wp-block-list\" style=\"font-size:18px\"><li>L&#8217;acc\u00e9s al portal <strong><em>Intune for Education<\/em><\/strong> est\u00e0 reservat a les persones a qui la direcci\u00f3 del centre educatiu hagi assignat el rol d&#8217;administraci\u00f3 dels equips Windows. Fent servir l&#8217;aplicaci\u00f3 GUAC, cal seleccionar l&#8217;aplicaci\u00f3 INTUNE i el perm\u00eds ACC\u00c9S_INTUNE_TOTAL. <\/li><li>Per accedir al portal <em><strong>Intune for Education<\/strong><\/em> s&#8217;ha d&#8217;escriure al navegador web l&#8217;adre\u00e7a: <a href=\"http:\/\/intuneeducation.portal.azure.com\">intuneeducation.portal.azure.com<\/a> <\/li><li>\u26a0\ufe0f Algunes opcions estan visibles per\u00f2 deshabilitades. Si us mostra un missatge de &#8220;No tens acc\u00e9s a aquesta \u00e0rea&#8221; \u00e9s un missatge normal i no cal que demaneu cap perm\u00eds. <\/li><li>Des del centre educatiu no \u00e9s possible distribuir aplicacions a un o m\u00e9s equips de manera centralitzada. Els usuaris tenen un gran nombre d&#8217;aplicacions disponibles al <a href=\"https:\/\/projectes.xtec.cat\/digital\/directori\/company-portal\/\" data-type=\"URL\" data-id=\"https:\/\/projectes.xtec.cat\/digital\/directori\/company-portal\/\">Company portal<\/a> i al <a href=\"https:\/\/apps.microsoft.com\/store\/apps?hl=es-es&amp;gl=es&amp;icid=en_US_Store_UH_apps_Win\" data-type=\"URL\" data-id=\"https:\/\/apps.microsoft.com\/store\/apps?hl=es-es&amp;gl=es&amp;icid=en_US_Store_UH_apps_Win\">Microsoft Store<\/a>. <\/li><\/ul>\n\n\n\n<p>Sobre el restabliment d&#8217;equips (reset): <\/p>\n\n\n\n<ul class=\"wp-block-list\" style=\"font-size:18px\"><li>\u26a0\ufe0f Les accions de restauraci\u00f3 d&#8217;equips <strong>restabliment de f\u00e0brica<\/strong> (factory reset) i  <strong>restabliment amb autopilot <\/strong>(autopilot reset) no tenen marxa enrere! Abans d&#8217;aplicar-les, assegureu-vos que ho esteu fent sobre el dispositiu que realment ho necessita, i assegureu-vos que els usuaris dels equips hagin fet c\u00f2pia de seguretat de totes les dades que vulguin conservar.<\/li><li><strong>Es recomana<\/strong> fer un restabliment de f\u00e0brica per dur a terme una neteja a fons dels equips, o quan s&#8217;hagi de reassignar un equip a un altre usuari\/\u00e0ria. Especialment en el cas dels equips de docents. <\/li><li>Durant el proc\u00e9s de restabliment, cal que els dispositius estiguin <strong>connectats a la xarxa el\u00e8ctrica i a Internet<\/strong>. Els processos de neteja poden durar m\u00e9s de <strong>40 minuts<\/strong>. <\/li><li>Si heu programat un <strong>restabliment de f\u00e0brica<\/strong>, caldr\u00e0 tornar a <strong>enrolar<\/strong> l&#8217;equip a <strong>Intune <\/strong>un cop finalitzat el proc\u00e9s. Aquest enrolament es far\u00e0 de manera autom\u00e0tica quan el nou usuari o usu\u00e0ria de l\u2019equip hi introdueixi les seves credencials.<\/li><\/ul>\n\n\n\n<div style=\"height:30px\" aria-hidden=\"true\" class=\"wp-block-spacer\"><\/div>\n\n\n\n<div class=\"wp-block-getwid-section alignfull alignfull\"><div class=\"wp-block-getwid-section__wrapper\"><div class=\"wp-block-getwid-section__inner-wrapper\"><div class=\"wp-block-getwid-section__background-holder\"><div class=\"wp-block-getwid-section__background has-background has-ast-global-color-4-background-color\"><\/div><div class=\"wp-block-getwid-section__foreground\"><\/div><\/div><div class=\"wp-block-getwid-section__content\"><div class=\"wp-block-getwid-section__inner-content\">\n<div style=\"height:40px\" aria-hidden=\"true\" class=\"wp-block-spacer\"><\/div>\n\n\n\n<h2 class=\"wp-block-heading\">Xarxa docent Nus<\/h2>\n\n\n\n<div class=\"wp-block-columns is-layout-flex wp-container-core-columns-is-layout-2 wp-block-columns-is-layout-flex\">\n<div class=\"wp-block-column is-layout-flow wp-block-column-is-layout-flow\">\n<h3 class=\"wp-block-heading\">Darreres converses sobre Intune<\/h3>\n\n\n<div class='nus_topics'><span class=\"nus_data\">06.10.25<\/span> <a target=\"_blank\" href=\"https:\/\/comunitat.edigital.cat\/t\/equips-enrolats-no-apareixen-a-intune\/24379\">Equips enrolats no apareixen a Intune<\/a><br><span class=\"nus_data\">04.09.25<\/span> <a target=\"_blank\" href=\"https:\/\/comunitat.edigital.cat\/t\/intune-i-bitlocker\/41437\">Intune i bitlocker<\/a><br><span class=\"nus_data\">23.05.25<\/span> <a target=\"_blank\" href=\"https:\/\/comunitat.edigital.cat\/t\/control-pantalles-ordinadors\/7073\">Control pantalles ordinadors<\/a><br><span class=\"nus_data\">04.06.24<\/span> <a target=\"_blank\" href=\"https:\/\/comunitat.edigital.cat\/t\/control-dels-portatils-a-laula\/14450\">Control dels port\u00e0tils a l'aula<\/a><br><span class=\"nus_data\">01.03.24<\/span> <a target=\"_blank\" href=\"https:\/\/comunitat.edigital.cat\/t\/no-puc-accedir-als-recovery-keys-a-intune\/30551\">No puc accedir als Recovery Keys a INTUNE<\/a><br><span class=\"nus_data\">14.11.23<\/span> <a target=\"_blank\" href=\"https:\/\/comunitat.edigital.cat\/t\/obertura-del-portal-intune\/2974\">Obertura del portal INTUNE<\/a><br><span class=\"nus_data\">14.07.23<\/span> <a target=\"_blank\" href=\"https:\/\/comunitat.edigital.cat\/t\/no-veig-dispositius-a-intune\/26441\">No veig dispositius a Intune<\/a><br><span class=\"nus_data\">27.06.23<\/span> <a target=\"_blank\" href=\"https:\/\/comunitat.edigital.cat\/t\/actualitzo-windows-dalumne-i-no-passa-de-la-versio-21h2\/26139\">Actualitzo Windows d'alumne i no passa de la versi\u00f3 21H2<\/a><br><span class=\"nus_data\">24.06.23<\/span> <a target=\"_blank\" href=\"https:\/\/comunitat.edigital.cat\/t\/intune-no-veig-els-noms-dels-docents-a-dispositius\/26134\">Intune: No veig els noms dels docents a Dispositius<\/a><br><span class=\"nus_data\">03.05.23<\/span> <a target=\"_blank\" href=\"https:\/\/comunitat.edigital.cat\/t\/temes-de-lordre-del-dia-que-no-shan-tractat\/20320\">Temes de l'ordre del dia que no s'han tractat<\/a><br><\/div>\n<\/div>\n\n\n\n<div class=\"wp-block-column is-layout-flow wp-block-column-is-layout-flow\">\n<h3 class=\"wp-block-heading\">Converses m\u00e9s vistes sobre Intune<\/h3>\n\n\n<div class='nus_topics'><span class=\"nus_data\">14.11.23<\/span> <a target=\"_blank\" href=\"https:\/\/comunitat.edigital.cat\/t\/obertura-del-portal-intune\/2974\">Obertura del portal INTUNE<\/a><br><span class=\"nus_data\">04.06.24<\/span> <a target=\"_blank\" href=\"https:\/\/comunitat.edigital.cat\/t\/control-dels-portatils-a-laula\/14450\">Control dels port\u00e0tils a l'aula<\/a><br><span class=\"nus_data\">23.05.25<\/span> <a target=\"_blank\" href=\"https:\/\/comunitat.edigital.cat\/t\/control-pantalles-ordinadors\/7073\">Control pantalles ordinadors<\/a><br><span class=\"nus_data\">28.02.23<\/span> <a target=\"_blank\" href=\"https:\/\/comunitat.edigital.cat\/t\/obertura-dintune\/23836\">Obertura d'Intune<\/a><br><span class=\"nus_data\">06.10.25<\/span> <a target=\"_blank\" href=\"https:\/\/comunitat.edigital.cat\/t\/equips-enrolats-no-apareixen-a-intune\/24379\">Equips enrolats no apareixen a Intune<\/a><br><span class=\"nus_data\">20.01.22<\/span> <a target=\"_blank\" href=\"https:\/\/comunitat.edigital.cat\/t\/sessio-2-de-la-subxarxa-de-la-coordinacio-digital-dijous-20-01-22-a-les-17-30\/10746\">Sessi\u00f3 2 de la subxarxa de la Coordinaci\u00f3 digital: Dijous 20.01.22 a les 17:30<\/a><br><span class=\"nus_data\">15.03.23<\/span> <a target=\"_blank\" href=\"https:\/\/comunitat.edigital.cat\/t\/que-es-aixo-dintune\/8001\">Qu\u00e8 \u00e9s aix\u00f2 d'Intune<\/a><br><span class=\"nus_data\">06.11.22<\/span> <a target=\"_blank\" href=\"https:\/\/comunitat.edigital.cat\/t\/competencia-digital-coordinacions-digitals\/20238\">Compet\u00e8ncia Digital --> Coordinacions Digitals<\/a><br><span class=\"nus_data\">02.09.22<\/span> <a target=\"_blank\" href=\"https:\/\/comunitat.edigital.cat\/t\/quan-saplicara-lordre-re-restabliment-als-docents\/16992\">Quan s'aplicar\u00e0 l'ordre re restabliment als docents?<\/a><br><span class=\"nus_data\">23.03.23<\/span> <a target=\"_blank\" href=\"https:\/\/comunitat.edigital.cat\/t\/intune-problema-amb-el-formateig-de-fabrica\/24569\">Intune: problema amb el formateig de f\u00e0brica<\/a><br><\/div>\n<\/div>\n<\/div>\n\n\n\n<div style=\"height:100px\" aria-hidden=\"true\" class=\"wp-block-spacer\"><\/div>\n<\/div><\/div><\/div><\/div><\/div>\n","protected":false},"excerpt":{"rendered":"<p>Intune permet consultar i executar accions remotes sobre equips Windows del Pla d&#8217;Educaci\u00f3 digital. En aquest v\u00eddeo, veureu les funcionalitats del portal Intune que permet l&#8217;administraci\u00f3 remota dels ordinadors Windows del Pla Digital: Conversa sobre les principals opcions disponibles d&#8217;Intune amb Dymytriy Petin, administrador de Microsoft Azure AD: Alguns punts claus: L&#8217;acc\u00e9s al portal Intune [&hellip;]<\/p>\n","protected":false},"author":2,"featured_media":0,"parent":8706,"menu_order":0,"comment_status":"closed","ping_status":"close","template":"","meta":{"site-sidebar-layout":"default","site-content-layout":"","ast-site-content-layout":"","site-content-style":"default","site-sidebar-style":"default","ast-global-header-display":"","ast-banner-title-visibility":"","ast-main-header-display":"","ast-hfb-above-header-display":"","ast-hfb-below-header-display":"","ast-hfb-mobile-header-display":"","site-post-title":"","ast-breadcrumbs-content":"","ast-featured-img":"","footer-sml-layout":"","theme-transparent-header-meta":"","adv-header-id-meta":"","stick-header-meta":"","header-above-stick-meta":"","header-main-stick-meta":"","header-below-stick-meta":"","astra-migrate-meta-layouts":"default","ast-page-background-enabled":"default","ast-page-background-meta":{"desktop":{"background-color":"var(--ast-global-color-4)","background-image":"","background-repeat":"repeat","background-position":"center center","background-size":"auto","background-attachment":"scroll","background-type":"","background-media":"","overlay-type":"","overlay-color":"","overlay-opacity":"","overlay-gradient":""},"tablet":{"background-color":"","background-image":"","background-repeat":"repeat","background-position":"center center","background-size":"auto","background-attachment":"scroll","background-type":"","background-media":"","overlay-type":"","overlay-color":"","overlay-opacity":"","overlay-gradient":""},"mobile":{"background-color":"","background-image":"","background-repeat":"repeat","background-position":"center center","background-size":"auto","background-attachment":"scroll","background-type":"","background-media":"","overlay-type":"","overlay-color":"","overlay-opacity":"","overlay-gradient":""}},"ast-content-background-meta":{"desktop":{"background-color":"var(--ast-global-color-5)","background-image":"","background-repeat":"repeat","background-position":"center center","background-size":"auto","background-attachment":"scroll","background-type":"","background-media":"","overlay-type":"","overlay-color":"","overlay-opacity":"","overlay-gradient":""},"tablet":{"background-color":"var(--ast-global-color-5)","background-image":"","background-repeat":"repeat","background-position":"center center","background-size":"auto","background-attachment":"scroll","background-type":"","background-media":"","overlay-type":"","overlay-color":"","overlay-opacity":"","overlay-gradient":""},"mobile":{"background-color":"var(--ast-global-color-5)","background-image":"","background-repeat":"repeat","background-position":"center center","background-size":"auto","background-attachment":"scroll","background-type":"","background-media":"","overlay-type":"","overlay-color":"","overlay-opacity":"","overlay-gradient":""}},"footnotes":""},"class_list":["post-10815","page","type-page","status-publish","hentry"],"post_mailing_queue_ids":[],"_links":{"self":[{"href":"https:\/\/projectes.xtec.cat\/digital\/wp-json\/wp\/v2\/pages\/10815","targetHints":{"allow":["GET"]}}],"collection":[{"href":"https:\/\/projectes.xtec.cat\/digital\/wp-json\/wp\/v2\/pages"}],"about":[{"href":"https:\/\/projectes.xtec.cat\/digital\/wp-json\/wp\/v2\/types\/page"}],"author":[{"embeddable":true,"href":"https:\/\/projectes.xtec.cat\/digital\/wp-json\/wp\/v2\/users\/2"}],"replies":[{"embeddable":true,"href":"https:\/\/projectes.xtec.cat\/digital\/wp-json\/wp\/v2\/comments?post=10815"}],"version-history":[{"count":3,"href":"https:\/\/projectes.xtec.cat\/digital\/wp-json\/wp\/v2\/pages\/10815\/revisions"}],"predecessor-version":[{"id":16921,"href":"https:\/\/projectes.xtec.cat\/digital\/wp-json\/wp\/v2\/pages\/10815\/revisions\/16921"}],"up":[{"embeddable":true,"href":"https:\/\/projectes.xtec.cat\/digital\/wp-json\/wp\/v2\/pages\/8706"}],"wp:attachment":[{"href":"https:\/\/projectes.xtec.cat\/digital\/wp-json\/wp\/v2\/media?parent=10815"}],"curies":[{"name":"wp","href":"https:\/\/api.w.org\/{rel}","templated":true}]}}