{"id":10890,"date":"2023-02-10T16:23:34","date_gmt":"2023-02-10T15:23:34","guid":{"rendered":"https:\/\/projectes.xtec.cat\/digital\/?page_id=10890"},"modified":"2025-03-24T10:06:10","modified_gmt":"2025-03-24T09:06:10","slug":"indic","status":"publish","type":"page","link":"https:\/\/projectes.xtec.cat\/digital\/serveis-digitals\/indic\/","title":{"rendered":"INDIC"},"content":{"rendered":"\n<div style=\"height:30px\" aria-hidden=\"true\" class=\"wp-block-spacer\"><\/div>\n\n\n\n<div class=\"wp-block-columns alignwide is-layout-flex wp-container-core-columns-is-layout-1 wp-block-columns-is-layout-flex\">\n<div class=\"wp-block-column is-layout-flow wp-block-column-is-layout-flow\" style=\"flex-basis:30%\">\n<p><strong>INDIC<\/strong> \u00e9s el sistema d\u2019inventari dels equips desplegats al Pla d\u2019educaci\u00f3 digital de Catalunya (PEDC). <\/p>\n\n\n\n<p>Cada centre pot consultar els equips i a quina persona (alumne\/a o docent) est\u00e0 assignat.<\/p>\n\n\n\n<div class=\"wp-block-buttons is-layout-flex wp-block-buttons-is-layout-flex\">\n<div class=\"wp-block-button is-style-outline is-style-outline--1\"><a class=\"wp-block-button__link has-ast-global-color-5-color has-ast-global-color-7-background-color has-text-color has-background wp-element-button\" href=\"https:\/\/pladigitalcentres.educacio.gencat.cat\/ca\/Account\/Login\" style=\"border-radius:25px\" target=\"_blank\" rel=\"noreferrer noopener\">Acc\u00e9s a INDIC<\/a><\/div>\n\n\n\n<div class=\"wp-block-button is-style-fill\"><a class=\"wp-block-button__link wp-element-button\" href=\"https:\/\/docs.google.com\/document\/d\/1nk9gL6yr61svkk4PlOeAva5wot04xnttD9nB0U1spiY\/edit?ts=5fce7b92#\" target=\"_blank\" rel=\"noreferrer noopener\">Manual d&#8217;\u00fas<\/a><\/div>\n<\/div>\n<\/div>\n\n\n\n<div class=\"wp-block-column is-layout-flow wp-block-column-is-layout-flow\">\n<div class=\"video-responsive\"><iframe loading=\"lazy\" width=\"560\" height=\"315\" src=\"https:\/\/www.youtube.com\/embed\/zqWtSseq8DA\" title=\"YouTube video player\" frameborder=\"0\" allow=\"accelerometer; autoplay; clipboard-write; encrypted-media; gyroscope; picture-in-picture; web-share\" allowfullscreen=\"\"><\/iframe><\/div>\n<\/div>\n<\/div>\n\n\n\n<div style=\"height:60px\" aria-hidden=\"true\" class=\"wp-block-spacer\"><\/div>\n\n\n\n<div class=\"wp-block-getwid-section alignfull alignfull\"><div class=\"wp-block-getwid-section__wrapper\"><div class=\"wp-block-getwid-section__inner-wrapper\"><div class=\"wp-block-getwid-section__background-holder\"><div class=\"wp-block-getwid-section__background has-background has-ast-global-color-4-background-color\"><\/div><div class=\"wp-block-getwid-section__foreground\"><\/div><\/div><div class=\"wp-block-getwid-section__content\"><div class=\"wp-block-getwid-section__inner-content\">\n<div style=\"height:50px\" aria-hidden=\"true\" id=\"incidencia-indic\" class=\"wp-block-spacer\"><\/div>\n\n\n\n<h4 class=\"wp-block-heading\">En cas d\u2019incid\u00e8ncia amb l&#8217;aplicaci\u00f3 INDIC,  notifiqueu la incid\u00e8ncia per una d&#8217;aquestes vies: <\/h4>\n\n\n\n<ul class=\"wp-block-list\">\n<li>Obriu una incid\u00e8ncia al\u00a0<a href=\"https:\/\/pautic.gencat.cat\/\" target=\"_blank\" rel=\"noreferrer noopener\">Portal ATOM (antic SAU)<\/a>, opci\u00f3\u00a0<strong>Incid\u00e8ncia en aplicaci\u00f3<\/strong> i trieu com a Nom de l&#8217;aplicaci\u00f3 <strong>INDIC &#8211; Inventari digital de centre<\/strong>.<\/li>\n\n\n\n<li>Envieu un correu a\u00a0<strong><a href=\"mailto:assistencia@atom.gencat.cat\">assistencia@atom.gencat.cat<\/a><\/strong><\/li>\n\n\n\n<li>Truqueu al 900 82 82 82 (opci\u00f3 4 i despr\u00e9s opci\u00f3 3)<\/li>\n<\/ul>\n\n\n\n<div style=\"height:20px\" aria-hidden=\"true\" class=\"wp-block-spacer\"><\/div>\n<\/div><\/div><\/div><\/div><\/div>\n\n\n\n<div style=\"height:52px\" aria-hidden=\"true\" id=\"nus\" class=\"wp-block-spacer\"><\/div>\n\n\n\n<h2 class=\"wp-block-heading alignwide\">Xarxa docent NUS<\/h2>\n\n\n\n<div class=\"wp-block-columns alignwide is-layout-flex wp-container-core-columns-is-layout-2 wp-block-columns-is-layout-flex\">\n<div class=\"wp-block-column is-layout-flow wp-block-column-is-layout-flow\">\n<h3 class=\"wp-block-heading\">Darreres converses sobre INDIC<\/h3>\n\n\n<div class='nus_topics'><span class=\"nus_data\">27.02.26<\/span> <a target=\"_blank\" href=\"https:\/\/comunitat.edigital.cat\/t\/portatils-docents-indic-assignar-nou-portatil-substitucio-per-avaria\/44661\">Port\u00e0tils docents: INDIC assignar nou port\u00e0til (substituci\u00f3 per avaria)<\/a><br><span class=\"nus_data\">04.02.26<\/span> <a target=\"_blank\" href=\"https:\/\/comunitat.edigital.cat\/t\/obert-el-proces-per-demanar-equips-a-primaria\/44154\">Obert el proc\u00e9s per demanar equips a prim\u00e0ria<\/a><br><span class=\"nus_data\">19.01.26<\/span> <a target=\"_blank\" href=\"https:\/\/comunitat.edigital.cat\/t\/indic-filtre-dordinadors-segons-ultima-sessio-oberta\/7385\">INDIC - filtre d'ordinadors segons \u00faltima sessi\u00f3 oberta<\/a><br><span class=\"nus_data\">09.12.25<\/span> <a target=\"_blank\" href=\"https:\/\/comunitat.edigital.cat\/t\/indic-estat-per-entregar-entregat\/12395\">INDIC: Estat Per entregar \/ entregat<\/a><br><span class=\"nus_data\">05.12.25<\/span> <a target=\"_blank\" href=\"https:\/\/comunitat.edigital.cat\/t\/indic-nou-filtre-amb-tipus-dordinadors-docent-alumne\/43718\">INDIC: Nou filtre amb tipus d'ordinadors (docent, alumne)<\/a><br><span class=\"nus_data\">28.11.25<\/span> <a target=\"_blank\" href=\"https:\/\/comunitat.edigital.cat\/t\/regularitzacio-dusuaris-a-indic\/14715\">Regularitzaci\u00f3 d'usuaris a INDIC<\/a><br><span class=\"nus_data\">25.10.25<\/span> <a target=\"_blank\" href=\"https:\/\/comunitat.edigital.cat\/t\/problemes-per-assignar-portatils-a-docents-amb-portatils-daltres-centres\/17540\">Problemes per assignar port\u00e0tils a docents amb port\u00e0tils d'altres centres<\/a><br><span class=\"nus_data\">24.10.25<\/span> <a target=\"_blank\" href=\"https:\/\/comunitat.edigital.cat\/t\/quines-millores-necessita-indic\/1000\">Quines millores necessita INDIC?<\/a><br><span class=\"nus_data\">05.10.25<\/span> <a target=\"_blank\" href=\"https:\/\/comunitat.edigital.cat\/t\/error-carrega-massiva-indic\/42370\">Error carrega massiva INDIC<\/a><br><span class=\"nus_data\">19.09.25<\/span> <a target=\"_blank\" href=\"https:\/\/comunitat.edigital.cat\/t\/sace-que-no-apareix-a-indic\/41982\">SACE que no apareix a \u00cdNDIC<\/a><br><\/div>\n<\/div>\n\n\n\n<div class=\"wp-block-column is-layout-flow wp-block-column-is-layout-flow\">\n<h3 class=\"wp-block-heading\">Converses m\u00e9s vistes sobre INDIC<\/h3>\n\n\n<div class='nus_topics'><span class=\"nus_data\">24.10.25<\/span> <a target=\"_blank\" href=\"https:\/\/comunitat.edigital.cat\/t\/quines-millores-necessita-indic\/1000\">Quines millores necessita INDIC?<\/a><br><span class=\"nus_data\">04.09.22<\/span> <a target=\"_blank\" href=\"https:\/\/comunitat.edigital.cat\/t\/reassignacio-dequips-per-al-canvi-de-curs\/16076\">Reassignaci\u00f3 d'equips per al canvi de curs<\/a><br><span class=\"nus_data\">16.09.24<\/span> <a target=\"_blank\" href=\"https:\/\/comunitat.edigital.cat\/t\/socors-soc-novell\/3186\">Socors, s\u00f3c novell!<\/a><br><span class=\"nus_data\">20.04.22<\/span> <a target=\"_blank\" href=\"https:\/\/comunitat.edigital.cat\/t\/actualitzacio-massiva-via-fitxer\/3262\">Actualitzaci\u00f3 massiva via fitxer<\/a><br><span class=\"nus_data\">28.11.25<\/span> <a target=\"_blank\" href=\"https:\/\/comunitat.edigital.cat\/t\/regularitzacio-dusuaris-a-indic\/14715\">Regularitzaci\u00f3 d'usuaris a INDIC<\/a><br><span class=\"nus_data\">27.03.23<\/span> <a target=\"_blank\" href=\"https:\/\/comunitat.edigital.cat\/t\/com-podem-entregar-ordinadors-professorat-inici-curs-22-23-1-de-juliol\/14803\">Com podem entregar ordinadors professorat inici curs 22\/23 (1 de juliol)?<\/a><br><span class=\"nus_data\">20.04.22<\/span> <a target=\"_blank\" href=\"https:\/\/comunitat.edigital.cat\/t\/sorpresa-amb-els-lenovo-alumnat-de-la-segona-tongada-3r-i-4t-eso\/8768\">Sorpresa amb els Lenovo alumnat de la segona tongada (3r i 4t ESO)<\/a><br><span class=\"nus_data\">20.03.24<\/span> <a target=\"_blank\" href=\"https:\/\/comunitat.edigital.cat\/t\/mifis-i-mes-mifis\/9792\">Mifis i m\u00e9s mifis<\/a><br><span class=\"nus_data\">06.11.24<\/span> <a target=\"_blank\" href=\"https:\/\/comunitat.edigital.cat\/t\/canviar-lusuari-principal-dun-ordinador\/1371\">Canviar l'usuari principal d'un ordinador<\/a><br><span class=\"nus_data\">07.04.22<\/span> <a target=\"_blank\" href=\"https:\/\/comunitat.edigital.cat\/t\/frustracio-a-la-coordinacio-digital\/5610\">Frustraci\u00f3 a la Coordinaci\u00f3 digital<\/a><br><\/div>\n<\/div>\n<\/div>\n\n\n\n<div style=\"height:100px\" aria-hidden=\"true\" class=\"wp-block-spacer\"><\/div>\n","protected":false},"excerpt":{"rendered":"<p>INDIC \u00e9s el sistema d\u2019inventari dels equips desplegats al Pla d\u2019educaci\u00f3 digital de Catalunya (PEDC). Cada centre pot consultar els equips i a quina persona (alumne\/a o docent) est\u00e0 assignat. Xarxa docent NUS Darreres converses sobre INDIC Converses m\u00e9s vistes sobre INDIC<\/p>\n","protected":false},"author":1,"featured_media":0,"parent":8706,"menu_order":0,"comment_status":"closed","ping_status":"close","template":"","meta":{"site-sidebar-layout":"default","site-content-layout":"","ast-site-content-layout":"default","site-content-style":"default","site-sidebar-style":"default","ast-global-header-display":"","ast-banner-title-visibility":"","ast-main-header-display":"","ast-hfb-above-header-display":"","ast-hfb-below-header-display":"","ast-hfb-mobile-header-display":"","site-post-title":"","ast-breadcrumbs-content":"","ast-featured-img":"","footer-sml-layout":"","theme-transparent-header-meta":"","adv-header-id-meta":"","stick-header-meta":"","header-above-stick-meta":"","header-main-stick-meta":"","header-below-stick-meta":"","astra-migrate-meta-layouts":"set","ast-page-background-enabled":"default","ast-page-background-meta":{"desktop":{"background-color":"var(--ast-global-color-4)","background-image":"","background-repeat":"repeat","background-position":"center center","background-size":"auto","background-attachment":"scroll","background-type":"","background-media":"","overlay-type":"","overlay-color":"","overlay-opacity":"","overlay-gradient":""},"tablet":{"background-color":"","background-image":"","background-repeat":"repeat","background-position":"center center","background-size":"auto","background-attachment":"scroll","background-type":"","background-media":"","overlay-type":"","overlay-color":"","overlay-opacity":"","overlay-gradient":""},"mobile":{"background-color":"","background-image":"","background-repeat":"repeat","background-position":"center center","background-size":"auto","background-attachment":"scroll","background-type":"","background-media":"","overlay-type":"","overlay-color":"","overlay-opacity":"","overlay-gradient":""}},"ast-content-background-meta":{"desktop":{"background-color":"var(--ast-global-color-5)","background-image":"","background-repeat":"repeat","background-position":"center center","background-size":"auto","background-attachment":"scroll","background-type":"","background-media":"","overlay-type":"","overlay-color":"","overlay-opacity":"","overlay-gradient":""},"tablet":{"background-color":"var(--ast-global-color-5)","background-image":"","background-repeat":"repeat","background-position":"center center","background-size":"auto","background-attachment":"scroll","background-type":"","background-media":"","overlay-type":"","overlay-color":"","overlay-opacity":"","overlay-gradient":""},"mobile":{"background-color":"var(--ast-global-color-5)","background-image":"","background-repeat":"repeat","background-position":"center center","background-size":"auto","background-attachment":"scroll","background-type":"","background-media":"","overlay-type":"","overlay-color":"","overlay-opacity":"","overlay-gradient":""}},"footnotes":""},"class_list":["post-10890","page","type-page","status-publish","hentry"],"post_mailing_queue_ids":[],"_links":{"self":[{"href":"https:\/\/projectes.xtec.cat\/digital\/wp-json\/wp\/v2\/pages\/10890","targetHints":{"allow":["GET"]}}],"collection":[{"href":"https:\/\/projectes.xtec.cat\/digital\/wp-json\/wp\/v2\/pages"}],"about":[{"href":"https:\/\/projectes.xtec.cat\/digital\/wp-json\/wp\/v2\/types\/page"}],"author":[{"embeddable":true,"href":"https:\/\/projectes.xtec.cat\/digital\/wp-json\/wp\/v2\/users\/1"}],"replies":[{"embeddable":true,"href":"https:\/\/projectes.xtec.cat\/digital\/wp-json\/wp\/v2\/comments?post=10890"}],"version-history":[{"count":6,"href":"https:\/\/projectes.xtec.cat\/digital\/wp-json\/wp\/v2\/pages\/10890\/revisions"}],"predecessor-version":[{"id":34718,"href":"https:\/\/projectes.xtec.cat\/digital\/wp-json\/wp\/v2\/pages\/10890\/revisions\/34718"}],"up":[{"embeddable":true,"href":"https:\/\/projectes.xtec.cat\/digital\/wp-json\/wp\/v2\/pages\/8706"}],"wp:attachment":[{"href":"https:\/\/projectes.xtec.cat\/digital\/wp-json\/wp\/v2\/media?parent=10890"}],"curies":[{"name":"wp","href":"https:\/\/api.w.org\/{rel}","templated":true}]}}