{"id":11651,"date":"2023-02-24T22:30:15","date_gmt":"2023-02-24T21:30:15","guid":{"rendered":"https:\/\/projectes.xtec.cat\/digital\/?page_id=11651"},"modified":"2023-05-13T21:46:19","modified_gmt":"2023-05-13T19:46:19","slug":"a1-coneixement","status":"publish","type":"page","link":"https:\/\/projectes.xtec.cat\/digital\/competencia-digital\/competencia-digital-docent\/a1-coneixement\/","title":{"rendered":"A1. Coneixement"},"content":{"rendered":"\n<p class=\"has-ast-global-color-4-background-color has-background\">Aquesta secci\u00f3 \u00e9s un extracte de&nbsp;<a href=\"https:\/\/documents.espai.educacio.gencat.cat\/IPCNormativa\/DisposicionsInternes\/20230203-Resolucio-Acreditacio-Comptencia-Digital.pdf\">la resoluci\u00f3<\/a>&nbsp;per la qual es defineixen les modalitats i els procediments d\u2019acreditaci\u00f3 de la compet\u00e8ncia digital docent.<\/p>\n\n\n\n<h3 class=\"alignwide wp-block-heading\">Acreditaci\u00f3 d&#8217;ofici<\/h3>\n\n\n\n<p>Es podr\u00e0 acreditar el nivell A1 a trav\u00e9s d\u2019un dels procediments seg\u00fcents:<\/p>\n\n\n\n<ul class=\"wp-block-list\"><li>Superaci\u00f3 d\u2019un<a href=\"https:\/\/aplicacions.gestioeducativa.gencat.cat\/pls\/soloas\/pk_for_mod_ins.p_for_cons_activitats?&amp;p_excloure_crp_rec=T&amp;p_any=2022-2023&amp;p_desc=Compet%C3%A8ncia%20digital%20docent,%20nivell%20A1&amp;p_grup_materia=TIC&amp;p_totes=S&amp;p_paginar=N\" data-type=\"URL\" target=\"_blank\" rel=\"noreferrer noopener\"> curs de formaci\u00f3 espec\u00edfica<\/a>, organitzat o reconegut pel<br>Departament d\u2019Educaci\u00f3, de nivell A1 d\u2019un m\u00ednim de 40 hores<\/li><li>Formaci\u00f3 interna de centre (<a href=\"https:\/\/projectes.xtec.cat\/edc-suport\/fic\/\" data-type=\"URL\" data-id=\"https:\/\/projectes.xtec.cat\/edc-suport\/fic\/\">FIC<\/a>) de 40 hores en relaci\u00f3 amb l\u2019estrat\u00e8gia<br>digital de centre.<\/li><li>Certificaci\u00f3 de 2 activitats de formaci\u00f3 <a href=\"https:\/\/xtec.gencat.cat\/ca\/formacio\/formaciogeneralprofessorat\/cultura-digital\/planificacio-oferta-formativa-modalitats\/\" data-type=\"URL\" data-id=\"https:\/\/xtec.gencat.cat\/ca\/formacio\/formaciogeneralprofessorat\/cultura-digital\/planificacio-oferta-formativa-modalitats\/\">organitzades<\/a> o reconegudes pel<br>Departament d\u2019Educaci\u00f3 sobre tecnologies digitals amb un m\u00ednim de 40<br>hores realitzades entre els cursos 2016-2017 i 2023-2024.<\/li><\/ul>\n\n\n\n<h3 class=\"alignwide wp-block-heading\">A petici\u00f3 de la persona interessada<\/h3>\n\n\n\n<p>Aquest nivell nom\u00e9s es pot acreditar d&#8217;ofici. <\/p>\n\n\n\n<h3 class=\"alignwide wp-block-heading\">T\u00edtols oficials que permeten l\u2019acreditaci\u00f3 directa<\/h3>\n\n\n\n<p>Consulteu el t\u00edtols que permeten l&#8217;acreditaci\u00f3 directa al <a href=\"https:\/\/projectes.xtec.cat\/digital\/competencia-digital\/competencia-digital-docent\/a2-iniciacio\/\" data-type=\"URL\" data-id=\"https:\/\/projectes.xtec.cat\/digital\/competencia-digital\/competencia-digital-docent\/a2-iniciacio\/\">nivell A2<\/a>. <\/p>\n\n\n\n<div style=\"height:100px\" aria-hidden=\"true\" class=\"wp-block-spacer\"><\/div>\n","protected":false},"excerpt":{"rendered":"<p>Aquesta secci\u00f3 \u00e9s un extracte de&nbsp;la resoluci\u00f3&nbsp;per la qual es defineixen les modalitats i els procediments d\u2019acreditaci\u00f3 de la compet\u00e8ncia digital docent. Acreditaci\u00f3 d&#8217;ofici Es podr\u00e0 acreditar el nivell A1 a trav\u00e9s d\u2019un dels procediments seg\u00fcents: Superaci\u00f3 d\u2019un curs de formaci\u00f3 espec\u00edfica, organitzat o reconegut pelDepartament d\u2019Educaci\u00f3, de nivell A1 d\u2019un m\u00ednim de 40 hores [&hellip;]<\/p>\n","protected":false},"author":2,"featured_media":0,"parent":10868,"menu_order":0,"comment_status":"closed","ping_status":"close","template":"","meta":{"site-sidebar-layout":"default","site-content-layout":"","ast-site-content-layout":"","site-content-style":"default","site-sidebar-style":"default","ast-global-header-display":"","ast-banner-title-visibility":"","ast-main-header-display":"","ast-hfb-above-header-display":"","ast-hfb-below-header-display":"","ast-hfb-mobile-header-display":"","site-post-title":"","ast-breadcrumbs-content":"","ast-featured-img":"","footer-sml-layout":"","theme-transparent-header-meta":"","adv-header-id-meta":"","stick-header-meta":"","header-above-stick-meta":"","header-main-stick-meta":"","header-below-stick-meta":"","astra-migrate-meta-layouts":"default","ast-page-background-enabled":"default","ast-page-background-meta":{"desktop":{"background-color":"var(--ast-global-color-4)","background-image":"","background-repeat":"repeat","background-position":"center center","background-size":"auto","background-attachment":"scroll","background-type":"","background-media":"","overlay-type":"","overlay-color":"","overlay-opacity":"","overlay-gradient":""},"tablet":{"background-color":"","background-image":"","background-repeat":"repeat","background-position":"center center","background-size":"auto","background-attachment":"scroll","background-type":"","background-media":"","overlay-type":"","overlay-color":"","overlay-opacity":"","overlay-gradient":""},"mobile":{"background-color":"","background-image":"","background-repeat":"repeat","background-position":"center center","background-size":"auto","background-attachment":"scroll","background-type":"","background-media":"","overlay-type":"","overlay-color":"","overlay-opacity":"","overlay-gradient":""}},"ast-content-background-meta":{"desktop":{"background-color":"var(--ast-global-color-5)","background-image":"","background-repeat":"repeat","background-position":"center center","background-size":"auto","background-attachment":"scroll","background-type":"","background-media":"","overlay-type":"","overlay-color":"","overlay-opacity":"","overlay-gradient":""},"tablet":{"background-color":"var(--ast-global-color-5)","background-image":"","background-repeat":"repeat","background-position":"center center","background-size":"auto","background-attachment":"scroll","background-type":"","background-media":"","overlay-type":"","overlay-color":"","overlay-opacity":"","overlay-gradient":""},"mobile":{"background-color":"var(--ast-global-color-5)","background-image":"","background-repeat":"repeat","background-position":"center center","background-size":"auto","background-attachment":"scroll","background-type":"","background-media":"","overlay-type":"","overlay-color":"","overlay-opacity":"","overlay-gradient":""}},"footnotes":""},"class_list":["post-11651","page","type-page","status-publish","hentry"],"post_mailing_queue_ids":[],"_links":{"self":[{"href":"https:\/\/projectes.xtec.cat\/digital\/wp-json\/wp\/v2\/pages\/11651","targetHints":{"allow":["GET"]}}],"collection":[{"href":"https:\/\/projectes.xtec.cat\/digital\/wp-json\/wp\/v2\/pages"}],"about":[{"href":"https:\/\/projectes.xtec.cat\/digital\/wp-json\/wp\/v2\/types\/page"}],"author":[{"embeddable":true,"href":"https:\/\/projectes.xtec.cat\/digital\/wp-json\/wp\/v2\/users\/2"}],"replies":[{"embeddable":true,"href":"https:\/\/projectes.xtec.cat\/digital\/wp-json\/wp\/v2\/comments?post=11651"}],"version-history":[{"count":3,"href":"https:\/\/projectes.xtec.cat\/digital\/wp-json\/wp\/v2\/pages\/11651\/revisions"}],"predecessor-version":[{"id":15613,"href":"https:\/\/projectes.xtec.cat\/digital\/wp-json\/wp\/v2\/pages\/11651\/revisions\/15613"}],"up":[{"embeddable":true,"href":"https:\/\/projectes.xtec.cat\/digital\/wp-json\/wp\/v2\/pages\/10868"}],"wp:attachment":[{"href":"https:\/\/projectes.xtec.cat\/digital\/wp-json\/wp\/v2\/media?parent=11651"}],"curies":[{"name":"wp","href":"https:\/\/api.w.org\/{rel}","templated":true}]}}