{"id":11668,"date":"2023-02-24T23:00:33","date_gmt":"2023-02-24T22:00:33","guid":{"rendered":"https:\/\/projectes.xtec.cat\/digital\/?page_id=11668"},"modified":"2024-12-04T19:59:35","modified_gmt":"2024-12-04T18:59:35","slug":"a2-iniciacio","status":"publish","type":"page","link":"https:\/\/projectes.xtec.cat\/digital\/competencia-digital\/competencia-digital-docent\/a2-iniciacio\/","title":{"rendered":"A2. Iniciaci\u00f3"},"content":{"rendered":"\n<p class=\"has-ast-global-color-4-background-color has-background\">Aquesta secci\u00f3 \u00e9s un extracte de&nbsp;<a href=\"https:\/\/documents.espai.educacio.gencat.cat\/IPCNormativa\/DisposicionsInternes\/20230203-Resolucio-Acreditacio-Comptencia-Digital.pdf\">la resoluci\u00f3<\/a>&nbsp;per la qual es defineixen les modalitats i els procediments d\u2019acreditaci\u00f3 de la compet\u00e8ncia digital docent.<\/p>\n\n\n\n<h3 class=\"wp-block-heading alignwide\">Acreditaci\u00f3 d&#8217;ofici<\/h3>\n\n\n\n<p>Es podr\u00e0 acreditar el nivell A2 a trav\u00e9s d\u2019un dels procediments seg\u00fcents:<\/p>\n\n\n\n<ul class=\"wp-block-list\">\n<li>Superaci\u00f3 d\u2019un curs de formaci\u00f3 espec\u00edfica, organitzat o reconegut pel Departament d\u2019Educaci\u00f3, de nivell A2 d\u2019un m\u00ednim de <strong>50 hores<\/strong>.<\/li>\n\n\n\n<li>Certificaci\u00f3 de 2 activitats de formaci\u00f3 organitzades o reconegudes pel Departament d\u2019Educaci\u00f3 sobre tecnologies digitals amb un m\u00ednim de <strong>50 hores <\/strong>realitzades entre els cursos 2016-2017 i 2023-2024.<\/li>\n\n\n\n<li><a href=\"https:\/\/projectes.xtec.cat\/digital\/competencia-digital\/competencia-digital-docent\/a2-iniciacio#titols-oficials\" data-type=\"URL\" data-id=\"https:\/\/projectes.xtec.cat\/digital\/competencia-digital\/competencia-digital-docent\/a2-iniciacio#titols-oficials\">T\u00edtols oficials <\/a>que habilitin per a la professi\u00f3 docent.<\/li>\n<\/ul>\n\n\n\n<h3 class=\"wp-block-heading alignwide\">A petici\u00f3 de la persona interessada<\/h3>\n\n\n\n<p>Aquest nivell nom\u00e9s es pot acreditar d&#8217;ofici. <\/p>\n\n\n\n<h3 class=\"wp-block-heading alignwide\" id=\"titols-oficials\">T\u00edtols oficials que permeten l\u2019acreditaci\u00f3 directa<\/h3>\n\n\n\n<div class=\"wp-block-getwid-accordion alignwide has-icon-left alignwide\" data-active-element=\"none\">\n<div class=\"wp-block-getwid-accordion__header-wrapper\"><span class=\"wp-block-getwid-accordion__header\"><a href=\"#\"><span class=\"wp-block-getwid-accordion__header-title\">A partir del curs 2024-25<\/span><span class=\"wp-block-getwid-accordion__icon is-active\"><i class=\"fas fa-angle-down\"><\/i><\/span><span class=\"wp-block-getwid-accordion__icon is-passive\"><i class=\"fas fa-angle-up\"><\/i><\/span><\/a><\/span><\/div><div class=\"wp-block-getwid-accordion__content-wrapper\"><div class=\"wp-block-getwid-accordion__content\">\n<h4 class=\"wp-block-heading\">Universitat de Barcelona:<\/h4>\n\n\n\n<ul class=\"wp-block-list\">\n<li>Mestre d\u2019Educaci\u00f3 Infantil<\/li>\n\n\n\n<li>Mestre d\u2019Educaci\u00f3 Prim\u00e0ria<\/li>\n\n\n\n<li>Mestre d\u2019 Educaci\u00f3 Infantil \u2013 Mestre d\u2019Educaci\u00f3 Prim\u00e0ria<\/li>\n\n\n\n<li>Mestre d\u2019Educaci\u00f3 Infantil: Menci\u00f3 en tecnologies digitals per a l\u2019aprenentatge, la comunicaci\u00f3 i l\u2019expressi\u00f3<\/li>\n\n\n\n<li>Mestre d\u2019Educaci\u00f3 Prim\u00e0ria: Menci\u00f3 en tecnologies digitals per a l\u2019aprenentatge, la comunicaci\u00f3 i l\u2019expressi\u00f3<\/li>\n\n\n\n<li>Mestre d\u2019 Educaci\u00f3 Infantil \u2013 Mestre d\u2019Educaci\u00f3 Prim\u00e0ria: Menci\u00f3 en tecnologies digitals per a l\u2019aprenentatge, la comunicaci\u00f3 i l\u2019expressi\u00f3<\/li>\n<\/ul>\n\n\n\n<h4 class=\"wp-block-heading\">Universitat Aut\u00f2noma de Barcelona<\/h4>\n\n\n\n<ul class=\"wp-block-list\">\n<li>Grau en Educaci\u00f3 Prim\u00e0ria<\/li>\n\n\n\n<li>Grau en Educaci\u00f3 Prim\u00e0ria (Angl\u00e8s)<\/li>\n\n\n\n<li>Grau en Educaci\u00f3 Infantil<\/li>\n\n\n\n<li>Grau en Educaci\u00f3 Infantil i Grau en Educaci\u00f3 Prim\u00e0ria<\/li>\n<\/ul>\n\n\n\n<h4 class=\"wp-block-heading\">Universitat de Girona:<\/h4>\n\n\n\n<ul class=\"wp-block-list\">\n<li>Grau en Mestre\/a en Educaci\u00f3 Infantil<\/li>\n\n\n\n<li>Grau en Mestre\/a en Educaci\u00f3 Prim\u00e0ria<\/li>\n\n\n\n<li>Doble Titulaci\u00f3 en Grau en Mestre\/a en Educaci\u00f3 Infantil i en Mestre\/a en Educaci\u00f3 Prim\u00e0ria<\/li>\n\n\n\n<li>Grau en Mestre\/a en Educaci\u00f3 Infantil: Menci\u00f3 en Tecnologies de la Informaci\u00f3 i la Comunicaci\u00f3<\/li>\n\n\n\n<li>Grau en Mestre\/a en Educaci\u00f3 Prim\u00e0ria: Menci\u00f3 en Tecnologies de la Informaci\u00f3 i la Comunicaci\u00f3<\/li>\n\n\n\n<li>Doble Titulaci\u00f3 en Grau en Mestre\/a en Educaci\u00f3 Infantil i en Mestre\/a en Educaci\u00f3 Prim\u00e0ria: Menci\u00f3 en Tecnologies de la Informaci\u00f3 i la Comunicaci\u00f3<\/li>\n<\/ul>\n\n\n\n<h4 class=\"wp-block-heading\">Universitat Rovira i Virgili<\/h4>\n\n\n\n<ul class=\"wp-block-list\">\n<li>Grau en Educaci\u00f3 Infantil<\/li>\n\n\n\n<li>Grau en Educaci\u00f3 Prim\u00e0ria<\/li>\n\n\n\n<li>Doble grau en Educaci\u00f3 Infantil i en Educaci\u00f3 Prim\u00e0ria amb menci\u00f3 d\u2019Angl\u00e8s<\/li>\n<\/ul>\n\n\n\n<h4 class=\"wp-block-heading\">Universitat de Lleida<\/h4>\n\n\n\n<ul class=\"wp-block-list\">\n<li>Grau en Educaci\u00f3 Infantil<\/li>\n\n\n\n<li>Grau en Educaci\u00f3 Prim\u00e0ria<\/li>\n\n\n\n<li>Doble titulaci\u00f3: grau en Educaci\u00f3 Infantil i grau en Educaci\u00f3 Prim\u00e0ria<\/li>\n\n\n\n<li>Doble titulaci\u00f3: Grau en Educaci\u00f3 Prim\u00e0ria i grau en Ci\u00e8ncies de l\u2019Activitat<\/li>\n\n\n\n<li>F\u00edsica i de l\u2019Esport<\/li>\n<\/ul>\n\n\n\n<h4 class=\"wp-block-heading\">Universitat de Vic \u2013 Universitat Central de Catalunya<\/h4>\n\n\n\n<ul class=\"wp-block-list\">\n<li>Mestre d&#8217;Educaci\u00f3 Infantil.<\/li>\n\n\n\n<li>Mestre d&#8217;Educaci\u00f3 Prim\u00e0ria.<\/li>\n\n\n\n<li>Mestre d&#8217;Educaci\u00f3 Infantil<\/li>\n\n\n\n<li>Nivell T\u00edtol oficial<\/li>\n\n\n\n<li>Mestre d&#8217;Educaci\u00f3 Prim\u00e0ria amb Menci\u00f3 en Llengua Anglesa.<\/li>\n\n\n\n<li>Ci\u00e8ncies de l&#8217;Activitat F\u00edsica i de l&#8217;Esport \/ Mestre d&#8217;Educaci\u00f3 Prim\u00e0ria am<\/li>\n\n\n\n<li>Menci\u00f3 en Educaci\u00f3 F\u00edsica.<\/li>\n<\/ul>\n\n\n\n<h4 class=\"wp-block-heading\">Universitat Oberta de Catalunya<\/h4>\n\n\n\n<ul class=\"wp-block-list\">\n<li>Grau d\u2019Educaci\u00f3 Prim\u00e0ria<\/li>\n<\/ul>\n\n\n\n<p><\/p>\n\n\n\n<h4 class=\"wp-block-heading\">Universitat Ramon Llull \u2013 Blanquerna<\/h4>\n\n\n\n<ul class=\"wp-block-list\">\n<li>Grau en Educaci\u00f3 Infantil<\/li>\n\n\n\n<li>Grau en Educaci\u00f3 Prim\u00e0ria<\/li>\n<\/ul>\n\n\n\n<h4 class=\"wp-block-heading\">Universitat Internacional de Catalunya<\/h4>\n\n\n\n<ul class=\"wp-block-list\">\n<li>Grau en Educaci\u00f3 Infantil<\/li>\n\n\n\n<li>Grau en Educaci\u00f3 Prim\u00e0ria<\/li>\n\n\n\n<li>Doble grau en Educaci\u00f3 Infantil + Educaci\u00f3 Prim\u00e0ria<\/li>\n\n\n\n<li>Doble grau en Educaci\u00f3 Infantil + Psicologia<\/li>\n\n\n\n<li>Doble grau en Educaci\u00f3 Infantil (Biling\u00fce) + Educaci\u00f3 Prim\u00e0ria<\/li>\n\n\n\n<li>Doble grau en Educaci\u00f3 Prim\u00e0ria + Psicologia<\/li>\n\n\n\n<li>Doble grau en Educaci\u00f3 Prim\u00e0ria + Humanitat i Estudis Culturals<\/li>\n\n\n\n<li>Doble grau en Educaci\u00f3 Prim\u00e0ria + Educaci\u00f3 Infantil<\/li>\n\n\n\n<li>Doble grau en Educaci\u00f3 Prim\u00e0ria (Biling\u00fce) + Educaci\u00f3 Infantil<\/li>\n<\/ul>\n\n\n\n<h4 class=\"wp-block-heading\">Universitat Abat Oliba CEU<\/h4>\n\n\n\n<ul class=\"wp-block-list\">\n<li>Grau en Educaci\u00f3 Infantil<\/li>\n\n\n\n<li>Grau en Educaci\u00f3 Prim\u00e0ria<\/li>\n\n\n\n<li>Grau en Educaci\u00f3 Infantil \u2013 Bilingual<\/li>\n\n\n\n<li>Grau en Educaci\u00f3 Prim\u00e0ria \u2013 Bilingual<\/li>\n\n\n\n<li>Doble grau en Ed. Infantil + Ed. Prim\u00e0ria \u2013 B<\/li>\n<\/ul>\n\n\n\n<h4 class=\"wp-block-heading\">Institut Obert de Catalunya (IOC)<\/h4>\n\n\n\n<ul class=\"wp-block-list\">\n<li>Certificat de formaci\u00f3 pedag\u00f2gica i did\u00e0ctica equivalent al m\u00e0ster universitari de<br>formaci\u00f3 del professorat<\/li>\n<\/ul>\n<\/div><\/div>\n\n\n\n<div class=\"wp-block-getwid-accordion__header-wrapper\"><span class=\"wp-block-getwid-accordion__header\"><a href=\"#\"><span class=\"wp-block-getwid-accordion__header-title\">A partir del curs 2025-26<\/span><span class=\"wp-block-getwid-accordion__icon is-active\"><i class=\"fas fa-angle-down\"><\/i><\/span><span class=\"wp-block-getwid-accordion__icon is-passive\"><i class=\"fas fa-angle-up\"><\/i><\/span><\/a><\/span><\/div><div class=\"wp-block-getwid-accordion__content-wrapper\"><div class=\"wp-block-getwid-accordion__content\">\n<p>M\u00e0ster Universitari en Formaci\u00f3 del Professorat d\u2019Educaci\u00f3 Secund\u00e0ria<br>Obligat\u00f2ria i Batxillerat, Formaci\u00f3 Professional i Ensenyament d\u2019Idiomes<br>(MUFPS) de totes les especialitats i en totes les seves modalitats, impartides per<br>les universitats del sistema catal\u00e0 (UB, UAB, UPC, UdG, URV, UdL, UPF, UOC,<br>UVic-UCC, URL, UIC, UOC-CEU) i el M\u00e0ster universitari de Formaci\u00f3 del<br>Professorat d&#8217;Educaci\u00f3 Secund\u00e0ria Obligat\u00f2ria i Batxillerat, Formaci\u00f3<br>Professional i Ensenyament d&#8217;Idiomes \u2013 Especialitat- UAB-UB-UOC-UPC.<\/p>\n<\/div><\/div>\n<\/div>\n\n\n\n<div style=\"height:100px\" aria-hidden=\"true\" class=\"wp-block-spacer\"><\/div>\n","protected":false},"excerpt":{"rendered":"<p>Aquesta secci\u00f3 \u00e9s un extracte de&nbsp;la resoluci\u00f3&nbsp;per la qual es defineixen les modalitats i els procediments d\u2019acreditaci\u00f3 de la compet\u00e8ncia digital docent. Acreditaci\u00f3 d&#8217;ofici Es podr\u00e0 acreditar el nivell A2 a trav\u00e9s d\u2019un dels procediments seg\u00fcents: A petici\u00f3 de la persona interessada Aquest nivell nom\u00e9s es pot acreditar d&#8217;ofici. T\u00edtols oficials que permeten l\u2019acreditaci\u00f3 directa<\/p>\n","protected":false},"author":2,"featured_media":0,"parent":10868,"menu_order":0,"comment_status":"closed","ping_status":"close","template":"","meta":{"site-sidebar-layout":"default","site-content-layout":"","ast-site-content-layout":"default","site-content-style":"default","site-sidebar-style":"default","ast-global-header-display":"","ast-banner-title-visibility":"","ast-main-header-display":"","ast-hfb-above-header-display":"","ast-hfb-below-header-display":"","ast-hfb-mobile-header-display":"","site-post-title":"","ast-breadcrumbs-content":"","ast-featured-img":"","footer-sml-layout":"","theme-transparent-header-meta":"","adv-header-id-meta":"","stick-header-meta":"","header-above-stick-meta":"","header-main-stick-meta":"","header-below-stick-meta":"","astra-migrate-meta-layouts":"set","ast-page-background-enabled":"default","ast-page-background-meta":{"desktop":{"background-color":"var(--ast-global-color-4)","background-image":"","background-repeat":"repeat","background-position":"center center","background-size":"auto","background-attachment":"scroll","background-type":"","background-media":"","overlay-type":"","overlay-color":"","overlay-opacity":"","overlay-gradient":""},"tablet":{"background-color":"","background-image":"","background-repeat":"repeat","background-position":"center center","background-size":"auto","background-attachment":"scroll","background-type":"","background-media":"","overlay-type":"","overlay-color":"","overlay-opacity":"","overlay-gradient":""},"mobile":{"background-color":"","background-image":"","background-repeat":"repeat","background-position":"center center","background-size":"auto","background-attachment":"scroll","background-type":"","background-media":"","overlay-type":"","overlay-color":"","overlay-opacity":"","overlay-gradient":""}},"ast-content-background-meta":{"desktop":{"background-color":"var(--ast-global-color-5)","background-image":"","background-repeat":"repeat","background-position":"center center","background-size":"auto","background-attachment":"scroll","background-type":"","background-media":"","overlay-type":"","overlay-color":"","overlay-opacity":"","overlay-gradient":""},"tablet":{"background-color":"var(--ast-global-color-5)","background-image":"","background-repeat":"repeat","background-position":"center center","background-size":"auto","background-attachment":"scroll","background-type":"","background-media":"","overlay-type":"","overlay-color":"","overlay-opacity":"","overlay-gradient":""},"mobile":{"background-color":"var(--ast-global-color-5)","background-image":"","background-repeat":"repeat","background-position":"center center","background-size":"auto","background-attachment":"scroll","background-type":"","background-media":"","overlay-type":"","overlay-color":"","overlay-opacity":"","overlay-gradient":""}},"footnotes":""},"class_list":["post-11668","page","type-page","status-publish","hentry"],"post_mailing_queue_ids":[],"_links":{"self":[{"href":"https:\/\/projectes.xtec.cat\/digital\/wp-json\/wp\/v2\/pages\/11668","targetHints":{"allow":["GET"]}}],"collection":[{"href":"https:\/\/projectes.xtec.cat\/digital\/wp-json\/wp\/v2\/pages"}],"about":[{"href":"https:\/\/projectes.xtec.cat\/digital\/wp-json\/wp\/v2\/types\/page"}],"author":[{"embeddable":true,"href":"https:\/\/projectes.xtec.cat\/digital\/wp-json\/wp\/v2\/users\/2"}],"replies":[{"embeddable":true,"href":"https:\/\/projectes.xtec.cat\/digital\/wp-json\/wp\/v2\/comments?post=11668"}],"version-history":[{"count":4,"href":"https:\/\/projectes.xtec.cat\/digital\/wp-json\/wp\/v2\/pages\/11668\/revisions"}],"predecessor-version":[{"id":33080,"href":"https:\/\/projectes.xtec.cat\/digital\/wp-json\/wp\/v2\/pages\/11668\/revisions\/33080"}],"up":[{"embeddable":true,"href":"https:\/\/projectes.xtec.cat\/digital\/wp-json\/wp\/v2\/pages\/10868"}],"wp:attachment":[{"href":"https:\/\/projectes.xtec.cat\/digital\/wp-json\/wp\/v2\/media?parent=11668"}],"curies":[{"name":"wp","href":"https:\/\/api.w.org\/{rel}","templated":true}]}}