{"id":11692,"date":"2023-02-24T23:32:41","date_gmt":"2023-02-24T22:32:41","guid":{"rendered":"https:\/\/projectes.xtec.cat\/digital\/?page_id=11692"},"modified":"2024-12-04T20:00:12","modified_gmt":"2024-12-04T19:00:12","slug":"b1-adopcio","status":"publish","type":"page","link":"https:\/\/projectes.xtec.cat\/digital\/competencia-digital\/competencia-digital-docent\/b1-adopcio\/","title":{"rendered":"B1. Adopci\u00f3"},"content":{"rendered":"\n<p class=\"has-ast-global-color-4-background-color has-background\">Aquesta secci\u00f3 \u00e9s un extracte de&nbsp;<a href=\"https:\/\/documents.espai.educacio.gencat.cat\/IPCNormativa\/DisposicionsInternes\/20230203-Resolucio-Acreditacio-Comptencia-Digital.pdf\">la resoluci\u00f3<\/a>&nbsp;per la qual es defineixen les modalitats i els procediments d\u2019acreditaci\u00f3 de la compet\u00e8ncia digital docent.<\/p>\n\n\n\n<h3 class=\"wp-block-heading alignwide\">Acreditaci\u00f3 d&#8217;ofici<\/h3>\n\n\n\n<p>Es podr\u00e0 acreditar el nivell B1 a trav\u00e9s d\u2019un dels procediments seg\u00fcents:<\/p>\n\n\n\n<ul class=\"wp-block-list\">\n<li>Superaci\u00f3 d\u2019un curs de formaci\u00f3 espec\u00edfica, organitzat o reconegut pel Departament d\u2019Educaci\u00f3, de nivell B1 d\u2019un m\u00ednim de <strong>60 hores<\/strong>, que inclogui <strong>evid\u00e8ncies d\u2019implementaci\u00f3<\/strong>.<\/li>\n\n\n\n<li>Professorat que ha realitzat un projecte <strong>eTwinning<\/strong> avaluat amb segell de qualitat i puntuaci\u00f3 m\u00ednima de 18 punts a partir de 2020.<\/li>\n\n\n\n<li><strong>Certificaci\u00f3 de formador d\u2019activitats<\/strong> formatives organitzades pel Departament d\u2019Educaci\u00f3 en l\u2019\u00e0mbit de les tecnologies digitals amb un m\u00ednim <strong>30 hores <\/strong>lectives i amb avaluaci\u00f3 positiva dels participants a partir del curs 2016-2017.<\/li>\n<\/ul>\n\n\n\n<h3 class=\"wp-block-heading alignwide\">A petici\u00f3 de la persona interessada<\/h3>\n\n\n\n<ul class=\"wp-block-list\">\n<li>Tenir certificades<strong> 3 activitats de formaci\u00f3 reconegudes<\/strong> pel Departament d\u2019Educaci\u00f3 sobre tecnologies digitals amb un m\u00ednim de <strong>60 hores<\/strong> realitzades entre els cursos 2016-2017 i 2023-2024, i aportar un certificat de la direcci\u00f3 del centre que acrediti la realitzaci\u00f3 d\u2019activitats docents amb aplicaci\u00f3 de les tecnologies digitals, segons el <a href=\"https:\/\/educacio.gencat.cat\/ca\/arees-actuacio\/professors\/acreditacions\/competencia-digital-docent\/\" data-type=\"URL\" data-id=\"https:\/\/educacio.gencat.cat\/ca\/arees-actuacio\/professors\/acreditacions\/competencia-digital-docent\/\" target=\"_blank\" rel=\"noreferrer noopener\">model disponible al web<\/a>. <\/li>\n\n\n\n<li>Per als docents que estiguin en situaci\u00f3 de <strong>comissi\u00f3 de serveis<\/strong> en les unitats org\u00e0niques als <strong>serveis centrals o territorials<\/strong> del Departament d&#8217;Educaci\u00f3 o <strong>serveis educatius<\/strong> caldr\u00e0 presentar un certificat de la persona cap de servei corresponent o direcci\u00f3 del servei educatiu que acrediti la realitzaci\u00f3 d\u2019activitats en el seu lloc de treball relacionades amb l\u2019impuls de l\u2019\u00fas de les tecnologies digitals als centres educatius, segons el <a href=\"https:\/\/educacio.gencat.cat\/ca\/arees-actuacio\/professors\/acreditacions\/competencia-digital-docent\/\" data-type=\"URL\" data-id=\"https:\/\/educacio.gencat.cat\/ca\/arees-actuacio\/professors\/acreditacions\/competencia-digital-docent\/\" target=\"_blank\" rel=\"noreferrer noopener\">model disponible al web<\/a>.<\/li>\n<\/ul>\n\n\n\n<h3 class=\"wp-block-heading alignwide\">T\u00edtols oficials que permeten l\u2019acreditaci\u00f3 directa<\/h3>\n\n\n\n<p>Els t\u00edtols oficials no permeten acreditar directament aquest nivell.<\/p>\n\n\n\n<div style=\"height:100px\" aria-hidden=\"true\" class=\"wp-block-spacer\"><\/div>\n","protected":false},"excerpt":{"rendered":"<p>Aquesta secci\u00f3 \u00e9s un extracte de&nbsp;la resoluci\u00f3&nbsp;per la qual es defineixen les modalitats i els procediments d\u2019acreditaci\u00f3 de la compet\u00e8ncia digital docent. Acreditaci\u00f3 d&#8217;ofici Es podr\u00e0 acreditar el nivell B1 a trav\u00e9s d\u2019un dels procediments seg\u00fcents: A petici\u00f3 de la persona interessada T\u00edtols oficials que permeten l\u2019acreditaci\u00f3 directa Els t\u00edtols oficials no permeten acreditar directament [&hellip;]<\/p>\n","protected":false},"author":2,"featured_media":0,"parent":10868,"menu_order":0,"comment_status":"closed","ping_status":"close","template":"","meta":{"site-sidebar-layout":"default","site-content-layout":"","ast-site-content-layout":"default","site-content-style":"default","site-sidebar-style":"default","ast-global-header-display":"","ast-banner-title-visibility":"","ast-main-header-display":"","ast-hfb-above-header-display":"","ast-hfb-below-header-display":"","ast-hfb-mobile-header-display":"","site-post-title":"","ast-breadcrumbs-content":"","ast-featured-img":"","footer-sml-layout":"","theme-transparent-header-meta":"","adv-header-id-meta":"","stick-header-meta":"","header-above-stick-meta":"","header-main-stick-meta":"","header-below-stick-meta":"","astra-migrate-meta-layouts":"set","ast-page-background-enabled":"default","ast-page-background-meta":{"desktop":{"background-color":"var(--ast-global-color-4)","background-image":"","background-repeat":"repeat","background-position":"center center","background-size":"auto","background-attachment":"scroll","background-type":"","background-media":"","overlay-type":"","overlay-color":"","overlay-opacity":"","overlay-gradient":""},"tablet":{"background-color":"","background-image":"","background-repeat":"repeat","background-position":"center center","background-size":"auto","background-attachment":"scroll","background-type":"","background-media":"","overlay-type":"","overlay-color":"","overlay-opacity":"","overlay-gradient":""},"mobile":{"background-color":"","background-image":"","background-repeat":"repeat","background-position":"center center","background-size":"auto","background-attachment":"scroll","background-type":"","background-media":"","overlay-type":"","overlay-color":"","overlay-opacity":"","overlay-gradient":""}},"ast-content-background-meta":{"desktop":{"background-color":"var(--ast-global-color-5)","background-image":"","background-repeat":"repeat","background-position":"center center","background-size":"auto","background-attachment":"scroll","background-type":"","background-media":"","overlay-type":"","overlay-color":"","overlay-opacity":"","overlay-gradient":""},"tablet":{"background-color":"var(--ast-global-color-5)","background-image":"","background-repeat":"repeat","background-position":"center center","background-size":"auto","background-attachment":"scroll","background-type":"","background-media":"","overlay-type":"","overlay-color":"","overlay-opacity":"","overlay-gradient":""},"mobile":{"background-color":"var(--ast-global-color-5)","background-image":"","background-repeat":"repeat","background-position":"center center","background-size":"auto","background-attachment":"scroll","background-type":"","background-media":"","overlay-type":"","overlay-color":"","overlay-opacity":"","overlay-gradient":""}},"footnotes":""},"class_list":["post-11692","page","type-page","status-publish","hentry"],"post_mailing_queue_ids":[],"_links":{"self":[{"href":"https:\/\/projectes.xtec.cat\/digital\/wp-json\/wp\/v2\/pages\/11692","targetHints":{"allow":["GET"]}}],"collection":[{"href":"https:\/\/projectes.xtec.cat\/digital\/wp-json\/wp\/v2\/pages"}],"about":[{"href":"https:\/\/projectes.xtec.cat\/digital\/wp-json\/wp\/v2\/types\/page"}],"author":[{"embeddable":true,"href":"https:\/\/projectes.xtec.cat\/digital\/wp-json\/wp\/v2\/users\/2"}],"replies":[{"embeddable":true,"href":"https:\/\/projectes.xtec.cat\/digital\/wp-json\/wp\/v2\/comments?post=11692"}],"version-history":[{"count":4,"href":"https:\/\/projectes.xtec.cat\/digital\/wp-json\/wp\/v2\/pages\/11692\/revisions"}],"predecessor-version":[{"id":33081,"href":"https:\/\/projectes.xtec.cat\/digital\/wp-json\/wp\/v2\/pages\/11692\/revisions\/33081"}],"up":[{"embeddable":true,"href":"https:\/\/projectes.xtec.cat\/digital\/wp-json\/wp\/v2\/pages\/10868"}],"wp:attachment":[{"href":"https:\/\/projectes.xtec.cat\/digital\/wp-json\/wp\/v2\/media?parent=11692"}],"curies":[{"name":"wp","href":"https:\/\/api.w.org\/{rel}","templated":true}]}}