{"id":11745,"date":"2023-02-25T20:58:22","date_gmt":"2023-02-25T19:58:22","guid":{"rendered":"https:\/\/projectes.xtec.cat\/digital\/?page_id=11745"},"modified":"2023-03-18T10:21:57","modified_gmt":"2023-03-18T09:21:57","slug":"b2-adaptacio","status":"publish","type":"page","link":"https:\/\/projectes.xtec.cat\/digital\/competencia-digital\/competencia-digital-docent\/b2-adaptacio\/","title":{"rendered":"B2. Adaptaci\u00f3"},"content":{"rendered":"\n<p class=\"has-ast-global-color-4-background-color has-background\">Aquesta secci\u00f3 \u00e9s un extracte de&nbsp;<a href=\"https:\/\/documents.espai.educacio.gencat.cat\/IPCNormativa\/DisposicionsInternes\/20230203-Resolucio-Acreditacio-Comptencia-Digital.pdf\">la resoluci\u00f3<\/a>&nbsp;per la qual es defineixen les modalitats i els procediments d\u2019acreditaci\u00f3 de la compet\u00e8ncia digital docent.<\/p>\n\n\n\n<h3 class=\"alignwide wp-block-heading\">Acreditaci\u00f3 d&#8217;ofici<\/h3>\n\n\n\n<p>Es podr\u00e0 acreditar el nivell B2 a trav\u00e9s d\u2019un dels procediments seg\u00fcents:<\/p>\n\n\n\n<ul class=\"wp-block-list\"><li>Superaci\u00f3 d\u2019un curs de <a href=\"https:\/\/aplicacions.gestioeducativa.gencat.cat\/pls\/soloas\/pk_for_mod_ins.p_for_cons_activitats?&amp;p_excloure_crp_rec=T&amp;p_any=2022-2023&amp;p_desc=B2&amp;p_grup_materia=TIC&amp;p_totes=S&amp;p_paginar=N\" data-type=\"URL\" data-id=\"https:\/\/aplicacions.gestioeducativa.gencat.cat\/pls\/soloas\/pk_for_mod_ins.p_for_cons_activitats?&amp;p_excloure_crp_rec=T&amp;p_any=2022-2023&amp;p_desc=B2&amp;p_grup_materia=TIC&amp;p_totes=S&amp;p_paginar=N\" target=\"_blank\" rel=\"noreferrer noopener\">formaci\u00f3 espec\u00edfica<\/a>, organitzat o reconegut pel Departament d\u2019Educaci\u00f3, de <strong>nivell B2<\/strong> d\u2019un m\u00ednim de <strong>70 hores<\/strong>, que inclogui evid\u00e8ncies d\u2019implementaci\u00f3.<\/li><li><strong>Certificaci\u00f3 d\u2019innovaci\u00f3<\/strong> per participaci\u00f3 durant <strong>3 cursos<\/strong> en els programes d\u2019innovaci\u00f3 educativa del Departament d\u2019Educaci\u00f3 \u201c<a rel=\"noreferrer noopener\" href=\"https:\/\/agora.xtec.cat\/mobilsedu\/\" data-type=\"URL\" data-id=\"https:\/\/agora.xtec.cat\/mobilsedu\/\" target=\"_blank\">M\u00f2bils.edu<\/a>\u201d o \u201c<a href=\"https:\/\/innovacio.xtec.gencat.cat\/programa\/57\" data-type=\"URL\" data-id=\"https:\/\/innovacio.xtec.gencat.cat\/programa\/57\">Tecnologies digitals per a l\u2019aprenentatge<\/a>\u201d.<\/li><li>Acreditaci\u00f3 del <a href=\"https:\/\/projectes.xtec.cat\/digital\/directori\/perfil-professional-de-la-competencia-digital-docent\/\" data-type=\"URL\" data-id=\"https:\/\/projectes.xtec.cat\/digital\/directori\/perfil-professional-de-la-competencia-digital-docent\/\">perfil professional en compet\u00e8ncia digital docent<\/a> segons Resoluci\u00f3 ENS\/1128\/2016.<\/li><li><strong>Certificaci\u00f3 de formador d\u2019activitats<\/strong> organitzades pel Departament d\u2019Educaci\u00f3 en l\u2019\u00e0mbit de les tecnologies digitals amb un m\u00ednim <strong>50 hores<\/strong> i amb avaluaci\u00f3 positiva dels participants a partir del curs 2016-2017.<\/li><li>Haver exercit la <strong>doc\u00e8ncia<\/strong> un m\u00ednim de dos cursos a l\u2019<strong>lnstitut Obert de Catalunya<\/strong> (IOC) com a professor titular del centre.<\/li><\/ul>\n\n\n\n<h3 class=\"alignwide wp-block-heading\">A petici\u00f3 de la persona interessada<\/h3>\n\n\n\n<ul class=\"wp-block-list\"><li>Tenir certificades<strong>&nbsp;3 activitats de formaci\u00f3 reconegudes<\/strong>&nbsp;pel Departament d\u2019Educaci\u00f3 sobre tecnologies digitals amb un m\u00ednim de&nbsp;<strong>70 hores<\/strong>&nbsp;realitzades entre els cursos 2016-2017 i 2023-2024, i aportar un certificat de la direcci\u00f3 del centre que acrediti la realitzaci\u00f3 d\u2019activitats docents amb aplicaci\u00f3 de les tecnologies digitals, segons el&nbsp;<a rel=\"noreferrer noopener\" href=\"https:\/\/educacio.gencat.cat\/ca\/arees-actuacio\/professors\/acreditacions\/competencia-digital-docent\/\" target=\"_blank\">model disponible al web<\/a>.<\/li><li>Per als docents que estiguin en situaci\u00f3 de&nbsp;<strong>comissi\u00f3 de serveis<\/strong>&nbsp;en les unitats org\u00e0niques als&nbsp;<strong>serveis centrals o territorials<\/strong>&nbsp;del Departament d\u2019Educaci\u00f3 o&nbsp;<strong>serveis educatius<\/strong>&nbsp;caldr\u00e0 presentar un certificat de la persona cap de servei corresponent o direcci\u00f3 del servei educatiu que acrediti la realitzaci\u00f3 d\u2019activitats en el seu lloc de treball relacionades amb l\u2019impuls de l\u2019\u00fas de les tecnologies digitals als centres educatius, segons el&nbsp;<a rel=\"noreferrer noopener\" href=\"https:\/\/educacio.gencat.cat\/ca\/arees-actuacio\/professors\/acreditacions\/competencia-digital-docent\/\" target=\"_blank\">model disponible al web<\/a>.<\/li><\/ul>\n\n\n\n<h3 class=\"alignwide wp-block-heading\">T\u00edtols oficials que permeten l\u2019acreditaci\u00f3 directa<\/h3>\n\n\n\n<p>Els t\u00edtols oficials no permeten acreditar directament aquest nivell. <\/p>\n\n\n\n<div style=\"height:60px\" aria-hidden=\"true\" class=\"wp-block-spacer\"><\/div>\n","protected":false},"excerpt":{"rendered":"<p>Aquesta secci\u00f3 \u00e9s un extracte de&nbsp;la resoluci\u00f3&nbsp;per la qual es defineixen les modalitats i els procediments d\u2019acreditaci\u00f3 de la compet\u00e8ncia digital docent. Acreditaci\u00f3 d&#8217;ofici Es podr\u00e0 acreditar el nivell B2 a trav\u00e9s d\u2019un dels procediments seg\u00fcents: Superaci\u00f3 d\u2019un curs de formaci\u00f3 espec\u00edfica, organitzat o reconegut pel Departament d\u2019Educaci\u00f3, de nivell B2 d\u2019un m\u00ednim de 70 [&hellip;]<\/p>\n","protected":false},"author":2,"featured_media":0,"parent":10868,"menu_order":0,"comment_status":"closed","ping_status":"close","template":"","meta":{"site-sidebar-layout":"default","site-content-layout":"","ast-site-content-layout":"","site-content-style":"default","site-sidebar-style":"default","ast-global-header-display":"","ast-banner-title-visibility":"","ast-main-header-display":"","ast-hfb-above-header-display":"","ast-hfb-below-header-display":"","ast-hfb-mobile-header-display":"","site-post-title":"","ast-breadcrumbs-content":"","ast-featured-img":"","footer-sml-layout":"","theme-transparent-header-meta":"","adv-header-id-meta":"","stick-header-meta":"","header-above-stick-meta":"","header-main-stick-meta":"","header-below-stick-meta":"","astra-migrate-meta-layouts":"default","ast-page-background-enabled":"default","ast-page-background-meta":{"desktop":{"background-color":"var(--ast-global-color-4)","background-image":"","background-repeat":"repeat","background-position":"center center","background-size":"auto","background-attachment":"scroll","background-type":"","background-media":"","overlay-type":"","overlay-color":"","overlay-opacity":"","overlay-gradient":""},"tablet":{"background-color":"","background-image":"","background-repeat":"repeat","background-position":"center center","background-size":"auto","background-attachment":"scroll","background-type":"","background-media":"","overlay-type":"","overlay-color":"","overlay-opacity":"","overlay-gradient":""},"mobile":{"background-color":"","background-image":"","background-repeat":"repeat","background-position":"center center","background-size":"auto","background-attachment":"scroll","background-type":"","background-media":"","overlay-type":"","overlay-color":"","overlay-opacity":"","overlay-gradient":""}},"ast-content-background-meta":{"desktop":{"background-color":"var(--ast-global-color-5)","background-image":"","background-repeat":"repeat","background-position":"center center","background-size":"auto","background-attachment":"scroll","background-type":"","background-media":"","overlay-type":"","overlay-color":"","overlay-opacity":"","overlay-gradient":""},"tablet":{"background-color":"var(--ast-global-color-5)","background-image":"","background-repeat":"repeat","background-position":"center center","background-size":"auto","background-attachment":"scroll","background-type":"","background-media":"","overlay-type":"","overlay-color":"","overlay-opacity":"","overlay-gradient":""},"mobile":{"background-color":"var(--ast-global-color-5)","background-image":"","background-repeat":"repeat","background-position":"center center","background-size":"auto","background-attachment":"scroll","background-type":"","background-media":"","overlay-type":"","overlay-color":"","overlay-opacity":"","overlay-gradient":""}},"footnotes":""},"class_list":["post-11745","page","type-page","status-publish","hentry"],"post_mailing_queue_ids":[],"_links":{"self":[{"href":"https:\/\/projectes.xtec.cat\/digital\/wp-json\/wp\/v2\/pages\/11745","targetHints":{"allow":["GET"]}}],"collection":[{"href":"https:\/\/projectes.xtec.cat\/digital\/wp-json\/wp\/v2\/pages"}],"about":[{"href":"https:\/\/projectes.xtec.cat\/digital\/wp-json\/wp\/v2\/types\/page"}],"author":[{"embeddable":true,"href":"https:\/\/projectes.xtec.cat\/digital\/wp-json\/wp\/v2\/users\/2"}],"replies":[{"embeddable":true,"href":"https:\/\/projectes.xtec.cat\/digital\/wp-json\/wp\/v2\/comments?post=11745"}],"version-history":[{"count":3,"href":"https:\/\/projectes.xtec.cat\/digital\/wp-json\/wp\/v2\/pages\/11745\/revisions"}],"predecessor-version":[{"id":14039,"href":"https:\/\/projectes.xtec.cat\/digital\/wp-json\/wp\/v2\/pages\/11745\/revisions\/14039"}],"up":[{"embeddable":true,"href":"https:\/\/projectes.xtec.cat\/digital\/wp-json\/wp\/v2\/pages\/10868"}],"wp:attachment":[{"href":"https:\/\/projectes.xtec.cat\/digital\/wp-json\/wp\/v2\/media?parent=11745"}],"curies":[{"name":"wp","href":"https:\/\/api.w.org\/{rel}","templated":true}]}}