{"id":12306,"date":"2023-03-04T14:42:48","date_gmt":"2023-03-04T13:42:48","guid":{"rendered":"https:\/\/projectes.xtec.cat\/digital\/?page_id=12306"},"modified":"2023-03-19T00:51:06","modified_gmt":"2023-03-18T23:51:06","slug":"pla-acollida-digital","status":"publish","type":"page","link":"https:\/\/projectes.xtec.cat\/digital\/competencia-digital\/competencia-digital-centre\/pla-acollida-digital\/","title":{"rendered":"Pla d&#8217;acollida digital"},"content":{"rendered":"\n<div class=\"wp-block-getwid-section alignfull alignfull\"><div class=\"wp-block-getwid-section__wrapper\"><div class=\"wp-block-getwid-section__inner-wrapper\"><div class=\"wp-block-getwid-section__background-holder\"><div class=\"wp-block-getwid-section__background\"><\/div><div class=\"wp-block-getwid-section__foreground\"><\/div><\/div><div class=\"wp-block-getwid-section__content\"><div class=\"wp-block-getwid-section__inner-content\">\n<p>Dins del pla d&#8217;acollida del centre, \u00e9s necessari incloure una bona acollida digital. L&#8217;acollida digital de l\u2019<strong>alumnat de nova incorporaci\u00f3<\/strong> en un centre i de les seves fam\u00edlies \u00e9s un aspecte que pot afavorir l\u2019equitat i la inclusi\u00f3. Cal para especial atenci\u00f3 al alumnes de matr\u00edcula viva, que s&#8217;incorporen fora dels periodes ordinaris de matr\u00edcula. <\/p>\n\n\n\n<div style=\"height:20px\" aria-hidden=\"true\" class=\"wp-block-spacer\"><\/div>\n\n\n\n<div class=\"wp-block-columns is-layout-flex wp-container-core-columns-is-layout-1 wp-block-columns-is-layout-flex\">\n<div class=\"wp-block-column is-layout-flow wp-block-column-is-layout-flow\" style=\"flex-basis:60%\">\n<div class=\"video-responsive\"><iframe loading=\"lazy\" width=\"560\" height=\"315\" src=\"https:\/\/www.youtube.com\/embed\/tNCbHDz7TDs\" title=\"YouTube video player\" frameborder=\"0\" allow=\"accelerometer; autoplay; clipboard-write; encrypted-media; gyroscope; picture-in-picture; web-share\" allowfullscreen=\"\"><\/iframe><\/div>\n<\/div>\n\n\n\n<div class=\"wp-block-column is-vertically-aligned-center is-layout-flow wp-block-column-is-layout-flow\">\n<div class=\"wp-block-image doc\"><figure class=\"aligncenter size-large is-resized\"><a href=\"https:\/\/projectes.xtec.cat\/edc-suport\/wp-content\/uploads\/usu2435\/2021\/07\/Guia_pla_acollida_digital.pdf\" target=\"_blank\" rel=\"noopener\"><img loading=\"lazy\" decoding=\"async\" src=\"https:\/\/projectes.xtec.cat\/digital\/wp-content\/uploads\/usu2317\/2023\/03\/Imatge-portada-Guia-del-Pla-dacollida-digital.jpeg\" alt=\"portada de la guia del pla d'acollida digital\" class=\"wp-image-14060\" width=\"288\" height=\"408\" srcset=\"https:\/\/projectes.xtec.cat\/digital\/wp-content\/uploads\/usu2317\/2023\/03\/Imatge-portada-Guia-del-Pla-dacollida-digital.jpeg 612w, https:\/\/projectes.xtec.cat\/digital\/wp-content\/uploads\/usu2317\/2023\/03\/Imatge-portada-Guia-del-Pla-dacollida-digital-212x300.jpeg 212w\" sizes=\"auto, (max-width: 288px) 100vw, 288px\" \/><\/a><\/figure><\/div>\n\n\n\n<p><\/p>\n<\/div>\n<\/div>\n<\/div><\/div><\/div><\/div><\/div>\n\n\n\n<div style=\"height:50px\" aria-hidden=\"true\" class=\"wp-block-spacer\"><\/div>\n\n\n\n<div class=\"wp-block-getwid-section alignfull alignfull\"><div class=\"wp-block-getwid-section__wrapper\"><div class=\"wp-block-getwid-section__inner-wrapper\"><div class=\"wp-block-getwid-section__background-holder\"><div class=\"wp-block-getwid-section__background has-background has-ast-global-color-4-background-color\"><\/div><div class=\"wp-block-getwid-section__foreground\"><\/div><\/div><div class=\"wp-block-getwid-section__content\"><div class=\"wp-block-getwid-section__inner-content\">\n<div style=\"height:50px\" aria-hidden=\"true\" class=\"wp-block-spacer\"><\/div>\n\n\n\n<div class=\"wp-block-columns is-layout-flex wp-container-core-columns-is-layout-2 wp-block-columns-is-layout-flex\">\n<div class=\"wp-block-column is-layout-flow wp-block-column-is-layout-flow\">\n<h3 class=\"wp-block-heading\">Sessi\u00f3 de la subxarxa d&#8217;Estrategia digital dedicada al Pla d&#8217;acollida.<\/h3>\n\n\n\n<ul class=\"wp-block-list\"><li>Maria Maci\u00e0 (Cap del Servei de Suports i Mesures per a la Inclusi\u00f3 \u2013 Departament d\u2019Educaci\u00f3)<\/li><li>Pau Ubric (coordinador digital de l\u2019Escola Torres Jonama \u2013 Palafrugell) i Merc\u00e8 Vil\u00e0 (mentora digital)<\/li><li>Teresa Casares i Eva S\u00e1nchez (directora i secret\u00e0ria de l\u2019institut Les Aimerigues \u2013 Terrassa) i Salvador Picas (mentor digital)<\/li><\/ul>\n\n\n\n<p class=\"has-medium-font-size\"> <\/p>\n<\/div>\n\n\n\n<div class=\"wp-block-column is-layout-flow wp-block-column-is-layout-flow\" style=\"flex-basis:60%\">\n<div class=\"video-responsive\"><iframe loading=\"lazy\" width=\"560\" height=\"315\" src=\"https:\/\/www.youtube.com\/embed\/QNTIgwF51XQ\" title=\"YouTube video player\" frameborder=\"0\" allow=\"accelerometer; autoplay; clipboard-write; encrypted-media; gyroscope; picture-in-picture; web-share\" allowfullscreen=\"\"><\/iframe><\/div>\n<\/div>\n<\/div>\n\n\n\n<div style=\"height:60px\" aria-hidden=\"true\" class=\"wp-block-spacer\"><\/div>\n<\/div><\/div><\/div><\/div><\/div>\n\n\n\n<div class=\"wp-block-getwid-section alignfull alignfull\"><div class=\"wp-block-getwid-section__wrapper\"><div class=\"wp-block-getwid-section__inner-wrapper\"><div class=\"wp-block-getwid-section__background-holder\"><div class=\"wp-block-getwid-section__background\"><\/div><div class=\"wp-block-getwid-section__foreground\"><\/div><\/div><div class=\"wp-block-getwid-section__content\"><div class=\"wp-block-getwid-section__inner-content\">\n<div style=\"height:30px\" aria-hidden=\"true\" class=\"wp-block-spacer\"><\/div>\n\n\n\n<h2 class=\"wp-block-heading\">Exemples de plans d&#8217;acollida<\/h2>\n\n\n\n<div style=\"height:20px\" aria-hidden=\"true\" class=\"wp-block-spacer\"><\/div>\n\n\n\n<div class=\"wp-block-columns is-layout-flex wp-container-core-columns-is-layout-3 wp-block-columns-is-layout-flex\">\n<div class=\"wp-block-column is-layout-flow wp-block-column-is-layout-flow\">\n<div class=\"wp-block-image doc\"><figure class=\"aligncenter size-large\"><a href=\"https:\/\/projectes.xtec.cat\/digital\/wp-content\/uploads\/usu2317\/2023\/03\/Pla_Acollida.pdf\" target=\"_blank\" rel=\"noopener\"><img loading=\"lazy\" decoding=\"async\" width=\"400\" height=\"567\" src=\"https:\/\/projectes.xtec.cat\/digital\/wp-content\/uploads\/usu2317\/2023\/03\/pla-acollida.jpg\" alt=\"Portada del pla d'acollida\" class=\"wp-image-14080\" title=\"portada del document del pla d'acollida\" srcset=\"https:\/\/projectes.xtec.cat\/digital\/wp-content\/uploads\/usu2317\/2023\/03\/pla-acollida.jpg 400w, https:\/\/projectes.xtec.cat\/digital\/wp-content\/uploads\/usu2317\/2023\/03\/pla-acollida-212x300.jpg 212w\" sizes=\"auto, (max-width: 400px) 100vw, 400px\" \/><\/a><figcaption>Escola Torres Jonama (Palafrugell)<\/figcaption><\/figure><\/div>\n<\/div>\n\n\n\n<div class=\"wp-block-column is-layout-flow wp-block-column-is-layout-flow\">\n<div class=\"wp-block-image doc\"><figure class=\"aligncenter size-large\"><a href=\"https:\/\/docs.google.com\/document\/d\/1bznx89LvzWppttlQRW3ZaGww9hTyVsXaRBH2LeYWI0g\/edit?usp=sharing\" target=\"_blank\" rel=\"noopener\"><img loading=\"lazy\" decoding=\"async\" width=\"400\" height=\"553\" src=\"https:\/\/projectes.xtec.cat\/digital\/wp-content\/uploads\/usu2317\/2023\/03\/pla-acollida-1.jpg\" alt=\"portada pla acollida\" class=\"wp-image-14089\" srcset=\"https:\/\/projectes.xtec.cat\/digital\/wp-content\/uploads\/usu2317\/2023\/03\/pla-acollida-1.jpg 400w, https:\/\/projectes.xtec.cat\/digital\/wp-content\/uploads\/usu2317\/2023\/03\/pla-acollida-1-217x300.jpg 217w\" sizes=\"auto, (max-width: 400px) 100vw, 400px\" \/><\/a><figcaption>Institut Les Aimerigues<br>(Terrassa)<\/figcaption><\/figure><\/div>\n<\/div>\n\n\n\n<div class=\"wp-block-column is-layout-flow wp-block-column-is-layout-flow\"><\/div>\n\n\n\n<div class=\"wp-block-column is-layout-flow wp-block-column-is-layout-flow\"><\/div>\n<\/div>\n\n\n\n<div style=\"height:30px\" aria-hidden=\"true\" class=\"wp-block-spacer\"><\/div>\n<\/div><\/div><\/div><\/div><\/div>\n\n\n\n<div class=\"wp-block-getwid-section alignfull alignfull\"><div class=\"wp-block-getwid-section__wrapper\"><div class=\"wp-block-getwid-section__inner-wrapper\"><div class=\"wp-block-getwid-section__background-holder\"><div class=\"wp-block-getwid-section__background has-background has-ast-global-color-4-background-color\"><\/div><div class=\"wp-block-getwid-section__foreground\"><\/div><\/div><div class=\"wp-block-getwid-section__content\"><div class=\"wp-block-getwid-section__inner-content\">\n<div style=\"height:30px\" aria-hidden=\"true\" class=\"wp-block-spacer\"><\/div>\n\n\n\n<h2 class=\"wp-block-heading\">Converses a la xarxa docent Nus sobre el pla d&#8217;acollida digital<\/h2>\n\n\n\n<div class=\"wp-block-columns is-layout-flex wp-container-core-columns-is-layout-4 wp-block-columns-is-layout-flex\">\n<div class=\"wp-block-column is-layout-flow wp-block-column-is-layout-flow\">\n<h3 class=\"wp-block-heading\">Darreres<\/h3>\n\n\n<div class='nus_topics'><span class=\"nus_data\">27.05.25<\/span> <a target=\"_blank\" href=\"https:\/\/comunitat.edigital.cat\/t\/exemples-de-pla-dacollida-docent\/20486\">Exemples de pla d'acollida docent<\/a><br><span class=\"nus_data\">09.06.22<\/span> <a target=\"_blank\" href=\"https:\/\/comunitat.edigital.cat\/t\/obligatorietat-de-publicar-o-no-certs-documents\/15389\">Obligatorietat de publicar ( o no) certs documents<\/a><br><span class=\"nus_data\">11.05.22<\/span> <a target=\"_blank\" href=\"https:\/\/comunitat.edigital.cat\/t\/cultura-digital-referenciacio-de-documents-algun-consell\/8062\">Cultura Digital: Referenciaci\u00f3 de documents. Algun consell?<\/a><br><span class=\"nus_data\">27.04.22<\/span> <a target=\"_blank\" href=\"https:\/\/comunitat.edigital.cat\/t\/document-dacollida-digital\/14779\">Document d'acollida digital<\/a><br><span class=\"nus_data\">19.04.22<\/span> <a target=\"_blank\" href=\"https:\/\/comunitat.edigital.cat\/t\/espai-web-a-nodes-per-a-ledc\/13923\">Espai web a Nodes per a l'EDC<\/a><br><span class=\"nus_data\">24.03.22<\/span> <a target=\"_blank\" href=\"https:\/\/comunitat.edigital.cat\/t\/dos-dubtes-pel-protocol-dacollida-digital\/13235\">Dos dubtes pel protocol d'acollida digital<\/a><br><span class=\"nus_data\">24.11.21<\/span> <a target=\"_blank\" href=\"https:\/\/comunitat.edigital.cat\/t\/aprovacio-documents-cultura-digital\/9476\">Aprovaci\u00f3 documents cultura digital<\/a><br><\/div>\n<\/div>\n\n\n\n<div class=\"wp-block-column is-layout-flow wp-block-column-is-layout-flow\">\n<h3 class=\"wp-block-heading\">M\u00e9s vistes<\/h3>\n\n\n<div class='nus_topics'><span class=\"nus_data\">27.05.25<\/span> <a target=\"_blank\" href=\"https:\/\/comunitat.edigital.cat\/t\/exemples-de-pla-dacollida-docent\/20486\">Exemples de pla d'acollida docent<\/a><br><span class=\"nus_data\">11.05.22<\/span> <a target=\"_blank\" href=\"https:\/\/comunitat.edigital.cat\/t\/cultura-digital-referenciacio-de-documents-algun-consell\/8062\">Cultura Digital: Referenciaci\u00f3 de documents. Algun consell?<\/a><br><span class=\"nus_data\">19.04.22<\/span> <a target=\"_blank\" href=\"https:\/\/comunitat.edigital.cat\/t\/espai-web-a-nodes-per-a-ledc\/13923\">Espai web a Nodes per a l'EDC<\/a><br><span class=\"nus_data\">24.03.22<\/span> <a target=\"_blank\" href=\"https:\/\/comunitat.edigital.cat\/t\/dos-dubtes-pel-protocol-dacollida-digital\/13235\">Dos dubtes pel protocol d'acollida digital<\/a><br><span class=\"nus_data\">27.04.22<\/span> <a target=\"_blank\" href=\"https:\/\/comunitat.edigital.cat\/t\/document-dacollida-digital\/14779\">Document d'acollida digital<\/a><br><span class=\"nus_data\">09.06.22<\/span> <a target=\"_blank\" href=\"https:\/\/comunitat.edigital.cat\/t\/obligatorietat-de-publicar-o-no-certs-documents\/15389\">Obligatorietat de publicar ( o no) certs documents<\/a><br><span class=\"nus_data\">24.11.21<\/span> <a target=\"_blank\" href=\"https:\/\/comunitat.edigital.cat\/t\/aprovacio-documents-cultura-digital\/9476\">Aprovaci\u00f3 documents cultura digital<\/a><br><\/div>\n<\/div>\n<\/div>\n\n\n\n<div style=\"height:60px\" aria-hidden=\"true\" class=\"wp-block-spacer\"><\/div>\n<\/div><\/div><\/div><\/div><\/div>\n","protected":false},"excerpt":{"rendered":"","protected":false},"author":2,"featured_media":0,"parent":12237,"menu_order":0,"comment_status":"closed","ping_status":"close","template":"","meta":{"site-sidebar-layout":"no-sidebar","site-content-layout":"plain-container","ast-site-content-layout":"","site-content-style":"default","site-sidebar-style":"default","ast-global-header-display":"","ast-banner-title-visibility":"","ast-main-header-display":"","ast-hfb-above-header-display":"","ast-hfb-below-header-display":"","ast-hfb-mobile-header-display":"","site-post-title":"","ast-breadcrumbs-content":"","ast-featured-img":"","footer-sml-layout":"","theme-transparent-header-meta":"","adv-header-id-meta":"","stick-header-meta":"","header-above-stick-meta":"","header-main-stick-meta":"","header-below-stick-meta":"","astra-migrate-meta-layouts":"default","ast-page-background-enabled":"default","ast-page-background-meta":{"desktop":{"background-color":"var(--ast-global-color-4)","background-image":"","background-repeat":"repeat","background-position":"center center","background-size":"auto","background-attachment":"scroll","background-type":"","background-media":"","overlay-type":"","overlay-color":"","overlay-opacity":"","overlay-gradient":""},"tablet":{"background-color":"","background-image":"","background-repeat":"repeat","background-position":"center center","background-size":"auto","background-attachment":"scroll","background-type":"","background-media":"","overlay-type":"","overlay-color":"","overlay-opacity":"","overlay-gradient":""},"mobile":{"background-color":"","background-image":"","background-repeat":"repeat","background-position":"center center","background-size":"auto","background-attachment":"scroll","background-type":"","background-media":"","overlay-type":"","overlay-color":"","overlay-opacity":"","overlay-gradient":""}},"ast-content-background-meta":{"desktop":{"background-color":"var(--ast-global-color-5)","background-image":"","background-repeat":"repeat","background-position":"center center","background-size":"auto","background-attachment":"scroll","background-type":"","background-media":"","overlay-type":"","overlay-color":"","overlay-opacity":"","overlay-gradient":""},"tablet":{"background-color":"var(--ast-global-color-5)","background-image":"","background-repeat":"repeat","background-position":"center center","background-size":"auto","background-attachment":"scroll","background-type":"","background-media":"","overlay-type":"","overlay-color":"","overlay-opacity":"","overlay-gradient":""},"mobile":{"background-color":"var(--ast-global-color-5)","background-image":"","background-repeat":"repeat","background-position":"center center","background-size":"auto","background-attachment":"scroll","background-type":"","background-media":"","overlay-type":"","overlay-color":"","overlay-opacity":"","overlay-gradient":""}},"footnotes":""},"class_list":["post-12306","page","type-page","status-publish","hentry"],"post_mailing_queue_ids":[],"_links":{"self":[{"href":"https:\/\/projectes.xtec.cat\/digital\/wp-json\/wp\/v2\/pages\/12306","targetHints":{"allow":["GET"]}}],"collection":[{"href":"https:\/\/projectes.xtec.cat\/digital\/wp-json\/wp\/v2\/pages"}],"about":[{"href":"https:\/\/projectes.xtec.cat\/digital\/wp-json\/wp\/v2\/types\/page"}],"author":[{"embeddable":true,"href":"https:\/\/projectes.xtec.cat\/digital\/wp-json\/wp\/v2\/users\/2"}],"replies":[{"embeddable":true,"href":"https:\/\/projectes.xtec.cat\/digital\/wp-json\/wp\/v2\/comments?post=12306"}],"version-history":[{"count":3,"href":"https:\/\/projectes.xtec.cat\/digital\/wp-json\/wp\/v2\/pages\/12306\/revisions"}],"predecessor-version":[{"id":14097,"href":"https:\/\/projectes.xtec.cat\/digital\/wp-json\/wp\/v2\/pages\/12306\/revisions\/14097"}],"up":[{"embeddable":true,"href":"https:\/\/projectes.xtec.cat\/digital\/wp-json\/wp\/v2\/pages\/12237"}],"wp:attachment":[{"href":"https:\/\/projectes.xtec.cat\/digital\/wp-json\/wp\/v2\/media?parent=12306"}],"curies":[{"name":"wp","href":"https:\/\/api.w.org\/{rel}","templated":true}]}}