{"id":12363,"date":"2023-03-04T16:40:56","date_gmt":"2023-03-04T15:40:56","guid":{"rendered":"https:\/\/projectes.xtec.cat\/digital\/?page_id=12363"},"modified":"2023-03-08T19:31:30","modified_gmt":"2023-03-08T18:31:30","slug":"videos-formatius","status":"publish","type":"page","link":"https:\/\/projectes.xtec.cat\/digital\/competencia-digital\/families-digitalment-competents\/videos-formatius\/","title":{"rendered":"Formaci\u00f3 digital b\u00e0sica per a les fam\u00edlies"},"content":{"rendered":"\n<p>Aquests 3 v\u00eddeos cobreixen els <strong>conceptes b\u00e0sics<\/strong> que pot necessitar una fam\u00edlia per accedir a la informaci\u00f3 del centre a trav\u00e9s del web del centre i com fer un acompanyament i seguiment de les tasques des de l&#8217;entorn virtual d&#8217;aprenentatge (Moodle). <\/p>\n\n\n\n<p>\ud83d\udc49 Els centres tenen una <a rel=\"noreferrer noopener\" href=\"https:\/\/repositori.educacio.gencat.cat\/bitstream\/handle\/20.500.12694\/3230\/acompanyem_families_eines_reduir_bretxa_digital_2022.pdf\" data-type=\"URL\" data-id=\"https:\/\/repositori.educacio.gencat.cat\/bitstream\/handle\/20.500.12694\/3230\/acompanyem_families_eines_reduir_bretxa_digital_2022.pdf\" target=\"_blank\">guia formativa<\/a> associada amb 3 sessions i 8 activitats que es pot desenvolupar en un temps estimat de 4 hores i 30 minuts. <\/p>\n\n\n\n<div style=\"height:25px\" aria-hidden=\"true\" class=\"wp-block-spacer\"><\/div>\n\n\n\n<div class=\"wp-block-getwid-tabs alignwide has-layout-vertical-left alignwide\" data-active-tab=\"0\"><ul class=\"wp-block-getwid-tabs__nav-links\"><\/ul>\n<div class=\"wp-block-getwid-tabs__nav-link\"><span class=\"wp-block-getwid-tabs__title-wrapper\"><a href=\"#\"><span class=\"wp-block-getwid-tabs__title\">Catal\u00e0<\/span><\/a><\/span><\/div><div class=\"wp-block-getwid-tabs__tab-content-wrapper\"><div class=\"wp-block-getwid-tabs__tab-content\">\n<iframe loading=\"lazy\" width=\"560\" height=\"315\" src=\"https:\/\/www.youtube.com\/embed\/Cz3pG5RNQ_c\" title=\"YouTube video player\" frameborder=\"0\" allow=\"accelerometer; autoplay; clipboard-write; encrypted-media; gyroscope; picture-in-picture\" allowfullscreen=\"\"><\/iframe>\n\n<iframe loading=\"lazy\" width=\"560\" height=\"315\" src=\"https:\/\/www.youtube.com\/embed\/XLb1tL38AVM\" title=\"YouTube video player\" frameborder=\"0\" allow=\"accelerometer; autoplay; clipboard-write; encrypted-media; gyroscope; picture-in-picture\" allowfullscreen=\"\"><\/iframe>\n\n<iframe loading=\"lazy\" width=\"560\" height=\"315\" src=\"https:\/\/www.youtube.com\/embed\/d45uGoAUdz8\" title=\"YouTube video player\" frameborder=\"0\" allow=\"accelerometer; autoplay; clipboard-write; encrypted-media; gyroscope; picture-in-picture\" allowfullscreen=\"\"><\/iframe>\n<\/div><\/div>\n\n\n\n<div class=\"wp-block-getwid-tabs__nav-link\"><span class=\"wp-block-getwid-tabs__title-wrapper\"><a href=\"#\"><span class=\"wp-block-getwid-tabs__title\">Castell\u00e0<\/span><\/a><\/span><\/div><div class=\"wp-block-getwid-tabs__tab-content-wrapper\"><div class=\"wp-block-getwid-tabs__tab-content\">\n<iframe loading=\"lazy\" width=\"560\" height=\"315\" src=\"https:\/\/www.youtube.com\/embed\/kTgz5rKW0m8\" title=\"YouTube video player\" frameborder=\"0\" allow=\"accelerometer; autoplay; clipboard-write; encrypted-media; gyroscope; picture-in-picture\" allowfullscreen=\"\"><\/iframe>\n\n<iframe loading=\"lazy\" width=\"560\" height=\"315\" src=\"https:\/\/www.youtube.com\/embed\/RLGkVUXZgOw\" title=\"YouTube video player\" frameborder=\"0\" allow=\"accelerometer; autoplay; clipboard-write; encrypted-media; gyroscope; picture-in-picture\" allowfullscreen=\"\"><\/iframe>\n\n<iframe loading=\"lazy\" width=\"560\" height=\"315\" src=\"https:\/\/www.youtube.com\/embed\/4Zdm7WXkjss\" title=\"YouTube video player\" frameborder=\"0\" allow=\"accelerometer; autoplay; clipboard-write; encrypted-media; gyroscope; picture-in-picture\" allowfullscreen=\"\"><\/iframe>\n<\/div><\/div>\n\n\n\n<div class=\"wp-block-getwid-tabs__nav-link\"><span class=\"wp-block-getwid-tabs__title-wrapper\"><a href=\"#\"><span class=\"wp-block-getwid-tabs__title\">Aran\u00e8s (Aran\u00e9s)<\/span><\/a><\/span><\/div><div class=\"wp-block-getwid-tabs__tab-content-wrapper\"><div class=\"wp-block-getwid-tabs__tab-content\">\n<iframe loading=\"lazy\" src=\"https:\/\/www.youtube.com\/embed\/arlTMtKsDiM\" width=\"560\" height=\"315\" frameborder=\"0\"><\/iframe>\n\n<iframe loading=\"lazy\" src=\"https:\/\/www.youtube.com\/embed\/ivLtXY2aQbw\" width=\"560\" height=\"315\" frameborder=\"0\"><\/iframe>\n\n<iframe loading=\"lazy\" src=\"https:\/\/www.youtube.com\/embed\/GJL6Z7SfXKQ\" width=\"560\" height=\"315\" frameborder=\"0\"><\/iframe>\n<\/div><\/div>\n\n\n\n<div class=\"wp-block-getwid-tabs__nav-link\"><span class=\"wp-block-getwid-tabs__title-wrapper\"><a href=\"#\"><span class=\"wp-block-getwid-tabs__title\">English (Angl\u00e8s)<\/span><\/a><\/span><\/div><div class=\"wp-block-getwid-tabs__tab-content-wrapper\"><div class=\"wp-block-getwid-tabs__tab-content\">\n<iframe loading=\"lazy\" width=\"560\" height=\"315\" src=\"https:\/\/www.youtube.com\/embed\/av6BnmMu7MM\" title=\"YouTube video player\" frameborder=\"0\" allow=\"accelerometer; autoplay; clipboard-write; encrypted-media; gyroscope; picture-in-picture\" allowfullscreen=\"\"><\/iframe>\n\n<iframe loading=\"lazy\" width=\"560\" height=\"315\" src=\"https:\/\/www.youtube.com\/embed\/LXvrGWXTc_U\" title=\"YouTube video player\" frameborder=\"0\" allow=\"accelerometer; autoplay; clipboard-write; encrypted-media; gyroscope; picture-in-picture\" allowfullscreen=\"\"><\/iframe>\n\n<iframe loading=\"lazy\" width=\"560\" height=\"315\" src=\"https:\/\/www.youtube.com\/embed\/QV7GUrqCnVk\" title=\"YouTube video player\" frameborder=\"0\" allow=\"accelerometer; autoplay; clipboard-write; encrypted-media; gyroscope; picture-in-picture\" allowfullscreen=\"\"><\/iframe>\n<\/div><\/div>\n\n\n\n<div class=\"wp-block-getwid-tabs__nav-link\"><span class=\"wp-block-getwid-tabs__title-wrapper\"><a href=\"#\"><span class=\"wp-block-getwid-tabs__title\">\u0627\u0644\u0639\u0631\u0628\u064a\u0629 (\u00c0rab)<\/span><\/a><\/span><\/div><div class=\"wp-block-getwid-tabs__tab-content-wrapper\"><div class=\"wp-block-getwid-tabs__tab-content\">\n<iframe loading=\"lazy\" src=\"https:\/\/www.youtube.com\/embed\/uT46O7Xg1LU\" width=\"560\" height=\"315\" frameborder=\"0\"><\/iframe>\n\n<iframe loading=\"lazy\" src=\"https:\/\/www.youtube.com\/embed\/5XHfP54wci0\" width=\"560\" height=\"315\" frameborder=\"0\"><\/iframe>\n\n<iframe loading=\"lazy\" src=\"https:\/\/www.youtube.com\/embed\/fElf9Bmvv7E\" width=\"560\" height=\"315\" frameborder=\"0\"><\/iframe>\n<\/div><\/div>\n\n\n\n<div class=\"wp-block-getwid-tabs__nav-link\"><span class=\"wp-block-getwid-tabs__title-wrapper\"><a href=\"#\"><span class=\"wp-block-getwid-tabs__title\">\u0627\u0631\u062f\u0648 (Urd\u00fa)<\/span><\/a><\/span><\/div><div class=\"wp-block-getwid-tabs__tab-content-wrapper\"><div class=\"wp-block-getwid-tabs__tab-content\">\n<iframe loading=\"lazy\" src=\"https:\/\/www.youtube.com\/embed\/uT46O7Xg1LU\" width=\"560\" height=\"315\" frameborder=\"0\"><\/iframe>\n\n<iframe loading=\"lazy\" src=\"https:\/\/www.youtube.com\/embed\/5XHfP54wci0\" width=\"560\" height=\"315\" frameborder=\"0\"><\/iframe>\n\n<iframe loading=\"lazy\" src=\"https:\/\/www.youtube.com\/embed\/fElf9Bmvv7E\" width=\"560\" height=\"315\" frameborder=\"0\"><\/iframe>\n<\/div><\/div>\n\n\n\n<div class=\"wp-block-getwid-tabs__nav-link\"><span class=\"wp-block-getwid-tabs__title-wrapper\"><a href=\"#\"><span class=\"wp-block-getwid-tabs__title\">Fran\u00e7ais (Franc\u00e8s)<\/span><\/a><\/span><\/div><div class=\"wp-block-getwid-tabs__tab-content-wrapper\"><div class=\"wp-block-getwid-tabs__tab-content\">\n<iframe loading=\"lazy\" width=\"560\" height=\"315\" src=\"https:\/\/www.youtube.com\/embed\/Nz-3cxexF04\" title=\"YouTube video player\" frameborder=\"0\" allow=\"accelerometer; autoplay; clipboard-write; encrypted-media; gyroscope; picture-in-picture\" allowfullscreen=\"\"><\/iframe>\n\n<iframe loading=\"lazy\" width=\"560\" height=\"315\" src=\"https:\/\/www.youtube.com\/embed\/VfvJgXuEWuQ\" title=\"YouTube video player\" frameborder=\"0\" allow=\"accelerometer; autoplay; clipboard-write; encrypted-media; gyroscope; picture-in-picture\" allowfullscreen=\"\"><\/iframe>\n\n<iframe loading=\"lazy\" width=\"560\" height=\"315\" src=\"https:\/\/www.youtube.com\/embed\/0v2XOA2MrvY\" title=\"YouTube video player\" frameborder=\"0\" allow=\"accelerometer; autoplay; clipboard-write; encrypted-media; gyroscope; picture-in-picture\" allowfullscreen=\"\"><\/iframe>\n<\/div><\/div>\n\n\n\n<div class=\"wp-block-getwid-tabs__nav-link\"><span class=\"wp-block-getwid-tabs__title-wrapper\"><a href=\"#\"><span class=\"wp-block-getwid-tabs__title\">Italiano (Itali\u00e0)<\/span><\/a><\/span><\/div><div class=\"wp-block-getwid-tabs__tab-content-wrapper\"><div class=\"wp-block-getwid-tabs__tab-content\">\n<iframe loading=\"lazy\" width=\"560\" height=\"315\" src=\"https:\/\/www.youtube.com\/embed\/y7Va4ZVa5V8\" title=\"YouTube video player\" frameborder=\"0\" allow=\"accelerometer; autoplay; clipboard-write; encrypted-media; gyroscope; picture-in-picture\" allowfullscreen=\"\"><\/iframe>\n\n<iframe loading=\"lazy\" width=\"560\" height=\"315\" src=\"https:\/\/www.youtube.com\/embed\/m8o--l7Ql0I\" title=\"YouTube video player\" frameborder=\"0\" allow=\"accelerometer; autoplay; clipboard-write; encrypted-media; gyroscope; picture-in-picture\" allowfullscreen=\"\"><\/iframe>\n\n<iframe loading=\"lazy\" width=\"560\" height=\"315\" src=\"https:\/\/www.youtube.com\/embed\/5fft_OpRVB8\" title=\"YouTube video player\" frameborder=\"0\" allow=\"accelerometer; autoplay; clipboard-write; encrypted-media; gyroscope; picture-in-picture\" allowfullscreen=\"\"><\/iframe>\n<\/div><\/div>\n\n\n\n<div class=\"wp-block-getwid-tabs__nav-link\"><span class=\"wp-block-getwid-tabs__title-wrapper\"><a href=\"#\"><span class=\"wp-block-getwid-tabs__title\">Portugu\u00eas (Portugu\u00e8s)<\/span><\/a><\/span><\/div><div class=\"wp-block-getwid-tabs__tab-content-wrapper\"><div class=\"wp-block-getwid-tabs__tab-content\">\n<iframe loading=\"lazy\" src=\"https:\/\/www.youtube.com\/embed\/L4btAuhqxYc\" width=\"560\" height=\"315\" frameborder=\"0\"><\/iframe>\n\n<iframe loading=\"lazy\" src=\"https:\/\/www.youtube.com\/embed\/gqOj1Gsmj20\" width=\"560\" height=\"315\" frameborder=\"0\"><\/iframe>\n\n<iframe loading=\"lazy\" src=\"https:\/\/www.youtube.com\/embed\/MhrgRKZlWLg\" width=\"560\" height=\"315\" frameborder=\"0\"><\/iframe>\n<\/div><\/div>\n\n\n\n<div class=\"wp-block-getwid-tabs__nav-link\"><span class=\"wp-block-getwid-tabs__title-wrapper\"><a href=\"#\"><span class=\"wp-block-getwid-tabs__title\">\u4e2d\u6587 (Xin\u00e8s Mandar\u00ed)<\/span><\/a><\/span><\/div><div class=\"wp-block-getwid-tabs__tab-content-wrapper\"><div class=\"wp-block-getwid-tabs__tab-content\">\n<iframe loading=\"lazy\" width=\"560\" height=\"315\" src=\"https:\/\/www.youtube.com\/embed\/YQXVQOyS0L8\" title=\"YouTube video player\" frameborder=\"0\" allow=\"accelerometer; autoplay; clipboard-write; encrypted-media; gyroscope; picture-in-picture\" allowfullscreen=\"\"><\/iframe>\n\n<iframe loading=\"lazy\" width=\"560\" height=\"315\" src=\"https:\/\/www.youtube.com\/embed\/R4i1S4_w6FI\" title=\"YouTube video player\" frameborder=\"0\" allow=\"accelerometer; autoplay; clipboard-write; encrypted-media; gyroscope; picture-in-picture\" allowfullscreen=\"\"><\/iframe>\n\n<iframe loading=\"lazy\" width=\"560\" height=\"315\" src=\"https:\/\/www.youtube.com\/embed\/I9jqIqvTI7E\" title=\"YouTube video player\" frameborder=\"0\" allow=\"accelerometer; autoplay; clipboard-write; encrypted-media; gyroscope; picture-in-picture\" allowfullscreen=\"\"><\/iframe>\n<\/div><\/div>\n\n\n\n<div class=\"wp-block-getwid-tabs__nav-link\"><span class=\"wp-block-getwid-tabs__title-wrapper\"><a href=\"#\"><span class=\"wp-block-getwid-tabs__title\">Rom\u00e2ne\u015fte (Roman\u00e8s)<\/span><\/a><\/span><\/div><div class=\"wp-block-getwid-tabs__tab-content-wrapper\"><div class=\"wp-block-getwid-tabs__tab-content\">\n<iframe loading=\"lazy\" src=\"https:\/\/www.youtube.com\/embed\/T_qhw_L6pNU\" width=\"560\" height=\"315\" frameborder=\"0\"><\/iframe>\n\n<iframe loading=\"lazy\" src=\"https:\/\/www.youtube.com\/embed\/D9pg2xoC65c\" width=\"560\" height=\"315\" frameborder=\"0\"><\/iframe>\n\n<iframe loading=\"lazy\" src=\"https:\/\/www.youtube.com\/embed\/DO5nSR667R4\" width=\"560\" height=\"315\" frameborder=\"0\"><\/iframe>\n<\/div><\/div>\n\n\n\n<div class=\"wp-block-getwid-tabs__nav-link\"><span class=\"wp-block-getwid-tabs__title-wrapper\"><a href=\"#\"><span class=\"wp-block-getwid-tabs__title\">\u0a2a\u0a70\u0a1c\u0a3e\u0a2c\u0a40 (Panjabi)<\/span><\/a><\/span><\/div><div class=\"wp-block-getwid-tabs__tab-content-wrapper\"><div class=\"wp-block-getwid-tabs__tab-content\">\n<iframe loading=\"lazy\" width=\"560\" height=\"315\" src=\"https:\/\/www.youtube.com\/embed\/FmVPeDXIGKo\" title=\"YouTube video player\" frameborder=\"0\" allow=\"accelerometer; autoplay; clipboard-write; encrypted-media; gyroscope; picture-in-picture\" allowfullscreen=\"\"><\/iframe>\n\n<iframe loading=\"lazy\" width=\"560\" height=\"315\" src=\"https:\/\/www.youtube.com\/embed\/WjvfjMGWWmk\" title=\"YouTube video player\" frameborder=\"0\" allow=\"accelerometer; autoplay; clipboard-write; encrypted-media; gyroscope; picture-in-picture\" allowfullscreen=\"\"><\/iframe>\n\n<iframe loading=\"lazy\" width=\"560\" height=\"315\" src=\"https:\/\/www.youtube.com\/embed\/eYpFl5XTr_s\" title=\"YouTube video player\" frameborder=\"0\" allow=\"accelerometer; autoplay; clipboard-write; encrypted-media; gyroscope; picture-in-picture\" allowfullscreen=\"\"><\/iframe>\n<\/div><\/div>\n\n\n\n<div class=\"wp-block-getwid-tabs__nav-link\"><span class=\"wp-block-getwid-tabs__title-wrapper\"><a href=\"#\"><span class=\"wp-block-getwid-tabs__title\">Amazic &#8211; Tamazight<\/span><\/a><\/span><\/div><div class=\"wp-block-getwid-tabs__tab-content-wrapper\"><div class=\"wp-block-getwid-tabs__tab-content\">\n<iframe loading=\"lazy\" src=\"https:\/\/www.youtube.com\/embed\/-w9qL8DZQy8\" width=\"560\" height=\"315\" frameborder=\"0\"><span data-mce-type=\"bookmark\" style=\"display: inline-block; width: 0px; overflow: hidden; line-height: 0;\" class=\"mce_SELRES_start\">\ufeff<\/span><\/iframe>\n\n<iframe loading=\"lazy\" src=\"https:\/\/www.youtube.com\/embed\/UDxUvVso1AU\" width=\"560\" height=\"315\" frameborder=\"0\"><\/iframe>\n\n<iframe loading=\"lazy\" src=\"https:\/\/www.youtube.com\/embed\/Msy6h4pqZT8\" width=\"560\" height=\"315\" frameborder=\"0\"><\/iframe>\n<\/div><\/div>\n\n\n\n<div class=\"wp-block-getwid-tabs__nav-link\"><span class=\"wp-block-getwid-tabs__title-wrapper\"><a href=\"#\"><span class=\"wp-block-getwid-tabs__title\">Soninke &#8211; Soninkan Xanne<\/span><\/a><\/span><\/div><div class=\"wp-block-getwid-tabs__tab-content-wrapper\"><div class=\"wp-block-getwid-tabs__tab-content\">\n<iframe loading=\"lazy\" width=\"560\" height=\"315\" src=\"https:\/\/www.youtube.com\/embed\/W_8Q6ugBug0\" title=\"YouTube video player\" frameborder=\"0\" allow=\"accelerometer; autoplay; clipboard-write; encrypted-media; gyroscope; picture-in-picture\" allowfullscreen=\"\"><\/iframe>\n\n<iframe loading=\"lazy\" width=\"560\" height=\"315\" src=\"https:\/\/www.youtube.com\/embed\/MwAa9QKHhL4\" title=\"YouTube video player\" frameborder=\"0\" allow=\"accelerometer; autoplay; clipboard-write; encrypted-media; gyroscope; picture-in-picture\" allowfullscreen=\"\"><\/iframe>\n\n<iframe loading=\"lazy\" width=\"560\" height=\"315\" src=\"https:\/\/www.youtube.com\/embed\/dbA7nz0RQgY\" title=\"YouTube video player\" frameborder=\"0\" allow=\"accelerometer; autoplay; clipboard-write; encrypted-media; gyroscope; picture-in-picture\" allowfullscreen=\"\"><\/iframe>\n<\/div><\/div>\n<\/div>\n\n\n\n<div style=\"height:40px\" aria-hidden=\"true\" class=\"wp-block-spacer\"><\/div>\n\n\n\n<div class=\"wp-block-getwid-section alignfull alignfull\"><div class=\"wp-block-getwid-section__wrapper\"><div class=\"wp-block-getwid-section__inner-wrapper\"><div class=\"wp-block-getwid-section__background-holder\"><div class=\"wp-block-getwid-section__background has-background has-ast-global-color-4-background-color\"><\/div><div class=\"wp-block-getwid-section__foreground\"><\/div><\/div><div class=\"wp-block-getwid-section__content\"><div class=\"wp-block-getwid-section__inner-content\">\n<div style=\"height:40px\" aria-hidden=\"true\" class=\"wp-block-spacer\"><\/div>\n\n\n\n<h2 class=\"wp-block-heading\">Vols incorporar aquests v\u00eddeos formatius al web del teu centre f\u00e0cilment? <\/h2>\n\n\n\n<p>Podeu inserir un objecte H5P amb els v\u00eddeos formatius seguint els seg\u00fcents passos: <\/p>\n\n\n\n<ol class=\"wp-block-list\"><li>Copia el codi seg\u00fcent en el portaretalls: <\/li><\/ol>\n\n\n\n<pre class=\"wp-block-code\"><code>&lt;iframe src=\"https:\/\/agora.xtec.cat\/nodes\/wp-admin\/admin-ajax.php?action=h5p_embed&amp;id=2\" width=\"558\" height=\"355\" frameborder=\"0\" allowfullscreen=\"allowfullscreen\" title=\"Comunicaci\u00f3 Escola i Fam\u00edlia\"&gt;&lt;\/iframe&gt;&lt;script src=\"https:\/\/agora.xtec.cat\/nodes\/wp-content\/plugins\/h5p\/h5p-php-library\/js\/h5p-resizer.js\" charset=\"UTF-8\"&gt;&lt;\/script&gt;<\/code><\/pre>\n\n\n\n<ol class=\"wp-block-list\" start=\"2\"><li>Crea un article, una p\u00e0gina o un giny i enganxa el contingut copiat anteriorment en la pestanya text:<\/li><\/ol>\n\n\n\n<figure class=\"wp-block-image size-large\"><a href=\"https:\/\/projectes.xtec.cat\/digital\/wp-content\/uploads\/usu2317\/2023\/03\/embed3.png\"><img loading=\"lazy\" decoding=\"async\" width=\"1012\" height=\"372\" src=\"https:\/\/projectes.xtec.cat\/digital\/wp-content\/uploads\/usu2317\/2023\/03\/embed3.png\" alt=\"\" class=\"wp-image-12410\" srcset=\"https:\/\/projectes.xtec.cat\/digital\/wp-content\/uploads\/usu2317\/2023\/03\/embed3.png 1012w, https:\/\/projectes.xtec.cat\/digital\/wp-content\/uploads\/usu2317\/2023\/03\/embed3-300x110.png 300w, https:\/\/projectes.xtec.cat\/digital\/wp-content\/uploads\/usu2317\/2023\/03\/embed3-768x282.png 768w\" sizes=\"auto, (max-width: 1012px) 100vw, 1012px\" \/><\/a><\/figure>\n\n\n\n<ol class=\"wp-block-list\" start=\"3\"><li>Fet! Aix\u00f2 generar\u00e0 un objecte H5P amb una pregunta inicial on l&#8217;usuari ha de triar l&#8217;idioma. Un objecte H5P com aquest: <\/li><\/ol>\n\n\n\n<iframe loading=\"lazy\" src=\"https:\/\/agora.xtec.cat\/nodes\/wp-admin\/admin-ajax.php?action=h5p_embed&amp;id=2\" width=\"558\" height=\"355\" frameborder=\"0\" allowfullscreen=\"allowfullscreen\" title=\"Comunicaci\u00f3 Escola i Fam\u00edlia\"><\/iframe><script src=\"https:\/\/agora.xtec.cat\/nodes\/wp-content\/plugins\/h5p\/h5p-php-library\/js\/h5p-resizer.js\" charset=\"UTF-8\"><\/script>\n\n\n\n<div style=\"height:50px\" aria-hidden=\"true\" class=\"wp-block-spacer\"><\/div>\n<\/div><\/div><\/div><\/div><\/div>\n","protected":false},"excerpt":{"rendered":"<p>Aquests 3 v\u00eddeos cobreixen els conceptes b\u00e0sics que pot necessitar una fam\u00edlia per accedir a la informaci\u00f3 del centre a trav\u00e9s del web del centre i com fer un acompanyament i seguiment de les tasques des de l&#8217;entorn virtual d&#8217;aprenentatge (Moodle). \ud83d\udc49 Els centres tenen una guia formativa associada amb 3 sessions i 8 activitats [&hellip;]<\/p>\n","protected":false},"author":2,"featured_media":0,"parent":12324,"menu_order":0,"comment_status":"closed","ping_status":"close","template":"","meta":{"site-sidebar-layout":"no-sidebar","site-content-layout":"","ast-site-content-layout":"","site-content-style":"default","site-sidebar-style":"default","ast-global-header-display":"","ast-banner-title-visibility":"","ast-main-header-display":"","ast-hfb-above-header-display":"","ast-hfb-below-header-display":"","ast-hfb-mobile-header-display":"","site-post-title":"","ast-breadcrumbs-content":"","ast-featured-img":"","footer-sml-layout":"","theme-transparent-header-meta":"","adv-header-id-meta":"","stick-header-meta":"","header-above-stick-meta":"","header-main-stick-meta":"","header-below-stick-meta":"","astra-migrate-meta-layouts":"default","ast-page-background-enabled":"default","ast-page-background-meta":{"desktop":{"background-color":"var(--ast-global-color-4)","background-image":"","background-repeat":"repeat","background-position":"center center","background-size":"auto","background-attachment":"scroll","background-type":"","background-media":"","overlay-type":"","overlay-color":"","overlay-opacity":"","overlay-gradient":""},"tablet":{"background-color":"","background-image":"","background-repeat":"repeat","background-position":"center center","background-size":"auto","background-attachment":"scroll","background-type":"","background-media":"","overlay-type":"","overlay-color":"","overlay-opacity":"","overlay-gradient":""},"mobile":{"background-color":"","background-image":"","background-repeat":"repeat","background-position":"center center","background-size":"auto","background-attachment":"scroll","background-type":"","background-media":"","overlay-type":"","overlay-color":"","overlay-opacity":"","overlay-gradient":""}},"ast-content-background-meta":{"desktop":{"background-color":"var(--ast-global-color-5)","background-image":"","background-repeat":"repeat","background-position":"center center","background-size":"auto","background-attachment":"scroll","background-type":"","background-media":"","overlay-type":"","overlay-color":"","overlay-opacity":"","overlay-gradient":""},"tablet":{"background-color":"var(--ast-global-color-5)","background-image":"","background-repeat":"repeat","background-position":"center center","background-size":"auto","background-attachment":"scroll","background-type":"","background-media":"","overlay-type":"","overlay-color":"","overlay-opacity":"","overlay-gradient":""},"mobile":{"background-color":"var(--ast-global-color-5)","background-image":"","background-repeat":"repeat","background-position":"center center","background-size":"auto","background-attachment":"scroll","background-type":"","background-media":"","overlay-type":"","overlay-color":"","overlay-opacity":"","overlay-gradient":""}},"footnotes":""},"class_list":["post-12363","page","type-page","status-publish","hentry"],"post_mailing_queue_ids":[],"_links":{"self":[{"href":"https:\/\/projectes.xtec.cat\/digital\/wp-json\/wp\/v2\/pages\/12363","targetHints":{"allow":["GET"]}}],"collection":[{"href":"https:\/\/projectes.xtec.cat\/digital\/wp-json\/wp\/v2\/pages"}],"about":[{"href":"https:\/\/projectes.xtec.cat\/digital\/wp-json\/wp\/v2\/types\/page"}],"author":[{"embeddable":true,"href":"https:\/\/projectes.xtec.cat\/digital\/wp-json\/wp\/v2\/users\/2"}],"replies":[{"embeddable":true,"href":"https:\/\/projectes.xtec.cat\/digital\/wp-json\/wp\/v2\/comments?post=12363"}],"version-history":[{"count":3,"href":"https:\/\/projectes.xtec.cat\/digital\/wp-json\/wp\/v2\/pages\/12363\/revisions"}],"predecessor-version":[{"id":13065,"href":"https:\/\/projectes.xtec.cat\/digital\/wp-json\/wp\/v2\/pages\/12363\/revisions\/13065"}],"up":[{"embeddable":true,"href":"https:\/\/projectes.xtec.cat\/digital\/wp-json\/wp\/v2\/pages\/12324"}],"wp:attachment":[{"href":"https:\/\/projectes.xtec.cat\/digital\/wp-json\/wp\/v2\/media?parent=12363"}],"curies":[{"name":"wp","href":"https:\/\/api.w.org\/{rel}","templated":true}]}}