{"id":12573,"date":"2023-03-05T10:01:58","date_gmt":"2023-03-05T09:01:58","guid":{"rendered":"https:\/\/projectes.xtec.cat\/digital\/?page_id=12573"},"modified":"2025-10-07T08:49:27","modified_gmt":"2025-10-07T06:49:27","slug":"equipaments-i-infraestructures","status":"publish","type":"page","link":"https:\/\/projectes.xtec.cat\/digital\/equipaments-i-infraestructures\/","title":{"rendered":"Equipaments i infraestructures digitals"},"content":{"rendered":"\n<div class=\"wp-block-getwid-section alignfull alignfull\"><div class=\"wp-block-getwid-section__wrapper\"><div class=\"wp-block-getwid-section__inner-wrapper\"><div class=\"wp-block-getwid-section__background-holder\"><div class=\"wp-block-getwid-section__background\"><\/div><div class=\"wp-block-getwid-section__foreground\"><\/div><\/div><div class=\"wp-block-getwid-section__content\"><div class=\"wp-block-getwid-section__inner-content\">\n<p class=\"rodo has-text-color\" style=\"color:#c00001;font-size:30px\"><strong>Pla d&#8217;Educaci\u00f3 Digital de Catalunya<\/strong> i <strong>Red.es<\/strong><\/p>\n\n\n\n<div class=\"wp-block-columns is-layout-flex wp-container-core-columns-is-layout-1 wp-block-columns-is-layout-flex\">\n<div class=\"wp-block-column caixa-link kb is-layout-flow wp-block-column-is-layout-flow\" id=\"https:\/\/projectes.xtec.cat\/digital\/pla-educacio-digital-de-catalunya\/equips-i-infraestructures\/ordinadors\/\">\n<h3 class=\"wp-block-heading\">Ordinadors<\/h3>\n\n\n\n<figure class=\"wp-block-image alignright size-large is-resized\"><img loading=\"lazy\" decoding=\"async\" width=\"300\" height=\"300\" src=\"https:\/\/projectes.xtec.cat\/digital\/wp-content\/uploads\/usu2317\/2023\/03\/laptop.png\" alt=\"ordinador\" class=\"wp-image-12462\" style=\"aspect-ratio:1;width:100px;height:auto\" srcset=\"https:\/\/projectes.xtec.cat\/digital\/wp-content\/uploads\/usu2317\/2023\/03\/laptop.png 300w, https:\/\/projectes.xtec.cat\/digital\/wp-content\/uploads\/usu2317\/2023\/03\/laptop-150x150.png 150w\" sizes=\"auto, (max-width: 300px) 100vw, 300px\" \/><\/figure>\n\n\n\n<p>S&#8217;han repartit m\u00e9s de 375.000 ordinadors a docents i alumnes en el marc del Pla d&#8217;educaci\u00f3 digital (2020-23)<\/p>\n<\/div>\n\n\n\n<div class=\"wp-block-column caixa-link kb is-layout-flow wp-block-column-is-layout-flow\" id=\"https:\/\/projectes.xtec.cat\/digital\/pla-educacio-digital-de-catalunya\/equips-i-infraestructures\/infraestructures\">\n<h3 class=\"wp-block-heading\">Infraestructures digitals<\/h3>\n\n\n\n<figure class=\"wp-block-image alignright size-large is-resized\"><img decoding=\"async\" src=\"https:\/\/projectes.xtec.cat\/digital\/wp-content\/uploads\/usu2317\/2022\/07\/noun-wifi-1160080.svg\" alt=\"\" class=\"wp-image-9238\" style=\"aspect-ratio:1.4;width:80px;height:auto\"\/><\/figure>\n\n\n\n<p>S&#8217;ha millorat significativament la connectivitat Wifi i l&#8217;ampla de banda d&#8217;internet en els centres educatius. <\/p>\n<\/div>\n\n\n\n<div class=\"wp-block-column caixa-link kb is-layout-flow wp-block-column-is-layout-flow\" style=\"flex-basis:31.5%\" id=\"https:\/\/projectes.xtec.cat\/digital\/pla-educacio-digital-de-catalunya\/equips-i-infraestructures\/equipaments-maker\/\">\n<h3 class=\"wp-block-heading\">Equipament Maker<\/h3>\n\n\n\n<figure class=\"wp-block-image alignright size-large is-resized\"><img loading=\"lazy\" decoding=\"async\" width=\"400\" height=\"400\" src=\"https:\/\/projectes.xtec.cat\/digital\/wp-content\/uploads\/usu2317\/2023\/03\/3d-printer.png\" alt=\"3d printer\" class=\"wp-image-13108\" style=\"aspect-ratio:1;width:113px;height:auto\" srcset=\"https:\/\/projectes.xtec.cat\/digital\/wp-content\/uploads\/usu2317\/2023\/03\/3d-printer.png 400w, https:\/\/projectes.xtec.cat\/digital\/wp-content\/uploads\/usu2317\/2023\/03\/3d-printer-300x300.png 300w, https:\/\/projectes.xtec.cat\/digital\/wp-content\/uploads\/usu2317\/2023\/03\/3d-printer-150x150.png 150w\" sizes=\"auto, (max-width: 400px) 100vw, 400px\" \/><\/figure>\n\n\n\n<p>Creaci\u00f3 d&#8217;espais <em>maker<\/em> amb impressores 3D, talladores laser, IoT, escaner 3D, etc.  <\/p>\n<\/div>\n<\/div>\n\n\n\n<div style=\"height:30px\" aria-hidden=\"true\" class=\"wp-block-spacer\"><\/div>\n\n\n\n<p class=\"rodo has-text-color\" style=\"color:#c00001;font-size:30px\"><strong>Fons MRR<\/strong> <strong>i programa &#8220;C\u00f3digo Escuela 4.0&#8221;<\/strong><\/p>\n\n\n\n<div class=\"wp-block-columns is-layout-flex wp-container-core-columns-is-layout-2 wp-block-columns-is-layout-flex\">\n<div class=\"wp-block-column caixa-link kb is-layout-flow wp-block-column-is-layout-flow\" id=\"https:\/\/projectes.xtec.cat\/digital\/pla-educacio-digital-de-catalunya\/equips-i-infraestructures\/panells-digitals\">\n<figure class=\"wp-block-image size-large is-resized\"><img loading=\"lazy\" decoding=\"async\" width=\"400\" height=\"400\" src=\"https:\/\/projectes.xtec.cat\/digital\/wp-content\/uploads\/usu2317\/2023\/03\/board.png\" alt=\"\" class=\"wp-image-12605\" style=\"aspect-ratio:1;width:73px;height:auto\" srcset=\"https:\/\/projectes.xtec.cat\/digital\/wp-content\/uploads\/usu2317\/2023\/03\/board.png 400w, https:\/\/projectes.xtec.cat\/digital\/wp-content\/uploads\/usu2317\/2023\/03\/board-300x300.png 300w, https:\/\/projectes.xtec.cat\/digital\/wp-content\/uploads\/usu2317\/2023\/03\/board-150x150.png 150w\" sizes=\"auto, (max-width: 400px) 100vw, 400px\" \/><\/figure>\n\n\n\n<h3 class=\"wp-block-heading\">Panells digitals <\/h3>\n\n\n\n<p>Est\u00e0 previst el desplegament d&#8217;un panell interactiu per a cada grup-classe o elements complementaris<\/p>\n<\/div>\n\n\n\n<div class=\"wp-block-column caixa-link kb is-layout-flow wp-block-column-is-layout-flow\" id=\"https:\/\/projectes.xtec.cat\/digital\/pla-educacio-digital-de-catalunya\/equips-i-infraestructures\/robotica\/\">\n<figure class=\"wp-block-image size-large is-resized\"><img loading=\"lazy\" decoding=\"async\" width=\"400\" height=\"400\" src=\"https:\/\/projectes.xtec.cat\/digital\/wp-content\/uploads\/usu2317\/2023\/03\/bot.png\" alt=\"robot\" class=\"wp-image-12598\" style=\"aspect-ratio:1;width:65px;height:auto\" srcset=\"https:\/\/projectes.xtec.cat\/digital\/wp-content\/uploads\/usu2317\/2023\/03\/bot.png 400w, https:\/\/projectes.xtec.cat\/digital\/wp-content\/uploads\/usu2317\/2023\/03\/bot-300x300.png 300w, https:\/\/projectes.xtec.cat\/digital\/wp-content\/uploads\/usu2317\/2023\/03\/bot-150x150.png 150w\" sizes=\"auto, (max-width: 400px) 100vw, 400px\" \/><\/figure>\n\n\n\n<h3 class=\"wp-block-heading\">Rob\u00f2tica<\/h3>\n\n\n\n<p>Est\u00e0 previst desplegar kits de rob\u00f2tica per prim\u00e0ria i secund\u00e0ria a tots els centres educatius durant el curs 2023-24. <\/p>\n<\/div>\n\n\n\n<div class=\"wp-block-column caixa-link kb is-layout-flow wp-block-column-is-layout-flow\" id=\"https:\/\/projectes.xtec.cat\/digital\/equipaments-i-infraestructures\/maleta-audiovisual\/\">\n<figure class=\"wp-block-image size-large is-resized\"><img loading=\"lazy\" decoding=\"async\" width=\"400\" height=\"400\" src=\"https:\/\/projectes.xtec.cat\/digital\/wp-content\/uploads\/usu2317\/2023\/03\/softbox.png\" alt=\"focus\" class=\"wp-image-12600\" style=\"aspect-ratio:1;width:70px;height:auto\" srcset=\"https:\/\/projectes.xtec.cat\/digital\/wp-content\/uploads\/usu2317\/2023\/03\/softbox.png 400w, https:\/\/projectes.xtec.cat\/digital\/wp-content\/uploads\/usu2317\/2023\/03\/softbox-300x300.png 300w, https:\/\/projectes.xtec.cat\/digital\/wp-content\/uploads\/usu2317\/2023\/03\/softbox-150x150.png 150w\" sizes=\"auto, (max-width: 400px) 100vw, 400px\" \/><\/figure>\n\n\n\n<h3 class=\"wp-block-heading\">Maleta audiovisual<\/h3>\n\n\n\n<p>Est\u00e0 previst desplegar maletes audiovisuals per prim\u00e0ria i secund\u00e0ria a tots els centres educatius durant el curs 2023-24. <\/p>\n<\/div>\n\n\n\n<div class=\"wp-block-column caixa-link kb is-layout-flow wp-block-column-is-layout-flow\" id=\"https:\/\/projectes.xtec.cat\/digital\/pla-educacio-digital-de-catalunya\/equips-i-infraestructures\/aules-digitals-vivencials\/\">\n<figure class=\"wp-block-image size-large is-resized\"><img loading=\"lazy\" decoding=\"async\" width=\"300\" height=\"300\" src=\"https:\/\/projectes.xtec.cat\/digital\/wp-content\/uploads\/usu2317\/2023\/03\/apple-arcade.png\" alt=\"pulsador\" class=\"wp-image-13997\" style=\"aspect-ratio:1;width:76px;height:auto\" srcset=\"https:\/\/projectes.xtec.cat\/digital\/wp-content\/uploads\/usu2317\/2023\/03\/apple-arcade.png 300w, https:\/\/projectes.xtec.cat\/digital\/wp-content\/uploads\/usu2317\/2023\/03\/apple-arcade-150x150.png 150w\" sizes=\"auto, (max-width: 300px) 100vw, 300px\" \/><\/figure>\n\n\n\n<h3 class=\"wp-block-heading\">Aules vivencials<\/h3>\n\n\n\n<p>Destinades als centres d&#8217;educaci\u00f3 especial, comptaran amb pantalles, taules de llum, impressores 3D, kits de rob\u00f2tica i d\u2019altres elements.<\/p>\n<\/div>\n<\/div>\n\n\n\n<div style=\"height:40px\" aria-hidden=\"true\" class=\"wp-block-spacer\"><\/div>\n\n\n\n<p class=\"rodo has-text-color\" style=\"color:#c00001;font-size:30px\"><strong>Altres equipaments<\/strong><\/p>\n\n\n\n<div class=\"wp-block-columns is-layout-flex wp-container-core-columns-is-layout-3 wp-block-columns-is-layout-flex\">\n<div class=\"wp-block-column caixa-link kb is-layout-flow wp-block-column-is-layout-flow\" style=\"flex-basis:32%\" id=\"https:\/\/espai.educacio.gencat.cat\/Recursos\/Solucions-suport-TIC\/Solucions-TIC-centres\/Servei-impressio\/Pagines\/default.aspx\">\n<h3 class=\"wp-block-heading\">Servei d&#8217;impressi\u00f3<\/h3>\n\n\n\n<figure class=\"wp-block-image alignright size-large is-resized\"><img loading=\"lazy\" decoding=\"async\" width=\"400\" height=\"400\" src=\"https:\/\/projectes.xtec.cat\/digital\/wp-content\/uploads\/usu2317\/2023\/03\/multifunction-printer.png\" alt=\"impressora multifunci\u00f3\" class=\"wp-image-13503\" style=\"aspect-ratio:1;width:99px;height:auto\" srcset=\"https:\/\/projectes.xtec.cat\/digital\/wp-content\/uploads\/usu2317\/2023\/03\/multifunction-printer.png 400w, https:\/\/projectes.xtec.cat\/digital\/wp-content\/uploads\/usu2317\/2023\/03\/multifunction-printer-300x300.png 300w, https:\/\/projectes.xtec.cat\/digital\/wp-content\/uploads\/usu2317\/2023\/03\/multifunction-printer-150x150.png 150w\" sizes=\"auto, (max-width: 400px) 100vw, 400px\" \/><\/figure>\n\n\n\n<p>Informaci\u00f3 sobre gesti\u00f3 de quotes, papercut, toners i altres aspectes del manteniment de les impressores multifunci\u00f3 dels centres. <\/p>\n<\/div>\n<\/div>\n<\/div><\/div><\/div><\/div><\/div>\n\n\n\n<div style=\"height:41px\" aria-hidden=\"true\" class=\"wp-block-spacer\"><\/div>\n","protected":false},"excerpt":{"rendered":"","protected":false},"author":1,"featured_media":0,"parent":0,"menu_order":0,"comment_status":"closed","ping_status":"close","template":"","meta":{"site-sidebar-layout":"no-sidebar","site-content-layout":"plain-container","ast-site-content-layout":"default","site-content-style":"unboxed","site-sidebar-style":"unboxed","ast-global-header-display":"","ast-banner-title-visibility":"","ast-main-header-display":"","ast-hfb-above-header-display":"","ast-hfb-below-header-display":"","ast-hfb-mobile-header-display":"","site-post-title":"","ast-breadcrumbs-content":"","ast-featured-img":"","footer-sml-layout":"","theme-transparent-header-meta":"","adv-header-id-meta":"","stick-header-meta":"","header-above-stick-meta":"","header-main-stick-meta":"","header-below-stick-meta":"","astra-migrate-meta-layouts":"set","ast-page-background-enabled":"default","ast-page-background-meta":{"desktop":{"background-color":"var(--ast-global-color-4)","background-image":"","background-repeat":"repeat","background-position":"center center","background-size":"auto","background-attachment":"scroll","background-type":"","background-media":"","overlay-type":"","overlay-color":"","overlay-opacity":"","overlay-gradient":""},"tablet":{"background-color":"","background-image":"","background-repeat":"repeat","background-position":"center center","background-size":"auto","background-attachment":"scroll","background-type":"","background-media":"","overlay-type":"","overlay-color":"","overlay-opacity":"","overlay-gradient":""},"mobile":{"background-color":"","background-image":"","background-repeat":"repeat","background-position":"center center","background-size":"auto","background-attachment":"scroll","background-type":"","background-media":"","overlay-type":"","overlay-color":"","overlay-opacity":"","overlay-gradient":""}},"ast-content-background-meta":{"desktop":{"background-color":"var(--ast-global-color-5)","background-image":"","background-repeat":"repeat","background-position":"center center","background-size":"auto","background-attachment":"scroll","background-type":"","background-media":"","overlay-type":"","overlay-color":"","overlay-opacity":"","overlay-gradient":""},"tablet":{"background-color":"var(--ast-global-color-5)","background-image":"","background-repeat":"repeat","background-position":"center center","background-size":"auto","background-attachment":"scroll","background-type":"","background-media":"","overlay-type":"","overlay-color":"","overlay-opacity":"","overlay-gradient":""},"mobile":{"background-color":"var(--ast-global-color-5)","background-image":"","background-repeat":"repeat","background-position":"center center","background-size":"auto","background-attachment":"scroll","background-type":"","background-media":"","overlay-type":"","overlay-color":"","overlay-opacity":"","overlay-gradient":""}},"footnotes":""},"class_list":["post-12573","page","type-page","status-publish","hentry"],"post_mailing_queue_ids":[],"_links":{"self":[{"href":"https:\/\/projectes.xtec.cat\/digital\/wp-json\/wp\/v2\/pages\/12573","targetHints":{"allow":["GET"]}}],"collection":[{"href":"https:\/\/projectes.xtec.cat\/digital\/wp-json\/wp\/v2\/pages"}],"about":[{"href":"https:\/\/projectes.xtec.cat\/digital\/wp-json\/wp\/v2\/types\/page"}],"author":[{"embeddable":true,"href":"https:\/\/projectes.xtec.cat\/digital\/wp-json\/wp\/v2\/users\/1"}],"replies":[{"embeddable":true,"href":"https:\/\/projectes.xtec.cat\/digital\/wp-json\/wp\/v2\/comments?post=12573"}],"version-history":[{"count":6,"href":"https:\/\/projectes.xtec.cat\/digital\/wp-json\/wp\/v2\/pages\/12573\/revisions"}],"predecessor-version":[{"id":37678,"href":"https:\/\/projectes.xtec.cat\/digital\/wp-json\/wp\/v2\/pages\/12573\/revisions\/37678"}],"wp:attachment":[{"href":"https:\/\/projectes.xtec.cat\/digital\/wp-json\/wp\/v2\/media?parent=12573"}],"curies":[{"name":"wp","href":"https:\/\/api.w.org\/{rel}","templated":true}]}}