{"id":12966,"date":"2023-03-07T15:08:00","date_gmt":"2023-03-07T14:08:00","guid":{"rendered":"https:\/\/projectes.xtec.cat\/digital\/?page_id=12966"},"modified":"2026-02-23T08:26:42","modified_gmt":"2026-02-23T07:26:42","slug":"cataleg-aplicacions-pedc","status":"publish","type":"page","link":"https:\/\/projectes.xtec.cat\/digital\/equipaments-i-infraestructures\/ordinadors\/cataleg-aplicacions-pedc\/","title":{"rendered":"Cat\u00e0leg d&#8217;aplicacions compatibles amb els ordinadors del PEDC"},"content":{"rendered":"\n<div class=\"wp-block-columns alignwide is-layout-flex wp-container-core-columns-is-layout-1 wp-block-columns-is-layout-flex\">\n<div class=\"wp-block-column is-layout-flow wp-block-column-is-layout-flow\" style=\"flex-basis:66.66%\">\n<figure class=\"wp-block-image alignleft size-full is-resized\"><a href=\"https:\/\/projectes.xtec.cat\/digital\/wp-content\/uploads\/usu2317\/2024\/02\/software-installer.png\"><img loading=\"lazy\" decoding=\"async\" width=\"300\" height=\"300\" src=\"https:\/\/projectes.xtec.cat\/digital\/wp-content\/uploads\/usu2317\/2024\/02\/software-installer.png\" alt=\"install\" class=\"wp-image-23190\" style=\"aspect-ratio:1;width:118px;height:auto\" srcset=\"https:\/\/projectes.xtec.cat\/digital\/wp-content\/uploads\/usu2317\/2024\/02\/software-installer.png 300w, https:\/\/projectes.xtec.cat\/digital\/wp-content\/uploads\/usu2317\/2024\/02\/software-installer-150x150.png 150w\" sizes=\"auto, (max-width: 300px) 100vw, 300px\" \/><\/a><\/figure>\n\n\n\n<p>Aquesta p\u00e0gina cont\u00e9 una taula d&#8217;<strong>aplicacions lliures o gratu\u00eftes d\u2019\u00fas freq\u00fcent en l\u2019\u00e0mbit educatiu<\/strong> i el seu estat respecte als ordinadors del Pla d&#8217;Educaci\u00f3 de Catalunya (PEDC). Per a cada aplicaci\u00f3 i sistema operatiu es mostra si l&#8217;aplicaci\u00f3 est\u00e0 ja instal\u00b7lada a la maqueta, si est\u00e0 disponible al Portal d&#8217;Aplicacions o si hi ha altres maneres d&#8217;instal\u00b7lar-la. <\/p>\n<\/div>\n\n\n\n<div class=\"wp-block-column is-layout-flow wp-block-column-is-layout-flow\" style=\"flex-basis:33.33%\">\n<div class=\"wp-block-getwid-toggle alignwide has-icon-left\">\n<div class=\"wp-block-getwid-toggle__row\"><div class=\"wp-block-getwid-toggle__header-wrapper\"><span class=\"wp-block-getwid-toggle__header\"><a href=\"#\"><span class=\"wp-block-getwid-toggle__header-title\">Sobre aplicacions de llibres de text i altres aplicacions comercials<\/span><span class=\"wp-block-getwid-toggle__icon is-active\"><i class=\"far fa-question-circle\"><\/i><\/span><span class=\"wp-block-getwid-toggle__icon is-passive\"><i class=\"fas fa-chevron-up\"><\/i><\/span><\/a><\/span><\/div><div class=\"wp-block-getwid-toggle__content-wrapper\"><div class=\"wp-block-getwid-toggle__content\">\n<p>Els llibres de text digitals i altres aplicacions comercials es poden distribuir des de les botigues oficials d&#8217;aplicacions <a href=\"https:\/\/www.microsoft.com\/es-es\/store\/apps\/windows\"><em>Microsoft Store<\/em><\/a> (Windows), <a href=\"https:\/\/chrome.google.com\/webstore\/\"><em>Chrome Store<\/em><\/a> (Chrome OS) o <a href=\"https:\/\/snapcraft.io\/store\"><em>Snap Store<\/em><\/a> (Linkat). Si l&#8217;aplicaci\u00f3 que necessiteu no es troba en aquestes botigues, poseu-vos en contacte amb l&#8217;editorial o empresa propiet\u00e0ria del producte.<\/p>\n<\/div><\/div><\/div>\n\n\n\n<div class=\"wp-block-getwid-toggle__row\"><div class=\"wp-block-getwid-toggle__header-wrapper\"><span class=\"wp-block-getwid-toggle__header\"><a href=\"#\"><span class=\"wp-block-getwid-toggle__header-title\">Sol\u00b7licitar la inclusi\u00f3 d&#8217;un programari en el portal d&#8217;aplicacions (Windows)<\/span><span class=\"wp-block-getwid-toggle__icon is-active\"><i class=\"far fa-question-circle\"><\/i><\/span><span class=\"wp-block-getwid-toggle__icon is-passive\"><i class=\"fas fa-chevron-up\"><\/i><\/span><\/a><\/span><\/div><div class=\"wp-block-getwid-toggle__content-wrapper\"><div class=\"wp-block-getwid-toggle__content\">\n<p>Si no trobeu l&#8217;aplicaci\u00f3 que necessiteu i considereu que seria interessant per a la resta de la comunitat educativa, podeu <a href=\"https:\/\/projectes.xtec.cat\/digital\/wp-content\/uploads\/usu2317\/2024\/02\/20211122_manual_portal_aplicacions.pdf\" target=\"_blank\" rel=\"noreferrer noopener\">sol\u00b7licitar la seva inclusi\u00f3 al Portal d&#8217;Aplicacions (<em>Company Portal<\/em>)<\/a> des de la coordinaci\u00f3 digital del centre.<\/p>\n<\/div><\/div><\/div>\n<\/div>\n<\/div>\n<\/div>\n\n\n\n<div style=\"height:20px\" aria-hidden=\"true\" class=\"wp-block-spacer\"><\/div>\n\n\n\n<div class=\"wp-block-getwid-toggle alignwide has-icon-left\">\n<div class=\"wp-block-getwid-toggle__row\"><div class=\"wp-block-getwid-toggle__header-wrapper\"><span class=\"wp-block-getwid-toggle__header\"><a href=\"#\"><span class=\"wp-block-getwid-toggle__header-title\">Llegenda del cat\u00e0leg<\/span><span class=\"wp-block-getwid-toggle__icon is-active\"><i class=\"fas fa-plus\"><\/i><\/span><span class=\"wp-block-getwid-toggle__icon is-passive\"><i class=\"fas fa-minus\"><\/i><\/span><\/a><\/span><\/div><div class=\"wp-block-getwid-toggle__content-wrapper\"><div class=\"wp-block-getwid-toggle__content\">\nEls estats s\u00f3n:\n<div class=\"row\" style=\"margin-bottom: 1em !important;\">\n<div class=\"small-12 large-6 columns\">\n<ul class=\"no-bullet\">\n \t<li><span class=\"installat\">Instal\u00b7lat<\/span> L&#8217;aplicaci\u00f3 ja es troba instal\u00b7lada en els equips en el moment de l&#8217;entrega a l&#8217;usuari.<\/li>\n \t<li><span class=\"company_portal\">Company Portal<\/span> Nom\u00e9s a Windows. L&#8217;aplicaci\u00f3 es troba a l&#8217;aplicaci\u00f3 <em>Company Portal<\/em> disponible al men\u00fa de Windows. <a href=\"https:\/\/projectes.xtec.cat\/digital\/wp-content\/uploads\/usu2317\/2024\/02\/20211122_manual_portal_aplicacions.pdf\" target=\"_blank\" rel=\"noopener noreferrer\">M\u00e9s informaci\u00f3.<\/a><\/li>\n \t<li><span class=\"linkat_disponible\">Disponible<\/span> Nom\u00e9s a Linkat. Instal\u00b7lable amb un clic des del centre de programari.<\/li>\n<li><span class=\"estudi\">En estudi<\/span> En proc\u00e9s d&#8217;incorporaci\u00f3 al Company Portal. Si necessiteu l&#8217;aplicaci\u00f3 urgentment, demaneu la instal\u00b7laci\u00f3 al coordinador\/a digital del vostre centre.<\/li>\n<li><span class=\"descartat\">Descartat<\/span> Aquest programari no es pot distribuir degut a problemes t\u00e8cnics o perqu\u00e8 no ho permet la llic\u00e8ncia d\u2019\u00fas. Cal instal\u00b7lar-lo manualment amb un compte d\u2019administraci\u00f3 de l\u2019equip.<\/li>\n<\/ul>\n<\/div>\n<div class=\"small-12 large-6 columns\">\n<ul class=\"no-bullet\">\n \t<li><span class=\"only_text\">Instal\u00b7lable<\/span> L&#8217;aplicaci\u00f3 es pot instal\u00b7lar o executar sense drets d&#8217;administraci\u00f3.<\/li>\n \t<li><span class=\"only_text\">Portable<\/span> L&#8217;aplicaci\u00f3 disposa d&#8217;una versi\u00f3 portable que permet la seva execuci\u00f3 sense permisos d&#8217;administraci\u00f3.<\/li>\n \t<li><span class=\"only_text\">Web<\/span> L&#8217;aplicaci\u00f3 es pot executar des d&#8217;un navegador web.<\/li>\n \t<li><span class=\"only_text\">Equivalent<\/span> Nom\u00e9s a Linkat. No existeix l&#8217;aplicaci\u00f3 per\u00f2 s\u00ed una alternativa.<\/li>\n \t\n<\/ul>\n<\/div>\n<\/div>\n<\/div><\/div><\/div>\n\n\n\n<div class=\"wp-block-getwid-toggle__row is-active\"><div class=\"wp-block-getwid-toggle__header-wrapper\"><span class=\"wp-block-getwid-toggle__header\"><a href=\"#\"><span class=\"wp-block-getwid-toggle__header-title\">Llista del cat\u00e0leg<\/span><span class=\"wp-block-getwid-toggle__icon is-active\"><i class=\"fas fa-plus\"><\/i><\/span><span class=\"wp-block-getwid-toggle__icon is-passive\"><i class=\"fas fa-minus\"><\/i><\/span><\/a><\/span><\/div><div class=\"wp-block-getwid-toggle__content-wrapper\"><div class=\"wp-block-getwid-toggle__content\">\n<table id=\"tbl-aplicacions3\" class=\"display\" width=\"100%\">\n<thead style=\"background-color:#333;color:white\">\n<tr>\n<th data-priority=\"2\"><\/th>\n<th data-priority=\"1\">Aplicaci\u00f3<\/th>\n<th>Tipus<\/th>\n<th>Descripci\u00f3<\/th>\n<th>Windows<\/th>\n<th>Linkat<\/th>\n<th><\/th>\n<\/tr>\n<\/thead>\n<\/table>\n<\/div><\/div><\/div>\n<\/div>\n\n\n\n<div style=\"height:100px\" aria-hidden=\"true\" class=\"wp-block-spacer\"><\/div>\n","protected":false},"excerpt":{"rendered":"<p>Aquesta p\u00e0gina cont\u00e9 una taula d&#8217;aplicacions lliures o gratu\u00eftes d\u2019\u00fas freq\u00fcent en l\u2019\u00e0mbit educatiu i el seu estat respecte als ordinadors del Pla d&#8217;Educaci\u00f3 de Catalunya (PEDC). Per a cada aplicaci\u00f3 i sistema operatiu es mostra si l&#8217;aplicaci\u00f3 est\u00e0 ja instal\u00b7lada a la maqueta, si est\u00e0 disponible al Portal d&#8217;Aplicacions o si hi ha altres [&hellip;]<\/p>\n","protected":false},"author":1,"featured_media":0,"parent":12586,"menu_order":0,"comment_status":"closed","ping_status":"close","template":"","meta":{"site-sidebar-layout":"default","site-content-layout":"","ast-site-content-layout":"default","site-content-style":"default","site-sidebar-style":"default","ast-global-header-display":"","ast-banner-title-visibility":"","ast-main-header-display":"","ast-hfb-above-header-display":"","ast-hfb-below-header-display":"","ast-hfb-mobile-header-display":"","site-post-title":"","ast-breadcrumbs-content":"","ast-featured-img":"","footer-sml-layout":"","theme-transparent-header-meta":"","adv-header-id-meta":"","stick-header-meta":"","header-above-stick-meta":"","header-main-stick-meta":"","header-below-stick-meta":"","astra-migrate-meta-layouts":"set","ast-page-background-enabled":"default","ast-page-background-meta":{"desktop":{"background-color":"var(--ast-global-color-4)","background-image":"","background-repeat":"repeat","background-position":"center center","background-size":"auto","background-attachment":"scroll","background-type":"","background-media":"","overlay-type":"","overlay-color":"","overlay-opacity":"","overlay-gradient":""},"tablet":{"background-color":"","background-image":"","background-repeat":"repeat","background-position":"center center","background-size":"auto","background-attachment":"scroll","background-type":"","background-media":"","overlay-type":"","overlay-color":"","overlay-opacity":"","overlay-gradient":""},"mobile":{"background-color":"","background-image":"","background-repeat":"repeat","background-position":"center center","background-size":"auto","background-attachment":"scroll","background-type":"","background-media":"","overlay-type":"","overlay-color":"","overlay-opacity":"","overlay-gradient":""}},"ast-content-background-meta":{"desktop":{"background-color":"var(--ast-global-color-5)","background-image":"","background-repeat":"repeat","background-position":"center center","background-size":"auto","background-attachment":"scroll","background-type":"","background-media":"","overlay-type":"","overlay-color":"","overlay-opacity":"","overlay-gradient":""},"tablet":{"background-color":"var(--ast-global-color-5)","background-image":"","background-repeat":"repeat","background-position":"center center","background-size":"auto","background-attachment":"scroll","background-type":"","background-media":"","overlay-type":"","overlay-color":"","overlay-opacity":"","overlay-gradient":""},"mobile":{"background-color":"var(--ast-global-color-5)","background-image":"","background-repeat":"repeat","background-position":"center center","background-size":"auto","background-attachment":"scroll","background-type":"","background-media":"","overlay-type":"","overlay-color":"","overlay-opacity":"","overlay-gradient":""}},"footnotes":""},"class_list":["post-12966","page","type-page","status-publish","hentry"],"post_mailing_queue_ids":[],"_links":{"self":[{"href":"https:\/\/projectes.xtec.cat\/digital\/wp-json\/wp\/v2\/pages\/12966","targetHints":{"allow":["GET"]}}],"collection":[{"href":"https:\/\/projectes.xtec.cat\/digital\/wp-json\/wp\/v2\/pages"}],"about":[{"href":"https:\/\/projectes.xtec.cat\/digital\/wp-json\/wp\/v2\/types\/page"}],"author":[{"embeddable":true,"href":"https:\/\/projectes.xtec.cat\/digital\/wp-json\/wp\/v2\/users\/1"}],"replies":[{"embeddable":true,"href":"https:\/\/projectes.xtec.cat\/digital\/wp-json\/wp\/v2\/comments?post=12966"}],"version-history":[{"count":5,"href":"https:\/\/projectes.xtec.cat\/digital\/wp-json\/wp\/v2\/pages\/12966\/revisions"}],"predecessor-version":[{"id":38380,"href":"https:\/\/projectes.xtec.cat\/digital\/wp-json\/wp\/v2\/pages\/12966\/revisions\/38380"}],"up":[{"embeddable":true,"href":"https:\/\/projectes.xtec.cat\/digital\/wp-json\/wp\/v2\/pages\/12586"}],"wp:attachment":[{"href":"https:\/\/projectes.xtec.cat\/digital\/wp-json\/wp\/v2\/media?parent=12966"}],"curies":[{"name":"wp","href":"https:\/\/api.w.org\/{rel}","templated":true}]}}