{"id":13090,"date":"2023-03-08T21:39:27","date_gmt":"2023-03-08T20:39:27","guid":{"rendered":"https:\/\/projectes.xtec.cat\/digital\/?page_id=13090"},"modified":"2025-09-05T08:31:12","modified_gmt":"2025-09-05T06:31:12","slug":"aules-digitals-vivencials","status":"publish","type":"page","link":"https:\/\/projectes.xtec.cat\/digital\/equipaments-i-infraestructures\/aules-digitals-vivencials\/","title":{"rendered":"Aules vivencials digitals"},"content":{"rendered":"\n<p class=\"has-medium-font-size\">Destinades als centres d\u2019educaci\u00f3 especial, comptaran amb pantalles, taules de llum, impressores 3D, kits de rob\u00f2tica i d\u2019altres elements.<\/p>\n\n\n\n<div class=\"wp-block-getwid-section alignfull alignfull\"><div class=\"wp-block-getwid-section__wrapper\"><div class=\"wp-block-getwid-section__inner-wrapper\"><div class=\"wp-block-getwid-section__background-holder\"><div class=\"wp-block-getwid-section__background\"><\/div><div class=\"wp-block-getwid-section__foreground\"><\/div><\/div><div class=\"wp-block-getwid-section__content\"><div class=\"wp-block-getwid-section__inner-content\">\n<div class=\"wp-block-columns is-layout-flex wp-container-core-columns-is-layout-1 wp-block-columns-is-layout-flex\">\n<div class=\"wp-block-column caixa-link is-layout-flow wp-block-column-is-layout-flow\" id=\"https:\/\/projectes.xtec.cat\/digital\/equipaments-i-infraestructures\/aules-digitals-vivencials\/kit-de-comunicacio\/\">\n<figure class=\"wp-block-image aligncenter size-large is-resized is-style-default\"><img loading=\"lazy\" decoding=\"async\" width=\"200\" height=\"200\" src=\"https:\/\/projectes.xtec.cat\/digital\/wp-content\/uploads\/usu2317\/2023\/11\/auriculars.png\" alt=\"\" class=\"wp-image-19705\" style=\"width:113px;height:113px\" srcset=\"https:\/\/projectes.xtec.cat\/digital\/wp-content\/uploads\/usu2317\/2023\/11\/auriculars.png 200w, https:\/\/projectes.xtec.cat\/digital\/wp-content\/uploads\/usu2317\/2023\/11\/auriculars-150x150.png 150w\" sizes=\"auto, (max-width: 200px) 100vw, 200px\" \/><\/figure>\n\n\n\n<h2 class=\"wp-block-heading has-text-align-center\">Kit de Comunicaci\u00f3<\/h2>\n\n\n\n<p class=\"has-text-align-center\"><\/p>\n<\/div>\n\n\n\n<div class=\"wp-block-column caixa-link is-layout-flow wp-block-column-is-layout-flow\" id=\"https:\/\/projectes.xtec.cat\/digital\/equipaments-i-infraestructures\/aules-digitals-vivencials\/kit-dacces\/\">\n<figure class=\"wp-block-image aligncenter size-large is-resized is-style-default\"><img loading=\"lazy\" decoding=\"async\" width=\"200\" height=\"200\" src=\"https:\/\/projectes.xtec.cat\/digital\/wp-content\/uploads\/usu2317\/2023\/11\/teclat.png\" alt=\"\" class=\"wp-image-19708\" style=\"width:118px;height:118px\" srcset=\"https:\/\/projectes.xtec.cat\/digital\/wp-content\/uploads\/usu2317\/2023\/11\/teclat.png 200w, https:\/\/projectes.xtec.cat\/digital\/wp-content\/uploads\/usu2317\/2023\/11\/teclat-150x150.png 150w\" sizes=\"auto, (max-width: 200px) 100vw, 200px\" \/><\/figure>\n\n\n\n<div style=\"height:5px\" aria-hidden=\"true\" class=\"wp-block-spacer\"><\/div>\n\n\n\n<h2 class=\"wp-block-heading has-text-align-center\">Kit d&#8217;Acc\u00e9s<\/h2>\n\n\n\n<p class=\"has-text-align-center\"><\/p>\n<\/div>\n\n\n\n<div class=\"wp-block-column caixa-link is-layout-flow wp-block-column-is-layout-flow\" id=\"https:\/\/projectes.xtec.cat\/digital\/equipaments-i-infraestructures\/aules-digitals-vivencials\/kit-de-robotica\/\">\n<figure class=\"wp-block-image aligncenter size-large is-resized is-style-default\"><img loading=\"lazy\" decoding=\"async\" width=\"400\" height=\"400\" src=\"https:\/\/projectes.xtec.cat\/digital\/wp-content\/uploads\/usu2317\/2023\/03\/bot.png\" alt=\"\" class=\"wp-image-12598\" style=\"width:108px;height:108px\" srcset=\"https:\/\/projectes.xtec.cat\/digital\/wp-content\/uploads\/usu2317\/2023\/03\/bot.png 400w, https:\/\/projectes.xtec.cat\/digital\/wp-content\/uploads\/usu2317\/2023\/03\/bot-300x300.png 300w, https:\/\/projectes.xtec.cat\/digital\/wp-content\/uploads\/usu2317\/2023\/03\/bot-150x150.png 150w\" sizes=\"auto, (max-width: 400px) 100vw, 400px\" \/><\/figure>\n\n\n\n<div style=\"height:10px\" aria-hidden=\"true\" class=\"wp-block-spacer\"><\/div>\n\n\n\n<h2 class=\"wp-block-heading has-text-align-center\">Kit de Rob\u00f2tica<\/h2>\n\n\n\n<p class=\"has-text-align-center\"><\/p>\n<\/div>\n\n\n\n<div class=\"wp-block-column caixa-link is-layout-flow wp-block-column-is-layout-flow\" id=\"https:\/\/projectes.xtec.cat\/digital\/equipaments-i-infraestructures\/aules-digitals-vivencials\/kit-de-tauletes\/\">\n<figure class=\"wp-block-image aligncenter size-large is-resized is-style-default\"><img loading=\"lazy\" decoding=\"async\" width=\"400\" height=\"400\" src=\"https:\/\/projectes.xtec.cat\/digital\/wp-content\/uploads\/usu2317\/2023\/04\/android-tablet.png\" alt=\"\" class=\"wp-image-14821\" style=\"width:130px;height:130px\" srcset=\"https:\/\/projectes.xtec.cat\/digital\/wp-content\/uploads\/usu2317\/2023\/04\/android-tablet.png 400w, https:\/\/projectes.xtec.cat\/digital\/wp-content\/uploads\/usu2317\/2023\/04\/android-tablet-300x300.png 300w, https:\/\/projectes.xtec.cat\/digital\/wp-content\/uploads\/usu2317\/2023\/04\/android-tablet-150x150.png 150w\" sizes=\"auto, (max-width: 400px) 100vw, 400px\" \/><\/figure>\n\n\n\n<h2 class=\"wp-block-heading has-text-align-center\">Kit de Tauletes<\/h2>\n\n\n\n<p class=\"has-text-align-center\"><\/p>\n<\/div>\n<\/div>\n\n\n\n<div style=\"height:30px\" aria-hidden=\"true\" class=\"wp-block-spacer\"><\/div>\n\n\n\n<div class=\"wp-block-columns is-layout-flex wp-container-core-columns-is-layout-2 wp-block-columns-is-layout-flex\">\n<div class=\"wp-block-column caixa-link is-layout-flow wp-block-column-is-layout-flow\" id=\"https:\/\/projectes.xtec.cat\/digital\/equipaments-i-infraestructures\/aules-digitals-vivencials\/kit-informatic\/\">\n<figure class=\"wp-block-image aligncenter size-large is-resized is-style-default\"><img loading=\"lazy\" decoding=\"async\" width=\"300\" height=\"300\" src=\"https:\/\/projectes.xtec.cat\/digital\/wp-content\/uploads\/usu2317\/2023\/03\/laptop.png\" alt=\"\" class=\"wp-image-12462\" style=\"width:121px;height:121px\" srcset=\"https:\/\/projectes.xtec.cat\/digital\/wp-content\/uploads\/usu2317\/2023\/03\/laptop.png 300w, https:\/\/projectes.xtec.cat\/digital\/wp-content\/uploads\/usu2317\/2023\/03\/laptop-150x150.png 150w\" sizes=\"auto, (max-width: 300px) 100vw, 300px\" \/><\/figure>\n\n\n\n<div style=\"height:5px\" aria-hidden=\"true\" class=\"wp-block-spacer\"><\/div>\n\n\n\n<h2 class=\"wp-block-heading has-text-align-center\">Kit Inform\u00e0tic<\/h2>\n\n\n\n<p class=\"has-text-align-center\"><\/p>\n<\/div>\n\n\n\n<div class=\"wp-block-column caixa-link is-layout-flow wp-block-column-is-layout-flow\" id=\"https:\/\/projectes.xtec.cat\/digital\/equipaments-i-infraestructures\/aules-digitals-vivencials\/taules-de-llum\/\">\n<figure class=\"wp-block-image aligncenter size-large is-resized is-style-default\"><img loading=\"lazy\" decoding=\"async\" width=\"200\" height=\"200\" src=\"https:\/\/projectes.xtec.cat\/digital\/wp-content\/uploads\/usu2317\/2023\/11\/icons8-dining-table-light-200.png\" alt=\"\" class=\"wp-image-19704\" style=\"width:112px;height:112px\" srcset=\"https:\/\/projectes.xtec.cat\/digital\/wp-content\/uploads\/usu2317\/2023\/11\/icons8-dining-table-light-200.png 200w, https:\/\/projectes.xtec.cat\/digital\/wp-content\/uploads\/usu2317\/2023\/11\/icons8-dining-table-light-200-150x150.png 150w\" sizes=\"auto, (max-width: 200px) 100vw, 200px\" \/><\/figure>\n\n\n\n<div style=\"height:5px\" aria-hidden=\"true\" class=\"wp-block-spacer\"><\/div>\n\n\n\n<h2 class=\"wp-block-heading has-text-align-center\">Taules de llum<\/h2>\n\n\n\n<p class=\"has-text-align-center\"><\/p>\n<\/div>\n\n\n\n<div class=\"wp-block-column caixa-link is-layout-flow wp-block-column-is-layout-flow\" id=\"https:\/\/projectes.xtec.cat\/digital\/equipaments-i-infraestructures\/aules-digitals-vivencials\/impressora-3d\/\">\n<figure class=\"wp-block-image aligncenter size-full is-resized is-style-default\"><img loading=\"lazy\" decoding=\"async\" width=\"512\" height=\"512\" src=\"https:\/\/projectes.xtec.cat\/digital\/wp-content\/uploads\/usu2317\/2024\/09\/3d-printer_4804538.png\" alt=\"impresora 3d\" class=\"wp-image-29643\" style=\"width:115px;height:auto\" srcset=\"https:\/\/projectes.xtec.cat\/digital\/wp-content\/uploads\/usu2317\/2024\/09\/3d-printer_4804538.png 512w, https:\/\/projectes.xtec.cat\/digital\/wp-content\/uploads\/usu2317\/2024\/09\/3d-printer_4804538-300x300.png 300w, https:\/\/projectes.xtec.cat\/digital\/wp-content\/uploads\/usu2317\/2024\/09\/3d-printer_4804538-150x150.png 150w\" sizes=\"auto, (max-width: 512px) 100vw, 512px\" \/><\/figure>\n\n\n\n<div style=\"height:5px\" aria-hidden=\"true\" class=\"wp-block-spacer\"><\/div>\n\n\n\n<h2 class=\"wp-block-heading has-text-align-center\">Impressora 3D<\/h2>\n\n\n\n<p class=\"has-text-align-center\"><\/p>\n<\/div>\n\n\n\n<div class=\"wp-block-column is-layout-flow wp-block-column-is-layout-flow\" style=\"flex-basis:23.5%\"><\/div>\n<\/div>\n\n\n\n<div style=\"height:60px\" aria-hidden=\"true\" class=\"wp-block-spacer\"><\/div>\n\n\n\n<h3 class=\"wp-block-heading\">Informaci\u00f3 general sobre el desplegament<\/h3>\n\n\n\n<div class=\"wp-block-getwid-accordion has-icon-left\" data-active-element=\"none\">\n<div class=\"wp-block-getwid-accordion__header-wrapper\"><span class=\"wp-block-getwid-accordion__header\"><a href=\"#\"><span class=\"wp-block-getwid-accordion__header-title\">On \u00e9s la garantia dels productes i com es gestiona?<\/span><span class=\"wp-block-getwid-accordion__icon is-active\"><i class=\"far fa-question-circle\"><\/i><\/span><span class=\"wp-block-getwid-accordion__icon is-passive\"><i class=\"fas fa-minus\"><\/i><\/span><\/a><\/span><\/div><div class=\"wp-block-getwid-accordion__content-wrapper\"><div class=\"wp-block-getwid-accordion__content\">\n<p>La garantia de la totalitat de productes de la maleta audiovisual s\u2019associa a l\u2019<strong>etiqueta plastificada<\/strong>&nbsp;que hi ha&nbsp;<strong>a l\u2019exterior de la maleta amb rodes.<\/strong>&nbsp;En cas que algun dels dispositius rebut no funcioni correctament, caldr\u00e0 que us adreceu a:<\/p>\n\n\n\n<ul class=\"wp-block-list\">\n<li><strong>Centres p\u00fablics<\/strong>:\n<ul class=\"wp-block-list\">\n<li>Web:&nbsp;<a href=\"https:\/\/pauticgencat.onbmc.com\/arsys\/forms\/onbmc-s\/SRS%3AServiceRequestConsole\/Default+Administrator+View\/?cacheid=4d4e87e1\" target=\"_blank\" rel=\"noreferrer noopener\">ATOM (antic SAU)<\/a><\/li>\n\n\n\n<li>Correu:\u00a0<a href=\"mailto:sau.tic@gencat.cat\"><a href=\"mailto:assistencia@atom.gencat.cat\">assistencia@atom.gencat.cat<\/a><\/a><\/li>\n<\/ul>\n<\/li>\n\n\n\n<li><strong>Centres concertats<\/strong>&nbsp;que per les seves caracter\u00edstiques compleixen els requisits per rebre la dotaci\u00f3:\n<ul class=\"wp-block-list\">\n<li>Correu:&nbsp;<a href=\"mailto:desplegament.aulesdigitals.educacio@gencat.cat\" target=\"_blank\" rel=\"noreferrer noopener\">desplegament.aulesdigitals.educacio@gencat.cat<\/a>&nbsp;<\/li>\n<\/ul>\n<\/li>\n<\/ul>\n<\/div><\/div>\n\n\n\n<div class=\"wp-block-getwid-accordion__header-wrapper\"><span class=\"wp-block-getwid-accordion__header\"><a href=\"#\"><span class=\"wp-block-getwid-accordion__header-title\">Com podem registrar incid\u00e8ncies en el desplegament de les Aules vivencials?<\/span><span class=\"wp-block-getwid-accordion__icon is-active\"><i class=\"far fa-question-circle\"><\/i><\/span><span class=\"wp-block-getwid-accordion__icon is-passive\"><i class=\"fas fa-minus\"><\/i><\/span><\/a><\/span><\/div><div class=\"wp-block-getwid-accordion__content-wrapper\"><div class=\"wp-block-getwid-accordion__content\">\n<p>Si voleu registrar una incid\u00e8ncia relacionada amb el desplegament de l&#8217;equipament d&#8217;aules vivencials podeu fer-ho a trav\u00e9s del:<\/p>\n\n\n\n<ul class=\"wp-block-list\">\n<li><strong>Portal \u00c0tom:\u00a0<\/strong><a href=\"https:\/\/atomgencat.onbmc.com\/\" target=\"_blank\" rel=\"noreferrer noopener\">https:\/\/atomgencat.onbmc.com\/<\/a><\/li>\n\n\n\n<li><strong>Correu electr\u00f2nic:\u00a0<\/strong><a href=\"mailto:assistencia@atom.gencat.cat\" target=\"_blank\" rel=\"noreferrer noopener\">assistencia@atom.gencat.cat<\/a>\u00a0<\/li>\n\n\n\n<li><strong>Tel\u00e8fon de contacte:\u00a0<\/strong>900 82 82 82\u00a0(opci\u00f3 4)<\/li>\n<\/ul>\n<\/div><\/div>\n<\/div>\n\n\n\n<div style=\"height:50px\" aria-hidden=\"true\" class=\"wp-block-spacer\"><\/div>\n<\/div><\/div><\/div><\/div><\/div>\n\n\n\n<div class=\"wp-block-getwid-section alignfull alignfull\"><div class=\"wp-block-getwid-section__wrapper\"><div class=\"wp-block-getwid-section__inner-wrapper\"><div class=\"wp-block-getwid-section__background-holder\"><div class=\"wp-block-getwid-section__background has-background has-ast-global-color-4-background-color\"><\/div><div class=\"wp-block-getwid-section__foreground\"><\/div><\/div><div class=\"wp-block-getwid-section__content\"><div class=\"wp-block-getwid-section__inner-content\">\n<div style=\"height:75px\" aria-hidden=\"true\" class=\"wp-block-spacer\"><\/div>\n\n\n\n        <div class=\"wp-block-getwid-post-carousel custom-post-type-post alignwide caixa-slider has-slides-gap-small is-carousel has-arrows-inside has-dots-outside\">\n            <div data-slider-option=\"{&quot;sliderSlidesToShowDesktop&quot;:&quot;3&quot;,&quot;getwid_slidesToShowLaptop&quot;:&quot;1&quot;,&quot;getwid_slidesToShowTablet&quot;:&quot;1&quot;,&quot;getwid_slidesToShowMobile&quot;:&quot;1&quot;,&quot;getwid_autoplay_speed&quot;:6000,&quot;getwid_animation_speed&quot;:800,&quot;getwid_slidesToScroll&quot;:&quot;1&quot;,&quot;getwid_autoplay&quot;:false,&quot;getwid_pause_on_hover&quot;:false,&quot;getwid_infinite&quot;:true,&quot;getwid_center_mode&quot;:false,&quot;getwid_arrows&quot;:&quot;inside&quot;,&quot;getwid_dots&quot;:&quot;outside&quot;}\" class=\"wp-block-getwid-post-carousel__wrapper\">\n                \t\t\t\t\t\t\t<div class=\"wp-block-getwid-post-carousel__slide\">\n\t\t\t\t\t\t\t\t\n<div class=\"wp-block-getwid-template-post-featured-image card-23-img\" >\n            <a href=\"https:\/\/projectes.xtec.cat\/digital\/noticies\/portada\/educacio-comenca-a-desplegar-la-darrera-fase-del-pla-deducacio-digital-de-catalunya\/\">\n        <img loading=\"lazy\" decoding=\"async\" width=\"1024\" height=\"321\" src=\"https:\/\/projectes.xtec.cat\/digital\/wp-content\/uploads\/usu2317\/2023\/11\/roda-premsa-1024x321.png\" class=\"attachment-large size-large wp-post-image\" alt=\"Educaci\u00f3 comen\u00e7a a desplegar la darrera fase del Pla d&#8217;Educaci\u00f3 Digital de Catalunya\" srcset=\"https:\/\/projectes.xtec.cat\/digital\/wp-content\/uploads\/usu2317\/2023\/11\/roda-premsa-1024x321.png 1024w, https:\/\/projectes.xtec.cat\/digital\/wp-content\/uploads\/usu2317\/2023\/11\/roda-premsa-300x94.png 300w, https:\/\/projectes.xtec.cat\/digital\/wp-content\/uploads\/usu2317\/2023\/11\/roda-premsa-768x241.png 768w, https:\/\/projectes.xtec.cat\/digital\/wp-content\/uploads\/usu2317\/2023\/11\/roda-premsa.png 1322w\" sizes=\"auto, (max-width: 1024px) 100vw, 1024px\" \/>            <\/a>\n    <\/div>\n\n\n\n<div class=\"wp-block-getwid-section alignfull\"><div class=\"wp-block-getwid-section__wrapper\"><div class=\"wp-block-getwid-section__inner-wrapper\"><div class=\"wp-block-getwid-section__background-holder\"><div class=\"wp-block-getwid-section__background\"><\/div><div class=\"wp-block-getwid-section__foreground\"><\/div><\/div><div class=\"wp-block-getwid-section__content\"><div class=\"wp-block-getwid-section__inner-content\">\n<p style=\"font-size: 24px;\" class=\"wp-block-getwid-template-post-title\"><a class=\"wp-block-getwid-template-post-title__link\" href=\"https:\/\/projectes.xtec.cat\/digital\/noticies\/portada\/educacio-comenca-a-desplegar-la-darrera-fase-del-pla-deducacio-digital-de-catalunya\/\">Educaci\u00f3 comen\u00e7a a desplegar la darrera fase del Pla d&#8217;Educaci\u00f3 Digital de Catalunya<\/a><\/p>\n\n\n<div class=\"wp-block-getwid-template-post-content card-23-text is-excerpt\" style=\"font-size: 14px;\"><p>24.11.23. El Departament d\u2019Educaci\u00f3 continua el desplegament del Pla d\u2019Educaci\u00f3 Digital de Catalunya (PEDC), un projecte d\u2019estrat\u00e8gia d\u2019impuls digital cofinan\u00e7at pel Departament, el Ministeri d\u2019Educaci\u00f3 i la Uni\u00f3 Europea \u2013 Next Generation EU a trav\u00e9s&hellip;<\/p><\/div>\n<\/div><\/div><\/div><\/div><\/div>\n\t\t\t\t\t\t\t<\/div>\n\t\t\t\t\t\t\t\t\t\t\t\t\t<div class=\"wp-block-getwid-post-carousel__slide\">\n\t\t\t\t\t\t\t\t\n\n\n<div class=\"wp-block-getwid-section alignfull\"><div class=\"wp-block-getwid-section__wrapper\"><div class=\"wp-block-getwid-section__inner-wrapper\"><div class=\"wp-block-getwid-section__background-holder\"><div class=\"wp-block-getwid-section__background\"><\/div><div class=\"wp-block-getwid-section__foreground\"><\/div><\/div><div class=\"wp-block-getwid-section__content\"><div class=\"wp-block-getwid-section__inner-content\">\n<p style=\"font-size: 24px;\" class=\"wp-block-getwid-template-post-title\"><a class=\"wp-block-getwid-template-post-title__link\" href=\"https:\/\/projectes.xtec.cat\/digital\/noticies\/equipaments\/el-govern-aprova-una-dotacio-de-gairebe-129-milions-deuros-per-a-impulsar-la-digitalitzacio-i-les-steam-al-sistema-educatiu\/\">El Govern aprova una dotaci\u00f3 de gaireb\u00e9 129 milions d\u2019euros per a impulsar la digitalitzaci\u00f3 i les STEAM al sistema educatiu<\/a><\/p>\n\n\n<div class=\"wp-block-getwid-template-post-content card-23-text is-excerpt\" style=\"font-size: 14px;\"><p>El Govern ha aprovat una dotaci\u00f3 de&nbsp;128.971.926 euros provinents dels fons europeus Next Generation&nbsp;per iniciar la licitaci\u00f3 del material que ha de permetre impulsar la digitalitzaci\u00f3 i les ci\u00e8ncies, tecnologia, enginyeria, arts i matem\u00e0tiques (STEAM&hellip;<\/p><\/div>\n<\/div><\/div><\/div><\/div><\/div>\n\t\t\t\t\t\t\t<\/div>\n\t\t\t\t\t\t\t\t\t\t\t\t\t<div class=\"wp-block-getwid-post-carousel__slide\">\n\t\t\t\t\t\t\t\t\n<div class=\"wp-block-getwid-template-post-featured-image card-23-img\" >\n            <a href=\"https:\/\/projectes.xtec.cat\/digital\/general\/digitalitzacio-i-steam-una-educacio-de-futur-per-a-tothom\/\">\n        <img loading=\"lazy\" decoding=\"async\" width=\"1024\" height=\"533\" src=\"https:\/\/projectes.xtec.cat\/digital\/wp-content\/uploads\/usu2317\/2023\/02\/steam-sessio-1024x533.png\" class=\"attachment-large size-large wp-post-image\" alt=\"Digitalitzaci\u00f3 i STEAM: una educaci\u00f3 de futur per a tothom\" srcset=\"https:\/\/projectes.xtec.cat\/digital\/wp-content\/uploads\/usu2317\/2023\/02\/steam-sessio-1024x533.png 1024w, https:\/\/projectes.xtec.cat\/digital\/wp-content\/uploads\/usu2317\/2023\/02\/steam-sessio-300x156.png 300w, https:\/\/projectes.xtec.cat\/digital\/wp-content\/uploads\/usu2317\/2023\/02\/steam-sessio-768x400.png 768w, https:\/\/projectes.xtec.cat\/digital\/wp-content\/uploads\/usu2317\/2023\/02\/steam-sessio-384x200.png 384w, https:\/\/projectes.xtec.cat\/digital\/wp-content\/uploads\/usu2317\/2023\/02\/steam-sessio-288x150.png 288w, https:\/\/projectes.xtec.cat\/digital\/wp-content\/uploads\/usu2317\/2023\/02\/steam-sessio-346x180.png 346w, https:\/\/projectes.xtec.cat\/digital\/wp-content\/uploads\/usu2317\/2023\/02\/steam-sessio-480x250.png 480w, https:\/\/projectes.xtec.cat\/digital\/wp-content\/uploads\/usu2317\/2023\/02\/steam-sessio.png 1272w\" sizes=\"auto, (max-width: 1024px) 100vw, 1024px\" \/>            <\/a>\n    <\/div>\n\n\n\n<div class=\"wp-block-getwid-section alignfull\"><div class=\"wp-block-getwid-section__wrapper\"><div class=\"wp-block-getwid-section__inner-wrapper\"><div class=\"wp-block-getwid-section__background-holder\"><div class=\"wp-block-getwid-section__background\"><\/div><div class=\"wp-block-getwid-section__foreground\"><\/div><\/div><div class=\"wp-block-getwid-section__content\"><div class=\"wp-block-getwid-section__inner-content\">\n<p style=\"font-size: 24px;\" class=\"wp-block-getwid-template-post-title\"><a class=\"wp-block-getwid-template-post-title__link\" href=\"https:\/\/projectes.xtec.cat\/digital\/general\/digitalitzacio-i-steam-una-educacio-de-futur-per-a-tothom\/\">Digitalitzaci\u00f3 i STEAM: una educaci\u00f3 de futur per a tothom<\/a><\/p>\n\n\n<div class=\"wp-block-getwid-template-post-content card-23-text is-excerpt\" style=\"font-size: 14px;\"><p>Els fons econ\u00f2mics de la Uni\u00f3 Europea coneguts com a Next Generation s\u2019estan utilitzant per a donar un impuls a la digitalitzaci\u00f3 del sistema educatiu catal\u00e0, tant a nivell de dotacions de maquinari per als&hellip;<\/p><\/div>\n<\/div><\/div><\/div><\/div><\/div>\n\t\t\t\t\t\t\t<\/div>\n\t\t\t\t\t\t            <\/div>\n        <\/div>\n        \n\n\n<div style=\"height:68px\" aria-hidden=\"true\" class=\"wp-block-spacer\"><\/div>\n<\/div><\/div><\/div><\/div><\/div>\n\n\n\n<div class=\"wp-block-getwid-section alignfull alignwide alignfull\"><div class=\"wp-block-getwid-section__wrapper\"><div class=\"wp-block-getwid-section__inner-wrapper\"><div class=\"wp-block-getwid-section__background-holder\"><div class=\"wp-block-getwid-section__background has-background has-ast-global-color-5-background-color\"><\/div><div class=\"wp-block-getwid-section__foreground\"><\/div><\/div><div class=\"wp-block-getwid-section__content\"><div class=\"wp-block-getwid-section__inner-content\">\n<hr class=\"wp-block-separator has-css-opacity is-style-wide\"\/>\n\n\n\n<figure class=\"wp-block-image size-large is-resized\"><a href=\"https:\/\/projectes.xtec.cat\/digital\/wp-content\/uploads\/usu2317\/2023\/09\/logosMRR.jpg\"><img loading=\"lazy\" decoding=\"async\" width=\"1024\" height=\"137\" src=\"https:\/\/projectes.xtec.cat\/digital\/wp-content\/uploads\/usu2317\/2023\/09\/logosMRR-1024x137.jpg\" alt=\"Logos MRR\n\" class=\"wp-image-28641\" style=\"width:1052px;height:auto\" srcset=\"https:\/\/projectes.xtec.cat\/digital\/wp-content\/uploads\/usu2317\/2023\/09\/logosMRR-1024x137.jpg 1024w, https:\/\/projectes.xtec.cat\/digital\/wp-content\/uploads\/usu2317\/2023\/09\/logosMRR-300x40.jpg 300w, https:\/\/projectes.xtec.cat\/digital\/wp-content\/uploads\/usu2317\/2023\/09\/logosMRR-768x103.jpg 768w, https:\/\/projectes.xtec.cat\/digital\/wp-content\/uploads\/usu2317\/2023\/09\/logosMRR-1536x205.jpg 1536w, https:\/\/projectes.xtec.cat\/digital\/wp-content\/uploads\/usu2317\/2023\/09\/logosMRR-2048x274.jpg 2048w\" sizes=\"auto, (max-width: 1024px) 100vw, 1024px\" \/><\/a><\/figure>\n<\/div><\/div><\/div><\/div><\/div>\n","protected":false},"excerpt":{"rendered":"<p>Destinades als centres d\u2019educaci\u00f3 especial, comptaran amb pantalles, taules de llum, impressores 3D, kits de rob\u00f2tica i d\u2019altres elements.<\/p>\n","protected":false},"author":2,"featured_media":0,"parent":12573,"menu_order":0,"comment_status":"closed","ping_status":"close","template":"","meta":{"site-sidebar-layout":"default","site-content-layout":"","ast-site-content-layout":"default","site-content-style":"default","site-sidebar-style":"default","ast-global-header-display":"","ast-banner-title-visibility":"","ast-main-header-display":"","ast-hfb-above-header-display":"","ast-hfb-below-header-display":"","ast-hfb-mobile-header-display":"","site-post-title":"","ast-breadcrumbs-content":"","ast-featured-img":"","footer-sml-layout":"","theme-transparent-header-meta":"","adv-header-id-meta":"","stick-header-meta":"","header-above-stick-meta":"","header-main-stick-meta":"","header-below-stick-meta":"","astra-migrate-meta-layouts":"set","ast-page-background-enabled":"default","ast-page-background-meta":{"desktop":{"background-color":"var(--ast-global-color-4)","background-image":"","background-repeat":"repeat","background-position":"center center","background-size":"auto","background-attachment":"scroll","background-type":"","background-media":"","overlay-type":"","overlay-color":"","overlay-opacity":"","overlay-gradient":""},"tablet":{"background-color":"","background-image":"","background-repeat":"repeat","background-position":"center center","background-size":"auto","background-attachment":"scroll","background-type":"","background-media":"","overlay-type":"","overlay-color":"","overlay-opacity":"","overlay-gradient":""},"mobile":{"background-color":"","background-image":"","background-repeat":"repeat","background-position":"center center","background-size":"auto","background-attachment":"scroll","background-type":"","background-media":"","overlay-type":"","overlay-color":"","overlay-opacity":"","overlay-gradient":""}},"ast-content-background-meta":{"desktop":{"background-color":"var(--ast-global-color-5)","background-image":"","background-repeat":"repeat","background-position":"center center","background-size":"auto","background-attachment":"scroll","background-type":"","background-media":"","overlay-type":"","overlay-color":"","overlay-opacity":"","overlay-gradient":""},"tablet":{"background-color":"var(--ast-global-color-5)","background-image":"","background-repeat":"repeat","background-position":"center center","background-size":"auto","background-attachment":"scroll","background-type":"","background-media":"","overlay-type":"","overlay-color":"","overlay-opacity":"","overlay-gradient":""},"mobile":{"background-color":"var(--ast-global-color-5)","background-image":"","background-repeat":"repeat","background-position":"center center","background-size":"auto","background-attachment":"scroll","background-type":"","background-media":"","overlay-type":"","overlay-color":"","overlay-opacity":"","overlay-gradient":""}},"footnotes":""},"class_list":["post-13090","page","type-page","status-publish","hentry"],"post_mailing_queue_ids":[],"_links":{"self":[{"href":"https:\/\/projectes.xtec.cat\/digital\/wp-json\/wp\/v2\/pages\/13090","targetHints":{"allow":["GET"]}}],"collection":[{"href":"https:\/\/projectes.xtec.cat\/digital\/wp-json\/wp\/v2\/pages"}],"about":[{"href":"https:\/\/projectes.xtec.cat\/digital\/wp-json\/wp\/v2\/types\/page"}],"author":[{"embeddable":true,"href":"https:\/\/projectes.xtec.cat\/digital\/wp-json\/wp\/v2\/users\/2"}],"replies":[{"embeddable":true,"href":"https:\/\/projectes.xtec.cat\/digital\/wp-json\/wp\/v2\/comments?post=13090"}],"version-history":[{"count":6,"href":"https:\/\/projectes.xtec.cat\/digital\/wp-json\/wp\/v2\/pages\/13090\/revisions"}],"predecessor-version":[{"id":37278,"href":"https:\/\/projectes.xtec.cat\/digital\/wp-json\/wp\/v2\/pages\/13090\/revisions\/37278"}],"up":[{"embeddable":true,"href":"https:\/\/projectes.xtec.cat\/digital\/wp-json\/wp\/v2\/pages\/12573"}],"wp:attachment":[{"href":"https:\/\/projectes.xtec.cat\/digital\/wp-json\/wp\/v2\/media?parent=13090"}],"curies":[{"name":"wp","href":"https:\/\/api.w.org\/{rel}","templated":true}]}}