{"id":13388,"date":"2023-03-10T16:59:24","date_gmt":"2023-03-10T15:59:24","guid":{"rendered":"https:\/\/projectes.xtec.cat\/digital\/?page_id=13388"},"modified":"2026-01-01T17:47:30","modified_gmt":"2026-01-01T16:47:30","slug":"coordinacio-digital","status":"publish","type":"page","link":"https:\/\/projectes.xtec.cat\/digital\/perfils\/coordinacio-digital\/","title":{"rendered":"Coordinaci\u00f3 digital"},"content":{"rendered":"\n<p class=\"paragraf-rodo has-background has-medium-font-size\" style=\"background-color:#cfe6e8\">Ets <strong>coordinador\/a digital novell<\/strong>? Tens disponible una <a href=\"https:\/\/projectes.xtec.cat\/digital\/perfils\/coordinacio-digital\/guia-del-coordinador-digital-novell\/\" data-type=\"link\" data-id=\"https:\/\/projectes.xtec.cat\/digital\/perfils\/coordinacio-digital\/guia-del-coordinador-a-novell\/\">guia amb tota la informaci\u00f3 b\u00e0sica<\/a> que necessites per comen\u00e7ar.<\/p>\n\n\n\n<div class=\"wp-block-getwid-section alignfull alignfull\"><div class=\"wp-block-getwid-section__wrapper\"><div class=\"wp-block-getwid-section__inner-wrapper\"><div class=\"wp-block-getwid-section__background-holder\"><div class=\"wp-block-getwid-section__background\"><\/div><div class=\"wp-block-getwid-section__foreground\"><\/div><\/div><div class=\"wp-block-getwid-section__content\"><div class=\"wp-block-getwid-section__inner-content\">\n<p>Els centres educatius estan immersos en un<strong> proc\u00e9s de transformaci\u00f3 digital<\/strong> on les tecnologies han passat de ser simples eines de suport a la doc\u00e8ncia a convertir-se en recursos indispensables per al funcionament dels centres i l\u2019adquisici\u00f3 de compet\u00e8ncies digitals per part d\u2019alumnes i docents. La coordinaci\u00f3 digital \u00e9s un <strong>c\u00e0rrec clau dins d\u2019aquesta transformaci\u00f3<\/strong>, amb les funcions d\u2019assessorar i dinamitzar el proc\u00e9s i supervisar el correcte funcionament d\u2019equips, serveis i infraestructures del centre.<\/p>\n\n\n\n<div style=\"height:20px\" aria-hidden=\"true\" class=\"wp-block-spacer\"><\/div>\n\n\n\n<div class=\"wp-block-columns is-layout-flex wp-container-core-columns-is-layout-1 wp-block-columns-is-layout-flex\">\n<div class=\"wp-block-column is-layout-flow wp-block-column-is-layout-flow\" style=\"flex-basis:66.66%\">\n<div class=\"video-responsive\"><iframe loading=\"lazy\" width=\"560\" height=\"315\" src=\"https:\/\/www.youtube.com\/embed\/z6ej1WRrl7M\" title=\"YouTube video player\" frameborder=\"0\" allow=\"accelerometer; autoplay; clipboard-write; encrypted-media; gyroscope; picture-in-picture; web-share\" allowfullscreen=\"\"><\/iframe><\/div>\n<\/div>\n\n\n\n<div class=\"wp-block-column is-layout-flow wp-block-column-is-layout-flow\" style=\"flex-basis:33.33%\">\n<figure class=\"wp-block-image aligncenter size-full has-custom-border\"><a href=\"https:\/\/educacio.gencat.cat\/web\/.content\/home\/departament\/publicacions\/colleccions\/pla-educacio-digital\/orientacions-coordinacio-digital-centre\/orientacions-coordinacio-digital-centre.pdf\" target=\"_blank\" rel=\"noreferrer noopener\"><img loading=\"lazy\" decoding=\"async\" width=\"589\" height=\"830\" src=\"https:\/\/projectes.xtec.cat\/digital\/wp-content\/uploads\/usu2317\/2024\/09\/cover-document-orientacions-set24.png\" alt=\"portada del document d'orientacions\" class=\"has-border-color has-ast-global-color-6-border-color wp-image-30067\" style=\"border-width:3px;aspect-ratio:0.7074148296593187\" srcset=\"https:\/\/projectes.xtec.cat\/digital\/wp-content\/uploads\/usu2317\/2024\/09\/cover-document-orientacions-set24.png 589w, https:\/\/projectes.xtec.cat\/digital\/wp-content\/uploads\/usu2317\/2024\/09\/cover-document-orientacions-set24-213x300.png 213w\" sizes=\"auto, (max-width: 589px) 100vw, 589px\" \/><\/a><figcaption class=\"wp-element-caption\"> <\/figcaption><\/figure>\n<\/div>\n<\/div>\n<\/div><\/div><\/div><\/div><\/div>\n\n\n\n<div style=\"height:50px\" aria-hidden=\"true\" class=\"wp-block-spacer\"><\/div>\n\n\n\n<div class=\"wp-block-getwid-section alignfull alignfull\"><div class=\"wp-block-getwid-section__wrapper\"><div class=\"wp-block-getwid-section__inner-wrapper\"><div class=\"wp-block-getwid-section__background-holder\"><div class=\"wp-block-getwid-section__background has-background has-ast-global-color-4-background-color\"><\/div><div class=\"wp-block-getwid-section__foreground\"><\/div><\/div><div class=\"wp-block-getwid-section__content\"><div class=\"wp-block-getwid-section__inner-content\">\n<div style=\"height:30px\" aria-hidden=\"true\" class=\"wp-block-spacer\"><\/div>\n\n\n\n<h2 class=\"wp-block-heading\">Suport a la coordinaci\u00f3 digital<\/h2>\n\n\n\n<div class=\"wp-block-columns is-layout-flex wp-container-core-columns-is-layout-2 wp-block-columns-is-layout-flex\">\n<div class=\"wp-block-column is-layout-flow wp-block-column-is-layout-flow\">\n<div class=\"wp-block-media-text alignwide is-stacked-on-mobile is-vertically-aligned-top\" style=\"grid-template-columns:25% auto\"><figure class=\"wp-block-media-text__media\"><img loading=\"lazy\" decoding=\"async\" width=\"150\" height=\"150\" src=\"https:\/\/projectes.xtec.cat\/digital\/wp-content\/uploads\/usu2317\/2022\/07\/39E7541167B08B0C-150x150.png\" alt=\"\" class=\"wp-image-8481 size-thumbnail\" srcset=\"https:\/\/projectes.xtec.cat\/digital\/wp-content\/uploads\/usu2317\/2022\/07\/39E7541167B08B0C-150x150.png 150w, https:\/\/projectes.xtec.cat\/digital\/wp-content\/uploads\/usu2317\/2022\/07\/39E7541167B08B0C-300x300.png 300w, https:\/\/projectes.xtec.cat\/digital\/wp-content\/uploads\/usu2317\/2022\/07\/39E7541167B08B0C.png 625w\" sizes=\"auto, (max-width: 150px) 100vw, 150px\" \/><\/figure><div class=\"wp-block-media-text__content\">\n<p style=\"font-size:15px\"><a href=\"https:\/\/comunitat.edigital.cat\/c\/coordinacio-digital\/105\" data-type=\"URL\" data-id=\"https:\/\/comunitat.edigital.cat\/c\/coordinacio-digital\/105\"><strong>Nus de la coordinacio digital<\/strong><\/a><br>Comunitat virtual de les coordinacions digitals.<\/p>\n<\/div><\/div>\n<\/div>\n\n\n\n<div class=\"wp-block-column is-layout-flow wp-block-column-is-layout-flow\">\n<div class=\"wp-block-media-text alignwide is-stacked-on-mobile is-vertically-aligned-top\" style=\"grid-template-columns:30% auto\"><figure class=\"wp-block-media-text__media\"><img loading=\"lazy\" decoding=\"async\" width=\"150\" height=\"150\" src=\"https:\/\/projectes.xtec.cat\/digital\/wp-content\/uploads\/usu2317\/2022\/07\/nomes_logo_coral-150x150.png\" alt=\"xtcd\" class=\"wp-image-8956 size-thumbnail\"\/><\/figure><div class=\"wp-block-media-text__content\">\n<p style=\"font-size:15px\"><strong><a href=\"https:\/\/projectes.xtec.cat\/digital\/formacio-docent\/xtcd\/subxarxa-de-la-coordinacio-digital-de-centre-cdc\/\" target=\"_blank\" rel=\"noreferrer noopener\">Subxarxa CDC<\/a><\/strong><br>Webinars, seminaris territorials i comunitat virtual.<\/p>\n<\/div><\/div>\n<\/div>\n\n\n\n<div class=\"wp-block-column is-layout-flow wp-block-column-is-layout-flow\">\n<div class=\"wp-block-media-text alignwide is-stacked-on-mobile is-vertically-aligned-top\" style=\"grid-template-columns:29% auto\"><figure class=\"wp-block-media-text__media\"><img loading=\"lazy\" decoding=\"async\" width=\"150\" height=\"150\" src=\"https:\/\/projectes.xtec.cat\/digital\/wp-content\/uploads\/usu2317\/2023\/03\/help-150x150.png\" alt=\"suport\" class=\"wp-image-13784 size-thumbnail\" srcset=\"https:\/\/projectes.xtec.cat\/digital\/wp-content\/uploads\/usu2317\/2023\/03\/help-150x150.png 150w, https:\/\/projectes.xtec.cat\/digital\/wp-content\/uploads\/usu2317\/2023\/03\/help-300x300.png 300w, https:\/\/projectes.xtec.cat\/digital\/wp-content\/uploads\/usu2317\/2023\/03\/help.png 400w\" sizes=\"auto, (max-width: 150px) 100vw, 150px\" \/><\/figure><div class=\"wp-block-media-text__content\">\n<p style=\"font-size:15px\"><strong>Recursos humans<\/strong><br><strong><a href=\"https:\/\/projectes.xtec.cat\/digital\/suport-a-la-digitalitzacio\/asessor-cd\/\" data-type=\"URL\" data-id=\"https:\/\/projectes.xtec.cat\/digital\/suport-a-la-digitalitzacio\/asessor-cd\/\">Assessors\/res CD<\/a><br><a href=\"https:\/\/projectes.xtec.cat\/digital\/suport-a-la-digitalitzacio\/gestor-tic\/\" data-type=\"URL\" data-id=\"https:\/\/projectes.xtec.cat\/digital\/suport-a-la-digitalitzacio\/gestor-tic\/\">Gestors\/res TIC<\/a><br><a href=\"https:\/\/projectes.xtec.cat\/digital\/suport-a-la-digitalitzacio\/referent-de-cultura-digital-cd\/\" data-type=\"URL\" data-id=\"https:\/\/projectes.xtec.cat\/digital\/suport-a-la-digitalitzacio\/referent-de-cultura-digital-cd\/\">Referents CD<\/a><br><a href=\"https:\/\/projectes.xtec.cat\/digital\/suport-a-la-digitalitzacio\/mentor-a-digital\/\" data-type=\"URL\" data-id=\"https:\/\/projectes.xtec.cat\/digital\/suport-a-la-digitalitzacio\/mentor-a-digital\/\">Mentors\/res digitals<\/a><\/strong><\/p>\n<\/div><\/div>\n<\/div>\n\n\n\n<div class=\"wp-block-column caixa-link is-layout-flow wp-block-column-is-layout-flow\" id=\"https:\/\/projectes.xtec.cat\/digital\/perfils\/coordinacio-digital\/artefactes-digitals\/\">\n<h2 class=\"wp-block-heading has-medium-font-size\">Artefactes de coordinaci\u00f3<\/h2>\n\n\n\n<p>Recursos digitals creats per coordinadors i coordinadores digitals a la XTCD<\/p>\n<\/div>\n<\/div>\n\n\n\n<div style=\"height:29px\" aria-hidden=\"true\" class=\"wp-block-spacer\"><\/div>\n<\/div><\/div><\/div><\/div><\/div>\n\n\n\n<div class=\"wp-block-getwid-section alignfull alignfull\"><div class=\"wp-block-getwid-section__wrapper\"><div class=\"wp-block-getwid-section__inner-wrapper\"><div class=\"wp-block-getwid-section__background-holder\"><div class=\"wp-block-getwid-section__background\"><\/div><div class=\"wp-block-getwid-section__foreground\"><\/div><\/div><div class=\"wp-block-getwid-section__content\"><div class=\"wp-block-getwid-section__inner-content\">\n<div style=\"height:45px\" aria-hidden=\"true\" class=\"wp-block-spacer\"><\/div>\n\n\n\n<div class=\"wp-block-group alignwide\"><div class=\"wp-block-group__inner-container is-layout-flow wp-block-group-is-layout-flow\">\n<div class=\"wp-block-columns alignwide are-vertically-aligned-center is-layout-flex wp-container-core-columns-is-layout-3 wp-block-columns-is-layout-flex\">\n<div class=\"wp-block-column is-vertically-aligned-center is-layout-flow wp-block-column-is-layout-flow\">\n<input type=\"text\" name=\"cercador\" id=\"cercador\" style=\"width:500px\" placeholder=\"Escriu una paraula clau...\">\n<\/div>\n<\/div>\n<\/div><\/div>\n\n\n\n<p class=\"has-text-align-center\"><\/p>\n\n\n\n<div style=\"height:40px\" aria-hidden=\"true\" class=\"wp-block-spacer\"><\/div>\n\n\n\n<h2 class=\"wp-block-heading\">Comen\u00e7ant com a coordinador\/a<\/h2>\n\n\n\n<p>Consulteu la guia del coordinador\/a novell. En aquest apartat teniu alguns enlla\u00e7os directes i altres informacions rel\u00b7levants: <\/p>\n\n\n\n<div class=\"wp-block-columns is-layout-flex wp-container-core-columns-is-layout-4 wp-block-columns-is-layout-flex\">\n<div class=\"wp-block-column caixa-link kb is-layout-flow wp-block-column-is-layout-flow\" id=\"https:\/\/projectes.xtec.cat\/digital\/perfils\/equip-directiu\/assignar-hores-de-la-coordinacio-digital\/\">\n<h3 class=\"wp-block-heading\">Assignar hores de la coordinaci\u00f3 digital<\/h3>\n\n\n\n<p>C\u00e0lcul del temps per exercir el c\u00e0rrec segons tasques<\/p>\n<\/div>\n\n\n\n<div class=\"wp-block-column caixa gris is-layout-flow wp-block-column-is-layout-flow\" id=\"https:\/\/projectes.xtec.cat\/digital\/perfils\/coordinacio-digital\/fer-una-bona-transferencia-entre-el-coordinador-a-digital-que-deixa-el-carrec-i-el-que-lassumeix\/\">\n<h3 class=\"wp-block-heading\">Transfer\u00e8ncia entre coordinadors digitals<\/h3>\n\n\n\n<p>Entre el coordinador\/a que deixa el c\u00e0rrec i el que l&#8217;assumeix.<\/p>\n<\/div>\n\n\n\n<div class=\"wp-block-column caixa-link kb is-layout-flow wp-block-column-is-layout-flow\" id=\"https:\/\/projectes.xtec.cat\/digital\/perfils\/coordinacio-digital\/permisos-necessaris-per-a-la-coordinacio-digital\/\">\n<h3 class=\"wp-block-heading\">Permisos necessaris<\/h3>\n\n\n\n<p>Quins permisos necessita un coordinador\/a digital? <\/p>\n<\/div>\n\n\n\n<div class=\"wp-block-column caixa-link kb is-layout-flow wp-block-column-is-layout-flow\" id=\"https:\/\/projectes.xtec.cat\/digital\/serveis-digitals\/\">\n<h3 class=\"wp-block-heading\">Quines aplicacions i serveis digitals he de con\u00e8ixer? <\/h3>\n<\/div>\n<\/div>\n\n\n\n<div style=\"height:25px\" aria-hidden=\"true\" class=\"wp-block-spacer\"><\/div>\n\n\n\n<h2 class=\"wp-block-heading\">Incid\u00e8ncies i inventari<\/h2>\n\n\n\n<div class=\"wp-block-columns is-layout-flex wp-container-core-columns-is-layout-5 wp-block-columns-is-layout-flex\">\n<div class=\"wp-block-column caixa-link kb is-layout-flow wp-block-column-is-layout-flow\" id=\"https:\/\/projectes.xtec.cat\/digital\/perfils\/coordinacio-digital\/gestio-incidencies-informatiques\/\">\n<h3 class=\"wp-block-heading\">Gestionar incid\u00e8ncies inform\u00e0tiques<\/h3>\n\n\n\n<p>Obrir una incid\u00e8ncia i fer el seguiment a Remedy<\/p>\n<\/div>\n\n\n\n<div class=\"wp-block-column caixa-link kb is-layout-flow wp-block-column-is-layout-flow\" id=\"https:\/\/projectes.xtec.cat\/digital\/perfils\/coordinacio-digital\/consultar-inventari-digital-tic\">\n<h3 class=\"wp-block-heading\">Consultar l&#8217;inventari TIC<\/h3>\n\n\n\n<p>Pels equips comprats al cat\u00e0leg TIC o provinents de dotacions (excepte PEDC) <\/p>\n<\/div>\n\n\n\n<div class=\"wp-block-column caixa-link kb is-layout-flow wp-block-column-is-layout-flow\" id=\"https:\/\/projectes.xtec.cat\/digital\/perfils\/coordinacio-digital\/tenir-linventari-indic-actualitzat\/\">\n<h3 class=\"wp-block-heading\">Tenir l&#8217;inventari INDIC actualitzat<\/h3>\n\n\n\n<p>Com solucionar els avisos que apareixen<\/p>\n<\/div>\n\n\n\n<div class=\"wp-block-column caixa-link kb is-layout-flow wp-block-column-is-layout-flow\" id=\"https:\/\/projectes.xtec.cat\/digital\/perfils\/coordinacio-digital\/crear-un-inventari-digital-intern\/\">\n<h3 class=\"wp-block-heading\">Crear un inventari digital intern<\/h3>\n\n\n\n<p>Pels equips comprats fora de cat\u00e0leg TIC o donats. <\/p>\n<\/div>\n<\/div>\n\n\n\n<div style=\"height:25px\" aria-hidden=\"true\" class=\"wp-block-spacer\"><\/div>\n\n\n\n<h2 class=\"wp-block-heading\">Gesti\u00f3 dels ordinadors<\/h2>\n\n\n\n<div class=\"wp-block-columns is-layout-flex wp-container-core-columns-is-layout-6 wp-block-columns-is-layout-flex\">\n<div class=\"wp-block-column caixa-link kb is-layout-flow wp-block-column-is-layout-flow\" id=\"https:\/\/projectes.xtec.cat\/digital\/equipaments-i-infraestructures\/ordinadors\/actualitzacio-dels-equips-windows\/\">\n<h3 class=\"wp-block-heading\">Actualitzar un equip Windows del PEDC<\/h3>\n\n\n\n<p>Comprovar l&#8217;estat de l&#8217;equip i actualitzar-lo si \u00e9s necessari<\/p>\n<\/div>\n\n\n\n<div class=\"wp-block-column caixa-link kb is-layout-flow wp-block-column-is-layout-flow\" id=\"https:\/\/projectes.xtec.cat\/digital\/perfils\/coordinacio-digital\/demanar-un-equip-pedc\/\">\n<h3 class=\"wp-block-heading\">Demanar un equip del PEDC<\/h3>\n\n\n\n<p><\/p>\n<\/div>\n\n\n\n<div class=\"wp-block-column caixa-link kb is-layout-flow wp-block-column-is-layout-flow\" id=\"https:\/\/docs.google.com\/presentation\/d\/1lVakZpsanbc4fQ8aP8adYwucvkpes1px9LNngJrS4MM\/present\">\n<h3 class=\"wp-block-heading\">Restablir un equip del PEDC<\/h3>\n\n\n\n<p>Neteja (esborrat l\u00f2gic) i reinstal\u00b7laci\u00f3 d&#8217;equips Windows, Chromebook i Linkat<\/p>\n<\/div>\n\n\n\n<div class=\"wp-block-column caixa-link kb is-layout-flow wp-block-column-is-layout-flow\" id=\"https:\/\/projectes.xtec.cat\/digital\/perfils\/coordinacio-digital\/un-ordinador-windows-del-pedc-no-pot-iniciar-sessio\/\">\n<h3 class=\"wp-block-heading\">Un ordinador Windows del PEDC no pot iniciar sessi\u00f3<\/h3>\n<\/div>\n<\/div>\n\n\n\n<div style=\"height:25px\" aria-hidden=\"true\" class=\"wp-block-spacer\"><\/div>\n\n\n\n<div class=\"wp-block-columns is-layout-flex wp-container-core-columns-is-layout-7 wp-block-columns-is-layout-flex\">\n<div class=\"wp-block-column caixa-link kb is-layout-flow wp-block-column-is-layout-flow\" id=\"https:\/\/projectes.xtec.cat\/digital\/perfils\/coordinacio-digital\/sincronitzacio-equips-windows\/\">\n<h3 class=\"wp-block-heading\">Sincronitzaci\u00f3 d&#8217;equips Windows<\/h3>\n\n\n\n<p>Un equip sincronitzat \u00e9s un equip m\u00e9s actualitzat i segur i permet fer seguiment del seu \u00fas. <\/p>\n<\/div>\n\n\n\n<div class=\"wp-block-column caixa-link kb is-layout-flow wp-block-column-is-layout-flow\" id=\"https:\/\/projectes.xtec.cat\/digital\/perfils\/coordinacio-digital\/seguiment-dels-equips-chromebook\/\">\n<h3 class=\"wp-block-heading\">Seguiment dels equips Chromebooks<\/h3>\n\n\n\n<p>Com donar acc\u00e9s al Departament a la consola de gesti\u00f3 per fer el seguiment d&#8217;\u00fas dels equips Chromebook  <\/p>\n<\/div>\n\n\n\n<div class=\"wp-block-column caixa-link kb is-layout-flow wp-block-column-is-layout-flow\" id=\"https:\/\/projectes.xtec.cat\/digital\/perfils\/coordinacio-digital\/detectar-equips-windows-no-actualitzats-amb-intune\/\">\n<h3 class=\"wp-block-heading\">Detectar equips Windows no actualitzats amb Intune<\/h3>\n<\/div>\n\n\n\n<div class=\"wp-block-column caixa-link kb is-layout-flow wp-block-column-is-layout-flow\" id=\"https:\/\/projectes.xtec.cat\/digital\/perfils\/equip-directiu\/comprar-equipament\/\">\n<h3 class=\"wp-block-heading\" style=\"font-size:28px\">Comprar equipament<\/h3>\n\n\n\n<p>On es pot comprar equipment pel centre?  <\/p>\n<\/div>\n<\/div>\n\n\n\n<div style=\"height:25px\" aria-hidden=\"true\" class=\"wp-block-spacer\"><\/div>\n\n\n\n<h2 class=\"wp-block-heading\">Serveis digitals<\/h2>\n\n\n\n<div class=\"wp-block-columns is-layout-flex wp-container-core-columns-is-layout-8 wp-block-columns-is-layout-flex\">\n<div class=\"wp-block-column caixa-link is-layout-flow wp-block-column-is-layout-flow\" id=\"https:\/\/projectes.xtec.cat\/digital\/directori\/que-es-el-nom-propi-del-centre\/\">\n<h3 class=\"wp-block-heading\">Qu\u00e8 \u00e9s el nom propi d&#8217;un centre?<\/h3>\n\n\n\n<p>Serveix per tenir adreces web i de correu electr\u00f2nic del centre m\u00e9s amigables que el codi alfanum\u00e8ric.<\/p>\n<\/div>\n\n\n\n<div class=\"wp-block-column caixa-link kb is-layout-flow wp-block-column-is-layout-flow\" id=\"https:\/\/educaciodigital.cat\/moodle\/moodle\/mod\/glossary\/view.php?id=461&amp;mode=entry&amp;hook=61\">\n<h3 class=\"wp-block-heading\">Demanar un \u00c0gora-Moodle pel centre<\/h3>\n\n\n\n<p>M\u00e9s de 1500 centres tenen el seu Moodle en \u00c0gora.<\/p>\n<\/div>\n\n\n\n<div class=\"wp-block-column caixa-link kb is-layout-flow wp-block-column-is-layout-flow\" id=\"https:\/\/educaciodigital.cat\/moodle\/moodle\/mod\/book\/view.php?id=1981\">\n<h3 class=\"wp-block-heading\">Demanar NODES pel centre<\/h3>\n\n\n\n<p>M\u00e9s de 2300 centres ja el fan servir. Soluci\u00f3 basada en WordPress<\/p>\n<\/div>\n\n\n\n<div class=\"wp-block-column caixa-link is-layout-flow wp-block-column-is-layout-flow\" id=\"https:\/\/projectes.xtec.cat\/digital\/google-workspace-de-centre-educatiu\/\">\n<h3 class=\"wp-block-heading\">Google Workspace de centre<\/h3>\n\n\n\n<p>Com demanar-ho i  bones pr\u00e0ctiques.<\/p>\n<\/div>\n<\/div>\n\n\n\n<div style=\"height:25px\" aria-hidden=\"true\" class=\"wp-block-spacer\"><\/div>\n\n\n\n<div class=\"wp-block-columns is-layout-flex wp-container-core-columns-is-layout-9 wp-block-columns-is-layout-flex\">\n<div class=\"wp-block-column caixa-link is-layout-flow wp-block-column-is-layout-flow\" id=\"https:\/\/projectes.xtec.cat\/digital\/equipaments-i-infraestructures\/infraestructures\/\">\n<h3 class=\"wp-block-heading\">Filtrar els continguts <\/h3>\n\n\n\n<p>Evitar que des del centre es puguin visitar algunes webs i serveis en l\u00ednia<\/p>\n<\/div>\n\n\n\n<div class=\"wp-block-column caixa-link kb is-layout-flow wp-block-column-is-layout-flow\" id=\"https:\/\/projectes.xtec.cat\/digital\/serveis-digitals\/la-meva-xtec\/us-unitats-compartides-de-centre\/\">\n<h3 class=\"wp-block-heading\" style=\"font-size:27px\">Gesti\u00f3 de les unitats compartides<\/h3>\n\n\n\n<p>Permeten allotjar els directoris i documents de centre i espais d\u2019emmagatzematge per docents que ho requereixin.<\/p>\n<\/div>\n<\/div>\n\n\n\n<div style=\"height:25px\" aria-hidden=\"true\" class=\"wp-block-spacer\"><\/div>\n\n\n\n<h2 class=\"wp-block-heading\">T\u00e8cnic preventiu<\/h2>\n\n\n\n<div class=\"wp-block-columns is-layout-flex wp-container-core-columns-is-layout-10 wp-block-columns-is-layout-flex\">\n<div class=\"wp-block-column caixa-link kb is-layout-flow wp-block-column-is-layout-flow\" id=\"https:\/\/espai.educacio.gencat.cat\/Recursos\/Solucions-suport-TIC\/Solucions-TIC-centres\/Servei-preventiu-planificat-proximitat\/Pagines\/default.aspx\">\n<h3 class=\"wp-block-heading\">Tasques que pot fer el t\u00e8cnic preventiu<\/h3>\n<\/div>\n\n\n\n<div class=\"wp-block-column caixa-link kb is-layout-flow wp-block-column-is-layout-flow\" id=\"https:\/\/documents.espai.educacio.gencat.cat\/IPCrecursos\/RecursosInformatics\/ManualsAplicacions\/Manual_Usuari_Planificador.pdf\">\n<h3 class=\"wp-block-heading\">Visites del t\u00e8cnic preventiu<\/h3>\n<\/div>\n<\/div>\n\n\n\n<div style=\"height:45px\" aria-hidden=\"true\" class=\"wp-block-spacer\"><\/div>\n<\/div><\/div><\/div><\/div><\/div>\n\n\n\n<div style=\"height:100px\" aria-hidden=\"true\" class=\"wp-block-spacer\"><\/div>\n","protected":false},"excerpt":{"rendered":"<p>Ets coordinador\/a digital novell? Tens disponible una guia amb tota la informaci\u00f3 b\u00e0sica que necessites per comen\u00e7ar.<\/p>\n","protected":false},"author":2,"featured_media":29084,"parent":14326,"menu_order":0,"comment_status":"closed","ping_status":"close","template":"","meta":{"site-sidebar-layout":"default","site-content-layout":"","ast-site-content-layout":"default","site-content-style":"default","site-sidebar-style":"default","ast-global-header-display":"","ast-banner-title-visibility":"","ast-main-header-display":"","ast-hfb-above-header-display":"","ast-hfb-below-header-display":"","ast-hfb-mobile-header-display":"","site-post-title":"","ast-breadcrumbs-content":"","ast-featured-img":"","footer-sml-layout":"","theme-transparent-header-meta":"","adv-header-id-meta":"","stick-header-meta":"","header-above-stick-meta":"","header-main-stick-meta":"","header-below-stick-meta":"","astra-migrate-meta-layouts":"set","ast-page-background-enabled":"default","ast-page-background-meta":{"desktop":{"background-color":"var(--ast-global-color-4)","background-image":"","background-repeat":"repeat","background-position":"center center","background-size":"auto","background-attachment":"scroll","background-type":"","background-media":"","overlay-type":"","overlay-color":"","overlay-opacity":"","overlay-gradient":""},"tablet":{"background-color":"","background-image":"","background-repeat":"repeat","background-position":"center center","background-size":"auto","background-attachment":"scroll","background-type":"","background-media":"","overlay-type":"","overlay-color":"","overlay-opacity":"","overlay-gradient":""},"mobile":{"background-color":"","background-image":"","background-repeat":"repeat","background-position":"center center","background-size":"auto","background-attachment":"scroll","background-type":"","background-media":"","overlay-type":"","overlay-color":"","overlay-opacity":"","overlay-gradient":""}},"ast-content-background-meta":{"desktop":{"background-color":"var(--ast-global-color-5)","background-image":"","background-repeat":"repeat","background-position":"center center","background-size":"auto","background-attachment":"scroll","background-type":"","background-media":"","overlay-type":"","overlay-color":"","overlay-opacity":"","overlay-gradient":""},"tablet":{"background-color":"var(--ast-global-color-5)","background-image":"","background-repeat":"repeat","background-position":"center center","background-size":"auto","background-attachment":"scroll","background-type":"","background-media":"","overlay-type":"","overlay-color":"","overlay-opacity":"","overlay-gradient":""},"mobile":{"background-color":"var(--ast-global-color-5)","background-image":"","background-repeat":"repeat","background-position":"center center","background-size":"auto","background-attachment":"scroll","background-type":"","background-media":"","overlay-type":"","overlay-color":"","overlay-opacity":"","overlay-gradient":""}},"footnotes":""},"class_list":["post-13388","page","type-page","status-publish","has-post-thumbnail","hentry"],"post_mailing_queue_ids":[],"_links":{"self":[{"href":"https:\/\/projectes.xtec.cat\/digital\/wp-json\/wp\/v2\/pages\/13388","targetHints":{"allow":["GET"]}}],"collection":[{"href":"https:\/\/projectes.xtec.cat\/digital\/wp-json\/wp\/v2\/pages"}],"about":[{"href":"https:\/\/projectes.xtec.cat\/digital\/wp-json\/wp\/v2\/types\/page"}],"author":[{"embeddable":true,"href":"https:\/\/projectes.xtec.cat\/digital\/wp-json\/wp\/v2\/users\/2"}],"replies":[{"embeddable":true,"href":"https:\/\/projectes.xtec.cat\/digital\/wp-json\/wp\/v2\/comments?post=13388"}],"version-history":[{"count":6,"href":"https:\/\/projectes.xtec.cat\/digital\/wp-json\/wp\/v2\/pages\/13388\/revisions"}],"predecessor-version":[{"id":38172,"href":"https:\/\/projectes.xtec.cat\/digital\/wp-json\/wp\/v2\/pages\/13388\/revisions\/38172"}],"up":[{"embeddable":true,"href":"https:\/\/projectes.xtec.cat\/digital\/wp-json\/wp\/v2\/pages\/14326"}],"wp:featuredmedia":[{"embeddable":true,"href":"https:\/\/projectes.xtec.cat\/digital\/wp-json\/wp\/v2\/media\/29084"}],"wp:attachment":[{"href":"https:\/\/projectes.xtec.cat\/digital\/wp-json\/wp\/v2\/media?parent=13388"}],"curies":[{"name":"wp","href":"https:\/\/api.w.org\/{rel}","templated":true}]}}