{"id":13645,"date":"2023-03-16T11:56:38","date_gmt":"2023-03-16T10:56:38","guid":{"rendered":"https:\/\/projectes.xtec.cat\/digital\/?page_id=13645"},"modified":"2025-12-26T18:30:13","modified_gmt":"2025-12-26T17:30:13","slug":"equip-directiu","status":"publish","type":"page","link":"https:\/\/projectes.xtec.cat\/digital\/perfils\/equip-directiu\/","title":{"rendered":"Equip directiu"},"content":{"rendered":"\n<p>Tota la informaci\u00f3 de l&#8217;\u00e0mbit digital que necessita un equip directiu.<\/p>\n\n\n\n<div class=\"wp-block-getwid-section alignfull alignfull\"><div class=\"wp-block-getwid-section__wrapper\"><div class=\"wp-block-getwid-section__inner-wrapper\"><div class=\"wp-block-getwid-section__background-holder\"><div class=\"wp-block-getwid-section__background\"><\/div><div class=\"wp-block-getwid-section__foreground\"><\/div><\/div><div class=\"wp-block-getwid-section__content\"><div class=\"wp-block-getwid-section__inner-content\">\n<div class=\"wp-block-columns is-layout-flex wp-container-core-columns-is-layout-1 wp-block-columns-is-layout-flex\">\n<div class=\"wp-block-column caixa-link kb is-layout-flow wp-block-column-is-layout-flow\" style=\"flex-basis:23%\" id=\"https:\/\/educacio.gencat.cat\/portal-centre\/acces-aplicacions-centres-educatius\/index.html\">\n<h2 class=\"wp-block-heading\" style=\"font-size:28px\">Totes les aplicacions<\/h2>\n\n\n\n<p>Acc\u00e9s a totes les aplicacions corporatives de gesti\u00f3.<\/p>\n<\/div>\n\n\n\n<div class=\"wp-block-column caixa-link kb is-layout-flow wp-block-column-is-layout-flow\" id=\"https:\/\/projectes.xtec.cat\/digital\/wp-content\/uploads\/usu2317\/2023\/11\/Desbloquejar-Usuari-XTEC.pdf\">\n<h2 class=\"wp-block-heading\" style=\"font-size:28px\">Desbloquejar Usuari XTEC<\/h2>\n\n\n\n<p>La direcci\u00f3 del centre pot restablir un usuari XTEC bloquejat d&#8217;un docent del centre <\/p>\n\n\n\n<p><\/p>\n<\/div>\n\n\n\n<div class=\"wp-block-column caixa-link kb is-layout-flow wp-block-column-is-layout-flow\" id=\"https:\/\/xtec.gencat.cat\/web\/.content\/at_usuari\/gestio\/admin-usuaris\/Administracio-dusuaris.pdf\">\n<h2 class=\"wp-block-heading\" style=\"font-size:28px\">Gestionar usuaris XTEC<\/h2>\n\n\n\n<p>Donar d&#8217;alta, reactivar i restablir la contrasenya mitjan\u00e7ant GUAC<\/p>\n<\/div>\n\n\n\n<div class=\"wp-block-column caixa-link kb is-layout-flow wp-block-column-is-layout-flow\" id=\"https:\/\/projectes.xtec.cat\/digital\/perfils\/coordinacio-digital\/permisos-necessaris-per-a-la-coordinacio-digital\/\">\n<h2 class=\"wp-block-heading\" style=\"font-size:28px\">Permisos a la coordinaci\u00f3 digital<\/h2>\n\n\n\n<p>Relaci\u00f3 d&#8217;aplicacions i permisos <\/p>\n<\/div>\n<\/div>\n\n\n\n<div style=\"height:40px\" aria-hidden=\"true\" class=\"wp-block-spacer\"><\/div>\n\n\n\n<div class=\"wp-block-columns is-layout-flex wp-container-core-columns-is-layout-2 wp-block-columns-is-layout-flex\">\n<div class=\"wp-block-column caixa-link kb is-layout-flow wp-block-column-is-layout-flow\" style=\"flex-basis:23%\" id=\"https:\/\/projectes.xtec.cat\/digital\/perfils\/equip-directiu\/signatura-digital\/\">\n<h2 class=\"wp-block-heading\" style=\"font-size:28px\">Signatura digital<\/h2>\n\n\n\n<p>Com signar digitalment un document<\/p>\n<\/div>\n\n\n\n<div class=\"wp-block-column caixa-link is-layout-flow wp-block-column-is-layout-flow\" style=\"flex-basis:23%\" id=\"https:\/\/educacio.gencat.cat\/ca\/departament\/proteccio-dades\/index.html\">\n<h2 class=\"wp-block-heading\" style=\"font-size:28px\">Protecci\u00f3 de dades<\/h2>\n\n\n\n<p>Models d&#8217;autoritzaci\u00f3, models de sol\u00b7licitud d&#8217;exercici, etc. <\/p>\n<\/div>\n\n\n\n<div class=\"wp-block-column caixa-link kb is-layout-flow wp-block-column-is-layout-flow\" style=\"flex-basis:23%\" id=\"https:\/\/espai.educacio.gencat.cat\/Alumnes\/Revisio-dades\/Proteccio-dades-alumnes\/Pagines\/default.aspx\">\n<h2 class=\"wp-block-heading\" style=\"font-size:28px\">Alumnat protegit<\/h2>\n\n\n\n<p>En el cas d&#8217;alumnes protegits, les seves dades han d&#8217;estar anonimitzades en els sistemes d&#8217;informaci\u00f3.<\/p>\n<\/div>\n\n\n\n<div class=\"wp-block-column caixa-link kb is-layout-flow wp-block-column-is-layout-flow\" id=\"https:\/\/projectes.xtec.cat\/digital\/perfils\/equip-directiu\/assignar-hores-de-la-coordinacio-digital\/\">\n<h2 class=\"wp-block-heading\" style=\"font-size:28px\">Assignar hores a la coordinaci\u00f3 digital<\/h2>\n\n\n\n<p>Quantes hores necessita la coordinaci\u00f3 digital? <\/p>\n<\/div>\n<\/div>\n\n\n\n<div style=\"height:40px\" aria-hidden=\"true\" class=\"wp-block-spacer\"><\/div>\n\n\n\n<div class=\"wp-block-columns is-layout-flex wp-container-core-columns-is-layout-3 wp-block-columns-is-layout-flex\">\n<div class=\"wp-block-column caixa-link kb is-layout-flow wp-block-column-is-layout-flow\" style=\"flex-basis:23%\" id=\"https:\/\/projectes.xtec.cat\/digital\/serveis-digitals\/la-meva-xtec\/us-unitats-compartides-de-centre\/\">\n<h2 class=\"wp-block-heading\" style=\"font-size:28px\">Gesti\u00f3 de les  unitats compartides<\/h2>\n\n\n\n<p>Permeten allotjar els directoris i documents de centre i espais d&#8217;emmagatzematge per docents que ho requereixin. <\/p>\n<\/div>\n\n\n\n<div class=\"wp-block-column caixa-link kb is-layout-flow wp-block-column-is-layout-flow\" style=\"flex-basis:23%\" id=\"https:\/\/projectes.xtec.cat\/digital\/perfils\/comissio-digital\/us-dels-mobils-al-centre\/\">\n<h2 class=\"wp-block-heading\" style=\"font-size:28px\">\u00das dels m\u00f2bils en l&#8217;\u00e0mbit educatiu<\/h2>\n\n\n\n<p>Instruccions de quan es poden fer servir els m\u00f2bils en el centre educatiu i activitats escolars. <\/p>\n<\/div>\n<\/div>\n\n\n\n<div style=\"height:40px\" aria-hidden=\"true\" class=\"wp-block-spacer\"><\/div>\n\n\n\n<h2 class=\"wp-block-heading\">Relacionat amb els equipaments i les infraestructures<\/h2>\n\n\n\n<div style=\"height:20px\" aria-hidden=\"true\" class=\"wp-block-spacer\"><\/div>\n\n\n\n<div class=\"wp-block-columns is-layout-flex wp-container-core-columns-is-layout-4 wp-block-columns-is-layout-flex\">\n<div class=\"wp-block-column caixa-link is-layout-flow wp-block-column-is-layout-flow\" id=\"https:\/\/projectes.xtec.cat\/digital\/equipaments-i-infraestructures\/ordinadors\/ordinadors-docents\/\">\n<h2 class=\"wp-block-heading\" style=\"font-size:28px\">Sobre els ordinadors docents<\/h2>\n\n\n\n<p>Tota la informaci\u00f3 sobre els equips docents<\/p>\n<\/div>\n\n\n\n<div class=\"wp-block-column caixa-link is-layout-flow wp-block-column-is-layout-flow\" id=\"https:\/\/projectes.xtec.cat\/digital\/perfils\/coordinacio-digital\/consultar-inventari-digital\/\">\n<h2 class=\"wp-block-heading\" style=\"font-size:28px\">Veure equipaments en manteniment <\/h2>\n\n\n\n<p>Equips comprats a cat\u00e0leg o dotacions (excepte PEDC)<\/p>\n<\/div>\n\n\n\n<div class=\"wp-block-column caixa-link is-layout-flow wp-block-column-is-layout-flow\" id=\"https:\/\/projectes.xtec.cat\/digital\/perfils\/equip-directiu\/comprar-equipament\/\">\n<h2 class=\"wp-block-heading\" style=\"font-size:28px\">Comprar equipament<\/h2>\n\n\n\n<p>On podem comprar? Quin \u00e9s el procediment? <\/p>\n<\/div>\n\n\n\n<div class=\"wp-block-column caixa-link kb is-layout-flow wp-block-column-is-layout-flow\" id=\"https:\/\/projectes.xtec.cat\/digital\/perfils\/coordinacio-digital\/consultar-inventari-digital\/\">\n<h2 class=\"wp-block-heading\" style=\"font-size:28px\">Consultar l&#8217;inventari digital<\/h2>\n\n\n\n<p>S&#8217;enlla\u00e7a amb la funci\u00f3 equivalent de les coordinacions digitals<\/p>\n<\/div>\n<\/div>\n\n\n\n<div style=\"height:30px\" aria-hidden=\"true\" class=\"wp-block-spacer\"><\/div>\n\n\n\n<div class=\"wp-block-columns is-layout-flex wp-container-core-columns-is-layout-5 wp-block-columns-is-layout-flex\">\n<div class=\"wp-block-column caixa-link is-layout-flow wp-block-column-is-layout-flow\" id=\"https:\/\/projectes.xtec.cat\/digital\/wp-content\/uploads\/usu2317\/2023\/11\/Desbloquejar-Usuari-GICAR.pdf\">\n<h2 class=\"wp-block-heading\">Desbloquejar usuari ATRI<\/h2>\n\n\n\n<p>La direcci\u00f3 del centre pot restablir l&#8217;usuari ATRI d&#8217;un docent del centre<\/p>\n<\/div>\n\n\n\n<div class=\"wp-block-column caixa-link is-layout-flow wp-block-column-is-layout-flow\" id=\"https:\/\/documents.espai.educacio.gencat.cat\/IPCrecursos\/RecursosInformatics\/ManualsAplicacions\/Manual_Usuari_Planificador.pdf\">\n<h2 class=\"wp-block-heading\" style=\"font-size:28px\">Gestionar les visites del t\u00e8cnic preventiu<\/h2>\n\n\n\n<p><\/p>\n<\/div>\n\n\n\n<div class=\"wp-block-column caixa-link is-layout-flow wp-block-column-is-layout-flow\" id=\"https:\/\/projectes.xtec.cat\/digital\/perfils\/equip-directiu\/que-fer-en-cas-de-robatori-un-ordinador-pedc\/\">\n<h2 class=\"wp-block-heading\" style=\"font-size:28px\">Qu\u00e8 fer en cas de robatori d&#8217;ordinador PEDC<\/h2>\n<\/div>\n\n\n\n<div class=\"wp-block-column is-layout-flow wp-block-column-is-layout-flow\"><\/div>\n<\/div>\n<\/div><\/div><\/div><\/div><\/div>\n\n\n\n<div style=\"height:80px\" aria-hidden=\"true\" class=\"wp-block-spacer\"><\/div>\n","protected":false},"excerpt":{"rendered":"<p>Tota la informaci\u00f3 de l&#8217;\u00e0mbit digital que necessita un equip directiu.<\/p>\n","protected":false},"author":1,"featured_media":0,"parent":14326,"menu_order":0,"comment_status":"closed","ping_status":"close","template":"","meta":{"site-sidebar-layout":"default","site-content-layout":"","ast-site-content-layout":"default","site-content-style":"default","site-sidebar-style":"default","ast-global-header-display":"","ast-banner-title-visibility":"","ast-main-header-display":"","ast-hfb-above-header-display":"","ast-hfb-below-header-display":"","ast-hfb-mobile-header-display":"","site-post-title":"","ast-breadcrumbs-content":"","ast-featured-img":"","footer-sml-layout":"","theme-transparent-header-meta":"","adv-header-id-meta":"","stick-header-meta":"","header-above-stick-meta":"","header-main-stick-meta":"","header-below-stick-meta":"","astra-migrate-meta-layouts":"set","ast-page-background-enabled":"default","ast-page-background-meta":{"desktop":{"background-color":"var(--ast-global-color-4)","background-image":"","background-repeat":"repeat","background-position":"center center","background-size":"auto","background-attachment":"scroll","background-type":"","background-media":"","overlay-type":"","overlay-color":"","overlay-opacity":"","overlay-gradient":""},"tablet":{"background-color":"","background-image":"","background-repeat":"repeat","background-position":"center center","background-size":"auto","background-attachment":"scroll","background-type":"","background-media":"","overlay-type":"","overlay-color":"","overlay-opacity":"","overlay-gradient":""},"mobile":{"background-color":"","background-image":"","background-repeat":"repeat","background-position":"center center","background-size":"auto","background-attachment":"scroll","background-type":"","background-media":"","overlay-type":"","overlay-color":"","overlay-opacity":"","overlay-gradient":""}},"ast-content-background-meta":{"desktop":{"background-color":"var(--ast-global-color-5)","background-image":"","background-repeat":"repeat","background-position":"center center","background-size":"auto","background-attachment":"scroll","background-type":"","background-media":"","overlay-type":"","overlay-color":"","overlay-opacity":"","overlay-gradient":""},"tablet":{"background-color":"var(--ast-global-color-5)","background-image":"","background-repeat":"repeat","background-position":"center center","background-size":"auto","background-attachment":"scroll","background-type":"","background-media":"","overlay-type":"","overlay-color":"","overlay-opacity":"","overlay-gradient":""},"mobile":{"background-color":"var(--ast-global-color-5)","background-image":"","background-repeat":"repeat","background-position":"center center","background-size":"auto","background-attachment":"scroll","background-type":"","background-media":"","overlay-type":"","overlay-color":"","overlay-opacity":"","overlay-gradient":""}},"footnotes":""},"class_list":["post-13645","page","type-page","status-publish","hentry"],"post_mailing_queue_ids":[],"_links":{"self":[{"href":"https:\/\/projectes.xtec.cat\/digital\/wp-json\/wp\/v2\/pages\/13645","targetHints":{"allow":["GET"]}}],"collection":[{"href":"https:\/\/projectes.xtec.cat\/digital\/wp-json\/wp\/v2\/pages"}],"about":[{"href":"https:\/\/projectes.xtec.cat\/digital\/wp-json\/wp\/v2\/types\/page"}],"author":[{"embeddable":true,"href":"https:\/\/projectes.xtec.cat\/digital\/wp-json\/wp\/v2\/users\/1"}],"replies":[{"embeddable":true,"href":"https:\/\/projectes.xtec.cat\/digital\/wp-json\/wp\/v2\/comments?post=13645"}],"version-history":[{"count":6,"href":"https:\/\/projectes.xtec.cat\/digital\/wp-json\/wp\/v2\/pages\/13645\/revisions"}],"predecessor-version":[{"id":38157,"href":"https:\/\/projectes.xtec.cat\/digital\/wp-json\/wp\/v2\/pages\/13645\/revisions\/38157"}],"up":[{"embeddable":true,"href":"https:\/\/projectes.xtec.cat\/digital\/wp-json\/wp\/v2\/pages\/14326"}],"wp:attachment":[{"href":"https:\/\/projectes.xtec.cat\/digital\/wp-json\/wp\/v2\/media?parent=13645"}],"curies":[{"name":"wp","href":"https:\/\/api.w.org\/{rel}","templated":true}]}}