{"id":13811,"date":"2023-03-17T00:50:00","date_gmt":"2023-03-16T23:50:00","guid":{"rendered":"https:\/\/projectes.xtec.cat\/digital\/?page_id=13811"},"modified":"2025-09-23T11:36:54","modified_gmt":"2025-09-23T09:36:54","slug":"gestor-tic","status":"publish","type":"page","link":"https:\/\/projectes.xtec.cat\/digital\/suport-a-la-digitalitzacio\/gestor-tic\/","title":{"rendered":"Gestor\/a TIC"},"content":{"rendered":"\n<div class=\"wp-block-columns alignwide is-layout-flex wp-container-core-columns-is-layout-1 wp-block-columns-is-layout-flex\">\n<div class=\"wp-block-column is-layout-flow wp-block-column-is-layout-flow\">\n<p>La persona gestora TIC dels ST \u00e9s l\u2019encarregada de revisar la planificaci\u00f3 de les visites del t\u00e8cnic preventiu aix\u00ed com de coordinar-se amb Telef\u00f2nica pel seguiment de les incid\u00e8ncies i el treball dels t\u00e8cnics de camp.<\/p>\n\n\n\n<p>Si teniu alguna incid\u00e8ncia que s\u2019allarga o alguna resoluci\u00f3 no satisfact\u00f2ria amb el SAU, podeu contactar amb la persona gestora TIC del vostre ST. Podeu consultar qui \u00e9s a l\u2019apartat de\u00a0<a href=\"https:\/\/espai.educacio.gencat.cat\/Recursos\/Solucions-suport-TIC\/qui-som\/Gestors-TIC\/Pagines\/default.aspx\" target=\"_blank\" rel=\"noreferrer noopener\">Gestors\/es TIC del portal de centre<\/a>.<\/p>\n\n\n\n<p>Una altra tasca important de la persona gestora TIC \u00e9s fer un seguiment i acompanyament dels projectes TIC que es duen a terme (dotacions, canvis d\u2019infraestructures TIC, etc.) per part de la direcci\u00f3 de l\u2019\u00c0rea TIC del Departament.<\/p>\n<\/div>\n\n\n\n<div class=\"wp-block-column is-layout-flow wp-block-column-is-layout-flow\">\n<div class=\"video-responsive\"><iframe loading=\"lazy\" title=\"YouTube video player\" src=\"https:\/\/www.youtube.com\/embed\/pPDXjH6KegY\" width=\"560\" height=\"315\" frameborder=\"0\" allowfullscreen=\"allowfullscreen\"><\/iframe><\/div>\n\n\n\n<p class=\"has-text-align-center\"><em>Conversa amb el Marc Torres, gestor TIC de Girona.<\/em><\/p>\n<\/div>\n<\/div>\n\n\n\n<div style=\"height:100px\" aria-hidden=\"true\" class=\"wp-block-spacer\"><\/div>\n","protected":false},"excerpt":{"rendered":"<p>La persona gestora TIC dels ST \u00e9s l\u2019encarregada de revisar la planificaci\u00f3 de les visites del t\u00e8cnic preventiu aix\u00ed com de coordinar-se amb Telef\u00f2nica pel seguiment de les incid\u00e8ncies i el treball dels t\u00e8cnics de camp. Si teniu alguna incid\u00e8ncia que s\u2019allarga o alguna resoluci\u00f3 no satisfact\u00f2ria amb el SAU, podeu contactar amb la persona [&hellip;]<\/p>\n","protected":false},"author":2,"featured_media":0,"parent":13787,"menu_order":0,"comment_status":"closed","ping_status":"close","template":"","meta":{"site-sidebar-layout":"default","site-content-layout":"","ast-site-content-layout":"default","site-content-style":"default","site-sidebar-style":"default","ast-global-header-display":"","ast-banner-title-visibility":"","ast-main-header-display":"","ast-hfb-above-header-display":"","ast-hfb-below-header-display":"","ast-hfb-mobile-header-display":"","site-post-title":"","ast-breadcrumbs-content":"","ast-featured-img":"","footer-sml-layout":"","theme-transparent-header-meta":"","adv-header-id-meta":"","stick-header-meta":"","header-above-stick-meta":"","header-main-stick-meta":"","header-below-stick-meta":"","astra-migrate-meta-layouts":"set","ast-page-background-enabled":"default","ast-page-background-meta":{"desktop":{"background-color":"var(--ast-global-color-4)","background-image":"","background-repeat":"repeat","background-position":"center center","background-size":"auto","background-attachment":"scroll","background-type":"","background-media":"","overlay-type":"","overlay-color":"","overlay-opacity":"","overlay-gradient":""},"tablet":{"background-color":"","background-image":"","background-repeat":"repeat","background-position":"center center","background-size":"auto","background-attachment":"scroll","background-type":"","background-media":"","overlay-type":"","overlay-color":"","overlay-opacity":"","overlay-gradient":""},"mobile":{"background-color":"","background-image":"","background-repeat":"repeat","background-position":"center center","background-size":"auto","background-attachment":"scroll","background-type":"","background-media":"","overlay-type":"","overlay-color":"","overlay-opacity":"","overlay-gradient":""}},"ast-content-background-meta":{"desktop":{"background-color":"var(--ast-global-color-5)","background-image":"","background-repeat":"repeat","background-position":"center center","background-size":"auto","background-attachment":"scroll","background-type":"","background-media":"","overlay-type":"","overlay-color":"","overlay-opacity":"","overlay-gradient":""},"tablet":{"background-color":"var(--ast-global-color-5)","background-image":"","background-repeat":"repeat","background-position":"center center","background-size":"auto","background-attachment":"scroll","background-type":"","background-media":"","overlay-type":"","overlay-color":"","overlay-opacity":"","overlay-gradient":""},"mobile":{"background-color":"var(--ast-global-color-5)","background-image":"","background-repeat":"repeat","background-position":"center center","background-size":"auto","background-attachment":"scroll","background-type":"","background-media":"","overlay-type":"","overlay-color":"","overlay-opacity":"","overlay-gradient":""}},"footnotes":""},"class_list":["post-13811","page","type-page","status-publish","hentry"],"post_mailing_queue_ids":[],"_links":{"self":[{"href":"https:\/\/projectes.xtec.cat\/digital\/wp-json\/wp\/v2\/pages\/13811","targetHints":{"allow":["GET"]}}],"collection":[{"href":"https:\/\/projectes.xtec.cat\/digital\/wp-json\/wp\/v2\/pages"}],"about":[{"href":"https:\/\/projectes.xtec.cat\/digital\/wp-json\/wp\/v2\/types\/page"}],"author":[{"embeddable":true,"href":"https:\/\/projectes.xtec.cat\/digital\/wp-json\/wp\/v2\/users\/2"}],"replies":[{"embeddable":true,"href":"https:\/\/projectes.xtec.cat\/digital\/wp-json\/wp\/v2\/comments?post=13811"}],"version-history":[{"count":4,"href":"https:\/\/projectes.xtec.cat\/digital\/wp-json\/wp\/v2\/pages\/13811\/revisions"}],"predecessor-version":[{"id":37400,"href":"https:\/\/projectes.xtec.cat\/digital\/wp-json\/wp\/v2\/pages\/13811\/revisions\/37400"}],"up":[{"embeddable":true,"href":"https:\/\/projectes.xtec.cat\/digital\/wp-json\/wp\/v2\/pages\/13787"}],"wp:attachment":[{"href":"https:\/\/projectes.xtec.cat\/digital\/wp-json\/wp\/v2\/media?parent=13811"}],"curies":[{"name":"wp","href":"https:\/\/api.w.org\/{rel}","templated":true}]}}