{"id":13887,"date":"2023-03-17T10:12:06","date_gmt":"2023-03-17T09:12:06","guid":{"rendered":"https:\/\/projectes.xtec.cat\/digital\/?page_id=13887"},"modified":"2025-11-27T14:19:14","modified_gmt":"2025-11-27T13:19:14","slug":"tecnic-preventiu","status":"publish","type":"page","link":"https:\/\/projectes.xtec.cat\/digital\/suport-a-la-digitalitzacio\/tecnic-preventiu\/","title":{"rendered":"T\u00e8cnic\/a preventiu"},"content":{"rendered":"\n<div class=\"wp-block-columns alignwide is-layout-flex wp-container-core-columns-is-layout-1 wp-block-columns-is-layout-flex\">\n<div class=\"wp-block-column is-layout-flow wp-block-column-is-layout-flow\">\n<p>T\u00e8cnic inform\u00e0tic que visita el centre peri\u00f2dicament per fer tasques que permetin prevenir i evitar futures incid\u00e8ncies o mal funcionament de les infraestructures digitals. Tamb\u00e9 s&#8217;anomena <strong>t\u00e8cnic planificat<\/strong>. Les tasques m\u00e9s habituals del preventiu s\u00f3n: <\/p>\n\n\n\n<ul class=\"wp-block-list\">\n<li>Reinstal\u00b7laci\u00f3 d&#8217;equips <\/li>\n\n\n\n<li>Realitzaci\u00f3 de tasques de configuraci\u00f3 que optimitzin el funcionament del conjunt d\u2019equipaments (reinstal\u00b7lacions, actualitzacions, etc)<\/li>\n\n\n\n<li>Revisi\u00f3 dels elements de connectivitat i xarxa local<\/li>\n\n\n\n<li>Revisi\u00f3 dels protocols de realitzaci\u00f3 de c\u00f2pies de seguretat<\/li>\n\n\n\n<li>Revisi\u00f3 dels protocols de seguretat digital<\/li>\n<\/ul>\n\n\n\n<p>Informaci\u00f3 detallada sobre les tasques al <a href=\"https:\/\/espai.educacio.gencat.cat\/Recursos\/Solucions-suport-TIC\/Solucions-TIC-centres\/Servei-preventiu-planificat-proximitat\/Pagines\/default.aspx\" data-type=\"link\" data-id=\"https:\/\/espai.educacio.gencat.cat\/Recursos\/Solucions-suport-TIC\/Solucions-TIC-centres\/Servei-preventiu-planificat-proximitat\/Pagines\/default.aspx\">portal de centre<\/a>.<\/p>\n\n\n\n<p>\ud83d\udc49 En principi, el t\u00e8cnic preventiu no \u00e9s l&#8217;encarregat de resoldre incid\u00e8ncies. Les incid\u00e8ncies han de ser notificades a ATOM (antic SAU) que enviar\u00e0 a un t\u00e8cnic de camp si \u00e9s necessari.<\/p>\n\n\n\n<div class=\"wp-block-buttons is-horizontal is-content-justification-center is-layout-flex wp-container-core-buttons-is-layout-1 wp-block-buttons-is-layout-flex\">\n<div class=\"wp-block-button is-style-fill\"><a class=\"wp-block-button__link wp-element-button\" href=\"https:\/\/xtec.gencat.cat\/ca\/at_usuari\/atom\/\" target=\"_blank\" rel=\"noreferrer noopener\">M\u00e9s informaci\u00f3 a XTEC<\/a><\/div>\n\n\n\n<div class=\"wp-block-button\"><a class=\"wp-block-button__link wp-element-button\" href=\"https:\/\/espai.educacio.gencat.cat\/Recursos\/Solucions-suport-TIC\/Servei-preventiu-planificat-proximitat\/Pagines\/default.aspx\" target=\"_blank\" rel=\"noreferrer noopener\">M\u00e9s informaci\u00f3 al Portal de centre<\/a><\/div>\n<\/div>\n<\/div>\n<\/div>\n\n\n\n<div style=\"height:50px\" aria-hidden=\"true\" class=\"wp-block-spacer\"><\/div>\n\n\n\n<div class=\"wp-block-getwid-section alignfull alignfull\"><div class=\"wp-block-getwid-section__wrapper\"><div class=\"wp-block-getwid-section__inner-wrapper\"><div class=\"wp-block-getwid-section__background-holder\"><div class=\"wp-block-getwid-section__background has-background has-ast-global-color-4-background-color\"><\/div><div class=\"wp-block-getwid-section__foreground\"><\/div><\/div><div class=\"wp-block-getwid-section__content\"><div class=\"wp-block-getwid-section__inner-content\">\n<div style=\"height:40px\" aria-hidden=\"true\" class=\"wp-block-spacer\"><\/div>\n\n\n\n<h2 class=\"wp-block-heading\">Converses a la xarxa docent Nus<\/h2>\n\n\n\n<div class=\"wp-block-columns is-layout-flex wp-container-core-columns-is-layout-2 wp-block-columns-is-layout-flex\">\n<div class=\"wp-block-column is-layout-flow wp-block-column-is-layout-flow\">\n<h3 class=\"wp-block-heading\">Darreres<\/h3>\n\n\n<div class='nus_topics'><span class=\"nus_data\">09.04.26<\/span> <a target=\"_blank\" href=\"https:\/\/comunitat.edigital.cat\/t\/actualitzacio-firmware-newline-concertada\/45115\">Actualitzaci\u00f3 firmware Newline concertada<\/a><br><span class=\"nus_data\">27.03.26<\/span> <a target=\"_blank\" href=\"https:\/\/comunitat.edigital.cat\/t\/pilotatge-imt-lazarus\/44571\">Pilotatge IMT Lazarus<\/a><br><span class=\"nus_data\">16.03.26<\/span> <a target=\"_blank\" href=\"https:\/\/comunitat.edigital.cat\/t\/acces-a-deepfreeze-cloud\/44917\">Acc\u00e9s a deepfreeze-cloud ,<\/a><br><span class=\"nus_data\">12.03.26<\/span> <a target=\"_blank\" href=\"https:\/\/comunitat.edigital.cat\/t\/horari-recarrega-carros-dels-chromebooks\/44879\">Horari rec\u00e0rrega carros dels Chromebooks<\/a><br><span class=\"nus_data\">11.03.26<\/span> <a target=\"_blank\" href=\"https:\/\/comunitat.edigital.cat\/t\/google-chrome\/35951\">Google Chrome<\/a><br><span class=\"nus_data\">20.02.26<\/span> <a target=\"_blank\" href=\"https:\/\/comunitat.edigital.cat\/t\/error-login-deep-freeze-cloud\/44560\">Error Login Deep Freeze Cloud<\/a><br><span class=\"nus_data\">19.02.26<\/span> <a target=\"_blank\" href=\"https:\/\/comunitat.edigital.cat\/t\/obs-en-ordinadors-sace-antics\/44552\">OBS en ordinadors SACE antics<\/a><br><span class=\"nus_data\">18.02.26<\/span> <a target=\"_blank\" href=\"https:\/\/comunitat.edigital.cat\/t\/article-sobre-roblox-al-diari-ara\/44555\">Article sobre Roblox al diari Ara<\/a><br><span class=\"nus_data\">06.02.26<\/span> <a target=\"_blank\" href=\"https:\/\/comunitat.edigital.cat\/t\/eliminacio-compte-xtec-vinculat-a-usuari-propietari-panells-digitals-synetech\/42872\">Eliminaci\u00f3 compte XTEC vinculat a usuari propietari panells digitals Synetech<\/a><br><span class=\"nus_data\">03.02.26<\/span> <a target=\"_blank\" href=\"https:\/\/comunitat.edigital.cat\/t\/problemes-amb-lactive-inspire-en-dispositius-portatils-nous\/44279\">Problemes amb l'Active Inspire en dispositius port\u00e0tils nous<\/a><br><\/div>\n<\/div>\n\n\n\n<div class=\"wp-block-column is-layout-flow wp-block-column-is-layout-flow\">\n<h3 class=\"wp-block-heading\">M\u00e9s vistes<\/h3>\n\n\n<div class='nus_topics'><span class=\"nus_data\">09.11.23<\/span> <a target=\"_blank\" href=\"https:\/\/comunitat.edigital.cat\/t\/tasques-que-delegueu-o-us-agradaria-delegar\/7417\">Tasques que delegueu o us agradaria delegar<\/a><br><span class=\"nus_data\">25.03.25<\/span> <a target=\"_blank\" href=\"https:\/\/comunitat.edigital.cat\/t\/actualitzacions-massives-de-windows-11-a-ordinadors-docents\/32207\">Actualitzacions massives de Windows 11 a ordinadors docents<\/a><br><span class=\"nus_data\">25.04.24<\/span> <a target=\"_blank\" href=\"https:\/\/comunitat.edigital.cat\/t\/canvi-de-preventiu\/29232\">Canvi de Preventiu<\/a><br><span class=\"nus_data\">08.05.25<\/span> <a target=\"_blank\" href=\"https:\/\/comunitat.edigital.cat\/t\/nova-dotacio-dordinadors-de-sobretaula\/38793\">Nova dotaci\u00f3 d'ordinadors de sobretaula<\/a><br><span class=\"nus_data\">25.07.24<\/span> <a target=\"_blank\" href=\"https:\/\/comunitat.edigital.cat\/t\/carta-oberta-al-departament-deducacio-la-coordinacio-digital-no-esta-pagada\/32680\">Carta oberta al Departament d'Educaci\u00f3: la coordinaci\u00f3 digital no est\u00e0 pagada<\/a><br><span class=\"nus_data\">28.05.24<\/span> <a target=\"_blank\" href=\"https:\/\/comunitat.edigital.cat\/t\/els-preventius-poden-escombrar-el-pati\/28783\">Els preventius poden escombrar el pati?<\/a><br><span class=\"nus_data\">30.09.24<\/span> <a target=\"_blank\" href=\"https:\/\/comunitat.edigital.cat\/t\/feines-dels-preventius-i-increment-dhores\/28708\">Feines dels preventius i increment d'hores<\/a><br><span class=\"nus_data\">14.01.23<\/span> <a target=\"_blank\" href=\"https:\/\/comunitat.edigital.cat\/t\/congelar-ordinadors-del-centre-si-o-no\/8711\">Congelar ordinadors del centre: s\u00ed o no?<\/a><br><span class=\"nus_data\">08.05.24<\/span> <a target=\"_blank\" href=\"https:\/\/comunitat.edigital.cat\/t\/socors-sau\/4149\">Socors, SAU<\/a><br><span class=\"nus_data\">05.05.22<\/span> <a target=\"_blank\" href=\"https:\/\/comunitat.edigital.cat\/t\/quantificacio-del-suport-tecnic-necessari\/8779\">Quantificaci\u00f3 del suport t\u00e8cnic necessari<\/a><br><\/div>\n<\/div>\n<\/div>\n\n\n\n<div style=\"height:40px\" aria-hidden=\"true\" class=\"wp-block-spacer\"><\/div>\n<\/div><\/div><\/div><\/div><\/div>\n","protected":false},"excerpt":{"rendered":"<p>T\u00e8cnic inform\u00e0tic que visita el centre peri\u00f2dicament per fer tasques que permetin prevenir i evitar futures incid\u00e8ncies o mal funcionament de les infraestructures digitals. Tamb\u00e9 s&#8217;anomena t\u00e8cnic planificat. Les tasques m\u00e9s habituals del preventiu s\u00f3n: Informaci\u00f3 detallada sobre les tasques al portal de centre. \ud83d\udc49 En principi, el t\u00e8cnic preventiu no \u00e9s l&#8217;encarregat de resoldre [&hellip;]<\/p>\n","protected":false},"author":2,"featured_media":0,"parent":13787,"menu_order":0,"comment_status":"closed","ping_status":"close","template":"","meta":{"site-sidebar-layout":"default","site-content-layout":"","ast-site-content-layout":"default","site-content-style":"default","site-sidebar-style":"default","ast-global-header-display":"","ast-banner-title-visibility":"","ast-main-header-display":"","ast-hfb-above-header-display":"","ast-hfb-below-header-display":"","ast-hfb-mobile-header-display":"","site-post-title":"","ast-breadcrumbs-content":"","ast-featured-img":"","footer-sml-layout":"","theme-transparent-header-meta":"","adv-header-id-meta":"","stick-header-meta":"","header-above-stick-meta":"","header-main-stick-meta":"","header-below-stick-meta":"","astra-migrate-meta-layouts":"set","ast-page-background-enabled":"default","ast-page-background-meta":{"desktop":{"background-color":"var(--ast-global-color-4)","background-image":"","background-repeat":"repeat","background-position":"center center","background-size":"auto","background-attachment":"scroll","background-type":"","background-media":"","overlay-type":"","overlay-color":"","overlay-opacity":"","overlay-gradient":""},"tablet":{"background-color":"","background-image":"","background-repeat":"repeat","background-position":"center center","background-size":"auto","background-attachment":"scroll","background-type":"","background-media":"","overlay-type":"","overlay-color":"","overlay-opacity":"","overlay-gradient":""},"mobile":{"background-color":"","background-image":"","background-repeat":"repeat","background-position":"center center","background-size":"auto","background-attachment":"scroll","background-type":"","background-media":"","overlay-type":"","overlay-color":"","overlay-opacity":"","overlay-gradient":""}},"ast-content-background-meta":{"desktop":{"background-color":"var(--ast-global-color-5)","background-image":"","background-repeat":"repeat","background-position":"center center","background-size":"auto","background-attachment":"scroll","background-type":"","background-media":"","overlay-type":"","overlay-color":"","overlay-opacity":"","overlay-gradient":""},"tablet":{"background-color":"var(--ast-global-color-5)","background-image":"","background-repeat":"repeat","background-position":"center center","background-size":"auto","background-attachment":"scroll","background-type":"","background-media":"","overlay-type":"","overlay-color":"","overlay-opacity":"","overlay-gradient":""},"mobile":{"background-color":"var(--ast-global-color-5)","background-image":"","background-repeat":"repeat","background-position":"center center","background-size":"auto","background-attachment":"scroll","background-type":"","background-media":"","overlay-type":"","overlay-color":"","overlay-opacity":"","overlay-gradient":""}},"footnotes":""},"class_list":["post-13887","page","type-page","status-publish","hentry"],"post_mailing_queue_ids":[],"_links":{"self":[{"href":"https:\/\/projectes.xtec.cat\/digital\/wp-json\/wp\/v2\/pages\/13887","targetHints":{"allow":["GET"]}}],"collection":[{"href":"https:\/\/projectes.xtec.cat\/digital\/wp-json\/wp\/v2\/pages"}],"about":[{"href":"https:\/\/projectes.xtec.cat\/digital\/wp-json\/wp\/v2\/types\/page"}],"author":[{"embeddable":true,"href":"https:\/\/projectes.xtec.cat\/digital\/wp-json\/wp\/v2\/users\/2"}],"replies":[{"embeddable":true,"href":"https:\/\/projectes.xtec.cat\/digital\/wp-json\/wp\/v2\/comments?post=13887"}],"version-history":[{"count":6,"href":"https:\/\/projectes.xtec.cat\/digital\/wp-json\/wp\/v2\/pages\/13887\/revisions"}],"predecessor-version":[{"id":38017,"href":"https:\/\/projectes.xtec.cat\/digital\/wp-json\/wp\/v2\/pages\/13887\/revisions\/38017"}],"up":[{"embeddable":true,"href":"https:\/\/projectes.xtec.cat\/digital\/wp-json\/wp\/v2\/pages\/13787"}],"wp:attachment":[{"href":"https:\/\/projectes.xtec.cat\/digital\/wp-json\/wp\/v2\/media?parent=13887"}],"curies":[{"name":"wp","href":"https:\/\/api.w.org\/{rel}","templated":true}]}}