{"id":14122,"date":"2023-03-20T09:58:13","date_gmt":"2023-03-20T08:58:13","guid":{"rendered":"https:\/\/projectes.xtec.cat\/digital\/?page_id=14122"},"modified":"2025-02-04T14:28:37","modified_gmt":"2025-02-04T13:28:37","slug":"eva-moodle","status":"publish","type":"page","link":"https:\/\/projectes.xtec.cat\/digital\/aules-virtuals\/eva-moodle\/","title":{"rendered":"Moodle"},"content":{"rendered":"\n<div class=\"wp-block-getwid-section alignfull alignfull\"><div class=\"wp-block-getwid-section__wrapper\"><div class=\"wp-block-getwid-section__inner-wrapper\"><div class=\"wp-block-getwid-section__background-holder\"><div class=\"wp-block-getwid-section__background\"><\/div><div class=\"wp-block-getwid-section__foreground\"><\/div><\/div><div class=\"wp-block-getwid-section__content\"><div class=\"wp-block-getwid-section__inner-content\">\n<figure class=\"wp-block-image alignleft size-large is-resized\"><a href=\"https:\/\/projectes.xtec.cat\/digital\/wp-content\/uploads\/usu2317\/2022\/07\/moodle.png\"><img loading=\"lazy\" decoding=\"async\" width=\"499\" height=\"362\" src=\"https:\/\/projectes.xtec.cat\/digital\/wp-content\/uploads\/usu2317\/2022\/07\/moodle.png\" alt=\"\" class=\"wp-image-8426\" style=\"aspect-ratio:1.3784530386740332;width:119px;height:auto\" srcset=\"https:\/\/projectes.xtec.cat\/digital\/wp-content\/uploads\/usu2317\/2022\/07\/moodle.png 499w, https:\/\/projectes.xtec.cat\/digital\/wp-content\/uploads\/usu2317\/2022\/07\/moodle-300x218.png 300w\" sizes=\"auto, (max-width: 499px) 100vw, 499px\" \/><\/a><\/figure>\n\n\n\n<p>Moodle \u00e9s una plataforma d&#8217;aprenentatge virtual que permet crear, impartir i gestionar cursos en l\u00ednia utilitzant un conjunt d&#8217;eines que fan que l&#8217;aprenentatge sigui m\u00e9s interactiu, accessible i efica\u00e7. Podeu consultar aqu\u00ed les <a href=\"https:\/\/www.canva.com\/design\/DAFzlMKdsoU\/fDQETgweVEG3qeOp8aAhZQ\/view?utm_content=DAFzlMKdsoU&amp;utm_campaign=designshare&amp;utm_medium=link&amp;utm_source=editor\">Novetats Moodle 4.1<\/a>.<\/p>\n\n\n\n<div style=\"height:20px\" aria-hidden=\"true\" class=\"wp-block-spacer\"><\/div>\n\n\n\n<p class=\"paragraf-rodo has-background\" style=\"background-color:#cfe6e8\"><a rel=\"noreferrer noopener\" href=\"https:\/\/educaciodigital.cat\/moodle\/moodle\/\" target=\"_blank\">\u00c0gora-Moodle<\/a><br>El Departament d\u2019Educaci\u00f3 proporciona allotjament, seguritzaci\u00f3 i suport de Moodle als centres educatius de Catalunya.<\/p>\n<\/div><\/div><\/div><\/div><\/div>\n\n\n\n<div class=\"wp-block-getwid-section alignfull alignfull\"><div class=\"wp-block-getwid-section__wrapper\"><div class=\"wp-block-getwid-section__inner-wrapper\"><div class=\"wp-block-getwid-section__background-holder\"><div class=\"wp-block-getwid-section__background has-background has-ast-global-color-4-background-color\"><\/div><div class=\"wp-block-getwid-section__foreground\"><\/div><\/div><div class=\"wp-block-getwid-section__content\"><div class=\"wp-block-getwid-section__inner-content\">\n<div style=\"height:20px\" aria-hidden=\"true\" class=\"wp-block-spacer\"><\/div>\n\n\n\n<h2 class=\"wp-block-heading\">Videotutorials<\/h2>\n\n\n\n<div class=\"wp-block-columns is-layout-flex wp-container-core-columns-is-layout-1 wp-block-columns-is-layout-flex\">\n<div class=\"wp-block-column caixa-link is-layout-flow wp-block-column-is-layout-flow\" id=\"https:\/\/www.youtube.com\/playlist?list=PLpjt2MFtPcGg6jBR6VrGcxiRNV1hFoukg\">\n<h3 class=\"wp-block-heading\">Per a administradors\/res<\/h3>\n\n\n\n<p>Col\u00b7lecci\u00f3 del Josep Maria Sard\u00e0 adaptats a la versi\u00f3 4.1.<\/p>\n<\/div>\n\n\n\n<div class=\"wp-block-column caixa-link is-layout-flow wp-block-column-is-layout-flow\" id=\"https:\/\/youtube.com\/playlist?list=PLojIWF2RflCphQbTBjvPgPst94219P9MN\">\n<h3 class=\"wp-block-heading\">Per a docents<\/h3>\n\n\n\n<p>Col\u00b7lecci\u00f3 del Departament d&#8217;Educaci\u00f3 que mostra les funcionalitats b\u00e0siques que necessiten con\u00e8ixer els docents.<\/p>\n<\/div>\n\n\n\n<div class=\"wp-block-column caixa-link is-layout-flow wp-block-column-is-layout-flow\" id=\"https:\/\/youtube.com\/playlist?list=PLojIWF2RflCpgnixtd397JGWpuSGP4U4G\">\n<h3 class=\"wp-block-heading\">Per a alumnes<\/h3>\n\n\n\n<p>Col\u00b7lecci\u00f3 del Departament d&#8217;Educaci\u00f3 que mostra les funcionalitats b\u00e0siques necess\u00e0ries que necessiten con\u00e8ixer els alumnes.<\/p>\n<\/div>\n\n\n\n<div class=\"wp-block-column caixa-link is-layout-flow wp-block-column-is-layout-flow\" id=\"https:\/\/www.youtube.com\/watch?v=d45uGoAUdz8\">\n<h3 class=\"wp-block-heading\">Per a les fam\u00edlies<\/h3>\n\n\n\n<p>V\u00eddeo tradu\u00eft a molts idiomes que mostra com fer un seguiment de les tasques dels fills i filles. <\/p>\n<\/div>\n<\/div>\n\n\n\n<div style=\"height:30px\" aria-hidden=\"true\" class=\"wp-block-spacer\"><\/div>\n<\/div><\/div><\/div><\/div><\/div>\n\n\n\n<div class=\"wp-block-getwid-section alignfull alignfull\"><div class=\"wp-block-getwid-section__wrapper\"><div class=\"wp-block-getwid-section__inner-wrapper\"><div class=\"wp-block-getwid-section__background-holder\"><div class=\"wp-block-getwid-section__background\"><\/div><div class=\"wp-block-getwid-section__foreground\"><\/div><\/div><div class=\"wp-block-getwid-section__content\"><div class=\"wp-block-getwid-section__inner-content\">\n<div style=\"height:40px\" aria-hidden=\"true\" class=\"wp-block-spacer\"><\/div>\n\n\n\n<h2 class=\"wp-block-heading\">Converses a la xarxa docent Nus<\/h2>\n\n\n\n<div style=\"height:20px\" aria-hidden=\"true\" class=\"wp-block-spacer\"><\/div>\n\n\n\n<div class=\"wp-block-columns is-layout-flex wp-container-core-columns-is-layout-2 wp-block-columns-is-layout-flex\">\n<div class=\"wp-block-column is-layout-flow wp-block-column-is-layout-flow\">\n<h3 class=\"wp-block-heading\">Darreres converses<\/h3>\n\n\n<div class='nus_topics'><span class=\"nus_data\">10.04.26<\/span> <a target=\"_blank\" href=\"https:\/\/comunitat.edigital.cat\/t\/comptes-google-als-panells\/44357\">Comptes Google als panells<\/a><br><span class=\"nus_data\">07.04.26<\/span> <a target=\"_blank\" href=\"https:\/\/comunitat.edigital.cat\/t\/mschools-awards-2026\/45100\">mSchools Awards 2026<\/a><br><span class=\"nus_data\">17.03.26<\/span> <a target=\"_blank\" href=\"https:\/\/comunitat.edigital.cat\/t\/extensions-al-moodle\/10638\">Extensions al moodle<\/a><br><span class=\"nus_data\">04.03.26<\/span> <a target=\"_blank\" href=\"https:\/\/comunitat.edigital.cat\/t\/questionaris-de-moodle-amb-intel-ligencia-artificial\/44263\">Q\u00fcestionaris de Moodle amb Intel\u00b7lig\u00e8ncia Artificial<\/a><br><span class=\"nus_data\">02.03.26<\/span> <a target=\"_blank\" href=\"https:\/\/comunitat.edigital.cat\/t\/nova-versio-4-dexelearning\/44669\">Nova versi\u00f3 4 d'eXeLearning<\/a><br><span class=\"nus_data\">17.02.26<\/span> <a target=\"_blank\" href=\"https:\/\/comunitat.edigital.cat\/t\/com-crear-aplicacions-educatives-amb-ia-per-integrar-les-als-teus-recursos-digitals\/38551\">Com crear aplicacions educatives amb IA per integrar-les als teus recursos digitals<\/a><br><span class=\"nus_data\">14.02.26<\/span> <a target=\"_blank\" href=\"https:\/\/comunitat.edigital.cat\/t\/copies-de-seguretat-moodle\/40739\">C\u00f2pies de seguretat Moodle<\/a><br><span class=\"nus_data\">02.02.26<\/span> <a target=\"_blank\" href=\"https:\/\/comunitat.edigital.cat\/t\/pindoles-de-ia\/43836\">P\u00edndoles de IA<\/a><br><span class=\"nus_data\">28.01.26<\/span> <a target=\"_blank\" href=\"https:\/\/comunitat.edigital.cat\/t\/missatge-error-moodle\/42876\">Missatge Error Moodle<\/a><br><span class=\"nus_data\">14.01.26<\/span> <a target=\"_blank\" href=\"https:\/\/comunitat.edigital.cat\/t\/error-curs-moodle\/44028\">Error curs moodle<\/a><br><\/div>\n<\/div>\n\n\n\n<div class=\"wp-block-column is-layout-flow wp-block-column-is-layout-flow\">\n<h3 class=\"wp-block-heading\">Converses m\u00e9s vistes<\/h3>\n\n\n<div class='nus_topics'><span class=\"nus_data\">24.03.25<\/span> <a target=\"_blank\" href=\"https:\/\/comunitat.edigital.cat\/t\/moodle-o-classroom\/23387\">Moodle o Classroom?<\/a><br><span class=\"nus_data\">18.05.22<\/span> <a target=\"_blank\" href=\"https:\/\/comunitat.edigital.cat\/t\/delimitar-les-tasques-de-la-coordinacio-digital\/12610\">Delimitar les tasques de la coordinaci\u00f3 digital<\/a><br><span class=\"nus_data\">27.12.22<\/span> <a target=\"_blank\" href=\"https:\/\/comunitat.edigital.cat\/t\/llistat-de-deures-perque-els-pares-sapiguen-que-han-de-fer-els-seus-fills-filles\/14247\">Llistat de deures perqu\u00e8 els pares s\u00e0piguen qu\u00e8 han de fer els seus fills\/filles?<\/a><br><span class=\"nus_data\">17.02.26<\/span> <a target=\"_blank\" href=\"https:\/\/comunitat.edigital.cat\/t\/com-crear-aplicacions-educatives-amb-ia-per-integrar-les-als-teus-recursos-digitals\/38551\">Com crear aplicacions educatives amb IA per integrar-les als teus recursos digitals<\/a><br><span class=\"nus_data\">02.11.22<\/span> <a target=\"_blank\" href=\"https:\/\/comunitat.edigital.cat\/t\/eines-recursos-educatius-per-a-cada-etapa\/12566\">Eines, recursos educatius per a cada etapa<\/a><br><span class=\"nus_data\">03.02.25<\/span> <a target=\"_blank\" href=\"https:\/\/comunitat.edigital.cat\/t\/proves-de-competencies-basiques-6e-digitalitzades-amb-adaptacio-automatica\/31714\">Proves de compet\u00e8ncies b\u00e0siques 6e digitalitzades (amb adaptaci\u00f3 autom\u00e0tica)<\/a><br><span class=\"nus_data\">20.01.22<\/span> <a target=\"_blank\" href=\"https:\/\/comunitat.edigital.cat\/t\/sessio-2-de-la-subxarxa-de-la-coordinacio-digital-dijous-20-01-22-a-les-17-30\/10746\">Sessi\u00f3 2 de la subxarxa de la Coordinaci\u00f3 digital: Dijous 20.01.22 a les 17:30<\/a><br><span class=\"nus_data\">23.03.25<\/span> <a target=\"_blank\" href=\"https:\/\/comunitat.edigital.cat\/t\/els-alumnes-sense-tecnologies\/8541\">Els alumnes sense tecnologies<\/a><br><span class=\"nus_data\">01.02.24<\/span> <a target=\"_blank\" href=\"https:\/\/comunitat.edigital.cat\/t\/moodle-o-classroom\/29362\">Moodle o Classroom?<\/a><br><span class=\"nus_data\">02.02.26<\/span> <a target=\"_blank\" href=\"https:\/\/comunitat.edigital.cat\/t\/pindoles-de-ia\/43836\">P\u00edndoles de IA<\/a><br><\/div>\n<\/div>\n<\/div>\n\n\n\n<div style=\"height:100px\" aria-hidden=\"true\" class=\"wp-block-spacer\"><\/div>\n<\/div><\/div><\/div><\/div><\/div>\n","protected":false},"excerpt":{"rendered":"","protected":false},"author":1,"featured_media":0,"parent":13730,"menu_order":0,"comment_status":"closed","ping_status":"close","template":"","meta":{"site-sidebar-layout":"default","site-content-layout":"","ast-site-content-layout":"default","site-content-style":"default","site-sidebar-style":"default","ast-global-header-display":"","ast-banner-title-visibility":"","ast-main-header-display":"","ast-hfb-above-header-display":"","ast-hfb-below-header-display":"","ast-hfb-mobile-header-display":"","site-post-title":"","ast-breadcrumbs-content":"","ast-featured-img":"","footer-sml-layout":"","theme-transparent-header-meta":"","adv-header-id-meta":"","stick-header-meta":"","header-above-stick-meta":"","header-main-stick-meta":"","header-below-stick-meta":"","astra-migrate-meta-layouts":"set","ast-page-background-enabled":"default","ast-page-background-meta":{"desktop":{"background-color":"var(--ast-global-color-4)","background-image":"","background-repeat":"repeat","background-position":"center center","background-size":"auto","background-attachment":"scroll","background-type":"","background-media":"","overlay-type":"","overlay-color":"","overlay-opacity":"","overlay-gradient":""},"tablet":{"background-color":"","background-image":"","background-repeat":"repeat","background-position":"center center","background-size":"auto","background-attachment":"scroll","background-type":"","background-media":"","overlay-type":"","overlay-color":"","overlay-opacity":"","overlay-gradient":""},"mobile":{"background-color":"","background-image":"","background-repeat":"repeat","background-position":"center center","background-size":"auto","background-attachment":"scroll","background-type":"","background-media":"","overlay-type":"","overlay-color":"","overlay-opacity":"","overlay-gradient":""}},"ast-content-background-meta":{"desktop":{"background-color":"var(--ast-global-color-5)","background-image":"","background-repeat":"repeat","background-position":"center center","background-size":"auto","background-attachment":"scroll","background-type":"","background-media":"","overlay-type":"","overlay-color":"","overlay-opacity":"","overlay-gradient":""},"tablet":{"background-color":"var(--ast-global-color-5)","background-image":"","background-repeat":"repeat","background-position":"center center","background-size":"auto","background-attachment":"scroll","background-type":"","background-media":"","overlay-type":"","overlay-color":"","overlay-opacity":"","overlay-gradient":""},"mobile":{"background-color":"var(--ast-global-color-5)","background-image":"","background-repeat":"repeat","background-position":"center center","background-size":"auto","background-attachment":"scroll","background-type":"","background-media":"","overlay-type":"","overlay-color":"","overlay-opacity":"","overlay-gradient":""}},"footnotes":""},"class_list":["post-14122","page","type-page","status-publish","hentry"],"post_mailing_queue_ids":[],"_links":{"self":[{"href":"https:\/\/projectes.xtec.cat\/digital\/wp-json\/wp\/v2\/pages\/14122","targetHints":{"allow":["GET"]}}],"collection":[{"href":"https:\/\/projectes.xtec.cat\/digital\/wp-json\/wp\/v2\/pages"}],"about":[{"href":"https:\/\/projectes.xtec.cat\/digital\/wp-json\/wp\/v2\/types\/page"}],"author":[{"embeddable":true,"href":"https:\/\/projectes.xtec.cat\/digital\/wp-json\/wp\/v2\/users\/1"}],"replies":[{"embeddable":true,"href":"https:\/\/projectes.xtec.cat\/digital\/wp-json\/wp\/v2\/comments?post=14122"}],"version-history":[{"count":6,"href":"https:\/\/projectes.xtec.cat\/digital\/wp-json\/wp\/v2\/pages\/14122\/revisions"}],"predecessor-version":[{"id":33972,"href":"https:\/\/projectes.xtec.cat\/digital\/wp-json\/wp\/v2\/pages\/14122\/revisions\/33972"}],"up":[{"embeddable":true,"href":"https:\/\/projectes.xtec.cat\/digital\/wp-json\/wp\/v2\/pages\/13730"}],"wp:attachment":[{"href":"https:\/\/projectes.xtec.cat\/digital\/wp-json\/wp\/v2\/media?parent=14122"}],"curies":[{"name":"wp","href":"https:\/\/api.w.org\/{rel}","templated":true}]}}