{"id":14133,"date":"2023-03-20T11:43:39","date_gmt":"2023-03-20T10:43:39","guid":{"rendered":"https:\/\/projectes.xtec.cat\/digital\/?page_id=14133"},"modified":"2025-03-20T16:48:03","modified_gmt":"2025-03-20T15:48:03","slug":"google-classroom","status":"publish","type":"page","link":"https:\/\/projectes.xtec.cat\/digital\/aules-virtuals\/google-classroom\/","title":{"rendered":"Google Classroom"},"content":{"rendered":"\n<figure class=\"wp-block-image size-full is-style-default\"><a href=\"https:\/\/projectes.xtec.cat\/digital\/wp-content\/uploads\/usu2317\/2025\/02\/Google.webp\"><img loading=\"lazy\" decoding=\"async\" width=\"600\" height=\"600\" src=\"https:\/\/projectes.xtec.cat\/digital\/wp-content\/uploads\/usu2317\/2025\/02\/Google.webp\" alt=\"Google\" class=\"wp-image-34156\" style=\"object-fit:cover\" srcset=\"https:\/\/projectes.xtec.cat\/digital\/wp-content\/uploads\/usu2317\/2025\/02\/Google.webp 600w, https:\/\/projectes.xtec.cat\/digital\/wp-content\/uploads\/usu2317\/2025\/02\/Google-300x300.webp 300w, https:\/\/projectes.xtec.cat\/digital\/wp-content\/uploads\/usu2317\/2025\/02\/Google-150x150.webp 150w\" sizes=\"auto, (max-width: 600px) 100vw, 600px\" \/><\/a><\/figure>\n\n\n\n<div style=\"height:100px\" aria-hidden=\"true\" class=\"wp-block-spacer\"><\/div>\n\n\n\n<div class=\"wp-block-getwid-section alignfull alignfull\"><div class=\"wp-block-getwid-section__wrapper\"><div class=\"wp-block-getwid-section__inner-wrapper\"><div class=\"wp-block-getwid-section__background-holder\"><div class=\"wp-block-getwid-section__background has-background has-ast-global-color-4-background-color\"><\/div><div class=\"wp-block-getwid-section__foreground\"><\/div><\/div><div class=\"wp-block-getwid-section__content\"><div class=\"wp-block-getwid-section__inner-content\">\n<div style=\"height:35px\" aria-hidden=\"true\" class=\"wp-block-spacer\"><\/div>\n\n\n\n<h2 class=\"wp-block-heading\">Converses sobre Classroom a la xarxa docent Nus<\/h2>\n\n\n\n<div class=\"wp-block-columns is-layout-flex wp-container-core-columns-is-layout-1 wp-block-columns-is-layout-flex\">\n<div class=\"wp-block-column is-layout-flow wp-block-column-is-layout-flow\">\n<h3 class=\"wp-block-heading\">Darreres<\/h3>\n\n\n<div class='nus_topics'><span class=\"nus_data\">05.04.26<\/span> <a target=\"_blank\" href=\"https:\/\/comunitat.edigital.cat\/t\/novetats-google-pel-bett-2026\/44175\">\ud83c\udd95 \ud83e\uddea Novetats Google pel BETT 2026<\/a><br><span class=\"nus_data\">04.04.26<\/span> <a target=\"_blank\" href=\"https:\/\/comunitat.edigital.cat\/t\/projectes-creats-amb-iag-per-aplicar-a-laula-i-al-claustre\/45081\">Projectes creats amb IAG per aplicar a l'aula i al claustre<\/a><br><span class=\"nus_data\">29.03.26<\/span> <a target=\"_blank\" href=\"https:\/\/comunitat.edigital.cat\/t\/domini-xtec-al-classroom\/27879\">Domini xtec al classroom<\/a><br><span class=\"nus_data\">27.03.26<\/span> <a target=\"_blank\" href=\"https:\/\/comunitat.edigital.cat\/t\/videos-al-classroom\/45066\">V\u00eddeos al Classroom<\/a><br><span class=\"nus_data\">24.03.26<\/span> <a target=\"_blank\" href=\"https:\/\/comunitat.edigital.cat\/t\/canva-educacio-gratuit-pel-teu-domini-de-centre\/21202\">CANVA EDUCACI\u00d3 GRATU\u00cfT pel teu domini de centre<\/a><br><span class=\"nus_data\">18.03.26<\/span> <a target=\"_blank\" href=\"https:\/\/comunitat.edigital.cat\/t\/classroom\/44941\">Classroom<\/a><br><span class=\"nus_data\">12.03.26<\/span> <a target=\"_blank\" href=\"https:\/\/comunitat.edigital.cat\/t\/professors-de-classroom\/44871\">Professors de classroom<\/a><br><span class=\"nus_data\">11.03.26<\/span> <a target=\"_blank\" href=\"https:\/\/comunitat.edigital.cat\/t\/google-chrome\/35951\">Google Chrome<\/a><br><span class=\"nus_data\">27.02.26<\/span> <a target=\"_blank\" href=\"https:\/\/comunitat.edigital.cat\/t\/incidencia-amb-notificacions-de-classroom-i-recepcio-de-correus-externs-dinantia-scratch\/44579\">Incid\u00e8ncia amb notificacions de Classroom i recepci\u00f3 de correus externs (Dinantia\/Scratch)<\/a><br><span class=\"nus_data\">26.02.26<\/span> <a target=\"_blank\" href=\"https:\/\/comunitat.edigital.cat\/t\/classroom-games\/44647\">Classroom games<\/a><br><\/div>\n<\/div>\n\n\n\n<div class=\"wp-block-column is-layout-flow wp-block-column-is-layout-flow\">\n<h3 class=\"wp-block-heading\">M\u00e9s vistes<\/h3>\n\n\n<div class='nus_topics'><span class=\"nus_data\">24.03.26<\/span> <a target=\"_blank\" href=\"https:\/\/comunitat.edigital.cat\/t\/canva-educacio-gratuit-pel-teu-domini-de-centre\/21202\">CANVA EDUCACI\u00d3 GRATU\u00cfT pel teu domini de centre<\/a><br><span class=\"nus_data\">24.03.25<\/span> <a target=\"_blank\" href=\"https:\/\/comunitat.edigital.cat\/t\/moodle-o-classroom\/23387\">Moodle o Classroom?<\/a><br><span class=\"nus_data\">27.12.22<\/span> <a target=\"_blank\" href=\"https:\/\/comunitat.edigital.cat\/t\/llistat-de-deures-perque-els-pares-sapiguen-que-han-de-fer-els-seus-fills-filles\/14247\">Llistat de deures perqu\u00e8 els pares s\u00e0piguen qu\u00e8 han de fer els seus fills\/filles?<\/a><br><span class=\"nus_data\">10.01.25<\/span> <a target=\"_blank\" href=\"https:\/\/comunitat.edigital.cat\/t\/quan-comencar-amb-classroom\/23760\">Quan comen\u00e7ar amb Classroom?<\/a><br><span class=\"nus_data\">02.10.23<\/span> <a target=\"_blank\" href=\"https:\/\/comunitat.edigital.cat\/t\/indicador-de-progres-de-centre-per-avaluar-la-competencia-digital-alumnat-cda\/22748\">Indicador de progr\u00e9s de centre per avaluar la compet\u00e8ncia digital alumnat (CDA)<\/a><br><span class=\"nus_data\">24.04.24<\/span> <a target=\"_blank\" href=\"https:\/\/comunitat.edigital.cat\/t\/treballa-la-identitat-digital-a-laula\/24769\">Treballa la identitat digital a l'aula<\/a><br><span class=\"nus_data\">12.04.24<\/span> <a target=\"_blank\" href=\"https:\/\/comunitat.edigital.cat\/t\/proves-de-competencies-basiques-6e-digitalitzades\/12684\">Proves de compet\u00e8ncies b\u00e0siques 6e digitalitzades<\/a><br><span class=\"nus_data\">03.02.25<\/span> <a target=\"_blank\" href=\"https:\/\/comunitat.edigital.cat\/t\/proves-de-competencies-basiques-6e-digitalitzades-amb-adaptacio-automatica\/31714\">Proves de compet\u00e8ncies b\u00e0siques 6e digitalitzades (amb adaptaci\u00f3 autom\u00e0tica)<\/a><br><span class=\"nus_data\">08.10.25<\/span> <a target=\"_blank\" href=\"https:\/\/comunitat.edigital.cat\/t\/novetats-google-iste-2025-google-vids-i-gemini-a-google-classroom\/40957\">\ud83d\udca5 Novetats Google ISTE 2025: Google Vids i Gemini a Google Classroom<\/a><br><span class=\"nus_data\">23.10.24<\/span> <a target=\"_blank\" href=\"https:\/\/comunitat.edigital.cat\/t\/enviament-dels-informes-dels-alumnes-sense-imprimir-los\/11325\">Enviament dels informes dels alumnes -> sense imprimir-los<\/a><br><\/div>\n<\/div>\n<\/div>\n\n\n\n<div style=\"height:40px\" aria-hidden=\"true\" class=\"wp-block-spacer\"><\/div>\n<\/div><\/div><\/div><\/div><\/div>\n","protected":false},"excerpt":{"rendered":"","protected":false},"author":2,"featured_media":0,"parent":13730,"menu_order":0,"comment_status":"closed","ping_status":"close","template":"","meta":{"site-sidebar-layout":"default","site-content-layout":"","ast-site-content-layout":"default","site-content-style":"default","site-sidebar-style":"default","ast-global-header-display":"","ast-banner-title-visibility":"","ast-main-header-display":"","ast-hfb-above-header-display":"","ast-hfb-below-header-display":"","ast-hfb-mobile-header-display":"","site-post-title":"","ast-breadcrumbs-content":"","ast-featured-img":"","footer-sml-layout":"","theme-transparent-header-meta":"","adv-header-id-meta":"","stick-header-meta":"","header-above-stick-meta":"","header-main-stick-meta":"","header-below-stick-meta":"","astra-migrate-meta-layouts":"set","ast-page-background-enabled":"default","ast-page-background-meta":{"desktop":{"background-color":"var(--ast-global-color-4)","background-image":"","background-repeat":"repeat","background-position":"center center","background-size":"auto","background-attachment":"scroll","background-type":"","background-media":"","overlay-type":"","overlay-color":"","overlay-opacity":"","overlay-gradient":""},"tablet":{"background-color":"","background-image":"","background-repeat":"repeat","background-position":"center center","background-size":"auto","background-attachment":"scroll","background-type":"","background-media":"","overlay-type":"","overlay-color":"","overlay-opacity":"","overlay-gradient":""},"mobile":{"background-color":"","background-image":"","background-repeat":"repeat","background-position":"center center","background-size":"auto","background-attachment":"scroll","background-type":"","background-media":"","overlay-type":"","overlay-color":"","overlay-opacity":"","overlay-gradient":""}},"ast-content-background-meta":{"desktop":{"background-color":"var(--ast-global-color-5)","background-image":"","background-repeat":"repeat","background-position":"center center","background-size":"auto","background-attachment":"scroll","background-type":"","background-media":"","overlay-type":"","overlay-color":"","overlay-opacity":"","overlay-gradient":""},"tablet":{"background-color":"var(--ast-global-color-5)","background-image":"","background-repeat":"repeat","background-position":"center center","background-size":"auto","background-attachment":"scroll","background-type":"","background-media":"","overlay-type":"","overlay-color":"","overlay-opacity":"","overlay-gradient":""},"mobile":{"background-color":"var(--ast-global-color-5)","background-image":"","background-repeat":"repeat","background-position":"center center","background-size":"auto","background-attachment":"scroll","background-type":"","background-media":"","overlay-type":"","overlay-color":"","overlay-opacity":"","overlay-gradient":""}},"footnotes":""},"class_list":["post-14133","page","type-page","status-publish","hentry"],"post_mailing_queue_ids":[],"_links":{"self":[{"href":"https:\/\/projectes.xtec.cat\/digital\/wp-json\/wp\/v2\/pages\/14133","targetHints":{"allow":["GET"]}}],"collection":[{"href":"https:\/\/projectes.xtec.cat\/digital\/wp-json\/wp\/v2\/pages"}],"about":[{"href":"https:\/\/projectes.xtec.cat\/digital\/wp-json\/wp\/v2\/types\/page"}],"author":[{"embeddable":true,"href":"https:\/\/projectes.xtec.cat\/digital\/wp-json\/wp\/v2\/users\/2"}],"replies":[{"embeddable":true,"href":"https:\/\/projectes.xtec.cat\/digital\/wp-json\/wp\/v2\/comments?post=14133"}],"version-history":[{"count":6,"href":"https:\/\/projectes.xtec.cat\/digital\/wp-json\/wp\/v2\/pages\/14133\/revisions"}],"predecessor-version":[{"id":34695,"href":"https:\/\/projectes.xtec.cat\/digital\/wp-json\/wp\/v2\/pages\/14133\/revisions\/34695"}],"up":[{"embeddable":true,"href":"https:\/\/projectes.xtec.cat\/digital\/wp-json\/wp\/v2\/pages\/13730"}],"wp:attachment":[{"href":"https:\/\/projectes.xtec.cat\/digital\/wp-json\/wp\/v2\/media?parent=14133"}],"curies":[{"name":"wp","href":"https:\/\/api.w.org\/{rel}","templated":true}]}}