{"id":14143,"date":"2023-03-20T11:54:18","date_gmt":"2023-03-20T10:54:18","guid":{"rendered":"https:\/\/projectes.xtec.cat\/digital\/?page_id=14143"},"modified":"2025-02-17T13:23:59","modified_gmt":"2025-02-17T12:23:59","slug":"microsoft-teams","status":"publish","type":"page","link":"https:\/\/projectes.xtec.cat\/digital\/aules-virtuals\/microsoft-teams\/","title":{"rendered":"Microsoft Teams"},"content":{"rendered":"\n<figure class=\"wp-block-image size-full\"><a href=\"https:\/\/projectes.xtec.cat\/digital\/wp-content\/uploads\/usu2317\/2025\/02\/Teams.webp\"><img loading=\"lazy\" decoding=\"async\" width=\"600\" height=\"600\" src=\"https:\/\/projectes.xtec.cat\/digital\/wp-content\/uploads\/usu2317\/2025\/02\/Teams.webp\" alt=\"Teams\" class=\"wp-image-34158\" style=\"object-fit:cover\" srcset=\"https:\/\/projectes.xtec.cat\/digital\/wp-content\/uploads\/usu2317\/2025\/02\/Teams.webp 600w, https:\/\/projectes.xtec.cat\/digital\/wp-content\/uploads\/usu2317\/2025\/02\/Teams-300x300.webp 300w, https:\/\/projectes.xtec.cat\/digital\/wp-content\/uploads\/usu2317\/2025\/02\/Teams-150x150.webp 150w\" sizes=\"auto, (max-width: 600px) 100vw, 600px\" \/><\/a><\/figure>\n\n\n\n<div style=\"height:36px\" aria-hidden=\"true\" class=\"wp-block-spacer\"><\/div>\n\n\n\n<div class=\"wp-block-getwid-section alignfull alignfull\"><div class=\"wp-block-getwid-section__wrapper\"><div class=\"wp-block-getwid-section__inner-wrapper\"><div class=\"wp-block-getwid-section__background-holder\"><div class=\"wp-block-getwid-section__background has-background has-ast-global-color-4-background-color\"><\/div><div class=\"wp-block-getwid-section__foreground\"><\/div><\/div><div class=\"wp-block-getwid-section__content\"><div class=\"wp-block-getwid-section__inner-content\">\n<div style=\"height:39px\" aria-hidden=\"true\" class=\"wp-block-spacer\"><\/div>\n\n\n\n<h2 class=\"wp-block-heading\">Converses sobre Microsoft Teams a la xarxa docent Nus<\/h2>\n\n\n\n<div class=\"wp-block-columns is-layout-flex wp-container-core-columns-is-layout-1 wp-block-columns-is-layout-flex\">\n<div class=\"wp-block-column is-layout-flow wp-block-column-is-layout-flow\">\n<h3 class=\"wp-block-heading\">Darreres<\/h3>\n\n\n<div class='nus_topics'><span class=\"nus_data\">06.02.26<\/span> <a target=\"_blank\" href=\"https:\/\/comunitat.edigital.cat\/t\/plataforma-per-fer-xerrada-100-docents\/34248\">Plataforma per fer xerrada +100 docents<\/a><br><span class=\"nus_data\">13.10.25<\/span> <a target=\"_blank\" href=\"https:\/\/comunitat.edigital.cat\/t\/iniciatives-steamcat\/42576\"> Iniciatives STEAMcat<\/a><br><span class=\"nus_data\">13.10.25<\/span> <a target=\"_blank\" href=\"https:\/\/comunitat.edigital.cat\/t\/iniciatives-steamcat\/42574\">Iniciatives STEAMcat<\/a><br><span class=\"nus_data\">30.05.25<\/span> <a target=\"_blank\" href=\"https:\/\/comunitat.edigital.cat\/t\/no-acces-a-microsoft-teams\/34403\">No acc\u00e9s a Microsoft Teams?<\/a><br><span class=\"nus_data\">19.02.25<\/span> <a target=\"_blank\" href=\"https:\/\/comunitat.edigital.cat\/t\/modificar-zones-duna-imatge-amb-chatgpt\/39128\">Modificar zones d'una imatge amb ChatGPT<\/a><br><span class=\"nus_data\">18.12.24<\/span> <a target=\"_blank\" href=\"https:\/\/comunitat.edigital.cat\/t\/acces-al-onedrive-amb-xtec\/37856\">Acc\u00e8s al Onedrive amb XTEC<\/a><br><span class=\"nus_data\">19.09.24<\/span> <a target=\"_blank\" href=\"https:\/\/comunitat.edigital.cat\/t\/microsoft-flip-abans-flipgrid-desapareix\/33057\">Microsoft Flip (abans Flipgrid) desapareix<\/a><br><span class=\"nus_data\">20.06.24<\/span> <a target=\"_blank\" href=\"https:\/\/comunitat.edigital.cat\/t\/reunio-telematica-amb-mes-de-100-persones\/33546\">Reuni\u00f3 telem\u00e0tica amb m\u00e9s de 100 persones<\/a><br><span class=\"nus_data\">08.05.24<\/span> <a target=\"_blank\" href=\"https:\/\/comunitat.edigital.cat\/t\/entrevista-amb-ctti\/32382\">Entrevista amb CTTI<\/a><br><span class=\"nus_data\">20.11.23<\/span> <a target=\"_blank\" href=\"https:\/\/comunitat.edigital.cat\/t\/claustres-i-reunions-amb-teams-vs-meet\/28382\">Claustres i reunions amb Teams vs Meet<\/a><br><\/div>\n<\/div>\n\n\n\n<div class=\"wp-block-column is-layout-flow wp-block-column-is-layout-flow\">\n<h3 class=\"wp-block-heading\">M\u00e9s vistes<\/h3>\n\n\n<div class='nus_topics'><span class=\"nus_data\">09.02.23<\/span> <a target=\"_blank\" href=\"https:\/\/comunitat.edigital.cat\/t\/microsoft-teams-quan-es-podra-utilitzar\/15015\">Microsoft Teams -Quan es podr\u00e0 utilitzar?<\/a><br><span class=\"nus_data\">20.06.22<\/span> <a target=\"_blank\" href=\"https:\/\/comunitat.edigital.cat\/t\/videoconferencia-amb-mes-de-150-persones\/11718\">V\u00eddeoconfer\u00e8ncia amb m\u00e9s de 150 persones<\/a><br><span class=\"nus_data\">20.02.23<\/span> <a target=\"_blank\" href=\"https:\/\/comunitat.edigital.cat\/t\/entorns-d-aprenentatge-virtuals\/24123\">Entorns d\u2019aprenentatge virtuals<\/a><br><span class=\"nus_data\">19.02.25<\/span> <a target=\"_blank\" href=\"https:\/\/comunitat.edigital.cat\/t\/modificar-zones-duna-imatge-amb-chatgpt\/39128\">Modificar zones d'una imatge amb ChatGPT<\/a><br><span class=\"nus_data\">30.05.25<\/span> <a target=\"_blank\" href=\"https:\/\/comunitat.edigital.cat\/t\/no-acces-a-microsoft-teams\/34403\">No acc\u00e9s a Microsoft Teams?<\/a><br><span class=\"nus_data\">01.09.22<\/span> <a target=\"_blank\" href=\"https:\/\/comunitat.edigital.cat\/t\/limitacio-60-minuts-meet\/17424\">Limitaci\u00f3 60 minuts Meet<\/a><br><span class=\"nus_data\">27.10.21<\/span> <a target=\"_blank\" href=\"https:\/\/comunitat.edigital.cat\/t\/per-a-que-serveix-microsoft-teams\/7117\">Per a que serveix Microsoft Teams?<\/a><br><span class=\"nus_data\">20.11.23<\/span> <a target=\"_blank\" href=\"https:\/\/comunitat.edigital.cat\/t\/claustres-i-reunions-amb-teams-vs-meet\/28382\">Claustres i reunions amb Teams vs Meet<\/a><br><span class=\"nus_data\">13.10.25<\/span> <a target=\"_blank\" href=\"https:\/\/comunitat.edigital.cat\/t\/iniciatives-steamcat\/42574\">Iniciatives STEAMcat<\/a><br><span class=\"nus_data\">06.02.26<\/span> <a target=\"_blank\" href=\"https:\/\/comunitat.edigital.cat\/t\/plataforma-per-fer-xerrada-100-docents\/34248\">Plataforma per fer xerrada +100 docents<\/a><br><\/div>\n<\/div>\n<\/div>\n\n\n\n<div style=\"height:39px\" aria-hidden=\"true\" class=\"wp-block-spacer\"><\/div>\n<\/div><\/div><\/div><\/div><\/div>\n","protected":false},"excerpt":{"rendered":"","protected":false},"author":2,"featured_media":0,"parent":13730,"menu_order":0,"comment_status":"closed","ping_status":"close","template":"","meta":{"site-sidebar-layout":"default","site-content-layout":"","ast-site-content-layout":"default","site-content-style":"default","site-sidebar-style":"default","ast-global-header-display":"","ast-banner-title-visibility":"","ast-main-header-display":"","ast-hfb-above-header-display":"","ast-hfb-below-header-display":"","ast-hfb-mobile-header-display":"","site-post-title":"","ast-breadcrumbs-content":"","ast-featured-img":"","footer-sml-layout":"","theme-transparent-header-meta":"","adv-header-id-meta":"","stick-header-meta":"","header-above-stick-meta":"","header-main-stick-meta":"","header-below-stick-meta":"","astra-migrate-meta-layouts":"set","ast-page-background-enabled":"default","ast-page-background-meta":{"desktop":{"background-color":"var(--ast-global-color-4)","background-image":"","background-repeat":"repeat","background-position":"center center","background-size":"auto","background-attachment":"scroll","background-type":"","background-media":"","overlay-type":"","overlay-color":"","overlay-opacity":"","overlay-gradient":""},"tablet":{"background-color":"","background-image":"","background-repeat":"repeat","background-position":"center center","background-size":"auto","background-attachment":"scroll","background-type":"","background-media":"","overlay-type":"","overlay-color":"","overlay-opacity":"","overlay-gradient":""},"mobile":{"background-color":"","background-image":"","background-repeat":"repeat","background-position":"center center","background-size":"auto","background-attachment":"scroll","background-type":"","background-media":"","overlay-type":"","overlay-color":"","overlay-opacity":"","overlay-gradient":""}},"ast-content-background-meta":{"desktop":{"background-color":"var(--ast-global-color-5)","background-image":"","background-repeat":"repeat","background-position":"center center","background-size":"auto","background-attachment":"scroll","background-type":"","background-media":"","overlay-type":"","overlay-color":"","overlay-opacity":"","overlay-gradient":""},"tablet":{"background-color":"var(--ast-global-color-5)","background-image":"","background-repeat":"repeat","background-position":"center center","background-size":"auto","background-attachment":"scroll","background-type":"","background-media":"","overlay-type":"","overlay-color":"","overlay-opacity":"","overlay-gradient":""},"mobile":{"background-color":"var(--ast-global-color-5)","background-image":"","background-repeat":"repeat","background-position":"center center","background-size":"auto","background-attachment":"scroll","background-type":"","background-media":"","overlay-type":"","overlay-color":"","overlay-opacity":"","overlay-gradient":""}},"footnotes":""},"class_list":["post-14143","page","type-page","status-publish","hentry"],"post_mailing_queue_ids":[],"_links":{"self":[{"href":"https:\/\/projectes.xtec.cat\/digital\/wp-json\/wp\/v2\/pages\/14143","targetHints":{"allow":["GET"]}}],"collection":[{"href":"https:\/\/projectes.xtec.cat\/digital\/wp-json\/wp\/v2\/pages"}],"about":[{"href":"https:\/\/projectes.xtec.cat\/digital\/wp-json\/wp\/v2\/types\/page"}],"author":[{"embeddable":true,"href":"https:\/\/projectes.xtec.cat\/digital\/wp-json\/wp\/v2\/users\/2"}],"replies":[{"embeddable":true,"href":"https:\/\/projectes.xtec.cat\/digital\/wp-json\/wp\/v2\/comments?post=14143"}],"version-history":[{"count":6,"href":"https:\/\/projectes.xtec.cat\/digital\/wp-json\/wp\/v2\/pages\/14143\/revisions"}],"predecessor-version":[{"id":34159,"href":"https:\/\/projectes.xtec.cat\/digital\/wp-json\/wp\/v2\/pages\/14143\/revisions\/34159"}],"up":[{"embeddable":true,"href":"https:\/\/projectes.xtec.cat\/digital\/wp-json\/wp\/v2\/pages\/13730"}],"wp:attachment":[{"href":"https:\/\/projectes.xtec.cat\/digital\/wp-json\/wp\/v2\/media?parent=14143"}],"curies":[{"name":"wp","href":"https:\/\/api.w.org\/{rel}","templated":true}]}}