{"id":14147,"date":"2023-03-20T12:40:41","date_gmt":"2023-03-20T11:40:41","guid":{"rendered":"https:\/\/projectes.xtec.cat\/digital\/?page_id=14147"},"modified":"2023-03-20T14:04:44","modified_gmt":"2023-03-20T13:04:44","slug":"pla-de-comunicacio","status":"publish","type":"page","link":"https:\/\/projectes.xtec.cat\/digital\/competencia-digital\/competencia-digital-centre\/pla-de-comunicacio\/","title":{"rendered":"Pla de comunicaci\u00f3 de centre"},"content":{"rendered":"\n<div class=\"wp-block-columns alignwide is-layout-flex wp-container-core-columns-is-layout-1 wp-block-columns-is-layout-flex\">\n<div class=\"wp-block-column is-layout-flow wp-block-column-is-layout-flow\">\n<p class=\"has-medium-font-size\">Un pla de comunicaci\u00f3 estableix com, quan i per quins canals es fan les comunicacions internes i externes del centre.  <\/p>\n\n\n\n<p>Aquests canals de comunicaci\u00f3 han de ser bidireccionals, centre-entorn, de manera que possibilitin l\u2019enriquiment continu i la retroacci\u00f3 amb tota la comunitat educativa.<\/p>\n<\/div>\n\n\n\n<div class=\"wp-block-column is-layout-flow wp-block-column-is-layout-flow\" style=\"flex-basis:50%\">\n<div class=\"video-responsive\"><iframe loading=\"lazy\" width=\"560\" height=\"315\" src=\"https:\/\/www.youtube.com\/embed\/GRQ3ZS75018\" title=\"YouTube video player\" frameborder=\"0\" allow=\"accelerometer; autoplay; clipboard-write; encrypted-media; gyroscope; picture-in-picture; web-share\" allowfullscreen=\"\"><\/iframe><\/div>\n\n\n\n<div style=\"height:20px\" aria-hidden=\"true\" class=\"wp-block-spacer\"><\/div>\n\n\n\n<p class=\"has-text-align-center\">M\u00e9s informaci\u00f3 sobre aquesta sessi\u00f3 a la<a href=\"https:\/\/projectes.xtec.cat\/xtcd\/estrategia-digital-de-centre\/sessions-2022-23\/la-comunicacio-al-centre\/\" data-type=\"URL\" data-id=\"https:\/\/projectes.xtec.cat\/xtcd\/estrategia-digital-de-centre\/sessions-2022-23\/la-comunicacio-al-centre\/\"> XTCD<\/a><\/p>\n<\/div>\n<\/div>\n\n\n\n<div style=\"height:40px\" aria-hidden=\"true\" class=\"wp-block-spacer\"><\/div>\n\n\n\n<div class=\"wp-block-getwid-section alignfull alignfull\"><div class=\"wp-block-getwid-section__wrapper\"><div class=\"wp-block-getwid-section__inner-wrapper\"><div class=\"wp-block-getwid-section__background-holder\"><div class=\"wp-block-getwid-section__background has-background has-ast-global-color-4-background-color\"><\/div><div class=\"wp-block-getwid-section__foreground\"><\/div><\/div><div class=\"wp-block-getwid-section__content\"><div class=\"wp-block-getwid-section__inner-content\">\n<div style=\"height:40px\" aria-hidden=\"true\" class=\"wp-block-spacer\"><\/div>\n\n\n\n<h2 class=\"alignwide wp-block-heading\">Exemples de pla de comunicaci\u00f3 de centre<\/h2>\n\n\n\n<div style=\"height:20px\" aria-hidden=\"true\" class=\"wp-block-spacer\"><\/div>\n\n\n\n<div class=\"wp-block-columns is-layout-flex wp-container-core-columns-is-layout-2 wp-block-columns-is-layout-flex\">\n<div class=\"wp-block-column is-layout-flow wp-block-column-is-layout-flow\">\n<div class=\"wp-block-image doc\"><figure class=\"aligncenter size-large is-resized\"><a href=\"https:\/\/docs.google.com\/document\/d\/1uvQ3A3MpdEMPIPndWVMcpC32qHKv7s-t\/edit?usp=sharing&amp;ouid=117832835998585102951&amp;rtpof=true&amp;sd=true\" target=\"_blank\" rel=\"noopener\"><img loading=\"lazy\" decoding=\"async\" src=\"https:\/\/projectes.xtec.cat\/digital\/wp-content\/uploads\/usu2317\/2023\/03\/Pla-de-Comunicacio.png\" alt=\"portada del pla de comunicaci\u00f3\" class=\"wp-image-14162\" width=\"218\" height=\"288\" srcset=\"https:\/\/projectes.xtec.cat\/digital\/wp-content\/uploads\/usu2317\/2023\/03\/Pla-de-Comunicacio.png 626w, https:\/\/projectes.xtec.cat\/digital\/wp-content\/uploads\/usu2317\/2023\/03\/Pla-de-Comunicacio-226x300.png 226w\" sizes=\"auto, (max-width: 218px) 100vw, 218px\" \/><\/a><figcaption>Pla de comunicaci\u00f3 de l&#8217;EOI de Tarragona<\/figcaption><\/figure><\/div>\n\n\n\n<p><\/p>\n<\/div>\n\n\n\n<div class=\"wp-block-column is-vertically-aligned-center is-layout-flow wp-block-column-is-layout-flow\">\n<div class=\"wp-block-image doc\"><figure class=\"aligncenter size-large\"><img loading=\"lazy\" decoding=\"async\" width=\"1024\" height=\"524\" src=\"https:\/\/projectes.xtec.cat\/digital\/wp-content\/uploads\/usu2317\/2023\/03\/pla-comunicacio-juncadella-1024x524.png\" alt=\"portada del pla de comunicaci\u00f3\" class=\"wp-image-14171\" srcset=\"https:\/\/projectes.xtec.cat\/digital\/wp-content\/uploads\/usu2317\/2023\/03\/pla-comunicacio-juncadella-1024x524.png 1024w, https:\/\/projectes.xtec.cat\/digital\/wp-content\/uploads\/usu2317\/2023\/03\/pla-comunicacio-juncadella-300x153.png 300w, https:\/\/projectes.xtec.cat\/digital\/wp-content\/uploads\/usu2317\/2023\/03\/pla-comunicacio-juncadella-768x393.png 768w, https:\/\/projectes.xtec.cat\/digital\/wp-content\/uploads\/usu2317\/2023\/03\/pla-comunicacio-juncadella-1536x786.png 1536w, https:\/\/projectes.xtec.cat\/digital\/wp-content\/uploads\/usu2317\/2023\/03\/pla-comunicacio-juncadella.png 1560w\" sizes=\"auto, (max-width: 1024px) 100vw, 1024px\" \/><figcaption>Pla de comunicaci\u00f3 de l&#8217;escola Juncadella (Cellera de Ter)<\/figcaption><\/figure><\/div>\n\n\n\n<ul class=\"wp-block-list\"><li><a rel=\"noreferrer noopener\" href=\"https:\/\/drive.google.com\/file\/d\/17QGul0q3Z3RCJxtIrSGC5T9tekin3W86\/view\" data-type=\"URL\" data-id=\"https:\/\/drive.google.com\/file\/d\/17QGul0q3Z3RCJxtIrSGC5T9tekin3W86\/view\" target=\"_blank\">Document PDF<\/a><\/li><li><a rel=\"noreferrer noopener\" href=\"https:\/\/view.genial.ly\/617d26189ada4f0de2661091\/interactive-content-pdc-visual-thinking\" data-type=\"URL\" data-id=\"https:\/\/view.genial.ly\/617d26189ada4f0de2661091\/interactive-content-pdc-visual-thinking\" target=\"_blank\">Presentaci\u00f3 Visua<\/a><a href=\"https:\/\/view.genial.ly\/617d26189ada4f0de2661091\/interactive-content-pdc-visual-thinking\" data-type=\"URL\" data-id=\"https:\/\/view.genial.ly\/617d26189ada4f0de2661091\/interactive-content-pdc-visual-thinking\" target=\"_blank\" rel=\"noreferrer noopener\">l<\/a><\/li><\/ul>\n<\/div>\n\n\n\n<div class=\"wp-block-column is-layout-flow wp-block-column-is-layout-flow\"><\/div>\n<\/div>\n\n\n\n<div style=\"height:50px\" aria-hidden=\"true\" class=\"wp-block-spacer\"><\/div>\n<\/div><\/div><\/div><\/div><\/div>\n\n\n\n<div class=\"wp-block-getwid-section alignfull alignfull\"><div class=\"wp-block-getwid-section__wrapper\"><div class=\"wp-block-getwid-section__inner-wrapper\"><div class=\"wp-block-getwid-section__background-holder\"><div class=\"wp-block-getwid-section__background\"><\/div><div class=\"wp-block-getwid-section__foreground\"><\/div><\/div><div class=\"wp-block-getwid-section__content\"><div class=\"wp-block-getwid-section__inner-content\">\n<div style=\"height:30px\" aria-hidden=\"true\" class=\"wp-block-spacer\"><\/div>\n\n\n\n<h2 class=\"wp-block-heading\">Converses sobre el pla de comunicaci\u00f3 a la xarxa docent Nus<\/h2>\n\n\n\n<div class=\"wp-block-columns is-layout-flex wp-container-core-columns-is-layout-3 wp-block-columns-is-layout-flex\">\n<div class=\"wp-block-column is-layout-flow wp-block-column-is-layout-flow\">\n<h3 class=\"wp-block-heading\">Darreres<\/h3>\n\n\n<div class='nus_topics'><span class=\"nus_data\">23.01.25<\/span> <a target=\"_blank\" href=\"https:\/\/comunitat.edigital.cat\/t\/correu-corporatiu-com-lutilitzeu\/10226\">Correu corporatiu, com l'utilitzeu?<\/a><br><span class=\"nus_data\">05.01.25<\/span> <a target=\"_blank\" href=\"https:\/\/comunitat.edigital.cat\/t\/app-comunicacio-familia-escola\/8310\">App comunicaci\u00f3 fam\u00edlia - escola<\/a><br><span class=\"nus_data\">04.04.24<\/span> <a target=\"_blank\" href=\"https:\/\/comunitat.edigital.cat\/t\/ja-va-tocant-una-app-de-missatgeria-instantania-oficial\/16834\">Ja va tocant una App de missatgeria instant\u00e0nia OFICIAL<\/a><br><span class=\"nus_data\">26.03.24<\/span> <a target=\"_blank\" href=\"https:\/\/comunitat.edigital.cat\/t\/consulta-e-notum-ecentres\/24556\">Consulta e-Notum (eCentres)<\/a><br><span class=\"nus_data\">19.05.23<\/span> <a target=\"_blank\" href=\"https:\/\/comunitat.edigital.cat\/t\/additio-per-escoles\/12782\">ADDITIO per escoles<\/a><br><span class=\"nus_data\">11.04.23<\/span> <a target=\"_blank\" href=\"https:\/\/comunitat.edigital.cat\/t\/compra-publica-ris3cat-2030-app-de-comunicacio-escola-familia\/14243\">Compra p\u00fablica RIS3CAT 2030: App de comunicaci\u00f3 Escola-Fam\u00edlia<\/a><br><span class=\"nus_data\">20.03.23<\/span> <a target=\"_blank\" href=\"https:\/\/comunitat.edigital.cat\/t\/normativa-sobre-ladreca-xtec\/24405\">Normativa sobre l'adre\u00e7a xtec<\/a><br><span class=\"nus_data\">09.03.23<\/span> <a target=\"_blank\" href=\"https:\/\/comunitat.edigital.cat\/t\/pla-de-comunicacio-documents-de-referencia-persona-de-referencia\/24526\">PLA DE COMUNICACI\u00d3: Documents de refer\u00e8ncia. Persona de refer\u00e8ncia?<\/a><br><span class=\"nus_data\">01.12.22<\/span> <a target=\"_blank\" href=\"https:\/\/comunitat.edigital.cat\/t\/pla-de-comunicacio\/20419\">Pla de comunicaci\u00f3<\/a><br><span class=\"nus_data\">04.11.22<\/span> <a target=\"_blank\" href=\"https:\/\/comunitat.edigital.cat\/t\/actualitzacio-plantilles-situacio-daprenentatge\/20783\">Actualitzaci\u00f3 plantilles - Situaci\u00f3 d'Aprenentatge<\/a><br><\/div>\n\n\n\n<div style=\"height:40px\" aria-hidden=\"true\" class=\"wp-block-spacer\"><\/div>\n<\/div>\n\n\n\n<div class=\"wp-block-column is-layout-flow wp-block-column-is-layout-flow\">\n<h3 class=\"wp-block-heading\">M\u00e9s vistes<\/h3>\n\n\n<div class='nus_topics'><span class=\"nus_data\">05.01.25<\/span> <a target=\"_blank\" href=\"https:\/\/comunitat.edigital.cat\/t\/app-comunicacio-familia-escola\/8310\">App comunicaci\u00f3 fam\u00edlia - escola<\/a><br><span class=\"nus_data\">20.03.23<\/span> <a target=\"_blank\" href=\"https:\/\/comunitat.edigital.cat\/t\/normativa-sobre-ladreca-xtec\/24405\">Normativa sobre l'adre\u00e7a xtec<\/a><br><span class=\"nus_data\">11.04.23<\/span> <a target=\"_blank\" href=\"https:\/\/comunitat.edigital.cat\/t\/compra-publica-ris3cat-2030-app-de-comunicacio-escola-familia\/14243\">Compra p\u00fablica RIS3CAT 2030: App de comunicaci\u00f3 Escola-Fam\u00edlia<\/a><br><span class=\"nus_data\">23.01.25<\/span> <a target=\"_blank\" href=\"https:\/\/comunitat.edigital.cat\/t\/correu-corporatiu-com-lutilitzeu\/10226\">Correu corporatiu, com l'utilitzeu?<\/a><br><span class=\"nus_data\">04.04.24<\/span> <a target=\"_blank\" href=\"https:\/\/comunitat.edigital.cat\/t\/ja-va-tocant-una-app-de-missatgeria-instantania-oficial\/16834\">Ja va tocant una App de missatgeria instant\u00e0nia OFICIAL<\/a><br><span class=\"nus_data\">29.05.22<\/span> <a target=\"_blank\" href=\"https:\/\/comunitat.edigital.cat\/t\/sessio-de-coordinacio-formacio-cdd-12-05\/15373\">Sessi\u00f3 de coordinaci\u00f3 formaci\u00f3 CDD 12_05<\/a><br><span class=\"nus_data\">19.05.22<\/span> <a target=\"_blank\" href=\"https:\/\/comunitat.edigital.cat\/t\/canals-de-comunicacio-escola-families\/15197\">Canals de comunicaci\u00f3 escola-fam\u00edlies<\/a><br><span class=\"nus_data\">01.12.22<\/span> <a target=\"_blank\" href=\"https:\/\/comunitat.edigital.cat\/t\/pla-de-comunicacio\/20419\">Pla de comunicaci\u00f3<\/a><br><span class=\"nus_data\">19.05.23<\/span> <a target=\"_blank\" href=\"https:\/\/comunitat.edigital.cat\/t\/additio-per-escoles\/12782\">ADDITIO per escoles<\/a><br><span class=\"nus_data\">02.06.22<\/span> <a target=\"_blank\" href=\"https:\/\/comunitat.edigital.cat\/t\/material-sessio-6-compromis-professional\/15590\">Material sessi\u00f3 6 - Comprom\u00eds professional<\/a><br><\/div>\n\n\n\n<div style=\"height:40px\" aria-hidden=\"true\" class=\"wp-block-spacer\"><\/div>\n<\/div>\n<\/div>\n<\/div><\/div><\/div><\/div><\/div>\n","protected":false},"excerpt":{"rendered":"<p>Un pla de comunicaci\u00f3 estableix com, quan i per quins canals es fan les comunicacions internes i externes del centre. Aquests canals de comunicaci\u00f3 han de ser bidireccionals, centre-entorn, de manera que possibilitin l\u2019enriquiment continu i la retroacci\u00f3 amb tota la comunitat educativa. M\u00e9s informaci\u00f3 sobre aquesta sessi\u00f3 a la XTCD<\/p>\n","protected":false},"author":2,"featured_media":0,"parent":12237,"menu_order":0,"comment_status":"closed","ping_status":"close","template":"","meta":{"site-sidebar-layout":"default","site-content-layout":"","ast-site-content-layout":"","site-content-style":"default","site-sidebar-style":"default","ast-global-header-display":"","ast-banner-title-visibility":"","ast-main-header-display":"","ast-hfb-above-header-display":"","ast-hfb-below-header-display":"","ast-hfb-mobile-header-display":"","site-post-title":"","ast-breadcrumbs-content":"","ast-featured-img":"","footer-sml-layout":"","theme-transparent-header-meta":"","adv-header-id-meta":"","stick-header-meta":"","header-above-stick-meta":"","header-main-stick-meta":"","header-below-stick-meta":"","astra-migrate-meta-layouts":"default","ast-page-background-enabled":"default","ast-page-background-meta":{"desktop":{"background-color":"var(--ast-global-color-4)","background-image":"","background-repeat":"repeat","background-position":"center center","background-size":"auto","background-attachment":"scroll","background-type":"","background-media":"","overlay-type":"","overlay-color":"","overlay-opacity":"","overlay-gradient":""},"tablet":{"background-color":"","background-image":"","background-repeat":"repeat","background-position":"center center","background-size":"auto","background-attachment":"scroll","background-type":"","background-media":"","overlay-type":"","overlay-color":"","overlay-opacity":"","overlay-gradient":""},"mobile":{"background-color":"","background-image":"","background-repeat":"repeat","background-position":"center center","background-size":"auto","background-attachment":"scroll","background-type":"","background-media":"","overlay-type":"","overlay-color":"","overlay-opacity":"","overlay-gradient":""}},"ast-content-background-meta":{"desktop":{"background-color":"var(--ast-global-color-5)","background-image":"","background-repeat":"repeat","background-position":"center center","background-size":"auto","background-attachment":"scroll","background-type":"","background-media":"","overlay-type":"","overlay-color":"","overlay-opacity":"","overlay-gradient":""},"tablet":{"background-color":"var(--ast-global-color-5)","background-image":"","background-repeat":"repeat","background-position":"center center","background-size":"auto","background-attachment":"scroll","background-type":"","background-media":"","overlay-type":"","overlay-color":"","overlay-opacity":"","overlay-gradient":""},"mobile":{"background-color":"var(--ast-global-color-5)","background-image":"","background-repeat":"repeat","background-position":"center center","background-size":"auto","background-attachment":"scroll","background-type":"","background-media":"","overlay-type":"","overlay-color":"","overlay-opacity":"","overlay-gradient":""}},"footnotes":""},"class_list":["post-14147","page","type-page","status-publish","hentry"],"post_mailing_queue_ids":[],"_links":{"self":[{"href":"https:\/\/projectes.xtec.cat\/digital\/wp-json\/wp\/v2\/pages\/14147","targetHints":{"allow":["GET"]}}],"collection":[{"href":"https:\/\/projectes.xtec.cat\/digital\/wp-json\/wp\/v2\/pages"}],"about":[{"href":"https:\/\/projectes.xtec.cat\/digital\/wp-json\/wp\/v2\/types\/page"}],"author":[{"embeddable":true,"href":"https:\/\/projectes.xtec.cat\/digital\/wp-json\/wp\/v2\/users\/2"}],"replies":[{"embeddable":true,"href":"https:\/\/projectes.xtec.cat\/digital\/wp-json\/wp\/v2\/comments?post=14147"}],"version-history":[{"count":3,"href":"https:\/\/projectes.xtec.cat\/digital\/wp-json\/wp\/v2\/pages\/14147\/revisions"}],"predecessor-version":[{"id":14179,"href":"https:\/\/projectes.xtec.cat\/digital\/wp-json\/wp\/v2\/pages\/14147\/revisions\/14179"}],"up":[{"embeddable":true,"href":"https:\/\/projectes.xtec.cat\/digital\/wp-json\/wp\/v2\/pages\/12237"}],"wp:attachment":[{"href":"https:\/\/projectes.xtec.cat\/digital\/wp-json\/wp\/v2\/media?parent=14147"}],"curies":[{"name":"wp","href":"https:\/\/api.w.org\/{rel}","templated":true}]}}