{"id":14324,"date":"2023-03-24T10:05:53","date_gmt":"2023-03-24T09:05:53","guid":{"rendered":"https:\/\/projectes.xtec.cat\/digital\/?page_id=14324"},"modified":"2025-09-25T19:15:36","modified_gmt":"2025-09-25T17:15:36","slug":"comprar-equipament","status":"publish","type":"page","link":"https:\/\/projectes.xtec.cat\/digital\/perfils\/equip-directiu\/comprar-equipament\/","title":{"rendered":"Comprar equipament"},"content":{"rendered":"\n<div class=\"wp-block-getwid-section alignfull alignfull\"><div class=\"wp-block-getwid-section__wrapper\"><div class=\"wp-block-getwid-section__inner-wrapper\"><div class=\"wp-block-getwid-section__background-holder\"><div class=\"wp-block-getwid-section__background\"><\/div><div class=\"wp-block-getwid-section__foreground\"><\/div><\/div><div class=\"wp-block-getwid-section__content\"><div class=\"wp-block-getwid-section__inner-content\">\n<div class=\"wp-block-columns is-layout-flex wp-container-core-columns-is-layout-1 wp-block-columns-is-layout-flex\">\n<div class=\"wp-block-column caixa is-layout-flow wp-block-column-is-layout-flow\" style=\"flex-basis:70%\">\n<h2 class=\"wp-block-heading\">Cat\u00e0leg TIC<\/h2>\n\n\n\n<figure class=\"wp-block-image alignright size-large is-resized\"><img loading=\"lazy\" decoding=\"async\" width=\"819\" height=\"567\" src=\"https:\/\/projectes.xtec.cat\/digital\/wp-content\/uploads\/usu2317\/2023\/03\/cataleg-TIC.jpg\" alt=\"portada del cataleg TIC\" class=\"wp-image-14528\" srcset=\"https:\/\/projectes.xtec.cat\/digital\/wp-content\/uploads\/usu2317\/2023\/03\/cataleg-TIC.jpg 819w, https:\/\/projectes.xtec.cat\/digital\/wp-content\/uploads\/usu2317\/2023\/03\/cataleg-TIC-300x208.jpg 300w, https:\/\/projectes.xtec.cat\/digital\/wp-content\/uploads\/usu2317\/2023\/03\/cataleg-TIC-768x532.jpg 768w\" sizes=\"auto, (max-width: 819px) 100vw, 819px\" \/><\/figure>\n\n\n\n<p>El procediment proposat pel Departament d\u2019Educaci\u00f3 \u00e9s comprar equipament a trav\u00e9s del cat\u00e0leg CTTI per donar compliment a l\u2019Acord GOV\/144\/2011, de 18 d\u2019octubre, pel qual s\u2019encarrega al Centre de Telecomunicacions i Tecnologies de la Informaci\u00f3 de la Generalitat de Catalunya (CTTI) la provisi\u00f3 centralitzada i la gesti\u00f3 de solucions TIC de l\u2019Administraci\u00f3 de la Generalitat i el seu sector p\u00fablic.&nbsp;Aquest acord ha sigut actualitzat per l&#8217;acord&nbsp;<a rel=\"noreferrer noopener\" href=\"https:\/\/dogc.gencat.cat\/ca\/document-del-dogc\/?documentId=839082\" target=\"_blank\">ACORD GOV\/8\/2019, de 15 de gener<\/a>.<\/p>\n\n\n\n<p>Els equipaments adquirits al cat\u00e0leg \u00e9s un equipament validat i ajustat a les necessitats dels centres que inclou: <\/p>\n\n\n\n<ul class=\"wp-block-list\">\n<li>Gesti\u00f3 de garantia amb el fabricant<\/li>\n\n\n\n<li>Suport t\u00e8cnic de manteniment (preventiu)<\/li>\n\n\n\n<li>Suport t\u00e8cnic de gesti\u00f3 d&#8217;incid\u00e8ncies<\/li>\n\n\n\n<li>ATOM (antic SAU)<\/li>\n<\/ul>\n\n\n\n<div class=\"wp-block-buttons is-horizontal is-content-justification-center is-layout-flex wp-container-core-buttons-is-layout-1 wp-block-buttons-is-layout-flex\">\n<div class=\"wp-block-button is-style-fill\"><a class=\"wp-block-button__link has-ast-global-color-5-background-color has-background wp-element-button\" href=\"https:\/\/espai.educacio.gencat.cat\/Recursos\/Solucions-suport-TIC\/Solucions-TIC-centres\/Cataleg-solucions-tecnologiques-centres\/Pagines\/default.aspx\" target=\"_blank\" rel=\"noreferrer noopener\">M\u00e9s informaci\u00f3<\/a><\/div>\n<\/div>\n<\/div>\n\n\n\n<div class=\"wp-block-column caixa is-layout-flow wp-block-column-is-layout-flow\">\n<h3 class=\"wp-block-heading\">Assessorament<\/h3>\n\n\n\n<p>Si necessiteu assessorament per triar quins equips s&#8217;ajusten millor a les vostres necessitats, contacteu amb el vostre <a href=\"https:\/\/espai.educacio.gencat.cat\/Recursos\/Solucions-suport-TIC\/qui-som\/Gestors-TIC\/Pagines\/default.aspx\" data-type=\"URL\" data-id=\"https:\/\/espai.educacio.gencat.cat\/Recursos\/Solucions-suport-TIC\/Gestors-TIC\/Pagines\/default.aspx\" target=\"_blank\" rel=\"noreferrer noopener\">gestor\/a TIC<\/a>.<\/p>\n<\/div>\n<\/div>\n<\/div><\/div><\/div><\/div><\/div>\n\n\n\n<div style=\"height:60px\" aria-hidden=\"true\" class=\"wp-block-spacer\"><\/div>\n\n\n\n<div class=\"wp-block-getwid-section alignfull alignfull\"><div class=\"wp-block-getwid-section__wrapper\"><div class=\"wp-block-getwid-section__inner-wrapper\"><div class=\"wp-block-getwid-section__background-holder\"><div class=\"wp-block-getwid-section__background has-background has-ast-global-color-4-background-color\"><\/div><div class=\"wp-block-getwid-section__foreground\"><\/div><\/div><div class=\"wp-block-getwid-section__content\"><div class=\"wp-block-getwid-section__inner-content\">\n<div style=\"height:30px\" aria-hidden=\"true\" class=\"wp-block-spacer\"><\/div>\n\n\n\n<h2 class=\"wp-block-heading\">Converses sobre la<strong> compra d&#8217;equipaments<\/strong> a la xarxa docent Nus<\/h2>\n\n\n\n<div class=\"wp-block-columns is-layout-flex wp-container-core-columns-is-layout-2 wp-block-columns-is-layout-flex\">\n<div class=\"wp-block-column is-layout-flow wp-block-column-is-layout-flow\">\n<h3 class=\"wp-block-heading\">Darreres<\/h3>\n\n\n<div class='nus_topics'><span class=\"nus_data\">16.01.26<\/span> <a target=\"_blank\" href=\"https:\/\/comunitat.edigital.cat\/t\/chromebook-alumnat-malmes-intencionadament\/44067\">Chromebook alumnat malm\u00e8s intencionadament<\/a><br><span class=\"nus_data\">02.11.25<\/span> <a target=\"_blank\" href=\"https:\/\/comunitat.edigital.cat\/t\/problemes-en-les-compres-per-cataleg-del-departament\/7538\">Problemes en les compres per cat\u00e0leg del Departament<\/a><br><span class=\"nus_data\">18.09.25<\/span> <a target=\"_blank\" href=\"https:\/\/comunitat.edigital.cat\/t\/com-comprar-al-cataleg-tic\/11281\">Com comprar al cat\u00e0leg TIC<\/a><br><span class=\"nus_data\">15.11.23<\/span> <a target=\"_blank\" href=\"https:\/\/comunitat.edigital.cat\/t\/comprar-impressora-3d\/12037\">Comprar impressora 3d<\/a><br><span class=\"nus_data\">30.03.23<\/span> <a target=\"_blank\" href=\"https:\/\/comunitat.edigital.cat\/t\/compra-dequipaments-fora-de-cataleg\/24839\">Compra d'equipaments fora de cat\u00e0leg<\/a><br><span class=\"nus_data\">27.02.23<\/span> <a target=\"_blank\" href=\"https:\/\/comunitat.edigital.cat\/t\/compra-panells-interactius-del-cataleg\/24310\">Compra panells interactius del cat\u00e0leg<\/a><br><span class=\"nus_data\">15.02.23<\/span> <a target=\"_blank\" href=\"https:\/\/comunitat.edigital.cat\/t\/comprar-chromebooks\/23926\">Comprar chromebooks<\/a><br><span class=\"nus_data\">17.01.23<\/span> <a target=\"_blank\" href=\"https:\/\/comunitat.edigital.cat\/t\/cable-carregador-dels-chromebook\/21105\">Cable carregador dels Chromebook<\/a><br><span class=\"nus_data\">15.12.22<\/span> <a target=\"_blank\" href=\"https:\/\/comunitat.edigital.cat\/t\/on-trobar-factura-de-compra-del-cataleg-tic\/12215\">On trobar factura de compra del cat\u00e0leg Tic?<\/a><br><span class=\"nus_data\">24.11.22<\/span> <a target=\"_blank\" href=\"https:\/\/comunitat.edigital.cat\/t\/compra-carregadors-portatils-alumnat\/21935\">Compra carregadors port\u00e0tils alumnat<\/a><br><\/div>\n<\/div>\n\n\n\n<div class=\"wp-block-column is-layout-flow wp-block-column-is-layout-flow\">\n<h3 class=\"wp-block-heading\">M\u00e9s vistes<\/h3>\n\n\n<div class='nus_topics'><span class=\"nus_data\">08.02.22<\/span> <a target=\"_blank\" href=\"https:\/\/comunitat.edigital.cat\/t\/per-que-teniu-equips-fora-de-cataleg-compres-donacions\/7461\">Per qu\u00e8 teniu equips fora de cat\u00e0leg (compres, donacions...)?<\/a><br><span class=\"nus_data\">18.09.25<\/span> <a target=\"_blank\" href=\"https:\/\/comunitat.edigital.cat\/t\/com-comprar-al-cataleg-tic\/11281\">Com comprar al cat\u00e0leg TIC<\/a><br><span class=\"nus_data\">15.05.22<\/span> <a target=\"_blank\" href=\"https:\/\/comunitat.edigital.cat\/t\/material-per-la-concertada\/13182\">Material per la concertada<\/a><br><span class=\"nus_data\">09.12.21<\/span> <a target=\"_blank\" href=\"https:\/\/comunitat.edigital.cat\/t\/on-comprar-bombetes-per-a-projectors-epson-eb-455wi\/7097\">On comprar bombetes per a projectors Epson EB 455wi?<\/a><br><span class=\"nus_data\">02.11.25<\/span> <a target=\"_blank\" href=\"https:\/\/comunitat.edigital.cat\/t\/problemes-en-les-compres-per-cataleg-del-departament\/7538\">Problemes en les compres per cat\u00e0leg del Departament<\/a><br><span class=\"nus_data\">15.11.23<\/span> <a target=\"_blank\" href=\"https:\/\/comunitat.edigital.cat\/t\/comprar-impressora-3d\/12037\">Comprar impressora 3d<\/a><br><span class=\"nus_data\">04.04.22<\/span> <a target=\"_blank\" href=\"https:\/\/comunitat.edigital.cat\/t\/majudeu-a-fer-comanda-de-tauletes\/13878\">M'ajudeu a fer comanda de tauletes?<\/a><br><span class=\"nus_data\">24.11.22<\/span> <a target=\"_blank\" href=\"https:\/\/comunitat.edigital.cat\/t\/compra-carregadors-portatils-alumnat\/21935\">Compra carregadors port\u00e0tils alumnat<\/a><br><span class=\"nus_data\">01.10.22<\/span> <a target=\"_blank\" href=\"https:\/\/comunitat.edigital.cat\/t\/fundes-portatils\/18348\">Fundes port\u00e0tils<\/a><br><span class=\"nus_data\">10.05.22<\/span> <a target=\"_blank\" href=\"https:\/\/comunitat.edigital.cat\/t\/on-esta-el-darrer-cataleg-de-solucions-tic\/15111\">On est\u00e0 el darrer Cat\u00e0leg de solucions TIC?<\/a><br><\/div>\n<\/div>\n<\/div>\n\n\n\n<div style=\"height:21px\" aria-hidden=\"true\" class=\"wp-block-spacer\"><\/div>\n\n\n\n<p>\ud83d\udc49 Per veure totes les converses, feu clic a l&#8217;etiqueta del Nus <a rel=\"noreferrer noopener\" href=\"https:\/\/comunitat.edigital.cat\/tag\/compra-equips\" data-type=\"URL\" data-id=\"https:\/\/comunitat.edigital.cat\/tag\/compra-equips\" target=\"_blank\">compra-equips<\/a>. <\/p>\n\n\n\n<div style=\"height:40px\" aria-hidden=\"true\" class=\"wp-block-spacer\"><\/div>\n<\/div><\/div><\/div><\/div><\/div>\n","protected":false},"excerpt":{"rendered":"","protected":false},"author":2,"featured_media":0,"parent":13645,"menu_order":0,"comment_status":"closed","ping_status":"close","template":"","meta":{"site-sidebar-layout":"default","site-content-layout":"","ast-site-content-layout":"default","site-content-style":"default","site-sidebar-style":"default","ast-global-header-display":"","ast-banner-title-visibility":"","ast-main-header-display":"","ast-hfb-above-header-display":"","ast-hfb-below-header-display":"","ast-hfb-mobile-header-display":"","site-post-title":"","ast-breadcrumbs-content":"","ast-featured-img":"","footer-sml-layout":"","theme-transparent-header-meta":"","adv-header-id-meta":"","stick-header-meta":"","header-above-stick-meta":"","header-main-stick-meta":"","header-below-stick-meta":"","astra-migrate-meta-layouts":"set","ast-page-background-enabled":"default","ast-page-background-meta":{"desktop":{"background-color":"var(--ast-global-color-4)","background-image":"","background-repeat":"repeat","background-position":"center center","background-size":"auto","background-attachment":"scroll","background-type":"","background-media":"","overlay-type":"","overlay-color":"","overlay-opacity":"","overlay-gradient":""},"tablet":{"background-color":"","background-image":"","background-repeat":"repeat","background-position":"center center","background-size":"auto","background-attachment":"scroll","background-type":"","background-media":"","overlay-type":"","overlay-color":"","overlay-opacity":"","overlay-gradient":""},"mobile":{"background-color":"","background-image":"","background-repeat":"repeat","background-position":"center center","background-size":"auto","background-attachment":"scroll","background-type":"","background-media":"","overlay-type":"","overlay-color":"","overlay-opacity":"","overlay-gradient":""}},"ast-content-background-meta":{"desktop":{"background-color":"var(--ast-global-color-5)","background-image":"","background-repeat":"repeat","background-position":"center center","background-size":"auto","background-attachment":"scroll","background-type":"","background-media":"","overlay-type":"","overlay-color":"","overlay-opacity":"","overlay-gradient":""},"tablet":{"background-color":"var(--ast-global-color-5)","background-image":"","background-repeat":"repeat","background-position":"center center","background-size":"auto","background-attachment":"scroll","background-type":"","background-media":"","overlay-type":"","overlay-color":"","overlay-opacity":"","overlay-gradient":""},"mobile":{"background-color":"var(--ast-global-color-5)","background-image":"","background-repeat":"repeat","background-position":"center center","background-size":"auto","background-attachment":"scroll","background-type":"","background-media":"","overlay-type":"","overlay-color":"","overlay-opacity":"","overlay-gradient":""}},"footnotes":""},"class_list":["post-14324","page","type-page","status-publish","hentry"],"post_mailing_queue_ids":[],"_links":{"self":[{"href":"https:\/\/projectes.xtec.cat\/digital\/wp-json\/wp\/v2\/pages\/14324","targetHints":{"allow":["GET"]}}],"collection":[{"href":"https:\/\/projectes.xtec.cat\/digital\/wp-json\/wp\/v2\/pages"}],"about":[{"href":"https:\/\/projectes.xtec.cat\/digital\/wp-json\/wp\/v2\/types\/page"}],"author":[{"embeddable":true,"href":"https:\/\/projectes.xtec.cat\/digital\/wp-json\/wp\/v2\/users\/2"}],"replies":[{"embeddable":true,"href":"https:\/\/projectes.xtec.cat\/digital\/wp-json\/wp\/v2\/comments?post=14324"}],"version-history":[{"count":6,"href":"https:\/\/projectes.xtec.cat\/digital\/wp-json\/wp\/v2\/pages\/14324\/revisions"}],"predecessor-version":[{"id":37412,"href":"https:\/\/projectes.xtec.cat\/digital\/wp-json\/wp\/v2\/pages\/14324\/revisions\/37412"}],"up":[{"embeddable":true,"href":"https:\/\/projectes.xtec.cat\/digital\/wp-json\/wp\/v2\/pages\/13645"}],"wp:attachment":[{"href":"https:\/\/projectes.xtec.cat\/digital\/wp-json\/wp\/v2\/media?parent=14324"}],"curies":[{"name":"wp","href":"https:\/\/api.w.org\/{rel}","templated":true}]}}